{"id":2913,"date":"2025-01-24T10:22:10","date_gmt":"2025-01-24T10:22:10","guid":{"rendered":"https:\/\/www.yongyukitchenware.com\/?post_type=product&#038;p=2913"},"modified":"2025-06-14T02:31:26","modified_gmt":"2025-06-14T02:31:26","slug":"wholesale-soup-chafing-dish","status":"publish","type":"product","link":"https:\/\/www.yongyukitchenware.com\/fr\/produit\/wholesale-soup-chafing-dish\/","title":{"rendered":"Wholesale Soup Chafing Dish Buffet Soup Stove with Glass Lid"},"content":{"rendered":"<div class=\"wp-block-columns is-layout-flex wp-container-core-columns-is-layout-9d6595d7 wp-block-columns-is-layout-flex\">\n<div class=\"wp-block-column is-layout-flow wp-block-column-is-layout-flow\">\n<h2 class=\"wp-block-heading\">Plat \u00e0 soupe Param\u00e8tre :<\/h2>\n\n\n\n<figure class=\"wp-block-table\"><table class=\"has-fixed-layout\"><tbody><tr><td>Mod\u00e8le<\/td><td>Longueur * Largeur * Hauteur (cm)<\/td><td>Capacit\u00e9 (l)<\/td><td>Poids (kg)<\/td><td>MOQ<\/td><\/tr><tr><td>DY026-CL<\/td><td>46*47*37<\/td><td>10<\/td><td>10.9<\/td><td>2PCS<\/td><\/tr><\/tbody><\/table><\/figure>\n\n\n\n<h2 class=\"wp-block-heading\">Soupe Chafing Dish Caract\u00e9ristiques :<\/h2>\n\n\n\n<p><strong>Couvercle en verre Design :<\/strong> Le couvercle en verre transparent permet de voir les aliments \u00e0 l'int\u00e9rieur. \u00c9l\u00e9gant et pratique, il permet de conserver les aliments \u00e0 haute temp\u00e9rature tout en facilitant le service.<\/p>\n\n\n\n<p><strong>Conception \u00e0 grande capacit\u00e9 :<\/strong> Notre chafing dish en gros s'adapte \u00e0 de nombreuses sc\u00e8nes, en particulier pour les buffets ou les f\u00eates ; il contient suffisamment de soupe ou d'autres aliments pour r\u00e9pondre aux besoins de nombreux invit\u00e9s.<\/p>\n\n\n\n<p><strong>Mat\u00e9riau de qualit\u00e9 sup\u00e9rieure et durable :<\/strong> Ce plat \u00e0 soupe en gros est fabriqu\u00e9 en acier inoxydable de haute qualit\u00e9, garantissant une utilisation \u00e0 long terme sans rouille ni corrosion, durable et facile \u00e0 nettoyer.<\/p>\n\n\n\n<p><strong>Syst\u00e8me de chauffage efficace : <\/strong>Ce r\u00e9chaud \u00e0 soupe pour buffet est \u00e9quip\u00e9 d'une plaque chauffante \u00e9lectrique et d'une m\u00e9thode de chauffage CNC pour maintenir la soupe ou d'autres aliments au chaud et assurer le meilleur go\u00fbt des aliments pour r\u00e9pondre \u00e0 diff\u00e9rents besoins.<\/p>\n\n\n\n<p><strong>Conception s\u00fbre et stable :<\/strong> La conception structurelle solide et la base antid\u00e9rapante garantissent qu'il ne basculera pas et ne tremblera pas pendant l'utilisation, ce qui est un gage de s\u00e9curit\u00e9.<\/p>\n<\/div>\n\n\n\n<div class=\"wp-block-column is-layout-flow wp-block-column-is-layout-flow\">\n<figure class=\"wp-block-image size-full\"><img decoding=\"async\" width=\"800\" height=\"800\" src=\"https:\/\/www.yongyukitchenware.com\/wp-content\/uploads\/2025\/01\/Wholesale-Soup-Chafing-Dish-Buffet-Soup-Stove-with-Glass-Lid.webp\" alt=\"Wholesale Soup Chafing Dish Buffet Soup Stove with Glass Lid\" class=\"wp-image-2914\" srcset=\"https:\/\/www.yongyukitchenware.com\/wp-content\/uploads\/2025\/01\/Wholesale-Soup-Chafing-Dish-Buffet-Soup-Stove-with-Glass-Lid.webp 800w, https:\/\/www.yongyukitchenware.com\/wp-content\/uploads\/2025\/01\/Wholesale-Soup-Chafing-Dish-Buffet-Soup-Stove-with-Glass-Lid-300x300.webp 300w, https:\/\/www.yongyukitchenware.com\/wp-content\/uploads\/2025\/01\/Wholesale-Soup-Chafing-Dish-Buffet-Soup-Stove-with-Glass-Lid-150x150.webp 150w, https:\/\/www.yongyukitchenware.com\/wp-content\/uploads\/2025\/01\/Wholesale-Soup-Chafing-Dish-Buffet-Soup-Stove-with-Glass-Lid-768x768.webp 768w, https:\/\/www.yongyukitchenware.com\/wp-content\/uploads\/2025\/01\/Wholesale-Soup-Chafing-Dish-Buffet-Soup-Stove-with-Glass-Lid-12x12.webp 12w, https:\/\/www.yongyukitchenware.com\/wp-content\/uploads\/2025\/01\/Wholesale-Soup-Chafing-Dish-Buffet-Soup-Stove-with-Glass-Lid-600x600.webp 600w, https:\/\/www.yongyukitchenware.com\/wp-content\/uploads\/2025\/01\/Wholesale-Soup-Chafing-Dish-Buffet-Soup-Stove-with-Glass-Lid-100x100.webp 100w\" sizes=\"(max-width: 800px) 100vw, 800px\" \/><\/figure>\n<\/div>\n<\/div>","protected":false},"excerpt":{"rendered":"<p>Ce chafing dish en gros est dot\u00e9 d'un couvercle en verre transparent qui permet de garder les aliments au chaud et qui est facile \u00e0 voir et \u00e0 manipuler.  Ce chafing dish est durable, facile \u00e0 nettoyer et capable de suivre les grands rassemblements et les banquets gr\u00e2ce \u00e0 un syst\u00e8me de chauffage efficace qui maintient une temp\u00e9rature constante. Contactez Yongyu d\u00e8s aujourd'hui pour am\u00e9liorer l'exp\u00e9rience de vos clients en mati\u00e8re de restauration !<\/p>\n<h2><!-- wp:heading --><\/h2>\n<h2 class=\"wp-block-heading\">Attributs du r\u00e9chaud \u00e0 soupe :<\/h2>\n<h2><!-- \/wp:heading --><\/p>\n<p><!-- wp:paragraph --><\/h2>\n<p><strong>Mat\u00e9riau : <\/strong>Acier inoxydable<br \/><strong>Couleur : <\/strong>Argent<br \/><strong>Forme :<\/strong> Rond avec couvercle en verre<br \/><strong>Chaleur : <\/strong>Chauffage \u00e9lectrique\/Chauffage \u00e0 l'alcool<br \/><strong>Bac de r\u00e9cup\u00e9ration : <\/strong>Grille simple\/double<br \/><strong>OEM\/ODM : <\/strong>Disponible<\/p>\n<h2 class=\"wp-block-heading\">De Yongyu Chafing Dish Manufacturer :<\/h2>\n<p>Qu'il s'agisse d'un fournisseur de services de restauration, d'un h\u00f4tel ou d'un restaurant, ou d'une soci\u00e9t\u00e9 d'organisation d'\u00e9v\u00e9nements, nous fournissons des solutions compl\u00e8tes de vente en gros de chafing dishes pour aider votre entreprise avec des prix d'usine de haute qualit\u00e9 !<\/p>\n<h2><!-- \/wp:paragraph --><\/h2>","protected":false},"featured_media":2914,"comment_status":"closed","ping_status":"closed","template":"","meta":{"_acf_changed":true},"application":[30],"product_brand":[],"product_cat":[33],"product_tag":[],"class_list":{"0":"post-2913","1":"product","2":"type-product","3":"status-publish","4":"has-post-thumbnail","6":"application-hotel-catering","7":"product_cat-chafing-dishes-wholesale","9":"first","10":"instock","11":"shipping-taxable","12":"product-type-simple"},"acf":[],"_links":{"self":[{"href":"https:\/\/www.yongyukitchenware.com\/fr\/wp-json\/wp\/v2\/product\/2913","targetHints":{"allow":["GET"]}}],"collection":[{"href":"https:\/\/www.yongyukitchenware.com\/fr\/wp-json\/wp\/v2\/product"}],"about":[{"href":"https:\/\/www.yongyukitchenware.com\/fr\/wp-json\/wp\/v2\/types\/product"}],"replies":[{"embeddable":true,"href":"https:\/\/www.yongyukitchenware.com\/fr\/wp-json\/wp\/v2\/comments?post=2913"}],"wp:featuredmedia":[{"embeddable":true,"href":"https:\/\/www.yongyukitchenware.com\/fr\/wp-json\/wp\/v2\/media\/2914"}],"wp:attachment":[{"href":"https:\/\/www.yongyukitchenware.com\/fr\/wp-json\/wp\/v2\/media?parent=2913"}],"wp:term":[{"taxonomy":"application","embeddable":true,"href":"https:\/\/www.yongyukitchenware.com\/fr\/wp-json\/wp\/v2\/application?post=2913"},{"taxonomy":"product_brand","embeddable":true,"href":"https:\/\/www.yongyukitchenware.com\/fr\/wp-json\/wp\/v2\/product_brand?post=2913"},{"taxonomy":"product_cat","embeddable":true,"href":"https:\/\/www.yongyukitchenware.com\/fr\/wp-json\/wp\/v2\/product_cat?post=2913"},{"taxonomy":"product_tag","embeddable":true,"href":"https:\/\/www.yongyukitchenware.com\/fr\/wp-json\/wp\/v2\/product_tag?post=2913"}],"curies":[{"name":"wp","href":"https:\/\/api.w.org\/{rel}","templated":true}]}}