{"id":2948,"date":"2025-03-12T14:48:38","date_gmt":"2025-03-12T14:48:38","guid":{"rendered":"https:\/\/www.yongyukitchenware.com\/?post_type=product&#038;p=2948"},"modified":"2025-06-13T06:46:05","modified_gmt":"2025-06-13T06:46:05","slug":"wholesale-chafing-dish-buffet","status":"publish","type":"product","link":"https:\/\/www.yongyukitchenware.com\/fr\/produit\/wholesale-chafing-dish-buffet\/","title":{"rendered":"Wholesale Chafing Dish Buffet Square, Stainless Chafer Bulk"},"content":{"rendered":"<div class=\"wp-block-columns is-layout-flex wp-container-core-columns-is-layout-9d6595d7 wp-block-columns-is-layout-flex\">\n<div class=\"wp-block-column is-layout-flow wp-block-column-is-layout-flow\">\n<h2 class=\"wp-block-heading\">Chafing Dish Buffet Param\u00e8tre :<\/h2>\n\n\n\n<figure class=\"wp-block-table\"><table class=\"has-fixed-layout\"><tbody><tr><td>Mod\u00e8le<\/td><td>Longueur * Largeur * Hauteur (cm)<\/td><td>Capacit\u00e9 (l)<\/td><td>Poids (kg)<\/td><td>MOQ<\/td><\/tr><tr><td>DY004-CL<\/td><td>40*40*24<\/td><td>6<\/td><td>7<\/td><td>2PCS<\/td><\/tr><\/tbody><\/table><\/figure>\n\n\n\n<h2 class=\"wp-block-heading\">Buffet pour chafing dish Caract\u00e9ristiques :<\/h2>\n\n\n\n<p><strong>Mat\u00e9riau en acier inoxydable de haute qualit\u00e9 : <\/strong>Fabriqu\u00e9 en acier inoxydable de haute qualit\u00e9, r\u00e9sistant aux temp\u00e9ratures \u00e9lev\u00e9es et \u00e0 la rouille, il garantit une durabilit\u00e9 \u00e0 long terme et une excellente apparence.<\/p>\n\n\n\n<p><strong>Conception carr\u00e9e :<\/strong> Offre une plus grande capacit\u00e9, un placement et un stockage pratiques, convenant aux buffets ou aux lieux de restauration \u00e0 grande \u00e9chelle.<\/p>\n\n\n\n<p><strong>Couvercle visuel en verre :<\/strong> Le couvercle en verre transparent permet aux clients de voir clairement les aliments, tout en maintenant efficacement la temp\u00e9rature pour garantir la fra\u00eecheur des aliments.<\/p>\n\n\n\n<p><strong>Couvercle \u00e0 charni\u00e8re : <\/strong>Le couvercle \u00e0 charni\u00e8re s'ouvre et se referme rapidement, ce qui rend l'utilisation facile et s\u00fbre.<\/p>\n\n\n\n<p><strong>Conception de la jambe du tube : <\/strong>La conception unique des pieds du tuyau rend le po\u00eale plus stable, am\u00e9liore sa durabilit\u00e9 et est plus facile \u00e0 nettoyer et \u00e0 entretenir.<\/p>\n\n\n\n<p><strong>Double poign\u00e9e : <\/strong>La conception \u00e0 double poign\u00e9e pour une manipulation ais\u00e9e permet de d\u00e9placer et d'utiliser facilement l'appareil, m\u00eame lorsqu'il est enti\u00e8rement charg\u00e9 d'aliments, ce qui garantit la s\u00e9curit\u00e9 pendant l'op\u00e9ration.<\/p>\n\n\n\n<p><strong>Conception des trous d'a\u00e9ration :<\/strong> Le couvercle est \u00e9quip\u00e9 de trous d'a\u00e9ration qui permettent de r\u00e9guler la temp\u00e9rature des aliments, d'\u00e9viter l'humidit\u00e9 excessive et de conserver le meilleur go\u00fbt des aliments.<\/p>\n<\/div>\n\n\n\n<div class=\"wp-block-column is-layout-flow wp-block-column-is-layout-flow\">\n<figure class=\"wp-block-image size-full\"><img decoding=\"async\" width=\"1080\" height=\"1080\" src=\"https:\/\/www.yongyukitchenware.com\/wp-content\/uploads\/2025\/02\/chafing-dishes-set-1.webp\" alt=\"Buffet pour chafing dish en gros \" class=\"wp-image-2951\" srcset=\"https:\/\/www.yongyukitchenware.com\/wp-content\/uploads\/2025\/02\/chafing-dishes-set-1.webp 1080w, https:\/\/www.yongyukitchenware.com\/wp-content\/uploads\/2025\/02\/chafing-dishes-set-1-300x300.webp 300w, https:\/\/www.yongyukitchenware.com\/wp-content\/uploads\/2025\/02\/chafing-dishes-set-1-150x150.webp 150w, https:\/\/www.yongyukitchenware.com\/wp-content\/uploads\/2025\/02\/chafing-dishes-set-1-768x768.webp 768w, https:\/\/www.yongyukitchenware.com\/wp-content\/uploads\/2025\/02\/chafing-dishes-set-1-12x12.webp 12w, https:\/\/www.yongyukitchenware.com\/wp-content\/uploads\/2025\/02\/chafing-dishes-set-1-600x600.webp 600w, https:\/\/www.yongyukitchenware.com\/wp-content\/uploads\/2025\/02\/chafing-dishes-set-1-100x100.webp 100w\" sizes=\"(max-width: 1080px) 100vw, 1080px\" \/><\/figure>\n<\/div>\n<\/div>\n\n\n\n<p><\/p>","protected":false},"excerpt":{"rendered":"<div class=\"dad65929\">\n<div class=\"f9bf7997 d7dc56a8 c05b5566\">\n<div class=\"ds-markdown ds-markdown--block\">\n<p>Buffet de chafing dish en gros : conception carr\u00e9e avec couvercle en verre transparent, couvercle \u00e0 charni\u00e8re, structure \u00e0 pieds tubulaires et deux poign\u00e9es pour une manipulation facile. Comprend un \u00e9vent respirant pour une temp\u00e9rature optimale des aliments. Durable, facile \u00e0 nettoyer et personnalisable. Contactez-nous pour des commandes en gros et un service personnalis\u00e9 !<\/p>\n<\/div>\n<div class=\"ds-flex\">\n<div class=\"ds-flex abe97156\">\n<div class=\"ds-icon-button\">\n<div>\u00a0<\/div>\n<h2 class=\"ds-icon\"><strong>Chafing Dish Buffet Attributs :<\/strong><\/h2>\n<\/div>\n<\/div>\n<\/div>\n<\/div>\n<\/div>\n<h2><!-- \/wp:heading --><\/p>\n<p><!-- wp:paragraph --><\/h2>\n<p><strong>Mat\u00e9riau : <\/strong>Acier inoxydable<br \/><strong>Couleur : <\/strong>Argent<br \/><strong>Forme :<\/strong> Carr\u00e9 avec patte de tuyau<br \/><strong>Chaleur : <\/strong>Chauffage \u00e9lectrique\/Chauffage \u00e0 l'alcool<br \/><strong>Bac de r\u00e9cup\u00e9ration : <\/strong>Grille simple\/double<br \/><strong>OEM\/ODM : <\/strong>Disponible<\/p>\n<h2 class=\"wp-block-heading\">De Yongyu Chafing Dish Manufacturer :<\/h2>\n<p>Qu'il s'agisse d'un fournisseur de services de restauration, d'un h\u00f4tel ou d'un restaurant, ou d'une soci\u00e9t\u00e9 d'organisation d'\u00e9v\u00e9nements, nous fournissons des solutions compl\u00e8tes de vente en gros de chafing dishes pour aider votre entreprise avec des prix d'usine de haute qualit\u00e9 !<\/p>\n<h2><!-- \/wp:paragraph --><\/h2>","protected":false},"featured_media":2951,"comment_status":"closed","ping_status":"closed","template":"","meta":{"_acf_changed":true},"application":[30],"product_brand":[],"product_cat":[33],"product_tag":[],"class_list":{"0":"post-2948","1":"product","2":"type-product","3":"status-publish","4":"has-post-thumbnail","6":"application-hotel-catering","7":"product_cat-chafing-dishes-wholesale","9":"first","10":"instock","11":"shipping-taxable","12":"product-type-simple"},"acf":[],"_links":{"self":[{"href":"https:\/\/www.yongyukitchenware.com\/fr\/wp-json\/wp\/v2\/product\/2948","targetHints":{"allow":["GET"]}}],"collection":[{"href":"https:\/\/www.yongyukitchenware.com\/fr\/wp-json\/wp\/v2\/product"}],"about":[{"href":"https:\/\/www.yongyukitchenware.com\/fr\/wp-json\/wp\/v2\/types\/product"}],"replies":[{"embeddable":true,"href":"https:\/\/www.yongyukitchenware.com\/fr\/wp-json\/wp\/v2\/comments?post=2948"}],"wp:featuredmedia":[{"embeddable":true,"href":"https:\/\/www.yongyukitchenware.com\/fr\/wp-json\/wp\/v2\/media\/2951"}],"wp:attachment":[{"href":"https:\/\/www.yongyukitchenware.com\/fr\/wp-json\/wp\/v2\/media?parent=2948"}],"wp:term":[{"taxonomy":"application","embeddable":true,"href":"https:\/\/www.yongyukitchenware.com\/fr\/wp-json\/wp\/v2\/application?post=2948"},{"taxonomy":"product_brand","embeddable":true,"href":"https:\/\/www.yongyukitchenware.com\/fr\/wp-json\/wp\/v2\/product_brand?post=2948"},{"taxonomy":"product_cat","embeddable":true,"href":"https:\/\/www.yongyukitchenware.com\/fr\/wp-json\/wp\/v2\/product_cat?post=2948"},{"taxonomy":"product_tag","embeddable":true,"href":"https:\/\/www.yongyukitchenware.com\/fr\/wp-json\/wp\/v2\/product_tag?post=2948"}],"curies":[{"name":"wp","href":"https:\/\/api.w.org\/{rel}","templated":true}]}}