{"id":2959,"date":"2025-03-12T13:37:44","date_gmt":"2025-03-12T13:37:44","guid":{"rendered":"https:\/\/www.yongyukitchenware.com\/?post_type=product&#038;p=2959"},"modified":"2025-06-13T06:52:18","modified_gmt":"2025-06-13T06:52:18","slug":"wholesale-chafing-dish-catering","status":"publish","type":"product","link":"https:\/\/www.yongyukitchenware.com\/fr\/produit\/wholesale-chafing-dish-catering\/","title":{"rendered":"Grossiste Chafing Dish Catering Acier inoxydable Couvercle en verre Remises en vrac"},"content":{"rendered":"<div class=\"wp-block-columns is-layout-flex wp-container-core-columns-is-layout-9d6595d7 wp-block-columns-is-layout-flex\">\n<div class=\"wp-block-column is-layout-flow wp-block-column-is-layout-flow\">\n<h2 class=\"wp-block-heading\">Chafing Dish Param\u00e8tre de restauration :<\/h2>\n\n\n\n<figure class=\"wp-block-table\"><table class=\"has-fixed-layout\"><tbody><tr><td>Mod\u00e8le<\/td><td>Diam\u00e8tre* Hauteur (cm)<\/td><td>Capacit\u00e9 (l)<\/td><td>Poids (kg)<\/td><td>MOQ<\/td><\/tr><tr><td>DY006-CL<\/td><td>43*44*22<\/td><td>6<\/td><td>7.9<\/td><td>2PCS<\/td><\/tr><\/tbody><\/table><\/figure>\n\n\n\n<h2 class=\"wp-block-heading\">Chafing Dish Catering Features :<\/h2>\n\n\n\n<p><strong>Mat\u00e9riau en acier inoxydable de haute qualit\u00e9 :<\/strong> Fabriqu\u00e9 en acier inoxydable de haute qualit\u00e9, r\u00e9sistant \u00e0 la corrosion et aux hautes temp\u00e9ratures.<\/p>\n\n\n\n<p><strong>Plat carr\u00e9 : <\/strong>La conception unique des plateaux carr\u00e9s offre une plus grande capacit\u00e9 et convient aux buffets, banquets et services de restauration.<\/p>\n\n\n\n<p><strong>Couvercle visuel en verre : <\/strong>Le couvercle en verre transparent facilite la visualisation des aliments et am\u00e9liore l'exp\u00e9rience d'utilisation.<\/p>\n\n\n\n<p><strong>Couvercle \u00e0 charni\u00e8re : <\/strong>Le couvercle \u00e0 charni\u00e8re rend l'ouverture et la fermeture du couvercle plus pratiques et l'op\u00e9ration plus efficace, ce qui convient \u00e0 un service rapide dans les lieux tr\u00e8s fr\u00e9quent\u00e9s.<\/p>\n\n\n\n<p><strong>Conception de la jambe du tube :<\/strong> La conception avec des pieds tubulaires augmente la stabilit\u00e9 et am\u00e9liore le support de la vaisselle.<\/p>\n\n\n\n<p><strong>Conception des trous d'a\u00e9ration : <\/strong>Les \u00e9vents sur le couvercle permettent de r\u00e9guler la temp\u00e9rature interne et de conserver le meilleur go\u00fbt et la meilleure texture.<\/p>\n\n\n\n<p><strong>Utilisation multifonctionnelle : <\/strong>Convient \u00e0 une vari\u00e9t\u00e9 de lieux tels que les restaurants, les h\u00f4tels, les banquets et les buffets, r\u00e9pondant aux besoins des banquets et de la restauration \u00e0 grande \u00e9chelle.<\/p>\n<\/div>\n\n\n\n<div class=\"wp-block-column is-layout-flow wp-block-column-is-layout-flow\">\n<figure class=\"wp-block-image size-full\"><img decoding=\"async\" width=\"800\" height=\"800\" src=\"https:\/\/www.yongyukitchenware.com\/wp-content\/uploads\/2025\/02\/chafing-dish-catering-wholesale-2.webp\" alt=\"plat \u00e0 r\u00f4tir en gros restauration en gros\" class=\"wp-image-2961\" srcset=\"https:\/\/www.yongyukitchenware.com\/wp-content\/uploads\/2025\/02\/chafing-dish-catering-wholesale-2.webp 800w, https:\/\/www.yongyukitchenware.com\/wp-content\/uploads\/2025\/02\/chafing-dish-catering-wholesale-2-300x300.webp 300w, https:\/\/www.yongyukitchenware.com\/wp-content\/uploads\/2025\/02\/chafing-dish-catering-wholesale-2-150x150.webp 150w, https:\/\/www.yongyukitchenware.com\/wp-content\/uploads\/2025\/02\/chafing-dish-catering-wholesale-2-768x768.webp 768w, https:\/\/www.yongyukitchenware.com\/wp-content\/uploads\/2025\/02\/chafing-dish-catering-wholesale-2-12x12.webp 12w, https:\/\/www.yongyukitchenware.com\/wp-content\/uploads\/2025\/02\/chafing-dish-catering-wholesale-2-600x600.webp 600w, https:\/\/www.yongyukitchenware.com\/wp-content\/uploads\/2025\/02\/chafing-dish-catering-wholesale-2-100x100.webp 100w\" sizes=\"(max-width: 800px) 100vw, 800px\" \/><\/figure>\n<\/div>\n<\/div>","protected":false},"excerpt":{"rendered":"<p>Plat \u00e0 r\u00f4tir en gros pour la restauration : Conception carr\u00e9e avec couvercle en verre transparent, couvercle \u00e0 charni\u00e8re et structure \u00e0 pieds tubulaires. Id\u00e9al pour les buffets et les \u00e9v\u00e9nements. Facile \u00e0 utiliser, \u00e0 nettoyer et \u00e0 entretenir. Contactez-nous pour les commandes en gros, la personnalisation et un excellent service \u00e0 la client\u00e8le !<\/p>\n<h2><!-- wp:heading --><\/h2>\n<h2 class=\"wp-block-heading\">Attributs de la restauration \u00e0 l'assiette :<\/h2>\n<h2><!-- \/wp:heading --><\/p>\n<p><!-- wp:paragraph --><\/h2>\n<p><strong>Mat\u00e9riau : <\/strong>Acier inoxydable<br \/><strong>Couleur : <\/strong>Argent<br \/><strong>Forme :<\/strong> Carr\u00e9 avec couvercle \u00e0 charni\u00e8re<br \/><strong>Chaleur : <\/strong>Chauffage \u00e9lectrique\/Chauffage \u00e0 l'alcool<br \/><strong>Bac de r\u00e9cup\u00e9ration : <\/strong>Grille simple\/double<br \/><strong>OEM\/ODM : <\/strong>Disponible<\/p>\n<h2 class=\"wp-block-heading\">De Yongyu Chafing Dish Manufacturer :<\/h2>\n<p>Qu'il s'agisse d'un fournisseur de services de restauration, d'un h\u00f4tel ou d'un restaurant, ou d'une soci\u00e9t\u00e9 d'organisation d'\u00e9v\u00e9nements, nous fournissons des solutions compl\u00e8tes de vente en gros de chafing dishes pour aider votre entreprise avec des prix d'usine de haute qualit\u00e9 !<\/p>\n<h2><!-- \/wp:paragraph --><\/h2>","protected":false},"featured_media":2961,"comment_status":"closed","ping_status":"closed","template":"","meta":{"_acf_changed":true},"application":[30],"product_brand":[],"product_cat":[33],"product_tag":[],"class_list":{"0":"post-2959","1":"product","2":"type-product","3":"status-publish","4":"has-post-thumbnail","6":"application-hotel-catering","7":"product_cat-chafing-dishes-wholesale","9":"first","10":"instock","11":"shipping-taxable","12":"product-type-simple"},"acf":[],"_links":{"self":[{"href":"https:\/\/www.yongyukitchenware.com\/fr\/wp-json\/wp\/v2\/product\/2959","targetHints":{"allow":["GET"]}}],"collection":[{"href":"https:\/\/www.yongyukitchenware.com\/fr\/wp-json\/wp\/v2\/product"}],"about":[{"href":"https:\/\/www.yongyukitchenware.com\/fr\/wp-json\/wp\/v2\/types\/product"}],"replies":[{"embeddable":true,"href":"https:\/\/www.yongyukitchenware.com\/fr\/wp-json\/wp\/v2\/comments?post=2959"}],"wp:featuredmedia":[{"embeddable":true,"href":"https:\/\/www.yongyukitchenware.com\/fr\/wp-json\/wp\/v2\/media\/2961"}],"wp:attachment":[{"href":"https:\/\/www.yongyukitchenware.com\/fr\/wp-json\/wp\/v2\/media?parent=2959"}],"wp:term":[{"taxonomy":"application","embeddable":true,"href":"https:\/\/www.yongyukitchenware.com\/fr\/wp-json\/wp\/v2\/application?post=2959"},{"taxonomy":"product_brand","embeddable":true,"href":"https:\/\/www.yongyukitchenware.com\/fr\/wp-json\/wp\/v2\/product_brand?post=2959"},{"taxonomy":"product_cat","embeddable":true,"href":"https:\/\/www.yongyukitchenware.com\/fr\/wp-json\/wp\/v2\/product_cat?post=2959"},{"taxonomy":"product_tag","embeddable":true,"href":"https:\/\/www.yongyukitchenware.com\/fr\/wp-json\/wp\/v2\/product_tag?post=2959"}],"curies":[{"name":"wp","href":"https:\/\/api.w.org\/{rel}","templated":true}]}}