{"id":2960,"date":"2025-03-12T13:51:22","date_gmt":"2025-03-12T13:51:22","guid":{"rendered":"https:\/\/www.yongyukitchenware.com\/?post_type=product&#038;p=2960"},"modified":"2025-06-13T06:51:06","modified_gmt":"2025-06-13T06:51:06","slug":"wholesale-buffet-chafer","status":"publish","type":"product","link":"https:\/\/www.yongyukitchenware.com\/fr\/produit\/wholesale-buffet-chafer\/","title":{"rendered":"Buffet Chafer en gros avec deux options de chauffage pour les f\u00eates et les banquets"},"content":{"rendered":"<div class=\"wp-block-columns is-layout-flex wp-container-core-columns-is-layout-9d6595d7 wp-block-columns-is-layout-flex\">\n<div class=\"wp-block-column is-layout-flow wp-block-column-is-layout-flow\">\n<h2 class=\"wp-block-heading\">Buffet Chafer Param\u00e8tre :<\/h2>\n\n\n\n<figure class=\"wp-block-table\"><table class=\"has-fixed-layout\"><tbody><tr><td>Mod\u00e8le<\/td><td>Diam\u00e8tre* Hauteur (cm)<\/td><td>Capacit\u00e9 (l)<\/td><td>MOQ<\/td><\/tr><tr><td>DY022-CL<\/td><td>64*44*44<\/td><td>9<\/td><td>2PCS<\/td><\/tr><\/tbody><\/table><\/figure>\n\n\n\n<h2 class=\"wp-block-heading\">Buffet Chafer Caract\u00e9ristiques :<\/h2>\n\n\n\n<p><strong>Plusieurs m\u00e9thodes de chauffage :<\/strong> Le chauffage \u00e9lectrique permet de chauffer rapidement et de contr\u00f4ler avec pr\u00e9cision la temp\u00e9rature ; le chauffage \u00e0 l'alcool convient aux occasions o\u00f9 l'atmosph\u00e8re est particuli\u00e8re.<\/p>\n\n\n\n<p><strong>Des d\u00e9tails de conception bien pens\u00e9s :<\/strong> Le r\u00e9servoir int\u00e9rieur est amovible, ce qui emp\u00eache efficacement les r\u00e9sidus alimentaires et la prolif\u00e9ration des bact\u00e9ries, garantissant ainsi la s\u00e9curit\u00e9 et l'hygi\u00e8ne des aliments. Le r\u00e9ceptacle visible \u00e0 angle droit est pratique pour prendre et placer les aliments, et la fen\u00eatre visuelle permet \u00e9galement d'observer l'\u00e9tat des aliments \u00e0 tout moment.<\/p>\n\n\n\n<p><strong>Combinaison flexible :<\/strong> Vous pouvez assortir les bacs alimentaires \u00e0 grille simple, double ou triple pour r\u00e9pondre \u00e0 diff\u00e9rents besoins de pr\u00e9sentation.<\/p>\n\n\n\n<p><strong>Syst\u00e8me intelligent de contr\u00f4le de la temp\u00e9rature : <\/strong>\u00c9quip\u00e9 d'un \u00e9cran tactile de contr\u00f4le \u00e9lectronique de la temp\u00e9rature et d'un interrupteur ind\u00e9pendant, s\u00fbr et fiable, pour \u00e9viter les erreurs de fonctionnement, le thermostat garantit en outre la pr\u00e9cision et la stabilit\u00e9 du contr\u00f4le de la temp\u00e9rature.<\/p>\n\n\n\n<p><strong>Mat\u00e9riau robuste et durable : <\/strong>Fabriqu\u00e9 en acier inoxydable de haute qualit\u00e9, il peut r\u00e9sister \u00e0 une utilisation fr\u00e9quente et \u00e0 un environnement de travail \u00e0 haute intensit\u00e9, et il est tr\u00e8s rentable pour une utilisation \u00e0 long terme.<\/p>\n<\/div>\n\n\n\n<div class=\"wp-block-column is-layout-flow wp-block-column-is-layout-flow\">\n<figure class=\"wp-block-image size-full\"><img decoding=\"async\" width=\"800\" height=\"800\" src=\"https:\/\/www.yongyukitchenware.com\/wp-content\/uploads\/2025\/02\/wholesale-buffet-chafer.webp\" alt=\"buffet en gros\" class=\"wp-image-3024\" srcset=\"https:\/\/www.yongyukitchenware.com\/wp-content\/uploads\/2025\/02\/wholesale-buffet-chafer.webp 800w, https:\/\/www.yongyukitchenware.com\/wp-content\/uploads\/2025\/02\/wholesale-buffet-chafer-300x300.webp 300w, https:\/\/www.yongyukitchenware.com\/wp-content\/uploads\/2025\/02\/wholesale-buffet-chafer-150x150.webp 150w, https:\/\/www.yongyukitchenware.com\/wp-content\/uploads\/2025\/02\/wholesale-buffet-chafer-768x768.webp 768w, https:\/\/www.yongyukitchenware.com\/wp-content\/uploads\/2025\/02\/wholesale-buffet-chafer-12x12.webp 12w, https:\/\/www.yongyukitchenware.com\/wp-content\/uploads\/2025\/02\/wholesale-buffet-chafer-600x600.webp 600w, https:\/\/www.yongyukitchenware.com\/wp-content\/uploads\/2025\/02\/wholesale-buffet-chafer-100x100.webp 100w\" sizes=\"(max-width: 800px) 100vw, 800px\" \/><\/figure>\n<\/div>\n<\/div>\n\n\n\n<p><\/p>","protected":false},"excerpt":{"rendered":"<div class=\"flex max-w-full flex-col flex-grow\">\n<div class=\"min-h-8 text-message flex w-full flex-col items-end gap-2 whitespace-normal break-words text-start [.text-message+&amp;]:mt-5\" dir=\"auto\" data-message-author-role=\"assistant\" data-message-id=\"e07a47d1-8143-4d76-a750-70f60d252df1\" data-message-model-slug=\"gpt-4o\">\n<div class=\"flex w-full flex-col gap-1 empty:hidden first:pt-[3px]\">\n<div class=\"markdown prose w-full break-words dark:prose-invert dark\">\n<div data-zone-id=\"0\" data-line-index=\"0\" data-line=\"true\">Hotte de buffet en gros ! Double chauffage, rev\u00eatement amovible pour un nettoyage facile, grilles r\u00e9glables. Thermostat pr\u00e9cis \u00e0 touche intelligente. Acier inoxydable durable. Conseils avant-vente, assistance apr\u00e8s-vente et livraison rapide. Renseignez-vous d\u00e8s maintenant pour mettre votre buffet \u00e0 niveau !<\/div>\n<\/div>\n<\/div>\n<\/div>\n<\/div>\n<div class=\"mb-2 flex gap-3 empty:hidden -ml-2\">\n<div class=\"items-center justify-start rounded-xl p-1 flex\">\n<div class=\"flex items-center\">\u00a0<\/div>\n<\/div>\n<\/div>\n<h2><!-- wp:heading --><\/h2>\n<h2 class=\"wp-block-heading\">Attributs du hacheur de buffets :<\/h2>\n<h2><!-- \/wp:heading --><\/p>\n<p><!-- wp:paragraph --><\/h2>\n<p><strong>Mat\u00e9riau : <\/strong>Acier inoxydable<br \/><strong>Couleur : <\/strong>Argent<br \/><strong>Forme :<\/strong> Rectangle avec couvercle \u00e0 enroulement<br \/><strong>Chaleur : <\/strong>Chauffage \u00e9lectrique\/Chauffage \u00e0 l'alcool<br \/><strong>Bac de r\u00e9cup\u00e9ration : <\/strong>Grille simple\/double<br \/><strong>OEM\/ODM : <\/strong>Disponible<\/p>\n<h2 class=\"wp-block-heading\">De Yongyu Chafing Dish Manufacturer :<\/h2>\n<p>Qu'il s'agisse d'un fournisseur de services de restauration, d'un h\u00f4tel ou d'un restaurant, ou d'une soci\u00e9t\u00e9 d'organisation d'\u00e9v\u00e9nements, nous fournissons des solutions compl\u00e8tes de vente en gros de chafing dishes pour aider votre entreprise avec des prix d'usine de haute qualit\u00e9 !<\/p>\n<h2><!-- \/wp:paragraph --><\/h2>","protected":false},"featured_media":3024,"comment_status":"closed","ping_status":"closed","template":"","meta":{"_acf_changed":true},"application":[30],"product_brand":[],"product_cat":[33],"product_tag":[],"class_list":{"0":"post-2960","1":"product","2":"type-product","3":"status-publish","4":"has-post-thumbnail","6":"application-hotel-catering","7":"product_cat-chafing-dishes-wholesale","9":"first","10":"instock","11":"shipping-taxable","12":"product-type-simple"},"acf":[],"_links":{"self":[{"href":"https:\/\/www.yongyukitchenware.com\/fr\/wp-json\/wp\/v2\/product\/2960","targetHints":{"allow":["GET"]}}],"collection":[{"href":"https:\/\/www.yongyukitchenware.com\/fr\/wp-json\/wp\/v2\/product"}],"about":[{"href":"https:\/\/www.yongyukitchenware.com\/fr\/wp-json\/wp\/v2\/types\/product"}],"replies":[{"embeddable":true,"href":"https:\/\/www.yongyukitchenware.com\/fr\/wp-json\/wp\/v2\/comments?post=2960"}],"wp:featuredmedia":[{"embeddable":true,"href":"https:\/\/www.yongyukitchenware.com\/fr\/wp-json\/wp\/v2\/media\/3024"}],"wp:attachment":[{"href":"https:\/\/www.yongyukitchenware.com\/fr\/wp-json\/wp\/v2\/media?parent=2960"}],"wp:term":[{"taxonomy":"application","embeddable":true,"href":"https:\/\/www.yongyukitchenware.com\/fr\/wp-json\/wp\/v2\/application?post=2960"},{"taxonomy":"product_brand","embeddable":true,"href":"https:\/\/www.yongyukitchenware.com\/fr\/wp-json\/wp\/v2\/product_brand?post=2960"},{"taxonomy":"product_cat","embeddable":true,"href":"https:\/\/www.yongyukitchenware.com\/fr\/wp-json\/wp\/v2\/product_cat?post=2960"},{"taxonomy":"product_tag","embeddable":true,"href":"https:\/\/www.yongyukitchenware.com\/fr\/wp-json\/wp\/v2\/product_tag?post=2960"}],"curies":[{"name":"wp","href":"https:\/\/api.w.org\/{rel}","templated":true}]}}