{"id":2966,"date":"2025-03-12T14:31:16","date_gmt":"2025-03-12T14:31:16","guid":{"rendered":"https:\/\/www.yongyukitchenware.com\/?post_type=product&#038;p=2966"},"modified":"2025-06-13T06:48:54","modified_gmt":"2025-06-13T06:48:54","slug":"wholesale-round-chafer","status":"publish","type":"product","link":"https:\/\/www.yongyukitchenware.com\/fr\/produit\/wholesale-round-chafer\/","title":{"rendered":"Wholesale Round Chafer Cr\u00e9er un luxe intemporel pour les f\u00eates"},"content":{"rendered":"<div class=\"wp-block-columns is-layout-flex wp-container-core-columns-is-layout-9d6595d7 wp-block-columns-is-layout-flex\">\n<div class=\"wp-block-column is-layout-flow wp-block-column-is-layout-flow\">\n<h2 class=\"wp-block-heading\">Chafer rond Param\u00e8tre :<\/h2>\n\n\n\n<figure class=\"wp-block-table\"><table class=\"has-fixed-layout\"><tbody><tr><td>Mod\u00e8le<\/td><td>Diam\u00e8tre* Hauteur (cm)<\/td><td>Capacit\u00e9 (l)<\/td><td>MOQ<\/td><\/tr><tr><td>DY023-CL<\/td><td>48*47<\/td><td>6<\/td><td>2PCS<\/td><\/tr><\/tbody><\/table><\/figure>\n\n\n\n<h2 class=\"wp-block-heading\">Chafer rond Caract\u00e9ristiques :<\/h2>\n\n\n\n<p><strong>Adaptation souple des sources de chaleur :<\/strong> Selon les lieux, choisissez le chauffage \u00e9lectrique pour chauffer rapidement et de mani\u00e8re stable ; choisissez le mode de chauffage \u00e0 l'alcool \u00e0 l'ext\u00e9rieur pour montrer vos talents.<\/p>\n\n\n\n<p><strong>R\u00e9soudre les probl\u00e8mes de nettoyage :<\/strong> Le r\u00e9servoir int\u00e9rieur amovible emp\u00eache efficacement l'accumulation de r\u00e9sidus alimentaires.<\/p>\n\n\n\n<p><strong>Pr\u00e9sentation cr\u00e9ative des aliments : <\/strong>Une grille simple convient pour placer des plats principaux exquis, une grille double permet de pr\u00e9senter des combinaisons de viande et de l\u00e9gumes en m\u00eame temps, et trois grilles permettent de cr\u00e9er un riche plateau d'amuse-gueule.<\/p>\n\n\n\n<p><strong>Contr\u00f4le pr\u00e9cis de la temp\u00e9rature : <\/strong>L'\u00e9cran tactile de contr\u00f4le \u00e9lectronique de la temp\u00e9rature est simple et intuitif. Gr\u00e2ce \u00e0 son thermostat pr\u00e9cis, il garantit la fra\u00eecheur et la saveur des plats.<\/p>\n\n\n\n<p><strong>Garantie d'un mat\u00e9riau durable : <\/strong>Le mat\u00e9riau est robuste et durable, r\u00e9sistant \u00e0 la corrosion et \u00e0 l'usure, offrant aux utilisateurs une exp\u00e9rience d'utilisation stable et \u00e0 long terme.<\/p>\n\n\n\n<p><strong>Exp\u00e9rience des op\u00e9rations visuelles : <\/strong>R\u00e9chaud de salle \u00e0 manger \u00e0 angle droit et \u00e0 retournement complet. La conception \u00e0 bascule est facile \u00e0 utiliser.<\/p>\n<\/div>\n\n\n\n<div class=\"wp-block-column is-layout-flow wp-block-column-is-layout-flow\">\n<figure class=\"wp-block-image size-full\"><img decoding=\"async\" width=\"800\" height=\"800\" src=\"https:\/\/www.yongyukitchenware.com\/wp-content\/uploads\/2025\/02\/round-chafing-dish-set.webp\" alt=\"Chafer rond en gros \" class=\"wp-image-3037\" srcset=\"https:\/\/www.yongyukitchenware.com\/wp-content\/uploads\/2025\/02\/round-chafing-dish-set.webp 800w, https:\/\/www.yongyukitchenware.com\/wp-content\/uploads\/2025\/02\/round-chafing-dish-set-300x300.webp 300w, https:\/\/www.yongyukitchenware.com\/wp-content\/uploads\/2025\/02\/round-chafing-dish-set-150x150.webp 150w, https:\/\/www.yongyukitchenware.com\/wp-content\/uploads\/2025\/02\/round-chafing-dish-set-768x768.webp 768w, https:\/\/www.yongyukitchenware.com\/wp-content\/uploads\/2025\/02\/round-chafing-dish-set-12x12.webp 12w, https:\/\/www.yongyukitchenware.com\/wp-content\/uploads\/2025\/02\/round-chafing-dish-set-600x600.webp 600w, https:\/\/www.yongyukitchenware.com\/wp-content\/uploads\/2025\/02\/round-chafing-dish-set-100x100.webp 100w\" sizes=\"(max-width: 800px) 100vw, 800px\" \/><\/figure>\n<\/div>\n<\/div>\n\n\n\n<p><\/p>","protected":false},"excerpt":{"rendered":"<div data-zone-id=\"0\" data-line-index=\"0\" data-line=\"true\">Le hachoir rond en gros est le meilleur choix pour les entreprises. Il est dot\u00e9 d'un double chauffage, d'un rev\u00eatement amovible pour un nettoyage facile et de grilles r\u00e9glables. Il est dot\u00e9 d'une commande tactile intelligente et d'un acier de qualit\u00e9 sup\u00e9rieure, ce qui lui conf\u00e8re une grande long\u00e9vit\u00e9. Notre soci\u00e9t\u00e9 offre des conseils avant la vente et une livraison rapide. Envoyez une demande de renseignements d\u00e8s maintenant et am\u00e9liorez vos affaires !<\/div>\n<h2><!-- wp:heading --><\/h2>\n<h2 class=\"wp-block-heading\">Chafer rond Attributs :<\/h2>\n<h2><!-- \/wp:heading --><\/p>\n<p><!-- wp:paragraph --><\/h2>\n<p><strong>Mat\u00e9riau : <\/strong>Acier inoxydable<br \/><strong>Couleur : <\/strong>Argent<br \/><strong>Forme :<\/strong> Rond avec couvercle \u00e0 enroulement<br \/><strong>Chaleur : <\/strong>Chauffage \u00e9lectrique\/Chauffage \u00e0 l'alcool<br \/><strong>Bac de r\u00e9cup\u00e9ration : <\/strong>Grille simple\/double<br \/><strong>OEM\/ODM : <\/strong>Disponible<\/p>\n<h2 class=\"wp-block-heading\">De Yongyu Chafing Dish Manufacturer :<\/h2>\n<p>Qu'il s'agisse d'un fournisseur de services de restauration, d'un h\u00f4tel ou d'un restaurant, ou d'une soci\u00e9t\u00e9 d'organisation d'\u00e9v\u00e9nements, nous fournissons des solutions compl\u00e8tes de vente en gros de chafing dishes pour aider votre entreprise avec des prix d'usine de haute qualit\u00e9 !<\/p>\n<h2><!-- \/wp:paragraph --><\/h2>","protected":false},"featured_media":3037,"comment_status":"closed","ping_status":"closed","template":"","meta":{"_acf_changed":true},"application":[30],"product_brand":[],"product_cat":[33],"product_tag":[],"class_list":{"0":"post-2966","1":"product","2":"type-product","3":"status-publish","4":"has-post-thumbnail","6":"application-hotel-catering","7":"product_cat-chafing-dishes-wholesale","9":"first","10":"instock","11":"shipping-taxable","12":"product-type-simple"},"acf":[],"_links":{"self":[{"href":"https:\/\/www.yongyukitchenware.com\/fr\/wp-json\/wp\/v2\/product\/2966","targetHints":{"allow":["GET"]}}],"collection":[{"href":"https:\/\/www.yongyukitchenware.com\/fr\/wp-json\/wp\/v2\/product"}],"about":[{"href":"https:\/\/www.yongyukitchenware.com\/fr\/wp-json\/wp\/v2\/types\/product"}],"replies":[{"embeddable":true,"href":"https:\/\/www.yongyukitchenware.com\/fr\/wp-json\/wp\/v2\/comments?post=2966"}],"wp:featuredmedia":[{"embeddable":true,"href":"https:\/\/www.yongyukitchenware.com\/fr\/wp-json\/wp\/v2\/media\/3037"}],"wp:attachment":[{"href":"https:\/\/www.yongyukitchenware.com\/fr\/wp-json\/wp\/v2\/media?parent=2966"}],"wp:term":[{"taxonomy":"application","embeddable":true,"href":"https:\/\/www.yongyukitchenware.com\/fr\/wp-json\/wp\/v2\/application?post=2966"},{"taxonomy":"product_brand","embeddable":true,"href":"https:\/\/www.yongyukitchenware.com\/fr\/wp-json\/wp\/v2\/product_brand?post=2966"},{"taxonomy":"product_cat","embeddable":true,"href":"https:\/\/www.yongyukitchenware.com\/fr\/wp-json\/wp\/v2\/product_cat?post=2966"},{"taxonomy":"product_tag","embeddable":true,"href":"https:\/\/www.yongyukitchenware.com\/fr\/wp-json\/wp\/v2\/product_tag?post=2966"}],"curies":[{"name":"wp","href":"https:\/\/api.w.org\/{rel}","templated":true}]}}