{"id":2970,"date":"2025-03-12T14:38:23","date_gmt":"2025-03-12T14:38:23","guid":{"rendered":"https:\/\/www.yongyukitchenware.com\/?post_type=product&#038;p=2970"},"modified":"2025-06-13T06:47:57","modified_gmt":"2025-06-13T06:47:57","slug":"wholesale-roll-top-chafing-dish","status":"publish","type":"product","link":"https:\/\/www.yongyukitchenware.com\/fr\/produit\/wholesale-roll-top-chafing-dish\/","title":{"rendered":"Wholesale Roll Top Chafing Dish Smart Touch Control For Party,Wedding,and Banquet"},"content":{"rendered":"<div class=\"wp-block-columns is-layout-flex wp-container-core-columns-is-layout-9d6595d7 wp-block-columns-is-layout-flex\">\n<div class=\"wp-block-column is-layout-flow wp-block-column-is-layout-flow\">\n<h2 class=\"wp-block-heading\">Chafing Dish Roll Top Param\u00e8tre :<\/h2>\n\n\n\n<figure class=\"wp-block-table\"><table class=\"has-fixed-layout\"><tbody><tr><td>Mod\u00e8le<\/td><td>Longueur * Largeur * Hauteur (cm)<\/td><td>Capacit\u00e9 (l)<\/td><td>MOQ<\/td><\/tr><tr><td>DY022-CL<\/td><td>64*44*44<\/td><td>9<\/td><td>2PCS<\/td><\/tr><\/tbody><\/table><\/figure>\n\n\n\n<h2 class=\"wp-block-heading\">Chafing Dish Roll Top Caract\u00e9ristiques :<\/h2>\n\n\n\n<p><strong>Mode de chauffage flexible :<\/strong> Le chauffage \u00e9lectrique et le chauffage \u00e0 l'alcool sont fournis pour offrir plus d'options aux op\u00e9rations de restauration.<\/p>\n\n\n\n<p><strong>Conception pratique et propre : <\/strong>Le pot int\u00e9rieur est amovible, ce qui facilite le nettoyage, emp\u00eache efficacement les r\u00e9sidus alimentaires de subsister et r\u00e9duit la croissance bact\u00e9rienne.<\/p>\n\n\n\n<p><strong>Combinaison personnalis\u00e9e : <\/strong>Les bassins alimentaires \u00e0 grille simple, double ou triple peuvent \u00eatre assortis librement pour r\u00e9pondre \u00e0 divers besoins et optimiser l'effet de pr\u00e9sentation des plats.<\/p>\n\n\n\n<p><strong>Syst\u00e8me intelligent de contr\u00f4le de la temp\u00e9rature : <\/strong>\u00c9quip\u00e9 d'un \u00e9cran tactile de contr\u00f4le \u00e9lectronique de la temp\u00e9rature, le thermostat assure la pr\u00e9cision et la stabilit\u00e9 du contr\u00f4le de la temp\u00e9rature.<\/p>\n\n\n\n<p><strong>Mat\u00e9riau de haute qualit\u00e9 et robuste :<\/strong> Fabriqu\u00e9 en acier inoxydable, il est robuste et durable, avec une excellente r\u00e9sistance \u00e0 la corrosion et \u00e0 l'usure, et peut r\u00e9sister \u00e0 une utilisation fr\u00e9quente et \u00e0 un environnement de travail tr\u00e8s intense.<\/p>\n\n\n\n<p><strong>Un design unique : <\/strong>La forme \u00e0 angle droit est simple et atmosph\u00e9rique, et ajoute une atmosph\u00e8re \u00e9l\u00e9gante et moderne au restaurant.<\/p>\n<\/div>\n\n\n\n<div class=\"wp-block-column is-layout-flow wp-block-column-is-layout-flow\">\n<figure class=\"wp-block-image size-full\"><img decoding=\"async\" width=\"800\" height=\"800\" src=\"https:\/\/www.yongyukitchenware.com\/wp-content\/uploads\/2025\/02\/wholesale-roll-top-chafing-dish.webp\" alt=\"plat \u00e0 roulettes en gros pour chafing dish\" class=\"wp-image-3021\" srcset=\"https:\/\/www.yongyukitchenware.com\/wp-content\/uploads\/2025\/02\/wholesale-roll-top-chafing-dish.webp 800w, https:\/\/www.yongyukitchenware.com\/wp-content\/uploads\/2025\/02\/wholesale-roll-top-chafing-dish-300x300.webp 300w, https:\/\/www.yongyukitchenware.com\/wp-content\/uploads\/2025\/02\/wholesale-roll-top-chafing-dish-150x150.webp 150w, https:\/\/www.yongyukitchenware.com\/wp-content\/uploads\/2025\/02\/wholesale-roll-top-chafing-dish-768x768.webp 768w, https:\/\/www.yongyukitchenware.com\/wp-content\/uploads\/2025\/02\/wholesale-roll-top-chafing-dish-12x12.webp 12w, https:\/\/www.yongyukitchenware.com\/wp-content\/uploads\/2025\/02\/wholesale-roll-top-chafing-dish-600x600.webp 600w, https:\/\/www.yongyukitchenware.com\/wp-content\/uploads\/2025\/02\/wholesale-roll-top-chafing-dish-100x100.webp 100w\" sizes=\"(max-width: 800px) 100vw, 800px\" \/><\/figure>\n<\/div>\n<\/div>\n\n\n\n<p><\/p>","protected":false},"excerpt":{"rendered":"<div data-zone-id=\"0\" data-line-index=\"0\" data-line=\"true\">\n<div data-zone-id=\"0\" data-line-index=\"0\" data-line=\"true\">Le chafing dish Wholesale roll-top est parfait pour les restaurants ! Il dispose d'un chauffage \u00e9lectrique et \u00e0 l'alcool, d'un rev\u00eatement amovible, de grilles r\u00e9glables et d'une commande tactile intelligente. Fabriqu\u00e9 en acier inoxydable durable, nous offrons des prix comp\u00e9titifs. Notre soci\u00e9t\u00e9 fournit un excellent service avant et apr\u00e8s-vente, ainsi qu'une livraison rapide. Envoyez-nous une demande de renseignements d\u00e8s maintenant !<\/div>\n<\/div>\n<h2><!-- wp:heading --><\/h2>\n<h2 class=\"wp-block-heading\">Attributs du plat \u00e0 gratin :<\/h2>\n<h2><!-- \/wp:heading --><\/p>\n<p><!-- wp:paragraph --><\/h2>\n<p><strong>Mat\u00e9riau : <\/strong>Acier inoxydable<br \/><strong>Couleur : <\/strong>Argent<br \/><strong>Forme : <\/strong>Rectangle avec couvercle \u00e0 enroulement visible<br \/><strong>Chaleur : <\/strong>Chauffage \u00e9lectrique\/Chauffage \u00e0 l'alcool<br \/><strong>Bac de r\u00e9cup\u00e9ration : <\/strong>Grille simple\/double<br \/><strong>OEM\/ODM : <\/strong>Disponible<\/p>\n<h2 class=\"wp-block-heading\">De Yongyu Chafing Dish Manufacturer :<\/h2>\n<p>Qu'il s'agisse d'un fournisseur de services de restauration, d'un h\u00f4tel ou d'un restaurant, ou d'une soci\u00e9t\u00e9 d'organisation d'\u00e9v\u00e9nements, nous fournissons des solutions compl\u00e8tes de vente en gros de chafing dishes pour aider votre entreprise avec des prix d'usine de haute qualit\u00e9 !<\/p>\n<h2><!-- \/wp:paragraph --><\/h2>","protected":false},"featured_media":3021,"comment_status":"closed","ping_status":"closed","template":"","meta":{"_acf_changed":false},"application":[30],"product_brand":[],"product_cat":[33],"product_tag":[],"class_list":{"0":"post-2970","1":"product","2":"type-product","3":"status-publish","4":"has-post-thumbnail","6":"application-hotel-catering","7":"product_cat-chafing-dishes-wholesale","9":"first","10":"instock","11":"shipping-taxable","12":"product-type-simple"},"acf":[],"_links":{"self":[{"href":"https:\/\/www.yongyukitchenware.com\/fr\/wp-json\/wp\/v2\/product\/2970","targetHints":{"allow":["GET"]}}],"collection":[{"href":"https:\/\/www.yongyukitchenware.com\/fr\/wp-json\/wp\/v2\/product"}],"about":[{"href":"https:\/\/www.yongyukitchenware.com\/fr\/wp-json\/wp\/v2\/types\/product"}],"replies":[{"embeddable":true,"href":"https:\/\/www.yongyukitchenware.com\/fr\/wp-json\/wp\/v2\/comments?post=2970"}],"wp:featuredmedia":[{"embeddable":true,"href":"https:\/\/www.yongyukitchenware.com\/fr\/wp-json\/wp\/v2\/media\/3021"}],"wp:attachment":[{"href":"https:\/\/www.yongyukitchenware.com\/fr\/wp-json\/wp\/v2\/media?parent=2970"}],"wp:term":[{"taxonomy":"application","embeddable":true,"href":"https:\/\/www.yongyukitchenware.com\/fr\/wp-json\/wp\/v2\/application?post=2970"},{"taxonomy":"product_brand","embeddable":true,"href":"https:\/\/www.yongyukitchenware.com\/fr\/wp-json\/wp\/v2\/product_brand?post=2970"},{"taxonomy":"product_cat","embeddable":true,"href":"https:\/\/www.yongyukitchenware.com\/fr\/wp-json\/wp\/v2\/product_cat?post=2970"},{"taxonomy":"product_tag","embeddable":true,"href":"https:\/\/www.yongyukitchenware.com\/fr\/wp-json\/wp\/v2\/product_tag?post=2970"}],"curies":[{"name":"wp","href":"https:\/\/api.w.org\/{rel}","templated":true}]}}