{"id":2974,"date":"2025-03-07T10:06:13","date_gmt":"2025-03-07T10:06:13","guid":{"rendered":"https:\/\/www.yongyukitchenware.com\/?post_type=product&#038;p=2974"},"modified":"2025-06-13T06:54:25","modified_gmt":"2025-06-13T06:54:25","slug":"wholesale-restaurant-chafing-dishes","status":"publish","type":"product","link":"https:\/\/www.yongyukitchenware.com\/fr\/produit\/wholesale-restaurant-chafing-dishes\/","title":{"rendered":"Wholesale Restaurant Chafing Dishes Removable Liner Design"},"content":{"rendered":"<div class=\"wp-block-columns is-layout-flex wp-container-core-columns-is-layout-9d6595d7 wp-block-columns-is-layout-flex\">\n<div class=\"wp-block-column is-layout-flow wp-block-column-is-layout-flow\">\n<h2 class=\"wp-block-heading\">Plats \u00e0 r\u00e9chauffer pour restaurants Param\u00e8tre :<\/h2>\n\n\n\n<figure class=\"wp-block-table\"><table class=\"has-fixed-layout\"><tbody><tr><td>Mod\u00e8le<\/td><td>Diam\u00e8tre* Hauteur (cm)<\/td><td>Capacit\u00e9 (l)<\/td><td>Poids (kg)<\/td><td>MOQ<\/td><\/tr><tr><td>DY013-CL<\/td><td>47*44*22<\/td><td>6<\/td><td>8<\/td><td>2PCS<\/td><\/tr><\/tbody><\/table><\/figure>\n\n\n\n<h2 class=\"wp-block-heading\">Plats \u00e0 r\u00e9chauffer pour restaurant Caract\u00e9ristiques :<\/h2>\n\n\n\n<p><strong>M\u00e9thodes de chauffage flexibles : <\/strong>Le chauffage \u00e9lectrique est pratique et rapide, avec une temp\u00e9rature stable ; le chauffage \u00e0 l'alcool a une atmosph\u00e8re plus traditionnelle et convient aux endroits qui acceptent largement le chauffage \u00e0 flamme nue.<\/p>\n\n\n\n<p><strong>Doublure amovible : <\/strong>Pratique pour le nettoyage et l'entretien, il \u00e9vite efficacement les r\u00e9sidus alimentaires et la prolif\u00e9ration des bact\u00e9ries, ce qui permet aux restaurants d'\u00e9conomiser du temps et de l'argent en mati\u00e8re de nettoyage.<\/p>\n\n\n\n<p><strong>Correspondance personnalis\u00e9e : <\/strong>Les bassins alimentaires \u00e0 grille simple, double ou triple peuvent \u00eatre adapt\u00e9s pour r\u00e9pondre aux divers besoins des diff\u00e9rentes formes de restauration telles que les buffets et les banquets.<\/p>\n\n\n\n<p><strong>Syst\u00e8me intelligent de contr\u00f4le de la temp\u00e9rature :<\/strong> \u00e9cran tactile de contr\u00f4le \u00e9lectronique de la temp\u00e9rature, fonctionnement simple et intuitif ; interrupteur d'alimentation ind\u00e9pendant pour \u00e9viter les erreurs de fonctionnement ; la configuration du thermostat garantit davantage la pr\u00e9cision et la stabilit\u00e9 du contr\u00f4le de la temp\u00e9rature.<\/p>\n\n\n\n<p><strong>Mat\u00e9riau de haute qualit\u00e9 :<\/strong> Fabriqu\u00e9 en acier inoxydable, il est robuste et durable, r\u00e9sistant \u00e0 la corrosion et \u00e0 l'usure, il peut r\u00e9sister \u00e0 une utilisation fr\u00e9quente et \u00e0 des environnements de travail tr\u00e8s intenses, il r\u00e9duit le co\u00fbt de remplacement des \u00e9quipements de restaurant et il est tr\u00e8s rentable pour une utilisation \u00e0 long terme.<\/p>\n<\/div>\n\n\n\n<div class=\"wp-block-column is-layout-flow wp-block-column-is-layout-flow\">\n<figure class=\"wp-block-image size-full\"><img decoding=\"async\" width=\"800\" height=\"800\" src=\"https:\/\/www.yongyukitchenware.com\/wp-content\/uploads\/2025\/02\/wholesale-chafer-dishes-2-1.webp\" alt=\"Grossiste Restaurant Chafing Dishes\" class=\"wp-image-3020\" srcset=\"https:\/\/www.yongyukitchenware.com\/wp-content\/uploads\/2025\/02\/wholesale-chafer-dishes-2-1.webp 800w, https:\/\/www.yongyukitchenware.com\/wp-content\/uploads\/2025\/02\/wholesale-chafer-dishes-2-1-300x300.webp 300w, https:\/\/www.yongyukitchenware.com\/wp-content\/uploads\/2025\/02\/wholesale-chafer-dishes-2-1-150x150.webp 150w, https:\/\/www.yongyukitchenware.com\/wp-content\/uploads\/2025\/02\/wholesale-chafer-dishes-2-1-768x768.webp 768w, https:\/\/www.yongyukitchenware.com\/wp-content\/uploads\/2025\/02\/wholesale-chafer-dishes-2-1-12x12.webp 12w, https:\/\/www.yongyukitchenware.com\/wp-content\/uploads\/2025\/02\/wholesale-chafer-dishes-2-1-600x600.webp 600w, https:\/\/www.yongyukitchenware.com\/wp-content\/uploads\/2025\/02\/wholesale-chafer-dishes-2-1-100x100.webp 100w\" sizes=\"(max-width: 800px) 100vw, 800px\" \/><\/figure>\n<\/div>\n<\/div>","protected":false},"excerpt":{"rendered":"<p>Les plats \u00e0 r\u00f4tir pour restaurants en gros sont dot\u00e9s d'un rev\u00eatement amovible pour faciliter le nettoyage et l'entretien. Durables et \u00e9l\u00e9gants, ils sont parfaits pour la restauration et les buffets. Des services de personnalisation et OEM sont disponibles. Renseignez-vous pour plus de d\u00e9tails !<\/p>\n<h2><!-- wp:heading --><\/h2>\n<h2 class=\"wp-block-heading\">Attributs des chafing dishes de restaurant :<\/h2>\n<h2><!-- \/wp:heading --><\/p>\n<p><!-- wp:paragraph --><\/h2>\n<p><strong>Mat\u00e9riau : <\/strong>Acier inoxydable<br \/><strong>Couleur : <\/strong>Argent<br \/><strong>Forme :<\/strong> Rond avec couvercle \u00e0 charni\u00e8re<br \/><strong>Chaleur : <\/strong>Chauffage \u00e9lectrique\/Chauffage \u00e0 l'alcool<br \/><strong>Bac de r\u00e9cup\u00e9ration : <\/strong>Grille simple\/double<br \/><strong>OEM\/ODM : <\/strong>Disponible<\/p>\n<h2 class=\"wp-block-heading\">De Yongyu Chafing Dish Manufacturer :<\/h2>\n<p>Qu'il s'agisse d'un fournisseur de services de restauration, d'un h\u00f4tel ou d'un restaurant, ou d'une soci\u00e9t\u00e9 d'organisation d'\u00e9v\u00e9nements, nous fournissons des solutions compl\u00e8tes de vente en gros de chafing dishes pour aider votre entreprise avec des prix d'usine de haute qualit\u00e9 !<\/p>\n<h2><!-- \/wp:paragraph --><\/h2>","protected":false},"featured_media":3020,"comment_status":"closed","ping_status":"closed","template":"","meta":{"_acf_changed":false},"application":[30],"product_brand":[],"product_cat":[33],"product_tag":[],"class_list":{"0":"post-2974","1":"product","2":"type-product","3":"status-publish","4":"has-post-thumbnail","6":"application-hotel-catering","7":"product_cat-chafing-dishes-wholesale","9":"first","10":"instock","11":"shipping-taxable","12":"product-type-simple"},"acf":[],"_links":{"self":[{"href":"https:\/\/www.yongyukitchenware.com\/fr\/wp-json\/wp\/v2\/product\/2974","targetHints":{"allow":["GET"]}}],"collection":[{"href":"https:\/\/www.yongyukitchenware.com\/fr\/wp-json\/wp\/v2\/product"}],"about":[{"href":"https:\/\/www.yongyukitchenware.com\/fr\/wp-json\/wp\/v2\/types\/product"}],"replies":[{"embeddable":true,"href":"https:\/\/www.yongyukitchenware.com\/fr\/wp-json\/wp\/v2\/comments?post=2974"}],"wp:featuredmedia":[{"embeddable":true,"href":"https:\/\/www.yongyukitchenware.com\/fr\/wp-json\/wp\/v2\/media\/3020"}],"wp:attachment":[{"href":"https:\/\/www.yongyukitchenware.com\/fr\/wp-json\/wp\/v2\/media?parent=2974"}],"wp:term":[{"taxonomy":"application","embeddable":true,"href":"https:\/\/www.yongyukitchenware.com\/fr\/wp-json\/wp\/v2\/application?post=2974"},{"taxonomy":"product_brand","embeddable":true,"href":"https:\/\/www.yongyukitchenware.com\/fr\/wp-json\/wp\/v2\/product_brand?post=2974"},{"taxonomy":"product_cat","embeddable":true,"href":"https:\/\/www.yongyukitchenware.com\/fr\/wp-json\/wp\/v2\/product_cat?post=2974"},{"taxonomy":"product_tag","embeddable":true,"href":"https:\/\/www.yongyukitchenware.com\/fr\/wp-json\/wp\/v2\/product_tag?post=2974"}],"curies":[{"name":"wp","href":"https:\/\/api.w.org\/{rel}","templated":true}]}}