{"id":2998,"date":"2025-03-07T02:32:20","date_gmt":"2025-03-07T02:32:20","guid":{"rendered":"https:\/\/www.yongyukitchenware.com\/?post_type=product&#038;p=2998"},"modified":"2025-06-13T07:02:10","modified_gmt":"2025-06-13T07:02:10","slug":"wholesale-chafing-dish-food-warmer","status":"publish","type":"product","link":"https:\/\/www.yongyukitchenware.com\/fr\/produit\/wholesale-chafing-dish-food-warmer\/","title":{"rendered":"Wholesale Chafing Dish Food Warmer Electric with Glass Lid (R\u00e9chaud \u00e9lectrique avec couvercle en verre)"},"content":{"rendered":"<div class=\"wp-block-columns is-layout-flex wp-container-core-columns-is-layout-9d6595d7 wp-block-columns-is-layout-flex\">\n<div class=\"wp-block-column is-layout-flow wp-block-column-is-layout-flow\">\n<h2 class=\"wp-block-heading\">Chafing Dish Food Warmer Parameter (R\u00e9chauffeur d'aliments pour chafing dish)<\/h2>\n\n\n\n<figure class=\"wp-block-table\"><table class=\"has-fixed-layout\"><tbody><tr><td>Mod\u00e8le<\/td><td>Longueur * Largeur * Hauteur (cm)<\/td><td>Capacit\u00e9 (l)<\/td><td>Poids (kg)<\/td><td>MOQ<\/td><\/tr><tr><td>DY008-CL<\/td><td>43*44*25<\/td><td>6<\/td><td>6.5<\/td><td>2PCS<\/td><\/tr><\/tbody><\/table><\/figure>\n<\/div>\n\n\n\n<div class=\"wp-block-column is-layout-flow wp-block-column-is-layout-flow\">\n<h2 class=\"wp-block-heading\">R\u00e9chauffeur d'aliments pour chafing dish Caract\u00e9ristiques :<\/h2>\n\n\n\n<p><strong>Syst\u00e8me de chauffage \u00e9lectrique efficace : <\/strong>La fonction de chauffage \u00e9lectrique int\u00e9gr\u00e9e permet de chauffer uniform\u00e9ment les aliments et de les maintenir au chaud en permanence, am\u00e9liorant ainsi l'exp\u00e9rience gastronomique.<\/p>\n\n\n\n<p><strong>Mat\u00e9riau durable en acier inoxydable :<\/strong> Notre chauffe-plat est fabriqu\u00e9 en acier inoxydable de haute qualit\u00e9, antirouille et r\u00e9sistant \u00e0 la corrosion. Il convient \u00e0 une utilisation \u00e0 long terme et est facile \u00e0 nettoyer et \u00e0 entretenir.<\/p>\n\n\n\n<p><strong>Conception \u00e9conome en \u00e9nergie : <\/strong>Un syst\u00e8me de chauffage \u00e9lectrique \u00e0 faible consommation d'\u00e9nergie minimise la consommation d'\u00e9nergie tout en maintenant les aliments et les plats \u00e0 la temp\u00e9rature id\u00e9ale.<\/p>\n\n\n\n<p><strong>Conception \u00e0 grande capacit\u00e9 : <\/strong>Notre chauffe-plat en gros est dot\u00e9 d'une plaque chauffante spacieuse pouvant contenir une grande quantit\u00e9 d'aliments. Il convient aux h\u00f4tels, aux restaurants et aux grands banquets, et ne n\u00e9cessite donc pas de remplissages fr\u00e9quents.<\/p>\n\n\n\n<p><strong>S\u00e9curit\u00e9 et stabilit\u00e9 de la structure :<\/strong> La base est de conception stable, ce qui garantit la s\u00e9curit\u00e9 et la stabilit\u00e9 pendant l'utilisation, sans risque de basculement ou de glissement.<\/p>\n<\/div>\n<\/div>\n\n\n\n<div class=\"wp-block-columns is-layout-flex wp-container-core-columns-is-layout-9d6595d7 wp-block-columns-is-layout-flex\">\n<div class=\"wp-block-column is-layout-flow wp-block-column-is-layout-flow\">\n<figure class=\"wp-block-image size-full\"><img decoding=\"async\" width=\"800\" height=\"800\" src=\"https:\/\/www.yongyukitchenware.com\/wp-content\/uploads\/2025\/03\/Wholesale-Chafing-Dish-Food-Warmer-Electric-with-Glass-Lid3.webp\" alt=\"Wholesale Chafing Dish Food Warmer Electric with Glass Lid3\" class=\"wp-image-3196\" srcset=\"https:\/\/www.yongyukitchenware.com\/wp-content\/uploads\/2025\/03\/Wholesale-Chafing-Dish-Food-Warmer-Electric-with-Glass-Lid3.webp 800w, https:\/\/www.yongyukitchenware.com\/wp-content\/uploads\/2025\/03\/Wholesale-Chafing-Dish-Food-Warmer-Electric-with-Glass-Lid3-300x300.webp 300w, https:\/\/www.yongyukitchenware.com\/wp-content\/uploads\/2025\/03\/Wholesale-Chafing-Dish-Food-Warmer-Electric-with-Glass-Lid3-150x150.webp 150w, https:\/\/www.yongyukitchenware.com\/wp-content\/uploads\/2025\/03\/Wholesale-Chafing-Dish-Food-Warmer-Electric-with-Glass-Lid3-768x768.webp 768w, https:\/\/www.yongyukitchenware.com\/wp-content\/uploads\/2025\/03\/Wholesale-Chafing-Dish-Food-Warmer-Electric-with-Glass-Lid3-12x12.webp 12w, https:\/\/www.yongyukitchenware.com\/wp-content\/uploads\/2025\/03\/Wholesale-Chafing-Dish-Food-Warmer-Electric-with-Glass-Lid3-600x600.webp 600w, https:\/\/www.yongyukitchenware.com\/wp-content\/uploads\/2025\/03\/Wholesale-Chafing-Dish-Food-Warmer-Electric-with-Glass-Lid3-100x100.webp 100w\" sizes=\"(max-width: 800px) 100vw, 800px\" \/><\/figure>\n<\/div>\n\n\n\n<div class=\"wp-block-column is-layout-flow wp-block-column-is-layout-flow\">\n<figure class=\"wp-block-image size-full\"><img decoding=\"async\" width=\"800\" height=\"800\" src=\"https:\/\/www.yongyukitchenware.com\/wp-content\/uploads\/2025\/03\/Wholesale-Chafing-Dish-Food-Warmer-Electric-with-Glass-Lid4.webp\" alt=\"Wholesale Chafing Dish Food Warmer Electric with Glass Lid4 (R\u00e9chaud \u00e9lectrique avec couvercle en verre)\" class=\"wp-image-3197\" srcset=\"https:\/\/www.yongyukitchenware.com\/wp-content\/uploads\/2025\/03\/Wholesale-Chafing-Dish-Food-Warmer-Electric-with-Glass-Lid4.webp 800w, https:\/\/www.yongyukitchenware.com\/wp-content\/uploads\/2025\/03\/Wholesale-Chafing-Dish-Food-Warmer-Electric-with-Glass-Lid4-300x300.webp 300w, https:\/\/www.yongyukitchenware.com\/wp-content\/uploads\/2025\/03\/Wholesale-Chafing-Dish-Food-Warmer-Electric-with-Glass-Lid4-150x150.webp 150w, https:\/\/www.yongyukitchenware.com\/wp-content\/uploads\/2025\/03\/Wholesale-Chafing-Dish-Food-Warmer-Electric-with-Glass-Lid4-768x768.webp 768w, https:\/\/www.yongyukitchenware.com\/wp-content\/uploads\/2025\/03\/Wholesale-Chafing-Dish-Food-Warmer-Electric-with-Glass-Lid4-12x12.webp 12w, https:\/\/www.yongyukitchenware.com\/wp-content\/uploads\/2025\/03\/Wholesale-Chafing-Dish-Food-Warmer-Electric-with-Glass-Lid4-600x600.webp 600w, https:\/\/www.yongyukitchenware.com\/wp-content\/uploads\/2025\/03\/Wholesale-Chafing-Dish-Food-Warmer-Electric-with-Glass-Lid4-100x100.webp 100w\" sizes=\"(max-width: 800px) 100vw, 800px\" \/><\/figure>\n<\/div>\n<\/div>\n\n\n\n<p><\/p>","protected":false},"excerpt":{"rendered":"<p>En tant que fournisseur de chafing dish, nous vendons en gros des r\u00e9chauds pour chafing dish, avec des options de design rectangulaires, carr\u00e9es et rondes, et nous fournissons des services de personnalisation OEM et ODM. Meilleure remise pour les commandes en gros, n'h\u00e9sitez pas \u00e0 nous contacter !<\/p>\n<h2><!-- wp:heading --><\/h2>\n<h2 class=\"wp-block-heading\">R\u00e9chauffeur de plats Attributs :<\/h2>\n<h2><!-- \/wp:heading --><\/p>\n<p><!-- wp:paragraph --><\/h2>\n<p><strong>Mat\u00e9riau : <\/strong>Acier inoxydable<br \/><strong>Couleur : <\/strong>Argent<br \/><strong>Forme : <\/strong>Rectangle, Carr\u00e9, Rond<br \/><strong>Chaleur : <\/strong>Chauffage \u00e0 l'alcool\/Chauffage \u00e9lectrique<br \/><strong>Bac de r\u00e9cup\u00e9ration : <\/strong>Grille simple\/double<br \/><strong>Emballage : <\/strong>Sac d'opposition et bo\u00eete en carton<br \/><strong>OEM\/ODM : <\/strong>Disponible<\/p>\n<h2 class=\"wp-block-heading\">De Yongyu Chafing Dish Manufacturer :<\/h2>\n<p>Qu'il s'agisse d'un fournisseur de services de restauration, d'un h\u00f4tel ou d'un restaurant, ou d'une soci\u00e9t\u00e9 d'organisation d'\u00e9v\u00e9nements, nous fournissons des solutions compl\u00e8tes de vente en gros de chafing dishes pour aider votre entreprise avec des prix d'usine de haute qualit\u00e9 !<\/p>\n<h2><!-- \/wp:paragraph --><\/h2>","protected":false},"featured_media":1606,"comment_status":"closed","ping_status":"closed","template":"","meta":{"_acf_changed":false},"application":[30],"product_brand":[],"product_cat":[33],"product_tag":[],"class_list":{"0":"post-2998","1":"product","2":"type-product","3":"status-publish","4":"has-post-thumbnail","6":"application-hotel-catering","7":"product_cat-chafing-dishes-wholesale","9":"first","10":"instock","11":"shipping-taxable","12":"product-type-simple"},"acf":[],"_links":{"self":[{"href":"https:\/\/www.yongyukitchenware.com\/fr\/wp-json\/wp\/v2\/product\/2998","targetHints":{"allow":["GET"]}}],"collection":[{"href":"https:\/\/www.yongyukitchenware.com\/fr\/wp-json\/wp\/v2\/product"}],"about":[{"href":"https:\/\/www.yongyukitchenware.com\/fr\/wp-json\/wp\/v2\/types\/product"}],"replies":[{"embeddable":true,"href":"https:\/\/www.yongyukitchenware.com\/fr\/wp-json\/wp\/v2\/comments?post=2998"}],"wp:featuredmedia":[{"embeddable":true,"href":"https:\/\/www.yongyukitchenware.com\/fr\/wp-json\/wp\/v2\/media\/1606"}],"wp:attachment":[{"href":"https:\/\/www.yongyukitchenware.com\/fr\/wp-json\/wp\/v2\/media?parent=2998"}],"wp:term":[{"taxonomy":"application","embeddable":true,"href":"https:\/\/www.yongyukitchenware.com\/fr\/wp-json\/wp\/v2\/application?post=2998"},{"taxonomy":"product_brand","embeddable":true,"href":"https:\/\/www.yongyukitchenware.com\/fr\/wp-json\/wp\/v2\/product_brand?post=2998"},{"taxonomy":"product_cat","embeddable":true,"href":"https:\/\/www.yongyukitchenware.com\/fr\/wp-json\/wp\/v2\/product_cat?post=2998"},{"taxonomy":"product_tag","embeddable":true,"href":"https:\/\/www.yongyukitchenware.com\/fr\/wp-json\/wp\/v2\/product_tag?post=2998"}],"curies":[{"name":"wp","href":"https:\/\/api.w.org\/{rel}","templated":true}]}}