{"id":3011,"date":"2025-03-07T09:08:28","date_gmt":"2025-03-07T09:08:28","guid":{"rendered":"https:\/\/www.yongyukitchenware.com\/?post_type=product&#038;p=3011"},"modified":"2025-06-13T06:57:40","modified_gmt":"2025-06-13T06:57:40","slug":"wholesale-catering-chafing-dishes","status":"publish","type":"product","link":"https:\/\/www.yongyukitchenware.com\/fr\/produit\/wholesale-catering-chafing-dishes\/","title":{"rendered":"Wholesale Catering Chafing Dishes Premium Buffet Serving Dish"},"content":{"rendered":"<div class=\"wp-block-columns is-layout-flex wp-container-core-columns-is-layout-9d6595d7 wp-block-columns-is-layout-flex\">\n<div class=\"wp-block-column is-layout-flow wp-block-column-is-layout-flow\">\n<h2 class=\"wp-block-heading\">Plats \u00e0 r\u00e9chauffer pour la restauration Param\u00e8tre :<\/h2>\n\n\n\n<figure class=\"wp-block-table\"><table class=\"has-fixed-layout\"><tbody><tr><td>Mod\u00e8le<\/td><td>Diam\u00e8tre* Hauteur (cm)<\/td><td>Capacit\u00e9 (l)<\/td><td>MOQ<\/td><\/tr><tr><td>DY009-CL<\/td><td>46*50*20<\/td><td>6<\/td><td>2PCS<\/td><\/tr><\/tbody><\/table><\/figure>\n\n\n\n<h2 class=\"wp-block-heading\">Plats \u00e0 r\u00f4tir de restauration Caract\u00e9ristiques :<\/h2>\n\n\n\n<p><strong>Deux m\u00e9thodes de chauffage :<\/strong> permettent le chauffage \u00e9lectrique et le chauffage \u00e0 l'alcool, s'adaptent \u00e0 diff\u00e9rentes occasions et offrent des options de chauffage flexibles.<\/p>\n\n\n\n<p><strong>Mat\u00e9riau en acier inoxydable de haute qualit\u00e9 : <\/strong>acier inoxydable durable, r\u00e9sistant \u00e0 la corrosion et aux hautes temp\u00e9ratures.<\/p>\n\n\n\n<p><strong>Doublure amovible :<\/strong> facile \u00e0 nettoyer et \u00e0 entretenir, garantissant l'hygi\u00e8ne.<\/p>\n\n\n\n<p><strong>Peut \u00eatre assorti \u00e0 une vari\u00e9t\u00e9 de bols alimentaires : <\/strong>Les gamelles \u00e0 grille simple, \u00e0 grille double ou \u00e0 grille triple peuvent \u00eatre s\u00e9lectionn\u00e9es en fonction des besoins.<\/p>\n\n\n\n<p><strong>\u00c9cran tactile de contr\u00f4le \u00e9lectronique de la temp\u00e9rature : A <\/strong>Syst\u00e8me moderne de contr\u00f4le de la temp\u00e9rature par \u00e9cran tactile, simple et intuitif, permettant de contr\u00f4ler avec pr\u00e9cision la temp\u00e9rature de chauffage, afin de garantir que les aliments conservent leur meilleur go\u00fbt.<\/p>\n\n\n\n<p><strong>Interrupteur d'alimentation ind\u00e9pendant : <\/strong>veiller \u00e0 ce que l'alimentation puisse \u00eatre coup\u00e9e \u00e0 tout moment pendant le repas.<\/p>\n\n\n\n<p><strong>Conception du thermostat : <\/strong>thermostat de haute pr\u00e9cision pour garantir que les aliments conservent une temp\u00e9rature constante pendant longtemps.<\/p>\n<\/div>\n\n\n\n<div class=\"wp-block-column is-layout-flow wp-block-column-is-layout-flow\">\n<figure class=\"wp-block-image size-full\"><img decoding=\"async\" width=\"800\" height=\"800\" src=\"https:\/\/www.yongyukitchenware.com\/wp-content\/uploads\/2025\/02\/wholesale-catering-chafing-dishes.webp\" alt=\"vente en gros de plats chafing pour la restauration\" class=\"wp-image-3012\" srcset=\"https:\/\/www.yongyukitchenware.com\/wp-content\/uploads\/2025\/02\/wholesale-catering-chafing-dishes.webp 800w, https:\/\/www.yongyukitchenware.com\/wp-content\/uploads\/2025\/02\/wholesale-catering-chafing-dishes-300x300.webp 300w, https:\/\/www.yongyukitchenware.com\/wp-content\/uploads\/2025\/02\/wholesale-catering-chafing-dishes-150x150.webp 150w, https:\/\/www.yongyukitchenware.com\/wp-content\/uploads\/2025\/02\/wholesale-catering-chafing-dishes-768x768.webp 768w, https:\/\/www.yongyukitchenware.com\/wp-content\/uploads\/2025\/02\/wholesale-catering-chafing-dishes-12x12.webp 12w, https:\/\/www.yongyukitchenware.com\/wp-content\/uploads\/2025\/02\/wholesale-catering-chafing-dishes-600x600.webp 600w, https:\/\/www.yongyukitchenware.com\/wp-content\/uploads\/2025\/02\/wholesale-catering-chafing-dishes-100x100.webp 100w\" sizes=\"(max-width: 800px) 100vw, 800px\" \/><\/figure>\n<\/div>\n<\/div>","protected":false},"excerpt":{"rendered":"<div class=\"flex max-w-full flex-col flex-grow\">\n<div class=\"min-h-8 text-message flex w-full flex-col items-end gap-2 whitespace-normal break-words text-start [.text-message+&amp;]:mt-5\" dir=\"auto\" data-message-author-role=\"assistant\" data-message-id=\"e07a47d1-8143-4d76-a750-70f60d252df1\" data-message-model-slug=\"gpt-4o\">\n<div class=\"flex w-full flex-col gap-1 empty:hidden first:pt-[3px]\">\n<div class=\"markdown prose w-full break-words dark:prose-invert dark\">\n<p data-start=\"0\" data-end=\"249\" data-is-last-node=\"\"><strong data-start=\"0\" data-end=\"37\">Grossiste Traiteur Plats \u00e0 r\u00f4tir<\/strong> offrent des designs \u00e9l\u00e9gants en acier inoxydable, parfaits pour les buffets et les \u00e9v\u00e9nements. Ils sont dot\u00e9s de casseroles amovibles, d'options de chauffage polyvalentes et de commandes faciles \u00e0 utiliser. Renseignez-vous d\u00e8s maintenant pour plus de d\u00e9tails !<\/p>\n<\/div>\n<\/div>\n<\/div>\n<\/div>\n<h2><!-- wp:heading --><\/h2>\n<h2 class=\"wp-block-heading\">Caract\u00e9ristiques des plats chauds de restauration :<\/h2>\n<h2><!-- \/wp:heading --><\/p>\n<p><!-- wp:paragraph --><\/h2>\n<p><strong>Mat\u00e9riau : <\/strong>Acier inoxydable<br \/><strong>Couleur : <\/strong>Argent<br \/><strong>Forme :<\/strong> Rond avec couvercle \u00e0 charni\u00e8re<br \/><strong>Chaleur : <\/strong>Chauffage \u00e9lectrique\/Chauffage \u00e0 l'alcool<br \/><strong>Bac de r\u00e9cup\u00e9ration : <\/strong>Grille simple\/double<br \/><strong>OEM\/ODM : <\/strong>Disponible<\/p>\n<h2 class=\"wp-block-heading\">De Yongyu Chafing Dish Manufacturer :<\/h2>\n<p>Qu'il s'agisse d'un fournisseur de services de restauration, d'un h\u00f4tel ou d'un restaurant, ou d'une soci\u00e9t\u00e9 d'organisation d'\u00e9v\u00e9nements, nous fournissons des solutions compl\u00e8tes de vente en gros de chafing dishes pour aider votre entreprise avec des prix d'usine de haute qualit\u00e9 !<\/p>\n<h2><!-- \/wp:paragraph --><\/h2>","protected":false},"featured_media":3012,"comment_status":"closed","ping_status":"closed","template":"","meta":{"_acf_changed":false},"application":[30],"product_brand":[],"product_cat":[33],"product_tag":[],"class_list":{"0":"post-3011","1":"product","2":"type-product","3":"status-publish","4":"has-post-thumbnail","6":"application-hotel-catering","7":"product_cat-chafing-dishes-wholesale","9":"first","10":"instock","11":"shipping-taxable","12":"product-type-simple"},"acf":[],"_links":{"self":[{"href":"https:\/\/www.yongyukitchenware.com\/fr\/wp-json\/wp\/v2\/product\/3011","targetHints":{"allow":["GET"]}}],"collection":[{"href":"https:\/\/www.yongyukitchenware.com\/fr\/wp-json\/wp\/v2\/product"}],"about":[{"href":"https:\/\/www.yongyukitchenware.com\/fr\/wp-json\/wp\/v2\/types\/product"}],"replies":[{"embeddable":true,"href":"https:\/\/www.yongyukitchenware.com\/fr\/wp-json\/wp\/v2\/comments?post=3011"}],"wp:featuredmedia":[{"embeddable":true,"href":"https:\/\/www.yongyukitchenware.com\/fr\/wp-json\/wp\/v2\/media\/3012"}],"wp:attachment":[{"href":"https:\/\/www.yongyukitchenware.com\/fr\/wp-json\/wp\/v2\/media?parent=3011"}],"wp:term":[{"taxonomy":"application","embeddable":true,"href":"https:\/\/www.yongyukitchenware.com\/fr\/wp-json\/wp\/v2\/application?post=3011"},{"taxonomy":"product_brand","embeddable":true,"href":"https:\/\/www.yongyukitchenware.com\/fr\/wp-json\/wp\/v2\/product_brand?post=3011"},{"taxonomy":"product_cat","embeddable":true,"href":"https:\/\/www.yongyukitchenware.com\/fr\/wp-json\/wp\/v2\/product_cat?post=3011"},{"taxonomy":"product_tag","embeddable":true,"href":"https:\/\/www.yongyukitchenware.com\/fr\/wp-json\/wp\/v2\/product_tag?post=3011"}],"curies":[{"name":"wp","href":"https:\/\/api.w.org\/{rel}","templated":true}]}}