{"id":3173,"date":"2025-03-22T02:05:05","date_gmt":"2025-03-22T02:05:05","guid":{"rendered":"https:\/\/www.yongyukitchenware.com\/?post_type=product&#038;p=3173"},"modified":"2025-06-13T06:37:48","modified_gmt":"2025-06-13T06:37:48","slug":"bulk-egg-shaped-plate","status":"publish","type":"product","link":"https:\/\/www.yongyukitchenware.com\/fr\/produit\/bulk-egg-shaped-plate\/","title":{"rendered":"Bulk Stainless Steel Egg Shaped Plate Steamed Fish Platter (plat \u00e0 poisson cuit \u00e0 la vapeur)"},"content":{"rendered":"<div class=\"wp-block-columns is-layout-flex wp-container-core-columns-is-layout-9d6595d7 wp-block-columns-is-layout-flex\">\n<div class=\"wp-block-column is-layout-flow wp-block-column-is-layout-flow\">\n<h2 class=\"wp-block-heading\">Plaque en acier inoxydable en forme d'\u0153uf en vrac Taille :<\/h2>\n\n\n\n<figure class=\"wp-block-table\"><table class=\"has-fixed-layout\"><tbody><tr><td>Mod\u00e8le<\/td><td>Taille<\/td><td>Diam\u00e8tre<\/td><td>Poids<\/td><td>MOQ<\/td><\/tr><tr><td rowspan=\"5\">DY057-P<\/td><td>15cm<\/td><td>25cm<\/td><td>220g<\/td><td rowspan=\"5\">200PCS<\/td><\/tr><tr><td>17cm<\/td><td>27cm<\/td><td>272g<\/td><\/tr><tr><td>19cm<\/td><td>29cm<\/td><td>315g<\/td><\/tr><tr><td>21cm<\/td><td>34cm<\/td><td>460g<\/td><\/tr><tr><td>23cm<\/td><td>39cm<\/td><td>590g<\/td><\/tr><\/tbody><\/table><\/figure>\n\n\n\n<h2 class=\"wp-block-heading\">Plaque en forme d'\u0153uf en acier inoxydable en vrac Caract\u00e9ristiques :<\/h2>\n\n\n\n<p><strong>Acier inoxydable de qualit\u00e9 alimentaire\uff1a<\/strong> Fabriqu\u00e9 en acier inoxydable de qualit\u00e9 alimentaire, avec une grande r\u00e9sistance \u00e0 la corrosion. Inodore, s\u00fbr et tr\u00e8s durable pour une utilisation prolong\u00e9e.<\/p>\n\n\n\n<p><strong>Design ergonomique en forme d'\u0153uf\uff1a<\/strong> La forme d'\u0153uf bien pens\u00e9e facilite la disposition et le service d'ingr\u00e9dients longs ou intacts tels que le poisson ou les l\u00e9gumes cuits \u00e0 la vapeur.<\/p>\n\n\n\n<p><strong>Processus de dessin fin et de polissage\uff1a<\/strong> Sa surface lisse et fine est r\u00e9sistante aux rayures et facile \u00e0 nettoyer, ce qui lui permet de conserver son aspect \u00e9l\u00e9gant \u00e0 long terme.<\/p>\n\n\n\n<p><strong>Bords arrondis et lisses\uff1a<\/strong> Les bords soigneusement arrondis permettent une manipulation s\u00fbre et \u00e9vitent les rayures ou les coupures lors de l'utilisation ou du nettoyage.<\/p>\n\n\n\n<p><strong>Fond plat stable\uff1a <\/strong>Fond solide et plat pour un positionnement ferme sur n'importe quelle surface. Id\u00e9al pour le chauffage direct, donc pratique pour servir et cuisiner.<\/p>\n<\/div>\n\n\n\n<div class=\"wp-block-column is-layout-flow wp-block-column-is-layout-flow\">\n<figure class=\"wp-block-image size-full is-resized\"><img decoding=\"async\" width=\"800\" height=\"800\" src=\"https:\/\/www.yongyukitchenware.com\/wp-content\/uploads\/2025\/03\/Bulk-Stainless-Steel-Egg-Shaped-Plate-4.webp\" alt=\"Bulk-Plaque en forme d&#039;\u0153uf en acier inoxydable-4\" class=\"wp-image-3177\" style=\"width:384px;height:auto\" srcset=\"https:\/\/www.yongyukitchenware.com\/wp-content\/uploads\/2025\/03\/Bulk-Stainless-Steel-Egg-Shaped-Plate-4.webp 800w, https:\/\/www.yongyukitchenware.com\/wp-content\/uploads\/2025\/03\/Bulk-Stainless-Steel-Egg-Shaped-Plate-4-300x300.webp 300w, https:\/\/www.yongyukitchenware.com\/wp-content\/uploads\/2025\/03\/Bulk-Stainless-Steel-Egg-Shaped-Plate-4-150x150.webp 150w, https:\/\/www.yongyukitchenware.com\/wp-content\/uploads\/2025\/03\/Bulk-Stainless-Steel-Egg-Shaped-Plate-4-768x768.webp 768w, https:\/\/www.yongyukitchenware.com\/wp-content\/uploads\/2025\/03\/Bulk-Stainless-Steel-Egg-Shaped-Plate-4-12x12.webp 12w, https:\/\/www.yongyukitchenware.com\/wp-content\/uploads\/2025\/03\/Bulk-Stainless-Steel-Egg-Shaped-Plate-4-600x600.webp 600w, https:\/\/www.yongyukitchenware.com\/wp-content\/uploads\/2025\/03\/Bulk-Stainless-Steel-Egg-Shaped-Plate-4-100x100.webp 100w\" sizes=\"(max-width: 800px) 100vw, 800px\" \/><\/figure>\n\n\n\n<figure class=\"wp-block-image size-full is-resized\"><img decoding=\"async\" width=\"800\" height=\"800\" src=\"https:\/\/www.yongyukitchenware.com\/wp-content\/uploads\/2025\/03\/Bulk-Stainless-Steel-Egg-Shaped-Plate-5.webp\" alt=\"Assiette en forme d&#039;\u0153uf en acier inoxydable en vrac-5\" class=\"wp-image-3178\" style=\"width:384px\" srcset=\"https:\/\/www.yongyukitchenware.com\/wp-content\/uploads\/2025\/03\/Bulk-Stainless-Steel-Egg-Shaped-Plate-5.webp 800w, https:\/\/www.yongyukitchenware.com\/wp-content\/uploads\/2025\/03\/Bulk-Stainless-Steel-Egg-Shaped-Plate-5-300x300.webp 300w, https:\/\/www.yongyukitchenware.com\/wp-content\/uploads\/2025\/03\/Bulk-Stainless-Steel-Egg-Shaped-Plate-5-150x150.webp 150w, https:\/\/www.yongyukitchenware.com\/wp-content\/uploads\/2025\/03\/Bulk-Stainless-Steel-Egg-Shaped-Plate-5-768x768.webp 768w, https:\/\/www.yongyukitchenware.com\/wp-content\/uploads\/2025\/03\/Bulk-Stainless-Steel-Egg-Shaped-Plate-5-12x12.webp 12w, https:\/\/www.yongyukitchenware.com\/wp-content\/uploads\/2025\/03\/Bulk-Stainless-Steel-Egg-Shaped-Plate-5-600x600.webp 600w, https:\/\/www.yongyukitchenware.com\/wp-content\/uploads\/2025\/03\/Bulk-Stainless-Steel-Egg-Shaped-Plate-5-100x100.webp 100w\" sizes=\"(max-width: 800px) 100vw, 800px\" \/><\/figure>\n<\/div>\n<\/div>","protected":false},"excerpt":{"rendered":"<div class=\"n4sEPd\">\n<div class=\"UdTY9 qhIQqf leDWne\" aria-hidden=\"true\" data-location=\"1\">Plaque en acier inoxydable en forme d'\u0153uf en vrac, personnalis\u00e9e et en gros, directement fournie par l'usine de vaisselle. Possibilit\u00e9 de personnalisation gr\u00e2ce aux multiples tailles et couleurs disponibles. Id\u00e9al pour servir du poisson cuit \u00e0 la vapeur et divers plats. Service d'approvisionnement unique disponible pour les vendeurs en ligne. N'h\u00e9sitez pas \u00e0 nous contacter !<\/div>\n<\/div>\n<h2 style=\"text-align: left\">Plaque en forme d'\u0153uf en acier inoxydable en vrac :<\/h2>\n<p style=\"text-align: left\"><strong>Mat\u00e9riau :<\/strong> Acier inoxydable<br \/><strong>Longueur :<\/strong>15\/17\/19\/21\/23cm<br \/><strong>Forme :<\/strong> Forme d'\u0153uf<br \/><strong>Emballage :<\/strong> Sac OPP et carton<br \/><strong>OEM\/ODM :<\/strong> Disponible<\/p>\n<h2 class=\"wp-block-heading\">Du grossiste en arts de la table Yongyu :<\/h2>\n<p>Yongyu Tableware Wholesaler peut r\u00e9pondre aux besoins des clients en vrac et fournir une s\u00e9rie de fournitures de restauration en gros de haute qualit\u00e9 qui combine l'\u00e9l\u00e9gance et la durabilit\u00e9. Y compris la vaisselle, les boissons, le mat\u00e9riel de restauration, les ustensiles de cuisine, les \u00e9l\u00e9ments essentiels de la cuisine de camping, etc.<\/p>","protected":false},"featured_media":3174,"comment_status":"closed","ping_status":"closed","template":"","meta":{"_acf_changed":true},"application":[29],"product_brand":[],"product_cat":[21],"product_tag":[],"class_list":{"0":"post-3173","1":"product","2":"type-product","3":"status-publish","4":"has-post-thumbnail","6":"application-home-kitchen","7":"product_cat-tableware-wholesale","9":"first","10":"instock","11":"shipping-taxable","12":"product-type-simple"},"acf":[],"_links":{"self":[{"href":"https:\/\/www.yongyukitchenware.com\/fr\/wp-json\/wp\/v2\/product\/3173","targetHints":{"allow":["GET"]}}],"collection":[{"href":"https:\/\/www.yongyukitchenware.com\/fr\/wp-json\/wp\/v2\/product"}],"about":[{"href":"https:\/\/www.yongyukitchenware.com\/fr\/wp-json\/wp\/v2\/types\/product"}],"replies":[{"embeddable":true,"href":"https:\/\/www.yongyukitchenware.com\/fr\/wp-json\/wp\/v2\/comments?post=3173"}],"wp:featuredmedia":[{"embeddable":true,"href":"https:\/\/www.yongyukitchenware.com\/fr\/wp-json\/wp\/v2\/media\/3174"}],"wp:attachment":[{"href":"https:\/\/www.yongyukitchenware.com\/fr\/wp-json\/wp\/v2\/media?parent=3173"}],"wp:term":[{"taxonomy":"application","embeddable":true,"href":"https:\/\/www.yongyukitchenware.com\/fr\/wp-json\/wp\/v2\/application?post=3173"},{"taxonomy":"product_brand","embeddable":true,"href":"https:\/\/www.yongyukitchenware.com\/fr\/wp-json\/wp\/v2\/product_brand?post=3173"},{"taxonomy":"product_cat","embeddable":true,"href":"https:\/\/www.yongyukitchenware.com\/fr\/wp-json\/wp\/v2\/product_cat?post=3173"},{"taxonomy":"product_tag","embeddable":true,"href":"https:\/\/www.yongyukitchenware.com\/fr\/wp-json\/wp\/v2\/product_tag?post=3173"}],"curies":[{"name":"wp","href":"https:\/\/api.w.org\/{rel}","templated":true}]}}