{"id":3181,"date":"2025-03-22T02:17:12","date_gmt":"2025-03-22T02:17:12","guid":{"rendered":"https:\/\/www.yongyukitchenware.com\/?post_type=product&#038;p=3181"},"modified":"2025-06-13T06:30:40","modified_gmt":"2025-06-13T06:30:40","slug":"bulk-egg-shaped-tray","status":"publish","type":"product","link":"https:\/\/www.yongyukitchenware.com\/fr\/produit\/bulk-egg-shaped-tray\/","title":{"rendered":"Bulk Stainless Steel Egg Shaped Tray Food Serving Tray Dish (plateau en forme d'\u0153uf en acier inoxydable)"},"content":{"rendered":"<div class=\"wp-block-columns is-layout-flex wp-container-core-columns-is-layout-9d6595d7 wp-block-columns-is-layout-flex\">\n<div class=\"wp-block-column is-layout-flow wp-block-column-is-layout-flow\">\n<h2 class=\"wp-block-heading\">Plateau en acier inoxydable en forme d'\u0153uf en vrac Taille :<\/h2>\n\n\n\n<figure class=\"wp-block-table\"><table class=\"has-fixed-layout\"><tbody><tr><td>Mod\u00e8le<\/td><td>Taille (Longueur * Largeur)<\/td><td>Hauteur<\/td><td>MOQ<\/td><\/tr><tr><td rowspan=\"4\">DY053-P<\/td><td>20*14.4cm<\/td><td rowspan=\"4\">1cm<\/td><td rowspan=\"4\">200PCS<\/td><\/tr><tr><td>26.6*19.5cm<\/td><\/tr><tr><td>28.7*22cm<\/td><\/tr><tr><td>31*25cm<\/td><\/tr><\/tbody><\/table><\/figure>\n\n\n\n<h2 class=\"wp-block-heading\">Plateau en acier inoxydable en vrac en forme d'\u0153uf Caract\u00e9ristiques :<\/h2>\n\n\n\n<p><strong>Acier inoxydable de qualit\u00e9 alimentaire<\/strong>\uff1a Fabriqu\u00e9 en acier inoxydable de qualit\u00e9 alimentaire, offrant une meilleure r\u00e9sistance \u00e0 la corrosion. Inodore, non toxique et durable, parfait pour une utilisation commerciale ou domestique.<br><strong>Conception innovante en forme d'\u0153uf<\/strong>\uff1a Conception ergonomique de l'\u0153uf, id\u00e9ale pour disposer en un clin d'\u0153il les ingr\u00e9dients longs ou fins, tels que le poisson cuit \u00e0 la vapeur, les sushis ou les amuse-gueule.<br><strong>Processus de dessin et de polissage affin\u00e9<\/strong>\uff1a Surface lisse et \u00e9l\u00e9gante gr\u00e2ce \u00e0 un dessin et un polissage de haute qualit\u00e9, donnant un aspect propre et une surface facile \u00e0 nettoyer, r\u00e9sistante aux taches et aux rayures.<br><strong>Bords lisses et arrondis<\/strong>\uff1a Les bords lisses et arrondis permettent une bonne prise en main sans risque de se blesser les mains lors de la manipulation, ce qui garantit la s\u00e9curit\u00e9 et la facilit\u00e9 d'utilisation.<br><strong>Une base stable et plate pour plus de flexibilit\u00e9<\/strong>\uff1a La construction \u00e0 fond plat offre une excellente stabilit\u00e9. Le plateau peut \u00eatre plac\u00e9 en toute s\u00e9curit\u00e9 sur n'importe quel support et peut \u00eatre chauff\u00e9 directement avec celui-ci, offrant ainsi une grande flexibilit\u00e9 dans le service et la cuisson.<\/p>\n<\/div>\n\n\n\n<div class=\"wp-block-column is-layout-flow wp-block-column-is-layout-flow\">\n<figure class=\"wp-block-image size-full is-resized\"><img decoding=\"async\" width=\"800\" height=\"800\" src=\"https:\/\/www.yongyukitchenware.com\/wp-content\/uploads\/2025\/03\/Bulk-Stainless-Steel-Egg-Shaped-Tray-4.webp\" alt=\"Bulk-Tableau en forme d&#039;\u0153uf en acier inoxydable-4\" class=\"wp-image-3185\" style=\"width:384px;height:auto\" srcset=\"https:\/\/www.yongyukitchenware.com\/wp-content\/uploads\/2025\/03\/Bulk-Stainless-Steel-Egg-Shaped-Tray-4.webp 800w, https:\/\/www.yongyukitchenware.com\/wp-content\/uploads\/2025\/03\/Bulk-Stainless-Steel-Egg-Shaped-Tray-4-300x300.webp 300w, https:\/\/www.yongyukitchenware.com\/wp-content\/uploads\/2025\/03\/Bulk-Stainless-Steel-Egg-Shaped-Tray-4-150x150.webp 150w, https:\/\/www.yongyukitchenware.com\/wp-content\/uploads\/2025\/03\/Bulk-Stainless-Steel-Egg-Shaped-Tray-4-768x768.webp 768w, https:\/\/www.yongyukitchenware.com\/wp-content\/uploads\/2025\/03\/Bulk-Stainless-Steel-Egg-Shaped-Tray-4-12x12.webp 12w, https:\/\/www.yongyukitchenware.com\/wp-content\/uploads\/2025\/03\/Bulk-Stainless-Steel-Egg-Shaped-Tray-4-600x600.webp 600w, https:\/\/www.yongyukitchenware.com\/wp-content\/uploads\/2025\/03\/Bulk-Stainless-Steel-Egg-Shaped-Tray-4-100x100.webp 100w\" sizes=\"(max-width: 800px) 100vw, 800px\" \/><\/figure>\n\n\n\n<figure class=\"wp-block-image size-full is-resized\"><img decoding=\"async\" width=\"800\" height=\"800\" src=\"https:\/\/www.yongyukitchenware.com\/wp-content\/uploads\/2025\/03\/Bulk-Stainless-Steel-Egg-Shaped-Tray-5.webp\" alt=\"Plateau en forme d&#039;\u0153uf en acier inoxydable en vrac-5\" class=\"wp-image-3186\" style=\"width:384px\" srcset=\"https:\/\/www.yongyukitchenware.com\/wp-content\/uploads\/2025\/03\/Bulk-Stainless-Steel-Egg-Shaped-Tray-5.webp 800w, https:\/\/www.yongyukitchenware.com\/wp-content\/uploads\/2025\/03\/Bulk-Stainless-Steel-Egg-Shaped-Tray-5-300x300.webp 300w, https:\/\/www.yongyukitchenware.com\/wp-content\/uploads\/2025\/03\/Bulk-Stainless-Steel-Egg-Shaped-Tray-5-150x150.webp 150w, https:\/\/www.yongyukitchenware.com\/wp-content\/uploads\/2025\/03\/Bulk-Stainless-Steel-Egg-Shaped-Tray-5-768x768.webp 768w, https:\/\/www.yongyukitchenware.com\/wp-content\/uploads\/2025\/03\/Bulk-Stainless-Steel-Egg-Shaped-Tray-5-12x12.webp 12w, https:\/\/www.yongyukitchenware.com\/wp-content\/uploads\/2025\/03\/Bulk-Stainless-Steel-Egg-Shaped-Tray-5-600x600.webp 600w, https:\/\/www.yongyukitchenware.com\/wp-content\/uploads\/2025\/03\/Bulk-Stainless-Steel-Egg-Shaped-Tray-5-100x100.webp 100w\" sizes=\"(max-width: 800px) 100vw, 800px\" \/><\/figure>\n<\/div>\n<\/div>\n\n\n\n<p><\/p>","protected":false},"excerpt":{"rendered":"<div class=\"n4sEPd\">\n<div class=\"UdTY9 qhIQqf leDWne\" aria-hidden=\"true\" data-location=\"1\">Plateau en acier inoxydable en vrac en forme d'oeuf, livraison directe de l'usine avec des tailles et des couleurs personnalisables. Id\u00e9al pour servir des fruits de mer, des amuse-gueules, etc. Parfait pour les restaurants, les h\u00f4tels et les traiteurs. Service d'approvisionnement unique pour les vendeurs en ligne. Contactez-nous pour plus d'informations !<\/div>\n<\/div>\n<h2 style=\"text-align: left\">Plateau en acier inoxydable en forme d'\u0153uf en vrac :<\/h2>\n<p style=\"text-align: left\"><strong>Mat\u00e9riau :<\/strong> Acier inoxydable<br \/><strong>Longueur :<\/strong>20\/26\/28\/31cm<br \/><strong>Forme :<\/strong> Forme d'\u0153uf<br \/><strong>Emballage :<\/strong> Sac OPP et carton<br \/><strong>OEM\/ODM :<\/strong> Disponible<\/p>\n<h2 class=\"wp-block-heading\">Du grossiste en arts de la table Yongyu :<\/h2>\n<p>Yongyu Tableware Wholesaler peut r\u00e9pondre aux besoins des clients en vrac et fournir une s\u00e9rie de fournitures de restauration en gros de haute qualit\u00e9 qui combine l'\u00e9l\u00e9gance et la durabilit\u00e9. Y compris la vaisselle, les boissons, le mat\u00e9riel de restauration, les ustensiles de cuisine, les \u00e9l\u00e9ments essentiels de la cuisine de camping, etc.<\/p>","protected":false},"featured_media":3182,"comment_status":"closed","ping_status":"closed","template":"","meta":{"_acf_changed":false},"application":[29],"product_brand":[],"product_cat":[21],"product_tag":[],"class_list":{"0":"post-3181","1":"product","2":"type-product","3":"status-publish","4":"has-post-thumbnail","6":"application-home-kitchen","7":"product_cat-tableware-wholesale","9":"first","10":"instock","11":"shipping-taxable","12":"product-type-simple"},"acf":[],"_links":{"self":[{"href":"https:\/\/www.yongyukitchenware.com\/fr\/wp-json\/wp\/v2\/product\/3181","targetHints":{"allow":["GET"]}}],"collection":[{"href":"https:\/\/www.yongyukitchenware.com\/fr\/wp-json\/wp\/v2\/product"}],"about":[{"href":"https:\/\/www.yongyukitchenware.com\/fr\/wp-json\/wp\/v2\/types\/product"}],"replies":[{"embeddable":true,"href":"https:\/\/www.yongyukitchenware.com\/fr\/wp-json\/wp\/v2\/comments?post=3181"}],"wp:featuredmedia":[{"embeddable":true,"href":"https:\/\/www.yongyukitchenware.com\/fr\/wp-json\/wp\/v2\/media\/3182"}],"wp:attachment":[{"href":"https:\/\/www.yongyukitchenware.com\/fr\/wp-json\/wp\/v2\/media?parent=3181"}],"wp:term":[{"taxonomy":"application","embeddable":true,"href":"https:\/\/www.yongyukitchenware.com\/fr\/wp-json\/wp\/v2\/application?post=3181"},{"taxonomy":"product_brand","embeddable":true,"href":"https:\/\/www.yongyukitchenware.com\/fr\/wp-json\/wp\/v2\/product_brand?post=3181"},{"taxonomy":"product_cat","embeddable":true,"href":"https:\/\/www.yongyukitchenware.com\/fr\/wp-json\/wp\/v2\/product_cat?post=3181"},{"taxonomy":"product_tag","embeddable":true,"href":"https:\/\/www.yongyukitchenware.com\/fr\/wp-json\/wp\/v2\/product_tag?post=3181"}],"curies":[{"name":"wp","href":"https:\/\/api.w.org\/{rel}","templated":true}]}}