{"id":3230,"date":"2025-03-22T01:22:49","date_gmt":"2025-03-22T01:22:49","guid":{"rendered":"https:\/\/www.yongyukitchenware.com\/?post_type=product&#038;p=3230"},"modified":"2025-07-10T10:00:23","modified_gmt":"2025-07-10T10:00:23","slug":"wholesale-silver-stainless-steel-round-tray","status":"publish","type":"product","link":"https:\/\/www.yongyukitchenware.com\/fr\/produit\/wholesale-silver-stainless-steel-round-tray\/","title":{"rendered":"Wholesale Silver Stainless Steel Round Tray Serving Dish Pizza Plate (plateau de service rond en acier inoxydable)"},"content":{"rendered":"<div class=\"wp-block-columns is-layout-flex wp-container-core-columns-is-layout-9d6595d7 wp-block-columns-is-layout-flex\">\n<div class=\"wp-block-column is-layout-flow wp-block-column-is-layout-flow\">\n<h2 class=\"wp-block-heading\">Plateau rond en acier inoxydable argent\u00e9 en gros Taille :<\/h2>\n\n\n\n<figure class=\"wp-block-table\"><table class=\"has-fixed-layout\"><tbody><tr><td>Mod\u00e8le<\/td><td>Taille<\/td><td>Poids<\/td><td>MOQ<\/td><\/tr><tr><td rowspan=\"6\">DY049-P<\/td><td>14cm<\/td><td>85g<\/td><td rowspan=\"6\">300PCS<\/td><\/tr><tr><td>17cm<\/td><td>126g<\/td><\/tr><tr><td>20cm<\/td><td>172g<\/td><\/tr><tr><td>23cm<\/td><td>215g<\/td><\/tr><tr><td>26cm<\/td><td>287g<\/td><\/tr><tr><td>30cm<\/td><td>378g<\/td><\/tr><\/tbody><\/table><\/figure>\n\n\n\n<h2 class=\"wp-block-heading\">Plateau rond en acier inoxydable argent\u00e9 en gros Caract\u00e9ristiques :<\/h2>\n\n\n\n<p><strong>Haute qualit\u00e9<\/strong> <strong>Acier inoxydable<\/strong>: Fabriqu\u00e9 en acier inoxydable de qualit\u00e9 alimentaire, il pr\u00e9sente une excellente r\u00e9sistance \u00e0 la corrosion. Sans odeur, s\u00fbr et tr\u00e8s durable pour une utilisation \u00e0 long terme.<br><strong>Processus d'\u00e9tirage et de polissage :<\/strong> Il pr\u00e9sente une texture lisse et d\u00e9licate gr\u00e2ce \u00e0 des techniques avanc\u00e9es de dessin et de polissage. Il est facile \u00e0 nettoyer et conserve une apparence \u00e9l\u00e9gante.<br><strong>Design de la jante roulante :<\/strong> Les bords arrondis et lisses garantissent une manipulation s\u00fbre, \u00e9vitant les blessures aux mains tout en augmentant le confort de l'utilisateur.<br><strong>Formation int\u00e9gr\u00e9e : <\/strong>Il est construit sans soudure, avec un fond plat et solide qui r\u00e9siste \u00e0 la d\u00e9formation. Il est durable et facile \u00e0 nettoyer, ce qui le rend id\u00e9al pour un usage quotidien.<\/p>\n<\/div>\n\n\n\n<div class=\"wp-block-column is-layout-flow wp-block-column-is-layout-flow\">\n<figure class=\"wp-block-image size-full is-resized\"><img decoding=\"async\" width=\"800\" height=\"800\" src=\"https:\/\/www.yongyukitchenware.com\/wp-content\/uploads\/2025\/03\/Wholesale-Silver-Stainless-Steel-Round-Tray-2.webp\" alt=\"Grossiste-Tableau rond en acier inoxydable-argent\u00e9-2\" class=\"wp-image-3232\" style=\"width:384px;height:auto\" srcset=\"https:\/\/www.yongyukitchenware.com\/wp-content\/uploads\/2025\/03\/Wholesale-Silver-Stainless-Steel-Round-Tray-2.webp 800w, https:\/\/www.yongyukitchenware.com\/wp-content\/uploads\/2025\/03\/Wholesale-Silver-Stainless-Steel-Round-Tray-2-300x300.webp 300w, https:\/\/www.yongyukitchenware.com\/wp-content\/uploads\/2025\/03\/Wholesale-Silver-Stainless-Steel-Round-Tray-2-150x150.webp 150w, https:\/\/www.yongyukitchenware.com\/wp-content\/uploads\/2025\/03\/Wholesale-Silver-Stainless-Steel-Round-Tray-2-768x768.webp 768w, https:\/\/www.yongyukitchenware.com\/wp-content\/uploads\/2025\/03\/Wholesale-Silver-Stainless-Steel-Round-Tray-2-12x12.webp 12w, https:\/\/www.yongyukitchenware.com\/wp-content\/uploads\/2025\/03\/Wholesale-Silver-Stainless-Steel-Round-Tray-2-600x600.webp 600w, https:\/\/www.yongyukitchenware.com\/wp-content\/uploads\/2025\/03\/Wholesale-Silver-Stainless-Steel-Round-Tray-2-100x100.webp 100w\" sizes=\"(max-width: 800px) 100vw, 800px\" \/><\/figure>\n\n\n\n<figure class=\"wp-block-image size-full is-resized\"><img decoding=\"async\" width=\"800\" height=\"800\" src=\"https:\/\/www.yongyukitchenware.com\/wp-content\/uploads\/2025\/03\/Wholesale-Silver-Stainless-Steel-Round-Tray-8.webp\" alt=\"Commerce de gros - Plateau rond en argent et en acier inoxydable - 8\" class=\"wp-image-3238\" style=\"width:384px\" srcset=\"https:\/\/www.yongyukitchenware.com\/wp-content\/uploads\/2025\/03\/Wholesale-Silver-Stainless-Steel-Round-Tray-8.webp 800w, https:\/\/www.yongyukitchenware.com\/wp-content\/uploads\/2025\/03\/Wholesale-Silver-Stainless-Steel-Round-Tray-8-300x300.webp 300w, https:\/\/www.yongyukitchenware.com\/wp-content\/uploads\/2025\/03\/Wholesale-Silver-Stainless-Steel-Round-Tray-8-150x150.webp 150w, https:\/\/www.yongyukitchenware.com\/wp-content\/uploads\/2025\/03\/Wholesale-Silver-Stainless-Steel-Round-Tray-8-768x768.webp 768w, https:\/\/www.yongyukitchenware.com\/wp-content\/uploads\/2025\/03\/Wholesale-Silver-Stainless-Steel-Round-Tray-8-12x12.webp 12w, https:\/\/www.yongyukitchenware.com\/wp-content\/uploads\/2025\/03\/Wholesale-Silver-Stainless-Steel-Round-Tray-8-600x600.webp 600w, https:\/\/www.yongyukitchenware.com\/wp-content\/uploads\/2025\/03\/Wholesale-Silver-Stainless-Steel-Round-Tray-8-100x100.webp 100w\" sizes=\"(max-width: 800px) 100vw, 800px\" \/><\/figure>\n<\/div>\n<\/div>","protected":false},"excerpt":{"rendered":"<div class=\"n4sEPd\">\n<div class=\"UdTY9 qhIQqf leDWne\" aria-hidden=\"true\" data-location=\"1\">Plateau rond en acier inoxydable sur mesure et en gros, directement fourni par l'usine de vaisselle, supportant la personnalisation, fournissant une vari\u00e9t\u00e9 de tailles. Service d'approvisionnement \u00e0 guichet unique pour les vendeurs du commerce \u00e9lectronique. N'h\u00e9sitez pas \u00e0 vous renseigner !<\/div>\n<\/div>\n<h2 style=\"text-align: left;\">Plateau rond en acier inoxydable argent\u00e9 en gros :<\/h2>\n<p style=\"text-align: left;\"><strong>Mat\u00e9riau :<\/strong> Acier inoxydable<br \/><strong>Longueur :<\/strong>14\/17\/20\/23\/26\/30cm<br \/><strong>Forme :<\/strong> Rond<br \/><strong>Emballage :<\/strong> Sac OPP et carton<br \/><strong>OEM\/ODM :<\/strong> Disponible<\/p>\n<h2 class=\"wp-block-heading\">Du grossiste en arts de la table Yongyu :<\/h2>\n<p>Yongyu Tableware Wholesaler peut r\u00e9pondre aux besoins des clients en vrac et fournir une s\u00e9rie de fournitures de restauration en gros de haute qualit\u00e9 qui combine l'\u00e9l\u00e9gance et la durabilit\u00e9. Y compris la vaisselle, les boissons, le mat\u00e9riel de restauration, les ustensiles de cuisine, les \u00e9l\u00e9ments essentiels de la cuisine de camping, etc.<\/p>","protected":false},"featured_media":3231,"comment_status":"closed","ping_status":"closed","template":"","meta":{"_acf_changed":false},"application":[29],"product_brand":[],"product_cat":[21,46],"product_tag":[],"class_list":{"0":"post-3230","1":"product","2":"type-product","3":"status-publish","4":"has-post-thumbnail","6":"application-home-kitchen","7":"product_cat-tableware-wholesale","8":"product_cat-stainless-steel-dinner-plates-wholesale","10":"first","11":"instock","12":"shipping-taxable","13":"product-type-simple"},"acf":[],"_links":{"self":[{"href":"https:\/\/www.yongyukitchenware.com\/fr\/wp-json\/wp\/v2\/product\/3230","targetHints":{"allow":["GET"]}}],"collection":[{"href":"https:\/\/www.yongyukitchenware.com\/fr\/wp-json\/wp\/v2\/product"}],"about":[{"href":"https:\/\/www.yongyukitchenware.com\/fr\/wp-json\/wp\/v2\/types\/product"}],"replies":[{"embeddable":true,"href":"https:\/\/www.yongyukitchenware.com\/fr\/wp-json\/wp\/v2\/comments?post=3230"}],"wp:featuredmedia":[{"embeddable":true,"href":"https:\/\/www.yongyukitchenware.com\/fr\/wp-json\/wp\/v2\/media\/3231"}],"wp:attachment":[{"href":"https:\/\/www.yongyukitchenware.com\/fr\/wp-json\/wp\/v2\/media?parent=3230"}],"wp:term":[{"taxonomy":"application","embeddable":true,"href":"https:\/\/www.yongyukitchenware.com\/fr\/wp-json\/wp\/v2\/application?post=3230"},{"taxonomy":"product_brand","embeddable":true,"href":"https:\/\/www.yongyukitchenware.com\/fr\/wp-json\/wp\/v2\/product_brand?post=3230"},{"taxonomy":"product_cat","embeddable":true,"href":"https:\/\/www.yongyukitchenware.com\/fr\/wp-json\/wp\/v2\/product_cat?post=3230"},{"taxonomy":"product_tag","embeddable":true,"href":"https:\/\/www.yongyukitchenware.com\/fr\/wp-json\/wp\/v2\/product_tag?post=3230"}],"curies":[{"name":"wp","href":"https:\/\/api.w.org\/{rel}","templated":true}]}}