{"id":3244,"date":"2025-03-22T01:51:01","date_gmt":"2025-03-22T01:51:01","guid":{"rendered":"https:\/\/www.yongyukitchenware.com\/?post_type=product&#038;p=3244"},"modified":"2025-06-13T06:39:32","modified_gmt":"2025-06-13T06:39:32","slug":"wholesale-stainless-steel-gold-plates","status":"publish","type":"product","link":"https:\/\/www.yongyukitchenware.com\/fr\/produit\/wholesale-stainless-steel-gold-plates\/","title":{"rendered":"Assiette de service en acier inoxydable en gros Assiette \u00e0 pizza"},"content":{"rendered":"<div class=\"wp-block-columns is-layout-flex wp-container-core-columns-is-layout-9d6595d7 wp-block-columns-is-layout-flex\">\n<div class=\"wp-block-column is-layout-flow wp-block-column-is-layout-flow\">\n<h2 class=\"wp-block-heading\">Plaques d'or en acier inoxydable en gros Taille :<\/h2>\n\n\n\n<figure class=\"wp-block-table\"><table class=\"has-fixed-layout\"><tbody><tr><td>Mod\u00e8le<\/td><td>Taille<\/td><td>Poids<\/td><td>MOQ<\/td><\/tr><tr><td rowspan=\"6\">DY049-P<\/td><td>14cm<\/td><td>85g<\/td><td rowspan=\"6\">300PCS<\/td><\/tr><tr><td>17cm<\/td><td>126g<\/td><\/tr><tr><td>20cm<\/td><td>172g<\/td><\/tr><tr><td>23cm<\/td><td>215g<\/td><\/tr><tr><td>26cm<\/td><td>287g<\/td><\/tr><tr><td>30cm<\/td><td>378g<\/td><\/tr><\/tbody><\/table><\/figure>\n\n\n\n<h2 class=\"wp-block-heading\">Plaques d'or en acier inoxydable en gros Caract\u00e9ristiques :<\/h2>\n\n\n\n<p><strong>Acier inoxydable de qualit\u00e9 alimentaire\uff1a<\/strong> Fabriqu\u00e9 en acier inoxydable de qualit\u00e9 alimentaire, il offre une r\u00e9sistance accrue \u00e0 la corrosion. Inodore, s\u00fbr et con\u00e7u pour des performances durables.<br><strong>Finition bross\u00e9e raffin\u00e9e avec accents polis miroir\uff1a<\/strong> Finition bross\u00e9e \u00e9l\u00e9gante avec des bords polis pour un look \u00e9l\u00e9gant et moderne. R\u00e9sistant aux rayures et facile \u00e0 nettoyer.<br><strong>Bordure roulante ergonomique\uff1a<\/strong> Le design \u00e9l\u00e9gant et arrondi du bord am\u00e9liore le confort de manipulation et la s\u00e9curit\u00e9, r\u00e9duisant le risque de coupure pendant l'utilisation ou le nettoyage.<br><strong>Construction monobloc sans couture\uff1a<\/strong> Estampill\u00e9 avec pr\u00e9cision, il est robuste et sans soudure. Le fond plat assure la stabilit\u00e9 et prot\u00e8ge contre la d\u00e9formation, m\u00eame en cas d'utilisation intensive.<br><strong>Facile \u00e0 nettoyer et \u00e0 entretenir\uff1a<\/strong> La surface antiadh\u00e9sive et la conception int\u00e9gr\u00e9e facilitent le nettoyage, ce qui est id\u00e9al pour les environnements commerciaux tr\u00e8s fr\u00e9quent\u00e9s.<\/p>\n<\/div>\n\n\n\n<div class=\"wp-block-column is-layout-flow wp-block-column-is-layout-flow\">\n<figure class=\"wp-block-image size-full is-resized\"><img decoding=\"async\" width=\"1500\" height=\"1500\" src=\"https:\/\/www.yongyukitchenware.com\/wp-content\/uploads\/2025\/03\/Wholesale-Gold-Stainless-Steel-Round-Tray-3.webp\" alt=\"Plaques d&#039;or en acier inoxydable en gros\" class=\"wp-image-3247\" style=\"width:384px;height:auto\" srcset=\"https:\/\/www.yongyukitchenware.com\/wp-content\/uploads\/2025\/03\/Wholesale-Gold-Stainless-Steel-Round-Tray-3.webp 1500w, https:\/\/www.yongyukitchenware.com\/wp-content\/uploads\/2025\/03\/Wholesale-Gold-Stainless-Steel-Round-Tray-3-300x300.webp 300w, https:\/\/www.yongyukitchenware.com\/wp-content\/uploads\/2025\/03\/Wholesale-Gold-Stainless-Steel-Round-Tray-3-150x150.webp 150w, https:\/\/www.yongyukitchenware.com\/wp-content\/uploads\/2025\/03\/Wholesale-Gold-Stainless-Steel-Round-Tray-3-768x768.webp 768w, https:\/\/www.yongyukitchenware.com\/wp-content\/uploads\/2025\/03\/Wholesale-Gold-Stainless-Steel-Round-Tray-3-12x12.webp 12w, https:\/\/www.yongyukitchenware.com\/wp-content\/uploads\/2025\/03\/Wholesale-Gold-Stainless-Steel-Round-Tray-3-1200x1200.webp 1200w, https:\/\/www.yongyukitchenware.com\/wp-content\/uploads\/2025\/03\/Wholesale-Gold-Stainless-Steel-Round-Tray-3-600x600.webp 600w, https:\/\/www.yongyukitchenware.com\/wp-content\/uploads\/2025\/03\/Wholesale-Gold-Stainless-Steel-Round-Tray-3-100x100.webp 100w\" sizes=\"(max-width: 1500px) 100vw, 1500px\" \/><\/figure>\n\n\n\n<figure class=\"wp-block-image size-full is-resized\"><img decoding=\"async\" width=\"1500\" height=\"1500\" src=\"https:\/\/www.yongyukitchenware.com\/wp-content\/uploads\/2025\/03\/Wholesale-Gold-Stainless-Steel-Round-Tray-8.webp\" alt=\"Plaques d&#039;or en acier inoxydable en gros 1\" class=\"wp-image-3252\" style=\"width:384px\" srcset=\"https:\/\/www.yongyukitchenware.com\/wp-content\/uploads\/2025\/03\/Wholesale-Gold-Stainless-Steel-Round-Tray-8.webp 1500w, https:\/\/www.yongyukitchenware.com\/wp-content\/uploads\/2025\/03\/Wholesale-Gold-Stainless-Steel-Round-Tray-8-300x300.webp 300w, https:\/\/www.yongyukitchenware.com\/wp-content\/uploads\/2025\/03\/Wholesale-Gold-Stainless-Steel-Round-Tray-8-150x150.webp 150w, https:\/\/www.yongyukitchenware.com\/wp-content\/uploads\/2025\/03\/Wholesale-Gold-Stainless-Steel-Round-Tray-8-768x768.webp 768w, https:\/\/www.yongyukitchenware.com\/wp-content\/uploads\/2025\/03\/Wholesale-Gold-Stainless-Steel-Round-Tray-8-12x12.webp 12w, https:\/\/www.yongyukitchenware.com\/wp-content\/uploads\/2025\/03\/Wholesale-Gold-Stainless-Steel-Round-Tray-8-1200x1200.webp 1200w, https:\/\/www.yongyukitchenware.com\/wp-content\/uploads\/2025\/03\/Wholesale-Gold-Stainless-Steel-Round-Tray-8-600x600.webp 600w, https:\/\/www.yongyukitchenware.com\/wp-content\/uploads\/2025\/03\/Wholesale-Gold-Stainless-Steel-Round-Tray-8-100x100.webp 100w\" sizes=\"(max-width: 1500px) 100vw, 1500px\" \/><\/figure>\n<\/div>\n<\/div>","protected":false},"excerpt":{"rendered":"<div class=\"n4sEPd\">\n<div class=\"UdTY9 qhIQqf leDWne\" aria-hidden=\"true\" data-location=\"1\">\n<p data-start=\"104\" data-end=\"410\">Plaques d'or en acier inoxydable en gros, fourniture directe par l'usine. Possibilit\u00e9 de personnalisation gr\u00e2ce aux multiples tailles et couleurs disponibles. Id\u00e9ales pour servir les plats, les pizzas et les desserts. Parfait pour les restaurants, les h\u00f4tels et les traiteurs. Service d'approvisionnement unique disponible pour les vendeurs en ligne. N'h\u00e9sitez pas \u00e0 nous contacter !<\/p>\n<\/div>\n<\/div>\n<h2 style=\"text-align: left\">Commerce de gros <span id=\"productTitle\" class=\"a-size-large product-title-word-break\">Plaques d'or en acier inoxydable<\/span>:<\/h2>\n<p style=\"text-align: left\"><strong>Mat\u00e9riau :<\/strong> Acier inoxydable<br \/><strong>Longueur :<\/strong>14\/17\/20\/23\/26\/30cm<br \/><strong>Forme :<\/strong> Rond<br \/><strong>Emballage :<\/strong> Sac OPP et carton<br \/><strong>OEM\/ODM :<\/strong> Disponible<\/p>\n<h2 class=\"wp-block-heading\">Du grossiste en arts de la table Yongyu :<\/h2>\n<p>Yongyu Tableware Wholesaler peut r\u00e9pondre aux besoins des clients en vrac et fournir une s\u00e9rie de fournitures de restauration en gros de haute qualit\u00e9 qui combine l'\u00e9l\u00e9gance et la durabilit\u00e9. Y compris la vaisselle, les boissons, le mat\u00e9riel de restauration, les ustensiles de cuisine, les \u00e9l\u00e9ments essentiels de la cuisine de camping, etc.<\/p>","protected":false},"featured_media":3245,"comment_status":"closed","ping_status":"closed","template":"","meta":{"_acf_changed":true},"application":[29],"product_brand":[],"product_cat":[21,46],"product_tag":[],"class_list":{"0":"post-3244","1":"product","2":"type-product","3":"status-publish","4":"has-post-thumbnail","6":"application-home-kitchen","7":"product_cat-tableware-wholesale","8":"product_cat-stainless-steel-dinner-plates-wholesale","10":"first","11":"instock","12":"shipping-taxable","13":"product-type-simple"},"acf":[],"_links":{"self":[{"href":"https:\/\/www.yongyukitchenware.com\/fr\/wp-json\/wp\/v2\/product\/3244","targetHints":{"allow":["GET"]}}],"collection":[{"href":"https:\/\/www.yongyukitchenware.com\/fr\/wp-json\/wp\/v2\/product"}],"about":[{"href":"https:\/\/www.yongyukitchenware.com\/fr\/wp-json\/wp\/v2\/types\/product"}],"replies":[{"embeddable":true,"href":"https:\/\/www.yongyukitchenware.com\/fr\/wp-json\/wp\/v2\/comments?post=3244"}],"wp:featuredmedia":[{"embeddable":true,"href":"https:\/\/www.yongyukitchenware.com\/fr\/wp-json\/wp\/v2\/media\/3245"}],"wp:attachment":[{"href":"https:\/\/www.yongyukitchenware.com\/fr\/wp-json\/wp\/v2\/media?parent=3244"}],"wp:term":[{"taxonomy":"application","embeddable":true,"href":"https:\/\/www.yongyukitchenware.com\/fr\/wp-json\/wp\/v2\/application?post=3244"},{"taxonomy":"product_brand","embeddable":true,"href":"https:\/\/www.yongyukitchenware.com\/fr\/wp-json\/wp\/v2\/product_brand?post=3244"},{"taxonomy":"product_cat","embeddable":true,"href":"https:\/\/www.yongyukitchenware.com\/fr\/wp-json\/wp\/v2\/product_cat?post=3244"},{"taxonomy":"product_tag","embeddable":true,"href":"https:\/\/www.yongyukitchenware.com\/fr\/wp-json\/wp\/v2\/product_tag?post=3244"}],"curies":[{"name":"wp","href":"https:\/\/api.w.org\/{rel}","templated":true}]}}