{"id":3311,"date":"2025-03-28T03:37:49","date_gmt":"2025-03-28T03:37:49","guid":{"rendered":"https:\/\/www.yongyukitchenware.com\/?post_type=product&#038;p=3311"},"modified":"2025-07-10T10:06:39","modified_gmt":"2025-07-10T10:06:39","slug":"bulk-double-wall-stainless-steel-cup","status":"publish","type":"product","link":"https:\/\/www.yongyukitchenware.com\/fr\/produit\/bulk-double-wall-stainless-steel-cup\/","title":{"rendered":"Bulk Double Wall Stainless Steel Cup Metal Wine Cups Coffee Mugs"},"content":{"rendered":"<div class=\"wp-block-columns is-layout-flex wp-container-core-columns-is-layout-9d6595d7 wp-block-columns-is-layout-flex\">\n<div class=\"wp-block-column is-layout-flow wp-block-column-is-layout-flow\">\n<h2 class=\"wp-block-heading\">Tasse en acier inoxydable \u00e0 double paroi en vrac Caract\u00e9ristiques :<\/h2>\n\n\n\n<p><strong>Acier inoxydable d'excellente qualit\u00e9 :<\/strong> Mat\u00e9riau en acier inoxydable de qualit\u00e9 alimentaire, r\u00e9sistance \u00e0 la corrosion, inodore, durable.<br><strong>Structure doublement creuse : <\/strong>acier renforc\u00e9, double creux, isolation thermique et anti-chaleur.<br><strong>Processus de dessin : <\/strong>surface lisse ne se salissant pas facilement, facile \u00e0 nettoyer<br><strong>Design de la jante roulante :<\/strong> Les bords sont lisses et arrondis pour faciliter la manipulation et \u00e9viter les blessures aux mains.<br>I<strong>moulage int\u00e9gr\u00e9<\/strong>: Le corps du gobelet est moul\u00e9 en une seule pi\u00e8ce, robuste et ind\u00e9formable, et facile \u00e0 nettoyer.<\/p>\n\n\n\n<h2 class=\"wp-block-heading\">Bulk Double paroi en acier inoxydable Taille de la tasse :<\/h2>\n\n\n\n<figure class=\"wp-block-table\"><table class=\"has-fixed-layout\"><tbody><tr><td>Mod\u00e8le<\/td><td>Diam\u00e8tre<\/td><td>Hauteur<\/td><td>Capacit\u00e9<\/td><td>MOQ<\/td><\/tr><tr><td rowspan=\"6\">DY024-B<\/td><td>7cm<\/td><td>7cm<\/td><td>175ML<\/td><td rowspan=\"6\">300PCS<\/td><\/tr><tr><td>8cm<\/td><td>9cm<\/td><td>260ML<\/td><\/tr><tr><td>8cm<\/td><td>9.5cm<\/td><td>300ML<\/td><\/tr><tr><td>7,6 cm<\/td><td>12.5cm<\/td><td>350ML<\/td><\/tr><tr><td>8.5cm<\/td><td>13,6 cm<\/td><td>450ML<\/td><\/tr><tr><td>8.5cm<\/td><td>14cm<\/td><td>480ML<\/td><\/tr><\/tbody><\/table><\/figure>\n<\/div>\n\n\n\n<div class=\"wp-block-column is-layout-flow wp-block-column-is-layout-flow\">\n<div class=\"wp-block-columns is-layout-flex wp-container-core-columns-is-layout-9d6595d7 wp-block-columns-is-layout-flex\">\n<div class=\"wp-block-column is-layout-flow wp-block-column-is-layout-flow\"><div class=\"wp-block-image\">\n<figure class=\"aligncenter size-full is-resized\"><img decoding=\"async\" width=\"800\" height=\"800\" src=\"https:\/\/www.yongyukitchenware.com\/wp-content\/uploads\/2025\/03\/Bulk-Double-Wall-Stainless-Steel-Cup-6.webp\" alt=\"Vrac-Double-paroi-Gobelet en acier inoxydable-6\" class=\"wp-image-3317\" style=\"width:416px;height:auto\" srcset=\"https:\/\/www.yongyukitchenware.com\/wp-content\/uploads\/2025\/03\/Bulk-Double-Wall-Stainless-Steel-Cup-6.webp 800w, https:\/\/www.yongyukitchenware.com\/wp-content\/uploads\/2025\/03\/Bulk-Double-Wall-Stainless-Steel-Cup-6-300x300.webp 300w, https:\/\/www.yongyukitchenware.com\/wp-content\/uploads\/2025\/03\/Bulk-Double-Wall-Stainless-Steel-Cup-6-150x150.webp 150w, https:\/\/www.yongyukitchenware.com\/wp-content\/uploads\/2025\/03\/Bulk-Double-Wall-Stainless-Steel-Cup-6-768x768.webp 768w, https:\/\/www.yongyukitchenware.com\/wp-content\/uploads\/2025\/03\/Bulk-Double-Wall-Stainless-Steel-Cup-6-12x12.webp 12w, https:\/\/www.yongyukitchenware.com\/wp-content\/uploads\/2025\/03\/Bulk-Double-Wall-Stainless-Steel-Cup-6-600x600.webp 600w, https:\/\/www.yongyukitchenware.com\/wp-content\/uploads\/2025\/03\/Bulk-Double-Wall-Stainless-Steel-Cup-6-100x100.webp 100w\" sizes=\"(max-width: 800px) 100vw, 800px\" \/><\/figure>\n<\/div><\/div>\n<\/div>\n<\/div>\n<\/div>\n\n\n\n<p><\/p>","protected":false},"excerpt":{"rendered":"<p>Le gobelet en acier inoxydable \u00e0 double paroi en vrac, con\u00e7u pour la durabilit\u00e9 et une excellente isolation, garde les boissons chaudes ou froides pendant de longues p\u00e9riodes, ce qui en fait le choix id\u00e9al pour votre cuisine de camping.<\/p>\n<h2 style=\"text-align: left;\">Tasse en acier inoxydable \u00e0 double paroi en vrac Param\u00e8tres :<\/h2>\n<p style=\"text-align: left;\"><strong>Mat\u00e9riau :<\/strong> Acier inoxydable<br \/><strong>Couleur :<\/strong> Argent\/Or<br \/><strong>Conception : <\/strong>Poign\u00e9e pliable, empilable<br \/><strong>OEM\/ODM :<\/strong> Disponible<\/p>\n<h2 class=\"wp-block-heading\">De Camping Kitchen Essentials Fabricant :<\/h2>\n<p>Yongyu est un fabricant professionnel d'articles de cuisine de camping, nos produits couvrent toutes sortes d'articles de cuisine de camping en acier inoxydable, tels que le mat\u00e9riel de cuisine de camping, la vaisselle de camping, les grilles de barbecue, etc.<\/p>","protected":false},"featured_media":3312,"comment_status":"closed","ping_status":"closed","template":"","meta":{"_acf_changed":true},"application":[31],"product_brand":[],"product_cat":[20,50],"product_tag":[],"class_list":{"0":"post-3311","1":"product","2":"type-product","3":"status-publish","4":"has-post-thumbnail","6":"application-champ-kitchen","7":"product_cat-wholesale-drinkware","8":"product_cat-stainless-steel-cup-wholesale","10":"first","11":"instock","12":"shipping-taxable","13":"product-type-simple"},"acf":[],"_links":{"self":[{"href":"https:\/\/www.yongyukitchenware.com\/fr\/wp-json\/wp\/v2\/product\/3311","targetHints":{"allow":["GET"]}}],"collection":[{"href":"https:\/\/www.yongyukitchenware.com\/fr\/wp-json\/wp\/v2\/product"}],"about":[{"href":"https:\/\/www.yongyukitchenware.com\/fr\/wp-json\/wp\/v2\/types\/product"}],"replies":[{"embeddable":true,"href":"https:\/\/www.yongyukitchenware.com\/fr\/wp-json\/wp\/v2\/comments?post=3311"}],"wp:featuredmedia":[{"embeddable":true,"href":"https:\/\/www.yongyukitchenware.com\/fr\/wp-json\/wp\/v2\/media\/3312"}],"wp:attachment":[{"href":"https:\/\/www.yongyukitchenware.com\/fr\/wp-json\/wp\/v2\/media?parent=3311"}],"wp:term":[{"taxonomy":"application","embeddable":true,"href":"https:\/\/www.yongyukitchenware.com\/fr\/wp-json\/wp\/v2\/application?post=3311"},{"taxonomy":"product_brand","embeddable":true,"href":"https:\/\/www.yongyukitchenware.com\/fr\/wp-json\/wp\/v2\/product_brand?post=3311"},{"taxonomy":"product_cat","embeddable":true,"href":"https:\/\/www.yongyukitchenware.com\/fr\/wp-json\/wp\/v2\/product_cat?post=3311"},{"taxonomy":"product_tag","embeddable":true,"href":"https:\/\/www.yongyukitchenware.com\/fr\/wp-json\/wp\/v2\/product_tag?post=3311"}],"curies":[{"name":"wp","href":"https:\/\/api.w.org\/{rel}","templated":true}]}}