{"id":3379,"date":"2025-04-11T01:30:27","date_gmt":"2025-04-11T01:30:27","guid":{"rendered":"https:\/\/www.yongyukitchenware.com\/?post_type=product&#038;p=3379"},"modified":"2025-07-10T10:09:36","modified_gmt":"2025-07-10T10:09:36","slug":"bulk-moscow-mule-cup","status":"publish","type":"product","link":"https:\/\/www.yongyukitchenware.com\/fr\/produit\/bulk-moscow-mule-cup\/","title":{"rendered":"Bulk Moscow Mule Cup Tasse \u00e0 bi\u00e8re en cuivre plaqu\u00e9 m\u00e9tal avec poign\u00e9e"},"content":{"rendered":"<div class=\"wp-block-columns is-layout-flex wp-container-core-columns-is-layout-9d6595d7 wp-block-columns-is-layout-flex\">\n<div class=\"wp-block-column is-layout-flow wp-block-column-is-layout-flow\">\n<h2 class=\"wp-block-heading\">Bulk Moscow Mule Cup Caract\u00e9ristiques :<\/h2>\n\n\n\n<p><strong>Acier inoxydable de haute qualit\u00e9 : <\/strong>Mat\u00e9riau en acier inoxydable de qualit\u00e9 alimentaire, recouvert de cuivre pur, sans rev\u00eatement nocif, s\u00fbr, r\u00e9sistant \u00e0 la rouille et \u00e0 la corrosion.<br><strong>Conception du puits : <\/strong>Chaque tasse en cuivre est martel\u00e9e \u00e0 la main, simple et \u00e9l\u00e9gante, et la conception unique de la poign\u00e9e rend cette tasse en cuivre confortable \u00e0 tenir, s\u00fbre \u00e0 utiliser et belle \u00e0 placer.<br><strong>Bord lisse de la tasse : <\/strong>Le bord de la tasse est \u00e9pais et rond, et lisse, il ne blesse pas les mains.<strong><br>Fond lisse : <\/strong>Le fond du gobelet est lisse, stable et ne glisse pas facilement.<br><strong>Moulage int\u00e9gr\u00e9 :<\/strong> Le corps du gobelet est form\u00e9 d'une seule pi\u00e8ce, il est solide et ne se d\u00e9forme pas, et il est facile \u00e0 nettoyer.<\/p>\n\n\n\n<h2 class=\"wp-block-heading\">Bulk Moscow Mule Cup Taille :<\/h2>\n\n\n\n<figure class=\"wp-block-table\"><table class=\"has-fixed-layout\"><tbody><tr><td>Mod\u00e8le<\/td><td>Diam\u00e8tre<\/td><td>Hauteur<\/td><td>Capacit\u00e9<\/td><td>MOQ<\/td><\/tr><tr><td>DY037-B<\/td><td>8.8cm<\/td><td>10cm<\/td><td>530ML<\/td><td>200PCS<\/td><\/tr><\/tbody><\/table><\/figure>\n<\/div>\n\n\n\n<div class=\"wp-block-column is-layout-flow wp-block-column-is-layout-flow\">\n<div class=\"wp-block-columns is-layout-flex wp-container-core-columns-is-layout-9d6595d7 wp-block-columns-is-layout-flex\">\n<div class=\"wp-block-column is-layout-flow wp-block-column-is-layout-flow\"><div class=\"wp-block-image\">\n<figure class=\"aligncenter size-full is-resized\"><img decoding=\"async\" width=\"800\" height=\"800\" src=\"https:\/\/www.yongyukitchenware.com\/wp-content\/uploads\/2025\/03\/Bulk-Moscow-Mule-Cup-5.webp\" alt=\"Bulk-Moscow-Mule-Cup-5\" class=\"wp-image-3384\" style=\"width:416px;height:auto\" srcset=\"https:\/\/www.yongyukitchenware.com\/wp-content\/uploads\/2025\/03\/Bulk-Moscow-Mule-Cup-5.webp 800w, https:\/\/www.yongyukitchenware.com\/wp-content\/uploads\/2025\/03\/Bulk-Moscow-Mule-Cup-5-300x300.webp 300w, https:\/\/www.yongyukitchenware.com\/wp-content\/uploads\/2025\/03\/Bulk-Moscow-Mule-Cup-5-150x150.webp 150w, https:\/\/www.yongyukitchenware.com\/wp-content\/uploads\/2025\/03\/Bulk-Moscow-Mule-Cup-5-768x768.webp 768w, https:\/\/www.yongyukitchenware.com\/wp-content\/uploads\/2025\/03\/Bulk-Moscow-Mule-Cup-5-12x12.webp 12w, https:\/\/www.yongyukitchenware.com\/wp-content\/uploads\/2025\/03\/Bulk-Moscow-Mule-Cup-5-600x600.webp 600w, https:\/\/www.yongyukitchenware.com\/wp-content\/uploads\/2025\/03\/Bulk-Moscow-Mule-Cup-5-100x100.webp 100w\" sizes=\"(max-width: 800px) 100vw, 800px\" \/><\/figure>\n<\/div>\n\n\n<figure class=\"wp-block-image size-full\"><img decoding=\"async\" width=\"1500\" height=\"1500\" src=\"https:\/\/www.yongyukitchenware.com\/wp-content\/uploads\/2025\/03\/Bulk-Moscow-Mule-Cup-8.webp\" alt=\"Bulk-Moscow-Mule-Cup-8\" class=\"wp-image-3387\" srcset=\"https:\/\/www.yongyukitchenware.com\/wp-content\/uploads\/2025\/03\/Bulk-Moscow-Mule-Cup-8.webp 1500w, https:\/\/www.yongyukitchenware.com\/wp-content\/uploads\/2025\/03\/Bulk-Moscow-Mule-Cup-8-300x300.webp 300w, https:\/\/www.yongyukitchenware.com\/wp-content\/uploads\/2025\/03\/Bulk-Moscow-Mule-Cup-8-150x150.webp 150w, https:\/\/www.yongyukitchenware.com\/wp-content\/uploads\/2025\/03\/Bulk-Moscow-Mule-Cup-8-768x768.webp 768w, https:\/\/www.yongyukitchenware.com\/wp-content\/uploads\/2025\/03\/Bulk-Moscow-Mule-Cup-8-12x12.webp 12w, https:\/\/www.yongyukitchenware.com\/wp-content\/uploads\/2025\/03\/Bulk-Moscow-Mule-Cup-8-1200x1200.webp 1200w, https:\/\/www.yongyukitchenware.com\/wp-content\/uploads\/2025\/03\/Bulk-Moscow-Mule-Cup-8-600x600.webp 600w, https:\/\/www.yongyukitchenware.com\/wp-content\/uploads\/2025\/03\/Bulk-Moscow-Mule-Cup-8-100x100.webp 100w\" sizes=\"(max-width: 1500px) 100vw, 1500px\" \/><\/figure>\n<\/div>\n<\/div>\n<\/div>\n<\/div>\n\n\n\n<p><\/p>","protected":false},"excerpt":{"rendered":"<p data-pm-slice=\"1 1 []\">Tasse Moscow mule en vrac avec finition en cuivre plaqu\u00e9 m\u00e9tal et poign\u00e9e robuste - design classique pour les cocktails, la bi\u00e8re ou les boissons fra\u00eeches. Durable, \u00e9l\u00e9gant et adapt\u00e9 \u00e0 toutes les occasions. Meilleure remise pour les commandes en vrac, obtenez une demande gratuite d\u00e8s maintenant !<\/p>\n<h2 style=\"text-align: left;\">Bulk Moscow Mule Cup Param\u00e8tre :<\/h2>\n<p style=\"text-align: left;\"><strong>Mat\u00e9riau :<\/strong> Acier inoxydable<br \/><strong>Couleur :<\/strong> Argent\/Cuivre\/Noir<br \/><strong>Conception : <\/strong>Poign\u00e9e pliable, empilable<br \/><strong>OEM\/ODM :<\/strong> Disponible<\/p>\n<h2 class=\"wp-block-heading\">De Camping Kitchen Essentials Fabricant :<\/h2>\n<p>Yongyu est un professionnel des articles de cuisine de camping. Nos produits couvrent toutes sortes d'articles de cuisine de camping en acier inoxydable, tels que le mat\u00e9riel de cuisine de camping, la vaisselle de camping, les grils de barbecue, etc. Nous fournissons des services d'approvisionnement de qualit\u00e9 et des prix abordables \u00e0 chaque client.<\/p>","protected":false},"featured_media":3380,"comment_status":"closed","ping_status":"closed","template":"","meta":{"_acf_changed":false},"application":[31],"product_brand":[],"product_cat":[20,50],"product_tag":[],"class_list":{"0":"post-3379","1":"product","2":"type-product","3":"status-publish","4":"has-post-thumbnail","6":"application-champ-kitchen","7":"product_cat-wholesale-drinkware","8":"product_cat-stainless-steel-cup-wholesale","10":"first","11":"instock","12":"shipping-taxable","13":"product-type-simple"},"acf":[],"_links":{"self":[{"href":"https:\/\/www.yongyukitchenware.com\/fr\/wp-json\/wp\/v2\/product\/3379","targetHints":{"allow":["GET"]}}],"collection":[{"href":"https:\/\/www.yongyukitchenware.com\/fr\/wp-json\/wp\/v2\/product"}],"about":[{"href":"https:\/\/www.yongyukitchenware.com\/fr\/wp-json\/wp\/v2\/types\/product"}],"replies":[{"embeddable":true,"href":"https:\/\/www.yongyukitchenware.com\/fr\/wp-json\/wp\/v2\/comments?post=3379"}],"wp:featuredmedia":[{"embeddable":true,"href":"https:\/\/www.yongyukitchenware.com\/fr\/wp-json\/wp\/v2\/media\/3380"}],"wp:attachment":[{"href":"https:\/\/www.yongyukitchenware.com\/fr\/wp-json\/wp\/v2\/media?parent=3379"}],"wp:term":[{"taxonomy":"application","embeddable":true,"href":"https:\/\/www.yongyukitchenware.com\/fr\/wp-json\/wp\/v2\/application?post=3379"},{"taxonomy":"product_brand","embeddable":true,"href":"https:\/\/www.yongyukitchenware.com\/fr\/wp-json\/wp\/v2\/product_brand?post=3379"},{"taxonomy":"product_cat","embeddable":true,"href":"https:\/\/www.yongyukitchenware.com\/fr\/wp-json\/wp\/v2\/product_cat?post=3379"},{"taxonomy":"product_tag","embeddable":true,"href":"https:\/\/www.yongyukitchenware.com\/fr\/wp-json\/wp\/v2\/product_tag?post=3379"}],"curies":[{"name":"wp","href":"https:\/\/api.w.org\/{rel}","templated":true}]}}