{"id":3389,"date":"2025-04-11T03:59:47","date_gmt":"2025-04-11T03:59:47","guid":{"rendered":"https:\/\/www.yongyukitchenware.com\/?post_type=product&#038;p=3389"},"modified":"2025-07-10T10:13:28","modified_gmt":"2025-07-10T10:13:28","slug":"wholesale-stainless-steel-double-jigger","status":"publish","type":"product","link":"https:\/\/www.yongyukitchenware.com\/fr\/produit\/wholesale-stainless-steel-double-jigger\/","title":{"rendered":"Wholesale Stainless Steel Double Jigger Bar Bartending Tools (outils de barman)"},"content":{"rendered":"<div class=\"wp-block-columns is-layout-flex wp-container-core-columns-is-layout-9d6595d7 wp-block-columns-is-layout-flex\">\n<div class=\"wp-block-column is-layout-flow wp-block-column-is-layout-flow\">\n<h2 class=\"wp-block-heading\">Caract\u00e9ristiques du Double Jigger en acier inoxydable :<\/h2>\n\n\n\n<p><strong>Une qualit\u00e9 de fabrication sup\u00e9rieure\uff1a<\/strong> Fabriqu\u00e9 en acier inoxydable de qualit\u00e9 alimentaire, ce jigger peut \u00eatre utilis\u00e9 en contact direct avec les aliments et dure longtemps. Il est durable, ne rouille pas et est con\u00e7u pour \u00eatre utilis\u00e9 lors de nombreuses soir\u00e9es cocktail sans perdre son \u00e9clat.<\/p>\n\n\n\n<p><strong>Conception ergonomique\uff1a<\/strong> Gr\u00e2ce \u00e0 son profil fin et \u00e0 ses lignes tranchantes, le jigger tient confortablement entre les doigts, ce qui permet de l'utiliser facilement d'une seule main. Il am\u00e9liore la rapidit\u00e9 et la pr\u00e9cision de la pr\u00e9paration des cocktails.<\/p>\n\n\n\n<p><strong>Utilisation polyvalente\uff1a<\/strong> Que vous m\u00e9langiez du whisky, que vous pr\u00e9pariez un mojito ou que vous fassiez des shots de caf\u00e9, ce jigger mesure pr\u00e9cis\u00e9ment vos boissons dans une immense liste de cocktails.<\/p>\n\n\n\n<p><strong>Nettoyage facile\uff1a<\/strong> Les contours arrondis et lisses facilitent le lavage \u00e0 la main, et cet appareil est compatible avec le lave-vaisselle, ce qui permet d'\u00e9conomiser du temps et de la main-d'\u0153uvre \u00e0 chaque utilisation.<\/p>\n\n\n\n<h2 class=\"wp-block-heading\">Grossiste Double Jigger en acier inoxydable Taille :<\/h2>\n\n\n\n<figure class=\"wp-block-table\"><table class=\"has-fixed-layout\"><tbody><tr><td>Mod\u00e8le<\/td><td>Taille (diam\u00e8tre*diam\u00e8tre du fond)<\/td><td>Hauteur<\/td><td>Capacit\u00e9<\/td><td>MOQ<\/td><\/tr><tr><td rowspan=\"4\">DY038-B<\/td><td>4.8*4.1cm<\/td><td>11.5cm<\/td><td>30ml\/45ml<\/td><td rowspan=\"4\">200PCS<\/td><\/tr><tr><td>5.1*4.4cm<\/td><td>13cm<\/td><td>30ml\/60ml<\/td><\/tr><tr><td>5.8*5.1cm<\/td><td>15cm<\/td><td>45ml\/60ml<\/td><\/tr><tr><td>5.1*4.8cm<\/td><td>13cm<\/td><td>60ml\/90ml<\/td><\/tr><\/tbody><\/table><\/figure>\n<\/div>\n\n\n\n<div class=\"wp-block-column is-layout-flow wp-block-column-is-layout-flow\">\n<div class=\"wp-block-columns is-layout-flex wp-container-core-columns-is-layout-9d6595d7 wp-block-columns-is-layout-flex\">\n<div class=\"wp-block-column is-layout-flow wp-block-column-is-layout-flow\"><div class=\"wp-block-image\">\n<figure class=\"aligncenter size-full is-resized\"><img decoding=\"async\" width=\"800\" height=\"800\" src=\"https:\/\/www.yongyukitchenware.com\/wp-content\/uploads\/2025\/03\/Wholesale-Stainless-Steel-Double-Jigger-5.webp\" alt=\"Grossiste-Double-Jigger en acier inoxydable-5\" class=\"wp-image-3394\" style=\"width:416px;height:auto\" srcset=\"https:\/\/www.yongyukitchenware.com\/wp-content\/uploads\/2025\/03\/Wholesale-Stainless-Steel-Double-Jigger-5.webp 800w, https:\/\/www.yongyukitchenware.com\/wp-content\/uploads\/2025\/03\/Wholesale-Stainless-Steel-Double-Jigger-5-300x300.webp 300w, https:\/\/www.yongyukitchenware.com\/wp-content\/uploads\/2025\/03\/Wholesale-Stainless-Steel-Double-Jigger-5-150x150.webp 150w, https:\/\/www.yongyukitchenware.com\/wp-content\/uploads\/2025\/03\/Wholesale-Stainless-Steel-Double-Jigger-5-768x768.webp 768w, https:\/\/www.yongyukitchenware.com\/wp-content\/uploads\/2025\/03\/Wholesale-Stainless-Steel-Double-Jigger-5-12x12.webp 12w, https:\/\/www.yongyukitchenware.com\/wp-content\/uploads\/2025\/03\/Wholesale-Stainless-Steel-Double-Jigger-5-600x600.webp 600w, https:\/\/www.yongyukitchenware.com\/wp-content\/uploads\/2025\/03\/Wholesale-Stainless-Steel-Double-Jigger-5-100x100.webp 100w\" sizes=\"(max-width: 800px) 100vw, 800px\" \/><\/figure>\n<\/div>\n\n\n<figure class=\"wp-block-image size-full\"><img decoding=\"async\" width=\"800\" height=\"800\" src=\"https:\/\/www.yongyukitchenware.com\/wp-content\/uploads\/2025\/03\/Wholesale-Stainless-Steel-Double-Jigger-7.webp\" alt=\"Grossiste-Double-Jigger en acier inoxydable-7\" class=\"wp-image-3396\" srcset=\"https:\/\/www.yongyukitchenware.com\/wp-content\/uploads\/2025\/03\/Wholesale-Stainless-Steel-Double-Jigger-7.webp 800w, https:\/\/www.yongyukitchenware.com\/wp-content\/uploads\/2025\/03\/Wholesale-Stainless-Steel-Double-Jigger-7-300x300.webp 300w, https:\/\/www.yongyukitchenware.com\/wp-content\/uploads\/2025\/03\/Wholesale-Stainless-Steel-Double-Jigger-7-150x150.webp 150w, https:\/\/www.yongyukitchenware.com\/wp-content\/uploads\/2025\/03\/Wholesale-Stainless-Steel-Double-Jigger-7-768x768.webp 768w, https:\/\/www.yongyukitchenware.com\/wp-content\/uploads\/2025\/03\/Wholesale-Stainless-Steel-Double-Jigger-7-12x12.webp 12w, https:\/\/www.yongyukitchenware.com\/wp-content\/uploads\/2025\/03\/Wholesale-Stainless-Steel-Double-Jigger-7-600x600.webp 600w, https:\/\/www.yongyukitchenware.com\/wp-content\/uploads\/2025\/03\/Wholesale-Stainless-Steel-Double-Jigger-7-100x100.webp 100w\" sizes=\"(max-width: 800px) 100vw, 800px\" \/><\/figure>\n<\/div>\n<\/div>\n<\/div>\n<\/div>\n\n\n\n<p><\/p>","protected":false},"excerpt":{"rendered":"<p class=\"\" data-start=\"378\" data-end=\"555\">Double jigger en acier inoxydable, con\u00e7u pour une utilisation professionnelle dans les bars, les restaurants et les \u00e9v\u00e9nements. Fournit des mesures pr\u00e9cises pour les cocktails et les boissons m\u00e9lang\u00e9es avec facilit\u00e9.Obtenez une demande gratuite maintenant !<\/p>\n<h2 style=\"text-align: left;\">Jigger double en acier inoxydable Param\u00e8tres :<\/h2>\n<p style=\"text-align: left;\"><strong>Mat\u00e9riau :<\/strong> Acier inoxydable<br \/><strong>Couleur :<\/strong> Argent\/Or\/Noir\/Or rose<br \/><strong>Conception : <\/strong>Poign\u00e9e pliable, empilable<br \/><strong>OEM\/ODM :<\/strong> Disponible<\/p>\n<h2 class=\"wp-block-heading\">Du grossiste Yongyu Catering Supplies :<\/h2>\n<p>En tant que meilleur fabricant d'articles de restauration en Chine, nous sommes sp\u00e9cialis\u00e9s dans les articles de bar de haute qualit\u00e9, sur mesure et en gros. Nous avons 25 ans d'exp\u00e9rience professionnelle pour nous assurer que les clients obtiennent les produits les plus avanc\u00e9s et les services les plus efficaces.<\/p>","protected":false},"featured_media":3390,"comment_status":"closed","ping_status":"closed","template":"","meta":{"_acf_changed":false},"application":[30],"product_brand":[],"product_cat":[16],"product_tag":[],"class_list":{"0":"post-3389","1":"product","2":"type-product","3":"status-publish","4":"has-post-thumbnail","6":"application-hotel-catering","7":"product_cat-barware-wholesale-custom","9":"first","10":"instock","11":"shipping-taxable","12":"product-type-simple"},"acf":[],"_links":{"self":[{"href":"https:\/\/www.yongyukitchenware.com\/fr\/wp-json\/wp\/v2\/product\/3389","targetHints":{"allow":["GET"]}}],"collection":[{"href":"https:\/\/www.yongyukitchenware.com\/fr\/wp-json\/wp\/v2\/product"}],"about":[{"href":"https:\/\/www.yongyukitchenware.com\/fr\/wp-json\/wp\/v2\/types\/product"}],"replies":[{"embeddable":true,"href":"https:\/\/www.yongyukitchenware.com\/fr\/wp-json\/wp\/v2\/comments?post=3389"}],"wp:featuredmedia":[{"embeddable":true,"href":"https:\/\/www.yongyukitchenware.com\/fr\/wp-json\/wp\/v2\/media\/3390"}],"wp:attachment":[{"href":"https:\/\/www.yongyukitchenware.com\/fr\/wp-json\/wp\/v2\/media?parent=3389"}],"wp:term":[{"taxonomy":"application","embeddable":true,"href":"https:\/\/www.yongyukitchenware.com\/fr\/wp-json\/wp\/v2\/application?post=3389"},{"taxonomy":"product_brand","embeddable":true,"href":"https:\/\/www.yongyukitchenware.com\/fr\/wp-json\/wp\/v2\/product_brand?post=3389"},{"taxonomy":"product_cat","embeddable":true,"href":"https:\/\/www.yongyukitchenware.com\/fr\/wp-json\/wp\/v2\/product_cat?post=3389"},{"taxonomy":"product_tag","embeddable":true,"href":"https:\/\/www.yongyukitchenware.com\/fr\/wp-json\/wp\/v2\/product_tag?post=3389"}],"curies":[{"name":"wp","href":"https:\/\/api.w.org\/{rel}","templated":true}]}}