{"id":3399,"date":"2025-04-11T01:52:46","date_gmt":"2025-04-11T01:52:46","guid":{"rendered":"https:\/\/www.yongyukitchenware.com\/?post_type=product&#038;p=3399"},"modified":"2025-07-10T10:08:57","modified_gmt":"2025-07-10T10:08:57","slug":"bulk-double-wall-cup-with-handle","status":"publish","type":"product","link":"https:\/\/www.yongyukitchenware.com\/fr\/produit\/bulk-double-wall-cup-with-handle\/","title":{"rendered":"Bulk Double Wall Cup with Handle Stainless Steel Vacuum Insulated Mug (Tasse \u00e0 double paroi en acier inoxydable avec poign\u00e9e)"},"content":{"rendered":"<div class=\"wp-block-columns is-layout-flex wp-container-core-columns-is-layout-9d6595d7 wp-block-columns-is-layout-flex\">\n<div class=\"wp-block-column is-layout-flow wp-block-column-is-layout-flow\">\n<h2 class=\"wp-block-heading\">Tasse \u00e0 double paroi en vrac avec poign\u00e9e Caract\u00e9ristiques :<\/h2>\n\n\n\n<p><strong>Acier inoxydable de haute qualit\u00e9 : <\/strong>Acier inoxydable de qualit\u00e9 alimentaire, r\u00e9sistant \u00e0 la corrosion, sans odeur, durable.<br><strong>Conception \u00e0 double creux : <\/strong>acier \u00e9paissi, double creux, isolation thermique et anti-chaleur.<br><strong>Conception de la poign\u00e9e :<\/strong> Poign\u00e9e intime, facile \u00e0 tenir, anti-chaleur.<br><strong>Bord arrondi : <\/strong>Les bords sont arrondis et lisses, faciles \u00e0 manipuler et \u00e9vitent les blessures aux mains.<br><strong>Moulage int\u00e9gr\u00e9 : <\/strong>Le corps du gobelet est form\u00e9 d'un seul bloc, solide et ind\u00e9formable, facile \u00e0 nettoyer.<\/p>\n\n\n\n<h2 class=\"wp-block-heading\">Tasse \u00e0 double paroi en vrac avec poign\u00e9e Taille :<\/h2>\n\n\n\n<figure class=\"wp-block-table\"><table class=\"has-fixed-layout\"><tbody><tr><td>Mod\u00e8le<\/td><td>Taille (diam\u00e8tre*diam\u00e8tre du fond)<\/td><td>Hauteur<\/td><td>Capacit\u00e9<\/td><td>MOQ<\/td><\/tr><tr><td>DY039-B<\/td><td>8,5*6,3cm<\/td><td>10cm<\/td><td>300ML<\/td><td>200PCS<\/td><\/tr><\/tbody><\/table><\/figure>\n<\/div>\n\n\n\n<div class=\"wp-block-column is-layout-flow wp-block-column-is-layout-flow\">\n<div class=\"wp-block-columns is-layout-flex wp-container-core-columns-is-layout-9d6595d7 wp-block-columns-is-layout-flex\">\n<div class=\"wp-block-column is-layout-flow wp-block-column-is-layout-flow\"><div class=\"wp-block-image\">\n<figure class=\"aligncenter size-full is-resized\"><img decoding=\"async\" width=\"800\" height=\"800\" src=\"https:\/\/www.yongyukitchenware.com\/wp-content\/uploads\/2025\/03\/Bulk-Double-Wall-Cup-with-Handle-7.webp\" alt=\"Vrac-Double-tasse murale-avec-poign\u00e9e-7\" class=\"wp-image-3406\" style=\"width:416px;height:auto\" srcset=\"https:\/\/www.yongyukitchenware.com\/wp-content\/uploads\/2025\/03\/Bulk-Double-Wall-Cup-with-Handle-7.webp 800w, https:\/\/www.yongyukitchenware.com\/wp-content\/uploads\/2025\/03\/Bulk-Double-Wall-Cup-with-Handle-7-300x300.webp 300w, https:\/\/www.yongyukitchenware.com\/wp-content\/uploads\/2025\/03\/Bulk-Double-Wall-Cup-with-Handle-7-150x150.webp 150w, https:\/\/www.yongyukitchenware.com\/wp-content\/uploads\/2025\/03\/Bulk-Double-Wall-Cup-with-Handle-7-768x768.webp 768w, https:\/\/www.yongyukitchenware.com\/wp-content\/uploads\/2025\/03\/Bulk-Double-Wall-Cup-with-Handle-7-12x12.webp 12w, https:\/\/www.yongyukitchenware.com\/wp-content\/uploads\/2025\/03\/Bulk-Double-Wall-Cup-with-Handle-7-600x600.webp 600w, https:\/\/www.yongyukitchenware.com\/wp-content\/uploads\/2025\/03\/Bulk-Double-Wall-Cup-with-Handle-7-100x100.webp 100w\" sizes=\"(max-width: 800px) 100vw, 800px\" \/><\/figure>\n<\/div>\n\n\n<figure class=\"wp-block-image size-full\"><img decoding=\"async\" width=\"800\" height=\"800\" src=\"https:\/\/www.yongyukitchenware.com\/wp-content\/uploads\/2025\/03\/Bulk-Double-Wall-Cup-with-Handle-8.webp\" alt=\"Vrac-Double-tasse murale-avec-poign\u00e9e-8\" class=\"wp-image-3407\" srcset=\"https:\/\/www.yongyukitchenware.com\/wp-content\/uploads\/2025\/03\/Bulk-Double-Wall-Cup-with-Handle-8.webp 800w, https:\/\/www.yongyukitchenware.com\/wp-content\/uploads\/2025\/03\/Bulk-Double-Wall-Cup-with-Handle-8-300x300.webp 300w, https:\/\/www.yongyukitchenware.com\/wp-content\/uploads\/2025\/03\/Bulk-Double-Wall-Cup-with-Handle-8-150x150.webp 150w, https:\/\/www.yongyukitchenware.com\/wp-content\/uploads\/2025\/03\/Bulk-Double-Wall-Cup-with-Handle-8-768x768.webp 768w, https:\/\/www.yongyukitchenware.com\/wp-content\/uploads\/2025\/03\/Bulk-Double-Wall-Cup-with-Handle-8-12x12.webp 12w, https:\/\/www.yongyukitchenware.com\/wp-content\/uploads\/2025\/03\/Bulk-Double-Wall-Cup-with-Handle-8-600x600.webp 600w, https:\/\/www.yongyukitchenware.com\/wp-content\/uploads\/2025\/03\/Bulk-Double-Wall-Cup-with-Handle-8-100x100.webp 100w\" sizes=\"(max-width: 800px) 100vw, 800px\" \/><\/figure>\n<\/div>\n<\/div>\n<\/div>\n<\/div>\n\n\n\n<p><\/p>","protected":false},"excerpt":{"rendered":"<p>Tasse en vrac \u00e0 double paroi avec poign\u00e9e, fabriqu\u00e9e en acier inoxydable avec isolation sous vide pour un contr\u00f4le durable de la temp\u00e9rature. Pour d'autres solutions personnalis\u00e9es de gobelets de camping \u00e0 prix d'usine, veuillez consulter le fournisseur d'articles de cuisine de camping Yongyu !<\/p>\n<h2 style=\"text-align: left;\">Tasse \u00e0 double paroi en vrac avec poign\u00e9e Param\u00e8tre :<\/h2>\n<p style=\"text-align: left;\"><strong>Mat\u00e9riau :<\/strong> Acier inoxydable<br \/><strong>Couleur :<\/strong> Argent\/Or\/Or rose<br \/><strong>Conception : <\/strong>Poign\u00e9e pliable, empilable<br \/><strong>OEM\/ODM :<\/strong> Disponible<\/p>\n<h2 class=\"wp-block-heading\">De Camping Kitchen Essentials Fabricant :<\/h2>\n<p>Yongyu est un fabricant professionnel d'articles de cuisine de camping, nos produits couvrent toutes sortes d'articles de cuisine de camping en acier inoxydable, tels que le mat\u00e9riel de cuisine de camping, la vaisselle de camping, les grilles de barbecue, etc.<\/p>","protected":false},"featured_media":3400,"comment_status":"closed","ping_status":"closed","template":"","meta":{"_acf_changed":false},"application":[31],"product_brand":[],"product_cat":[20,50],"product_tag":[],"class_list":{"0":"post-3399","1":"product","2":"type-product","3":"status-publish","4":"has-post-thumbnail","6":"application-champ-kitchen","7":"product_cat-wholesale-drinkware","8":"product_cat-stainless-steel-cup-wholesale","10":"first","11":"instock","12":"shipping-taxable","13":"product-type-simple"},"acf":[],"_links":{"self":[{"href":"https:\/\/www.yongyukitchenware.com\/fr\/wp-json\/wp\/v2\/product\/3399","targetHints":{"allow":["GET"]}}],"collection":[{"href":"https:\/\/www.yongyukitchenware.com\/fr\/wp-json\/wp\/v2\/product"}],"about":[{"href":"https:\/\/www.yongyukitchenware.com\/fr\/wp-json\/wp\/v2\/types\/product"}],"replies":[{"embeddable":true,"href":"https:\/\/www.yongyukitchenware.com\/fr\/wp-json\/wp\/v2\/comments?post=3399"}],"wp:featuredmedia":[{"embeddable":true,"href":"https:\/\/www.yongyukitchenware.com\/fr\/wp-json\/wp\/v2\/media\/3400"}],"wp:attachment":[{"href":"https:\/\/www.yongyukitchenware.com\/fr\/wp-json\/wp\/v2\/media?parent=3399"}],"wp:term":[{"taxonomy":"application","embeddable":true,"href":"https:\/\/www.yongyukitchenware.com\/fr\/wp-json\/wp\/v2\/application?post=3399"},{"taxonomy":"product_brand","embeddable":true,"href":"https:\/\/www.yongyukitchenware.com\/fr\/wp-json\/wp\/v2\/product_brand?post=3399"},{"taxonomy":"product_cat","embeddable":true,"href":"https:\/\/www.yongyukitchenware.com\/fr\/wp-json\/wp\/v2\/product_cat?post=3399"},{"taxonomy":"product_tag","embeddable":true,"href":"https:\/\/www.yongyukitchenware.com\/fr\/wp-json\/wp\/v2\/product_tag?post=3399"}],"curies":[{"name":"wp","href":"https:\/\/api.w.org\/{rel}","templated":true}]}}