{"id":3419,"date":"2025-07-03T01:11:28","date_gmt":"2025-07-03T01:11:28","guid":{"rendered":"https:\/\/www.yongyukitchenware.com\/?post_type=product&#038;p=3419"},"modified":"2025-07-03T01:11:32","modified_gmt":"2025-07-03T01:11:32","slug":"bulk-vacuum-double-wall-stainless-steel-mug","status":"publish","type":"product","link":"https:\/\/www.yongyukitchenware.com\/fr\/produit\/bulk-vacuum-double-wall-stainless-steel-mug\/","title":{"rendered":"Tasse \u00e0 boire en acier inoxydable \u00e0 double paroi sous vide avec poign\u00e9e"},"content":{"rendered":"<div class=\"wp-block-columns is-layout-flex wp-container-core-columns-is-layout-9d6595d7 wp-block-columns-is-layout-flex\">\n<div class=\"wp-block-column is-layout-flow wp-block-column-is-layout-flow\">\n<h2 class=\"wp-block-heading\">Mug en acier inoxydable \u00e0 double paroi sous vide Caract\u00e9ristiques :<\/h2>\n\n\n\n<p><strong>Acier inoxydable 304 de haute qualit\u00e9 : <\/strong>en acier inoxydable 304 de qualit\u00e9 alimentaire, ne rouille pas, ne contient pas de plomb, est facile \u00e0 nettoyer et ne se casse pas facilement<br><strong>Isolation sous vide \u00e0 double paroi :<\/strong> garder la boisson chaude pendant plus de 3 heures, froide pendant plus de 9 heures, isolation thermique pour \u00e9viter les br\u00fblures<br><strong>Rev\u00eatement en poudre de qualit\u00e9 sup\u00e9rieure : <\/strong>Option multicolore, finition durable, ne se raye pas, ne s'\u00e9caille pas et ne se d\u00e9colore pas, prise en main facile, longue dur\u00e9e.<br><strong>Trois m\u00e9thodes de consommation : <\/strong>Le couvercle peut \u00eatre ins\u00e9r\u00e9 dans la paille pour boire, boire directement \u00e0 la bouche, ou ouvrir le couvercle pour boire librement, une vari\u00e9t\u00e9 de m\u00e9thodes de boisson pour r\u00e9pondre \u00e0 diff\u00e9rents besoins.<br><strong>Forte \u00e9tanch\u00e9it\u00e9 : <\/strong>le couvercle est muni d'un anneau en silicone int\u00e9gr\u00e9, il est \u00e9tanche \u00e0 360 degr\u00e9s et facile \u00e0 transporter<\/p>\n\n\n\n<h2 class=\"wp-block-heading\">Mug en acier inoxydable \u00e0 double paroi sous vide en vrac Taille :<\/h2>\n\n\n\n<figure class=\"wp-block-table\"><table class=\"has-fixed-layout\"><tbody><tr><td>Mod\u00e8le<\/td><td>Taille (diam\u00e8tre*diam\u00e8tre du fond)<\/td><td>Hauteur<\/td><td>Capacit\u00e9<\/td><\/tr><tr><td>DY039-B<\/td><td>8,5*6,3cm<\/td><td>10cm<\/td><td>300ML<\/td><\/tr><\/tbody><\/table><\/figure>\n<\/div>\n\n\n\n<div class=\"wp-block-column is-layout-flow wp-block-column-is-layout-flow\">\n<div class=\"wp-block-columns is-layout-flex wp-container-core-columns-is-layout-9d6595d7 wp-block-columns-is-layout-flex\">\n<div class=\"wp-block-column is-layout-flow wp-block-column-is-layout-flow\"><div class=\"wp-block-image\">\n<figure class=\"aligncenter size-full is-resized\"><img decoding=\"async\" width=\"800\" height=\"800\" src=\"https:\/\/www.yongyukitchenware.com\/wp-content\/uploads\/2025\/03\/Bulk-Vacuum-Double-Wall-Stainless-Steel-Mug-7.webp\" alt=\"Bulk-Vacuum-Double-Wall-Stainless-Steel-Mug-7\" class=\"wp-image-3426\" style=\"width:416px;height:auto\" srcset=\"https:\/\/www.yongyukitchenware.com\/wp-content\/uploads\/2025\/03\/Bulk-Vacuum-Double-Wall-Stainless-Steel-Mug-7.webp 800w, https:\/\/www.yongyukitchenware.com\/wp-content\/uploads\/2025\/03\/Bulk-Vacuum-Double-Wall-Stainless-Steel-Mug-7-300x300.webp 300w, https:\/\/www.yongyukitchenware.com\/wp-content\/uploads\/2025\/03\/Bulk-Vacuum-Double-Wall-Stainless-Steel-Mug-7-150x150.webp 150w, https:\/\/www.yongyukitchenware.com\/wp-content\/uploads\/2025\/03\/Bulk-Vacuum-Double-Wall-Stainless-Steel-Mug-7-768x768.webp 768w, https:\/\/www.yongyukitchenware.com\/wp-content\/uploads\/2025\/03\/Bulk-Vacuum-Double-Wall-Stainless-Steel-Mug-7-12x12.webp 12w, https:\/\/www.yongyukitchenware.com\/wp-content\/uploads\/2025\/03\/Bulk-Vacuum-Double-Wall-Stainless-Steel-Mug-7-600x600.webp 600w, https:\/\/www.yongyukitchenware.com\/wp-content\/uploads\/2025\/03\/Bulk-Vacuum-Double-Wall-Stainless-Steel-Mug-7-100x100.webp 100w\" sizes=\"(max-width: 800px) 100vw, 800px\" \/><\/figure>\n<\/div>\n\n\n<figure class=\"wp-block-image size-full\"><img decoding=\"async\" width=\"800\" height=\"800\" src=\"https:\/\/www.yongyukitchenware.com\/wp-content\/uploads\/2025\/03\/Bulk-Vacuum-Double-Wall-Stainless-Steel-Mug-6.webp\" alt=\"Bulk-Vacuum-Double-Wall-Stainless-Steel-Mug-6\" class=\"wp-image-3425\" srcset=\"https:\/\/www.yongyukitchenware.com\/wp-content\/uploads\/2025\/03\/Bulk-Vacuum-Double-Wall-Stainless-Steel-Mug-6.webp 800w, https:\/\/www.yongyukitchenware.com\/wp-content\/uploads\/2025\/03\/Bulk-Vacuum-Double-Wall-Stainless-Steel-Mug-6-300x300.webp 300w, https:\/\/www.yongyukitchenware.com\/wp-content\/uploads\/2025\/03\/Bulk-Vacuum-Double-Wall-Stainless-Steel-Mug-6-150x150.webp 150w, https:\/\/www.yongyukitchenware.com\/wp-content\/uploads\/2025\/03\/Bulk-Vacuum-Double-Wall-Stainless-Steel-Mug-6-768x768.webp 768w, https:\/\/www.yongyukitchenware.com\/wp-content\/uploads\/2025\/03\/Bulk-Vacuum-Double-Wall-Stainless-Steel-Mug-6-12x12.webp 12w, https:\/\/www.yongyukitchenware.com\/wp-content\/uploads\/2025\/03\/Bulk-Vacuum-Double-Wall-Stainless-Steel-Mug-6-600x600.webp 600w, https:\/\/www.yongyukitchenware.com\/wp-content\/uploads\/2025\/03\/Bulk-Vacuum-Double-Wall-Stainless-Steel-Mug-6-100x100.webp 100w\" sizes=\"(max-width: 800px) 100vw, 800px\" \/><\/figure>\n<\/div>\n<\/div>\n<\/div>\n<\/div>\n\n\n\n<p><\/p>","protected":false},"excerpt":{"rendered":"<p>Mug en acier inoxydable \u00e0 double paroi sous vide. Conserve les boissons chaudes ou froides pendant des heures gr\u00e2ce \u00e0 une double paroi isol\u00e9e. Id\u00e9al pour le bureau, l'ext\u00e9rieur et les voyages. Contactez-nous d\u00e8s maintenant pour des prix de gros et la personnalisation.<\/p>\n<h2 style=\"text-align: left;\">Mug en acier inoxydable \u00e0 double paroi sous vide Param\u00e8tres :<\/h2>\n<p style=\"text-align: left;\"><strong>Mat\u00e9riau :<\/strong> Acier inoxydable<br \/><strong>Couleur :<\/strong> Blanc\/Noir\/Kaki<br \/><strong>Conception : <\/strong>Poign\u00e9e pliable, empilable<br \/><strong>OEM\/ODM :<\/strong> Disponible<\/p>\n<h2 class=\"wp-block-heading\">De Camping Kitchen Essentials Fabricant :<\/h2>\n<p>Yongyu est un fabricant professionnel d'articles de cuisine de camping, nos produits couvrent toutes sortes d'articles de cuisine de camping en acier inoxydable, tels que le mat\u00e9riel de cuisine de camping, la vaisselle de camping, les grilles de barbecue, etc.<\/p>","protected":false},"featured_media":3420,"comment_status":"closed","ping_status":"closed","template":"","meta":{"_acf_changed":false},"application":[31],"product_brand":[],"product_cat":[20,50],"product_tag":[],"class_list":{"0":"post-3419","1":"product","2":"type-product","3":"status-publish","4":"has-post-thumbnail","6":"application-champ-kitchen","7":"product_cat-wholesale-drinkware","8":"product_cat-stainless-steel-cup-wholesale","10":"first","11":"instock","12":"shipping-taxable","13":"product-type-simple"},"acf":[],"_links":{"self":[{"href":"https:\/\/www.yongyukitchenware.com\/fr\/wp-json\/wp\/v2\/product\/3419","targetHints":{"allow":["GET"]}}],"collection":[{"href":"https:\/\/www.yongyukitchenware.com\/fr\/wp-json\/wp\/v2\/product"}],"about":[{"href":"https:\/\/www.yongyukitchenware.com\/fr\/wp-json\/wp\/v2\/types\/product"}],"replies":[{"embeddable":true,"href":"https:\/\/www.yongyukitchenware.com\/fr\/wp-json\/wp\/v2\/comments?post=3419"}],"wp:featuredmedia":[{"embeddable":true,"href":"https:\/\/www.yongyukitchenware.com\/fr\/wp-json\/wp\/v2\/media\/3420"}],"wp:attachment":[{"href":"https:\/\/www.yongyukitchenware.com\/fr\/wp-json\/wp\/v2\/media?parent=3419"}],"wp:term":[{"taxonomy":"application","embeddable":true,"href":"https:\/\/www.yongyukitchenware.com\/fr\/wp-json\/wp\/v2\/application?post=3419"},{"taxonomy":"product_brand","embeddable":true,"href":"https:\/\/www.yongyukitchenware.com\/fr\/wp-json\/wp\/v2\/product_brand?post=3419"},{"taxonomy":"product_cat","embeddable":true,"href":"https:\/\/www.yongyukitchenware.com\/fr\/wp-json\/wp\/v2\/product_cat?post=3419"},{"taxonomy":"product_tag","embeddable":true,"href":"https:\/\/www.yongyukitchenware.com\/fr\/wp-json\/wp\/v2\/product_tag?post=3419"}],"curies":[{"name":"wp","href":"https:\/\/api.w.org\/{rel}","templated":true}]}}