{"id":3663,"date":"2025-05-09T09:53:09","date_gmt":"2025-05-09T09:53:09","guid":{"rendered":"https:\/\/www.yongyukitchenware.com\/?post_type=product&#038;p=3663"},"modified":"2025-06-13T03:56:37","modified_gmt":"2025-06-13T03:56:37","slug":"bulk-hanging-chafing-dish-for-wedding","status":"publish","type":"product","link":"https:\/\/www.yongyukitchenware.com\/fr\/produit\/bulk-hanging-chafing-dish-for-wedding\/","title":{"rendered":"D\u00e9coration d'un plat \u00e0 r\u00f4tir suspendu en vrac pour le chauffage des aliments lors d'un mariage"},"content":{"rendered":"<div class=\"wp-block-columns is-layout-flex wp-container-core-columns-is-layout-9d6595d7 wp-block-columns-is-layout-flex\">\n<div class=\"wp-block-column is-layout-flow wp-block-column-is-layout-flow\">\n<h2 class=\"wp-block-heading\">Plat \u00e0 r\u00f4tir suspendu en vrac Param\u00e8tres :<\/h2>\n\n\n\n<figure class=\"wp-block-table\"><table class=\"has-fixed-layout\"><tbody><tr><td>Mod\u00e8le<\/td><td>Capacit\u00e9 (L)<\/td><td>MOQ<\/td><\/tr><tr><td>DY036-CL<\/td><td>4.5\/6\/8L<\/td><td>4PCS<\/td><\/tr><\/tbody><\/table><\/figure>\n\n\n\n<h2 class=\"wp-block-heading\">Caract\u00e9ristiques du plat \u00e0 r\u00f4tir suspendu en vrac :<\/h2>\n\n\n\n<p><strong>Isolation \u00e0 long terme : <\/strong>Isolation creuse \u00e0 double couche + r\u00e9servoir int\u00e9rieur en acier inoxydable de qualit\u00e9 alimentaire, avec porte-carburant coupe-vent (y compris le r\u00e9servoir de carburant), prolongeant efficacement la chaleur des aliments.<br><strong>Design exquis :<\/strong> Le cadre du r\u00e9chaud est d\u00e9licatement dessin\u00e9 avec des sculptures en creux, ce qui lui conf\u00e8re une apparence d\u00e9licate et magnifique.<br><strong>Capacit\u00e9 en or :<\/strong> 4,5\/6\/8L en option pour r\u00e9pondre aux diff\u00e9rents besoins, la conception de la bouche large permet de prendre facilement les aliments.<br><strong>Le couvercle peut \u00eatre suspendu :<\/strong> Le corps du four est dot\u00e9 d'un crochet permettant de suspendre facilement le couvercle, ce qui est esth\u00e9tique et peu encombrant.<\/p>\n<\/div>\n\n\n\n<div class=\"wp-block-column is-layout-flow wp-block-column-is-layout-flow\">\n<figure class=\"wp-block-image size-full\"><img decoding=\"async\" width=\"800\" height=\"800\" src=\"https:\/\/www.yongyukitchenware.com\/wp-content\/uploads\/2025\/04\/Bulk-Hanging-Chafing-Dish-5.webp\" alt=\"Plat \u00e0 mijoter suspendu en vrac-5\" class=\"wp-image-3704\" srcset=\"https:\/\/www.yongyukitchenware.com\/wp-content\/uploads\/2025\/04\/Bulk-Hanging-Chafing-Dish-5.webp 800w, https:\/\/www.yongyukitchenware.com\/wp-content\/uploads\/2025\/04\/Bulk-Hanging-Chafing-Dish-5-300x300.webp 300w, https:\/\/www.yongyukitchenware.com\/wp-content\/uploads\/2025\/04\/Bulk-Hanging-Chafing-Dish-5-150x150.webp 150w, https:\/\/www.yongyukitchenware.com\/wp-content\/uploads\/2025\/04\/Bulk-Hanging-Chafing-Dish-5-768x768.webp 768w, https:\/\/www.yongyukitchenware.com\/wp-content\/uploads\/2025\/04\/Bulk-Hanging-Chafing-Dish-5-12x12.webp 12w, https:\/\/www.yongyukitchenware.com\/wp-content\/uploads\/2025\/04\/Bulk-Hanging-Chafing-Dish-5-600x600.webp 600w, https:\/\/www.yongyukitchenware.com\/wp-content\/uploads\/2025\/04\/Bulk-Hanging-Chafing-Dish-5-100x100.webp 100w\" sizes=\"(max-width: 800px) 100vw, 800px\" \/><\/figure>\n<\/div>\n<\/div>\n\n\n\n<p><\/p>","protected":false},"excerpt":{"rendered":"<div class=\"flex max-w-full flex-col flex-grow\">\n<div class=\"min-h-8 text-message flex w-full flex-col items-end gap-2 whitespace-normal break-words text-start [.text-message+&amp;]:mt-5\" dir=\"auto\" data-message-author-role=\"assistant\" data-message-id=\"e07a47d1-8143-4d76-a750-70f60d252df1\" data-message-model-slug=\"gpt-4o\">\n<div class=\"flex w-full flex-col gap-1 empty:hidden first:pt-[3px]\">\n<div class=\"markdown prose w-full break-words dark:prose-invert dark\">\n<p data-start=\"0\" data-end=\"249\" data-is-last-node=\"\">Le chafing dish suspendu en vrac offre une solution durable et \u00e9l\u00e9gante pour les buffets et les grands \u00e9v\u00e9nements. Des services OEM et ODM sont disponibles, avec un soutien complet pour les ventes sur Amazon. Contactez-nous d\u00e8s maintenant pour b\u00e9n\u00e9ficier de remises exclusives sur les produits en vrac !<\/p>\n<\/div>\n<\/div>\n<\/div>\n<\/div>\n<h2><!-- wp:heading --><\/h2>\n<h2 class=\"wp-block-heading\">Attributs du plat \u00e0 r\u00f4tir suspendu en vrac :<\/h2>\n<h2><!-- \/wp:heading --><\/p>\n<p><!-- wp:paragraph --><\/h2>\n<p><strong>Mat\u00e9riau : <\/strong>Acier inoxydable<br \/><strong>Couleur : <\/strong>Argent\/Or<br \/><strong>Forme :<\/strong> Rond<br \/><strong>Chaleur : <\/strong>Chauffage \u00e9lectrique\/Chauffage \u00e0 l'alcool<br \/><strong>Bac de r\u00e9cup\u00e9ration : <\/strong>Grille simple\/double\/trois<br \/><strong>OEM\/ODM : <\/strong>Disponible<\/p>\n<h2 class=\"wp-block-heading\">Fabricant de plats \u00e0 gratin suspendus en vrac :<\/h2>\n<p>Qu'il s'agisse d'un fournisseur de services de restauration, d'un h\u00f4tel ou d'un restaurant, ou d'une soci\u00e9t\u00e9 d'organisation d'\u00e9v\u00e9nements, nous fournissons des solutions personnalis\u00e9es compl\u00e8tes pour aider votre entreprise avec des prix d'usine de haute qualit\u00e9 !<\/p>\n<h2><!-- \/wp:paragraph --><\/h2>","protected":false},"featured_media":3700,"comment_status":"closed","ping_status":"closed","template":"","meta":{"_acf_changed":true},"application":[30],"product_brand":[],"product_cat":[33],"product_tag":[],"class_list":{"0":"post-3663","1":"product","2":"type-product","3":"status-publish","4":"has-post-thumbnail","6":"application-hotel-catering","7":"product_cat-chafing-dishes-wholesale","9":"first","10":"instock","11":"shipping-taxable","12":"product-type-simple"},"acf":[],"_links":{"self":[{"href":"https:\/\/www.yongyukitchenware.com\/fr\/wp-json\/wp\/v2\/product\/3663","targetHints":{"allow":["GET"]}}],"collection":[{"href":"https:\/\/www.yongyukitchenware.com\/fr\/wp-json\/wp\/v2\/product"}],"about":[{"href":"https:\/\/www.yongyukitchenware.com\/fr\/wp-json\/wp\/v2\/types\/product"}],"replies":[{"embeddable":true,"href":"https:\/\/www.yongyukitchenware.com\/fr\/wp-json\/wp\/v2\/comments?post=3663"}],"wp:featuredmedia":[{"embeddable":true,"href":"https:\/\/www.yongyukitchenware.com\/fr\/wp-json\/wp\/v2\/media\/3700"}],"wp:attachment":[{"href":"https:\/\/www.yongyukitchenware.com\/fr\/wp-json\/wp\/v2\/media?parent=3663"}],"wp:term":[{"taxonomy":"application","embeddable":true,"href":"https:\/\/www.yongyukitchenware.com\/fr\/wp-json\/wp\/v2\/application?post=3663"},{"taxonomy":"product_brand","embeddable":true,"href":"https:\/\/www.yongyukitchenware.com\/fr\/wp-json\/wp\/v2\/product_brand?post=3663"},{"taxonomy":"product_cat","embeddable":true,"href":"https:\/\/www.yongyukitchenware.com\/fr\/wp-json\/wp\/v2\/product_cat?post=3663"},{"taxonomy":"product_tag","embeddable":true,"href":"https:\/\/www.yongyukitchenware.com\/fr\/wp-json\/wp\/v2\/product_tag?post=3663"}],"curies":[{"name":"wp","href":"https:\/\/api.w.org\/{rel}","templated":true}]}}