{"id":3717,"date":"2025-05-19T08:38:55","date_gmt":"2025-05-19T08:38:55","guid":{"rendered":"https:\/\/www.yongyukitchenware.com\/?post_type=product&#038;p=3717"},"modified":"2025-07-10T09:49:44","modified_gmt":"2025-07-10T09:49:44","slug":"bulk-1-6-eu-style-gn-pan","status":"publish","type":"product","link":"https:\/\/www.yongyukitchenware.com\/fr\/produit\/bulk-1-6-eu-style-gn-pan\/","title":{"rendered":"Bulk 1\/6 EU Style GN Pan Acier inoxydable Gastronorm Pans EU Style with Lid"},"content":{"rendered":"<div class=\"wp-block-columns is-layout-flex wp-container-core-columns-is-layout-9d6595d7 wp-block-columns-is-layout-flex\">\n<div class=\"wp-block-column is-layout-flow wp-block-column-is-layout-flow\">\n<h2 class=\"wp-block-heading\">Bulk 1\/6 EU Style GN Pan Caract\u00e9ristiques :<\/h2>\n\n\n\n<p><strong>Acier inoxydable de premi\u00e8re qualit\u00e9 :<\/strong> Acier inoxydable de qualit\u00e9 alimentaire r\u00e9sistant \u00e0 la chaleur et aux dommages<br><strong>La casserole GN peut \u00eatre chauff\u00e9e : <\/strong>Gr\u00e2ce \u00e0 la bonne conductivit\u00e9 thermique de l'acier inoxydable, il est possible de le cuire et de le chauffer correctement, ce qui permet d'optimiser la conduction de la chaleur et l'effet isolant.<br><strong>Motif en relief : <\/strong>Les bacs GN sont \u00e9tanches et ne permettent pas aux liquides de s'\u00e9couler.<br><strong>Design \u00e0 bord roul\u00e9 :<\/strong> Bords arrondis et lisses pour une manipulation ais\u00e9e sans coupure, facile \u00e0 nettoyer, pour plus de s\u00e9curit\u00e9 et de praticit\u00e9.<br><strong>Deux types de couvercles : <\/strong>un couvercle perfor\u00e9, qui offre un espace pour les cuill\u00e8res ; un couvercle complet en acier, qui ferme bien et emp\u00eache la poussi\u00e8re de s'y d\u00e9poser<br><strong>Peu encombrant : <\/strong>Conception empilable pour un stockage \u00e9conomique.<\/p>\n<\/div>\n\n\n\n<div class=\"wp-block-column is-layout-flow wp-block-column-is-layout-flow\">\n<div class=\"wp-block-columns is-layout-flex wp-container-core-columns-is-layout-9d6595d7 wp-block-columns-is-layout-flex\">\n<div class=\"wp-block-column is-layout-flow wp-block-column-is-layout-flow\">\n<figure class=\"wp-block-image size-full\"><img decoding=\"async\" width=\"800\" height=\"800\" src=\"https:\/\/www.yongyukitchenware.com\/wp-content\/uploads\/2024\/10\/supply-food-pan-2.webp\" alt=\"alimentation-bo\u00eete de conserve (2)\" class=\"wp-image-1600\" srcset=\"https:\/\/www.yongyukitchenware.com\/wp-content\/uploads\/2024\/10\/supply-food-pan-2.webp 800w, https:\/\/www.yongyukitchenware.com\/wp-content\/uploads\/2024\/10\/supply-food-pan-2-300x300.webp 300w, https:\/\/www.yongyukitchenware.com\/wp-content\/uploads\/2024\/10\/supply-food-pan-2-150x150.webp 150w, https:\/\/www.yongyukitchenware.com\/wp-content\/uploads\/2024\/10\/supply-food-pan-2-768x768.webp 768w, https:\/\/www.yongyukitchenware.com\/wp-content\/uploads\/2024\/10\/supply-food-pan-2-12x12.webp 12w, https:\/\/www.yongyukitchenware.com\/wp-content\/uploads\/2024\/10\/supply-food-pan-2-600x600.webp 600w, https:\/\/www.yongyukitchenware.com\/wp-content\/uploads\/2024\/10\/supply-food-pan-2-100x100.webp 100w\" sizes=\"(max-width: 800px) 100vw, 800px\" \/><\/figure>\n<\/div>\n\n\n\n<div class=\"wp-block-column is-layout-flow wp-block-column-is-layout-flow\">\n<figure class=\"wp-block-image size-full\"><img decoding=\"async\" width=\"800\" height=\"800\" src=\"https:\/\/www.yongyukitchenware.com\/wp-content\/uploads\/2024\/10\/supply-food-pan-4.webp\" alt=\"alimentation-bo\u00eete de conserve (4)\" class=\"wp-image-1602\" srcset=\"https:\/\/www.yongyukitchenware.com\/wp-content\/uploads\/2024\/10\/supply-food-pan-4.webp 800w, https:\/\/www.yongyukitchenware.com\/wp-content\/uploads\/2024\/10\/supply-food-pan-4-300x300.webp 300w, https:\/\/www.yongyukitchenware.com\/wp-content\/uploads\/2024\/10\/supply-food-pan-4-150x150.webp 150w, https:\/\/www.yongyukitchenware.com\/wp-content\/uploads\/2024\/10\/supply-food-pan-4-768x768.webp 768w, https:\/\/www.yongyukitchenware.com\/wp-content\/uploads\/2024\/10\/supply-food-pan-4-12x12.webp 12w, https:\/\/www.yongyukitchenware.com\/wp-content\/uploads\/2024\/10\/supply-food-pan-4-600x600.webp 600w, https:\/\/www.yongyukitchenware.com\/wp-content\/uploads\/2024\/10\/supply-food-pan-4-100x100.webp 100w\" sizes=\"(max-width: 800px) 100vw, 800px\" \/><\/figure>\n<\/div>\n<\/div>\n<\/div>\n<\/div>\n\n\n\n<h2 class=\"wp-block-heading\">Vrac 1\/6 EU Style GN Pan Param\u00e8tre<\/h2>\n\n\n\n<figure class=\"wp-block-table\"><table class=\"has-fixed-layout\"><tbody><tr><td>Mod\u00e8le<\/td><td>Taille<\/td><td>Longueur * Largeur * Hauteur<\/td><td>MOQ<\/td><\/tr><tr><td rowspan=\"4\">DY002-FSP<\/td><td rowspan=\"4\">1\/6 Eu Style GN Pan<\/td><td>17,6*16,2*20CM<\/td><td>72PCS<\/td><\/tr><tr><td>17,6*16,2*15CM<\/td><td>72PCS<\/td><\/tr><tr><td>17,6*16,2*10CM<\/td><td>84PCS<\/td><\/tr><tr><td>17.6*16.2*6.5CM<\/td><td>120PCS<\/td><\/tr><\/tbody><\/table><\/figure>","protected":false},"excerpt":{"rendered":"<p>Bulk 1\/6 EU style gn pan inox gastronorm pans EU style with lid. Construction durable en acier inoxydable, id\u00e9ale pour les cuisines commerciales et la restauration. Comprend un couvercle pour la protection des aliments et la conservation de la chaleur. Achetez en vrac pour b\u00e9n\u00e9ficier des prix exclusifs de l'usine.<\/p>\n<h2><!-- wp:heading --><\/h2>\n<h2 class=\"wp-block-heading\">Vrac 1\/6 EU Style GN Attributs de la casserole :<\/h2>\n<h2><!-- \/wp:heading --><\/p>\n<p><!-- wp:paragraph --><\/h2>\n<p><strong>Mat\u00e9riau :<\/strong> Acier inoxydable<br \/><strong>Taille :<\/strong>\u00a01\/1, 1\/2, 1\/3, 1\/4, 1\/4, 1\/6, 1\/9, 3\/2 gn pan<br \/><strong>Acier inoxydable \u00c9paisseur :<\/strong>\u00a00,5mm, 0,6mm, 0,7mm, 0,8mm, 1,0mm<br \/><strong>Types de couvercles<\/strong><strong>:<\/strong>\u00a0Couvercle perfor\u00e9 et couvercle en acier<br \/><strong>Conception :<\/strong> Design \u00e0 bords relev\u00e9s et roul\u00e9s, chauff\u00e9 et cuit uniform\u00e9ment<br \/><strong>Emballage :<\/strong> Sac OPP et carton<br \/><strong>OEM\/ODM :<\/strong> Disponible<\/p>\n<p><!-- \/wp:paragraph --><\/p>","protected":false},"featured_media":3709,"comment_status":"closed","ping_status":"closed","template":"","meta":{"_acf_changed":true},"application":[30],"product_brand":[],"product_cat":[22,37],"product_tag":[],"class_list":{"0":"post-3717","1":"product","2":"type-product","3":"status-publish","4":"has-post-thumbnail","6":"application-hotel-catering","7":"product_cat-catering-supplies-wholesale","8":"product_cat-gastronorm-pan-manufacturer","10":"first","11":"instock","12":"shipping-taxable","13":"product-type-simple"},"acf":[],"_links":{"self":[{"href":"https:\/\/www.yongyukitchenware.com\/fr\/wp-json\/wp\/v2\/product\/3717","targetHints":{"allow":["GET"]}}],"collection":[{"href":"https:\/\/www.yongyukitchenware.com\/fr\/wp-json\/wp\/v2\/product"}],"about":[{"href":"https:\/\/www.yongyukitchenware.com\/fr\/wp-json\/wp\/v2\/types\/product"}],"replies":[{"embeddable":true,"href":"https:\/\/www.yongyukitchenware.com\/fr\/wp-json\/wp\/v2\/comments?post=3717"}],"wp:featuredmedia":[{"embeddable":true,"href":"https:\/\/www.yongyukitchenware.com\/fr\/wp-json\/wp\/v2\/media\/3709"}],"wp:attachment":[{"href":"https:\/\/www.yongyukitchenware.com\/fr\/wp-json\/wp\/v2\/media?parent=3717"}],"wp:term":[{"taxonomy":"application","embeddable":true,"href":"https:\/\/www.yongyukitchenware.com\/fr\/wp-json\/wp\/v2\/application?post=3717"},{"taxonomy":"product_brand","embeddable":true,"href":"https:\/\/www.yongyukitchenware.com\/fr\/wp-json\/wp\/v2\/product_brand?post=3717"},{"taxonomy":"product_cat","embeddable":true,"href":"https:\/\/www.yongyukitchenware.com\/fr\/wp-json\/wp\/v2\/product_cat?post=3717"},{"taxonomy":"product_tag","embeddable":true,"href":"https:\/\/www.yongyukitchenware.com\/fr\/wp-json\/wp\/v2\/product_tag?post=3717"}],"curies":[{"name":"wp","href":"https:\/\/api.w.org\/{rel}","templated":true}]}}