{"id":3721,"date":"2025-05-09T10:23:07","date_gmt":"2025-05-09T10:23:07","guid":{"rendered":"https:\/\/www.yongyukitchenware.com\/?post_type=product&#038;p=3721"},"modified":"2025-06-13T03:46:47","modified_gmt":"2025-06-13T03:46:47","slug":"bulk-2-4-eu-style-gn-pan","status":"publish","type":"product","link":"https:\/\/www.yongyukitchenware.com\/fr\/produit\/bulk-2-4-eu-style-gn-pan\/","title":{"rendered":"Bulk 2\/4 EU Style GN Pan Acier inoxydable Gastronorm Pans EU Style with Lid"},"content":{"rendered":"<div class=\"wp-block-columns is-layout-flex wp-container-core-columns-is-layout-9d6595d7 wp-block-columns-is-layout-flex\">\n<div class=\"wp-block-column is-layout-flow wp-block-column-is-layout-flow\">\n<h2 class=\"wp-block-heading\">Bulk 2\/4 EU Style GN Pan Caract\u00e9ristiques :<\/h2>\n\n\n\n<p><strong>Acier inoxydable de premi\u00e8re qualit\u00e9 : <\/strong>Fabriqu\u00e9 en acier inoxydable de qualit\u00e9 alimentaire sup\u00e9rieure, il garantit une durabilit\u00e9 \u00e0 long terme, une r\u00e9sistance \u00e0 la corrosion et une r\u00e9sistance \u00e0 la chaleur.<br><strong>Performance thermique uniforme : <\/strong>La conductivit\u00e9 thermique sup\u00e9rieure de l'acier inoxydable permet un chauffage et une cuisson uniformes, ce qui permet une distribution efficace de la temp\u00e9rature.<br><strong>Conception sur\u00e9lev\u00e9e \u00e9tanche :<\/strong> Construit pour \u00e9viter les d\u00e9versements, le contenu est contenu en toute s\u00e9curit\u00e9 et est facile \u00e0 entretenir.<br><strong>Bords effil\u00e9s ergonomiques :<\/strong> Les bords arrondis et lisses garantissent une prise en main s\u00fbre et un nettoyage facile sans risque de blessure.<br><strong>Options de couvercles flexibles :<\/strong> Comprend un couvercle perfor\u00e9 pour faciliter l'acc\u00e8s aux ustensiles et un couvercle en acier solide pour une fermeture s\u00fbre et une protection contre la poussi\u00e8re.<br><strong>Rangement empilable permettant de gagner de la place : <\/strong>La conception empilable et peu encombrante permet un stockage facile et une utilisation efficace de l'espace de stockage dans les cuisines commerciales.<\/p>\n<\/div>\n\n\n\n<div class=\"wp-block-column is-layout-flow wp-block-column-is-layout-flow\">\n<div class=\"wp-block-columns is-layout-flex wp-container-core-columns-is-layout-9d6595d7 wp-block-columns-is-layout-flex\">\n<div class=\"wp-block-column is-layout-flow wp-block-column-is-layout-flow\">\n<figure class=\"wp-block-image size-full\"><img decoding=\"async\" width=\"800\" height=\"800\" src=\"https:\/\/www.yongyukitchenware.com\/wp-content\/uploads\/2024\/10\/supply-food-pan-2.webp\" alt=\"alimentation-bo\u00eete de conserve (2)\" class=\"wp-image-1600\" srcset=\"https:\/\/www.yongyukitchenware.com\/wp-content\/uploads\/2024\/10\/supply-food-pan-2.webp 800w, https:\/\/www.yongyukitchenware.com\/wp-content\/uploads\/2024\/10\/supply-food-pan-2-300x300.webp 300w, https:\/\/www.yongyukitchenware.com\/wp-content\/uploads\/2024\/10\/supply-food-pan-2-150x150.webp 150w, https:\/\/www.yongyukitchenware.com\/wp-content\/uploads\/2024\/10\/supply-food-pan-2-768x768.webp 768w, https:\/\/www.yongyukitchenware.com\/wp-content\/uploads\/2024\/10\/supply-food-pan-2-12x12.webp 12w, https:\/\/www.yongyukitchenware.com\/wp-content\/uploads\/2024\/10\/supply-food-pan-2-600x600.webp 600w, https:\/\/www.yongyukitchenware.com\/wp-content\/uploads\/2024\/10\/supply-food-pan-2-100x100.webp 100w\" sizes=\"(max-width: 800px) 100vw, 800px\" \/><\/figure>\n<\/div>\n\n\n\n<div class=\"wp-block-column is-layout-flow wp-block-column-is-layout-flow\">\n<figure class=\"wp-block-image size-full\"><img decoding=\"async\" width=\"800\" height=\"800\" src=\"https:\/\/www.yongyukitchenware.com\/wp-content\/uploads\/2024\/10\/supply-food-pan-4.webp\" alt=\"alimentation-bo\u00eete de conserve (4)\" class=\"wp-image-1602\" srcset=\"https:\/\/www.yongyukitchenware.com\/wp-content\/uploads\/2024\/10\/supply-food-pan-4.webp 800w, https:\/\/www.yongyukitchenware.com\/wp-content\/uploads\/2024\/10\/supply-food-pan-4-300x300.webp 300w, https:\/\/www.yongyukitchenware.com\/wp-content\/uploads\/2024\/10\/supply-food-pan-4-150x150.webp 150w, https:\/\/www.yongyukitchenware.com\/wp-content\/uploads\/2024\/10\/supply-food-pan-4-768x768.webp 768w, https:\/\/www.yongyukitchenware.com\/wp-content\/uploads\/2024\/10\/supply-food-pan-4-12x12.webp 12w, https:\/\/www.yongyukitchenware.com\/wp-content\/uploads\/2024\/10\/supply-food-pan-4-600x600.webp 600w, https:\/\/www.yongyukitchenware.com\/wp-content\/uploads\/2024\/10\/supply-food-pan-4-100x100.webp 100w\" sizes=\"(max-width: 800px) 100vw, 800px\" \/><\/figure>\n<\/div>\n<\/div>\n<\/div>\n<\/div>\n\n\n\n<h2 class=\"wp-block-heading\">Bulk 2\/4 EU Style GN Pan Param\u00e8tre<\/h2>\n\n\n\n<figure class=\"wp-block-table\"><table class=\"has-fixed-layout\"><tbody><tr><td>Mod\u00e8le<\/td><td>Taille<\/td><td>Longueur * Largeur * Hauteur<\/td><td>MOQ<\/td><\/tr><tr><td rowspan=\"5\">DY002-FSP<\/td><td rowspan=\"5\">2\/4 Eu Style GN Pan<\/td><td>53\u00d716.2\u00d715 CM<\/td><td>20PCS<\/td><\/tr><tr><td>53\u00d716.5x 10CM<\/td><td>20PCS<\/td><\/tr><tr><td>53\u00d716,5x 6,5CM<\/td><td>24PCS<\/td><\/tr><tr><td>53\u00d716.5x4CM<\/td><td>30PCS<\/td><\/tr><tr><td>53\u00d716.5x2CM<\/td><td>36PCS<\/td><\/tr><\/tbody><\/table><\/figure>","protected":false},"excerpt":{"rendered":"<p>Bac GN 2\/4 EU en acier inoxydable de haute qualit\u00e9 avec couvercle, id\u00e9al pour le stockage, la pr\u00e9paration et le service des aliments dans les cuisines commerciales. Achetez en vrac et profitez des remises sur les prix d'usine.<\/p>\n<h2><!-- wp:heading --><\/h2>\n<h2 class=\"wp-block-heading\">Vrac 2\/4 EU Style GN Pan Attributs :<\/h2>\n<h2><!-- \/wp:heading --><\/p>\n<p><!-- wp:paragraph --><\/h2>\n<p><strong>Mat\u00e9riau :<\/strong> Acier inoxydable<br \/><strong>Taille :<\/strong>\u00a01\/1, 1\/2, 1\/3, 1\/4, 1\/4, 1\/6, 1\/9, 3\/2 gn pan<br \/><strong>Acier inoxydable \u00c9paisseur :<\/strong>\u00a00,5mm, 0,6mm, 0,7mm, 0,8mm, 1,0mm<br \/><strong>Types de couvercles<\/strong><strong>:<\/strong>\u00a0Couvercle perfor\u00e9 et couvercle en acier<br \/><strong>Conception :<\/strong> Design \u00e0 bords relev\u00e9s et roul\u00e9s, chauff\u00e9 et cuit uniform\u00e9ment<br \/><strong>Emballage :<\/strong> Sac OPP et carton<br \/><strong>OEM\/ODM :<\/strong> Disponible<\/p>\n<p><!-- \/wp:paragraph --><\/p>","protected":false},"featured_media":3713,"comment_status":"closed","ping_status":"closed","template":"","meta":{"_acf_changed":false},"application":[30],"product_brand":[],"product_cat":[22,37],"product_tag":[],"class_list":{"0":"post-3721","1":"product","2":"type-product","3":"status-publish","4":"has-post-thumbnail","6":"application-hotel-catering","7":"product_cat-catering-supplies-wholesale","8":"product_cat-gastronorm-pan-manufacturer","10":"first","11":"instock","12":"shipping-taxable","13":"product-type-simple"},"acf":[],"_links":{"self":[{"href":"https:\/\/www.yongyukitchenware.com\/fr\/wp-json\/wp\/v2\/product\/3721","targetHints":{"allow":["GET"]}}],"collection":[{"href":"https:\/\/www.yongyukitchenware.com\/fr\/wp-json\/wp\/v2\/product"}],"about":[{"href":"https:\/\/www.yongyukitchenware.com\/fr\/wp-json\/wp\/v2\/types\/product"}],"replies":[{"embeddable":true,"href":"https:\/\/www.yongyukitchenware.com\/fr\/wp-json\/wp\/v2\/comments?post=3721"}],"wp:featuredmedia":[{"embeddable":true,"href":"https:\/\/www.yongyukitchenware.com\/fr\/wp-json\/wp\/v2\/media\/3713"}],"wp:attachment":[{"href":"https:\/\/www.yongyukitchenware.com\/fr\/wp-json\/wp\/v2\/media?parent=3721"}],"wp:term":[{"taxonomy":"application","embeddable":true,"href":"https:\/\/www.yongyukitchenware.com\/fr\/wp-json\/wp\/v2\/application?post=3721"},{"taxonomy":"product_brand","embeddable":true,"href":"https:\/\/www.yongyukitchenware.com\/fr\/wp-json\/wp\/v2\/product_brand?post=3721"},{"taxonomy":"product_cat","embeddable":true,"href":"https:\/\/www.yongyukitchenware.com\/fr\/wp-json\/wp\/v2\/product_cat?post=3721"},{"taxonomy":"product_tag","embeddable":true,"href":"https:\/\/www.yongyukitchenware.com\/fr\/wp-json\/wp\/v2\/product_tag?post=3721"}],"curies":[{"name":"wp","href":"https:\/\/api.w.org\/{rel}","templated":true}]}}