{"id":3764,"date":"2025-05-19T10:03:56","date_gmt":"2025-05-19T10:03:56","guid":{"rendered":"https:\/\/www.yongyukitchenware.com\/?post_type=product&#038;p=3764"},"modified":"2025-06-13T03:26:24","modified_gmt":"2025-06-13T03:26:24","slug":"bulk-1-9-american-style-gn-pan-stainless-steel-with-lid","status":"publish","type":"product","link":"https:\/\/www.yongyukitchenware.com\/fr\/produit\/bulk-1-9-american-style-gn-pan-stainless-steel-with-lid\/","title":{"rendered":"Vrac 1\/9 Po\u00eale GN \u00e0 l'am\u00e9ricaine en acier inoxydable avec couvercle"},"content":{"rendered":"<div class=\"wp-block-columns is-layout-flex wp-container-core-columns-is-layout-9d6595d7 wp-block-columns-is-layout-flex\">\n<div class=\"wp-block-column is-layout-flow wp-block-column-is-layout-flow\">\n<h2 class=\"wp-block-heading\">Bulk 1\/9 American Style GN Pan Caract\u00e9ristiques :<\/h2>\n\n\n\n<p><strong>Acier inoxydable de qualit\u00e9 alimentaire :<\/strong> r\u00e9sistance sup\u00e9rieure \u00e0 la corrosion, \u00e0 la chaleur et aux rayures<br><strong>Assortiment de tailles avec couvercles :<\/strong> r\u00e9pondre \u00e0 diff\u00e9rents besoins, s'adapter \u00e0 l'\u00e9quipement standard de la restauration et des services alimentaires<br><strong>Peut \u00eatre chauff\u00e9 : <\/strong>Gr\u00e2ce \u00e0 la conductivit\u00e9 thermique \u00e9lev\u00e9e de l'acier inoxydable, les bacs GN peuvent \u00eatre chauff\u00e9s et cuits uniform\u00e9ment.<br><strong>Motif en relief : <\/strong>Les bacs GN sont \u00e9tanches et emp\u00eachent les liquides de s'\u00e9couler.<br><strong>Design \u00e0 bord roul\u00e9 : <\/strong>La conception \u00e0 bords roul\u00e9s permet d'obtenir des bords lisses et arrondis pour faciliter la manipulation et pr\u00e9venir les blessures aux mains.<br><strong>Deux types de couvercles sont disponibles :<\/strong> l'un est un couvercle perfor\u00e9, avec un espace pour les cuill\u00e8res ; l'autre est un couvercle enti\u00e8rement en acier, qui peut \u00eatre scell\u00e9 et \u00e9tanche \u00e0 la poussi\u00e8re.<\/p>\n<\/div>\n\n\n\n<div class=\"wp-block-column is-layout-flow wp-block-column-is-layout-flow\">\n<div class=\"wp-block-columns is-layout-flex wp-container-core-columns-is-layout-9d6595d7 wp-block-columns-is-layout-flex\">\n<div class=\"wp-block-column is-layout-flow wp-block-column-is-layout-flow\">\n<figure class=\"wp-block-image size-full\"><img decoding=\"async\" width=\"800\" height=\"800\" src=\"https:\/\/www.yongyukitchenware.com\/wp-content\/uploads\/2024\/10\/wholesale-gn-pan-2.webp\" alt=\"grossiste-gn-pan (2)\" class=\"wp-image-1584\" srcset=\"https:\/\/www.yongyukitchenware.com\/wp-content\/uploads\/2024\/10\/wholesale-gn-pan-2.webp 800w, https:\/\/www.yongyukitchenware.com\/wp-content\/uploads\/2024\/10\/wholesale-gn-pan-2-300x300.webp 300w, https:\/\/www.yongyukitchenware.com\/wp-content\/uploads\/2024\/10\/wholesale-gn-pan-2-150x150.webp 150w, https:\/\/www.yongyukitchenware.com\/wp-content\/uploads\/2024\/10\/wholesale-gn-pan-2-768x768.webp 768w, https:\/\/www.yongyukitchenware.com\/wp-content\/uploads\/2024\/10\/wholesale-gn-pan-2-12x12.webp 12w, https:\/\/www.yongyukitchenware.com\/wp-content\/uploads\/2024\/10\/wholesale-gn-pan-2-600x600.webp 600w, https:\/\/www.yongyukitchenware.com\/wp-content\/uploads\/2024\/10\/wholesale-gn-pan-2-100x100.webp 100w\" sizes=\"(max-width: 800px) 100vw, 800px\" \/><\/figure>\n<\/div>\n\n\n\n<div class=\"wp-block-column is-layout-flow wp-block-column-is-layout-flow\">\n<figure class=\"wp-block-image size-full\"><img decoding=\"async\" width=\"800\" height=\"800\" src=\"https:\/\/www.yongyukitchenware.com\/wp-content\/uploads\/2024\/10\/wholesale-gn-pan-5.webp\" alt=\"grossiste-gn-pan (5)\" class=\"wp-image-1587\" srcset=\"https:\/\/www.yongyukitchenware.com\/wp-content\/uploads\/2024\/10\/wholesale-gn-pan-5.webp 800w, https:\/\/www.yongyukitchenware.com\/wp-content\/uploads\/2024\/10\/wholesale-gn-pan-5-300x300.webp 300w, https:\/\/www.yongyukitchenware.com\/wp-content\/uploads\/2024\/10\/wholesale-gn-pan-5-150x150.webp 150w, https:\/\/www.yongyukitchenware.com\/wp-content\/uploads\/2024\/10\/wholesale-gn-pan-5-768x768.webp 768w, https:\/\/www.yongyukitchenware.com\/wp-content\/uploads\/2024\/10\/wholesale-gn-pan-5-12x12.webp 12w, https:\/\/www.yongyukitchenware.com\/wp-content\/uploads\/2024\/10\/wholesale-gn-pan-5-600x600.webp 600w, https:\/\/www.yongyukitchenware.com\/wp-content\/uploads\/2024\/10\/wholesale-gn-pan-5-100x100.webp 100w\" sizes=\"(max-width: 800px) 100vw, 800px\" \/><\/figure>\n<\/div>\n<\/div>\n<\/div>\n<\/div>\n\n\n\n<h2 class=\"wp-block-heading\">Vrac 1\/9 American Style GN Pan Param\u00e8tre<\/h2>\n\n\n\n<figure class=\"wp-block-table\"><table class=\"has-fixed-layout\"><tbody><tr><td>Mod\u00e8le<\/td><td>Taille<\/td><td>Longueur * Largeur * Hauteur (mm)<\/td><td>MOQ<\/td><\/tr><tr><td rowspan=\"3\">DY001-FSP<\/td><td rowspan=\"3\">1\/9 American GN Pan<\/td><td>176\u00d7108\u00d7150<\/td><td>90PCS<\/td><\/tr><tr><td>176\u00d7108\u00d7100<\/td><td>126PCS<\/td><\/tr><tr><td>176\u00d7108\u00d765<\/td><td>180PCS<\/td><\/tr><\/tbody><\/table><\/figure>","protected":false},"excerpt":{"rendered":"<p>Vrac 1\/9 Po\u00eale \u00e0 gn de style am\u00e9ricain en acier inoxydable avec couvercle - id\u00e9ale pour la pr\u00e9paration et le stockage des aliments dans les cuisines commerciales, fabriqu\u00e9e en acier inoxydable durable avec un couvercle bien ajust\u00e9. Profitez des meilleures offres gr\u00e2ce aux ventes directes de l'usine.<\/p>\n<h2><!-- wp:heading --><\/h2>\n<h2 class=\"wp-block-heading\">Vrac 1\/9 American Style GN Pan Attributs :<\/h2>\n<h2><!-- \/wp:heading --><\/p>\n<p><!-- wp:paragraph --><\/h2>\n<p><strong>Mat\u00e9riau : <\/strong>Acier inoxydable<br \/><strong>Taille :<\/strong> 1\/1, 1\/2, 1\/3, 1\/4, 1\/4, 1\/6, 1\/9, 3\/2 gn pan<br \/><strong>Acier inoxydable \u00c9paisseur :<\/strong> 0,5mm, 0,6mm, 0,7mm, 0,8mm, 1,0mm<br \/><strong>Types de couvercles<\/strong><strong>:<\/strong> Couvercle perfor\u00e9 et couvercle en acier<br \/><strong>Conception :<\/strong> Design \u00e0 bords relev\u00e9s et roul\u00e9s<br \/><strong>Emballage :<\/strong> Sac OPP et carton<br \/><strong>OEM\/ODM :<\/strong> disponible<\/p>\n<p><!-- \/wp:paragraph --><\/p>","protected":false},"featured_media":3759,"comment_status":"closed","ping_status":"closed","template":"","meta":{"_acf_changed":false},"application":[30],"product_brand":[],"product_cat":[22,37],"product_tag":[],"class_list":{"0":"post-3764","1":"product","2":"type-product","3":"status-publish","4":"has-post-thumbnail","6":"application-hotel-catering","7":"product_cat-catering-supplies-wholesale","8":"product_cat-gastronorm-pan-manufacturer","10":"first","11":"instock","12":"shipping-taxable","13":"product-type-simple"},"acf":[],"_links":{"self":[{"href":"https:\/\/www.yongyukitchenware.com\/fr\/wp-json\/wp\/v2\/product\/3764","targetHints":{"allow":["GET"]}}],"collection":[{"href":"https:\/\/www.yongyukitchenware.com\/fr\/wp-json\/wp\/v2\/product"}],"about":[{"href":"https:\/\/www.yongyukitchenware.com\/fr\/wp-json\/wp\/v2\/types\/product"}],"replies":[{"embeddable":true,"href":"https:\/\/www.yongyukitchenware.com\/fr\/wp-json\/wp\/v2\/comments?post=3764"}],"wp:featuredmedia":[{"embeddable":true,"href":"https:\/\/www.yongyukitchenware.com\/fr\/wp-json\/wp\/v2\/media\/3759"}],"wp:attachment":[{"href":"https:\/\/www.yongyukitchenware.com\/fr\/wp-json\/wp\/v2\/media?parent=3764"}],"wp:term":[{"taxonomy":"application","embeddable":true,"href":"https:\/\/www.yongyukitchenware.com\/fr\/wp-json\/wp\/v2\/application?post=3764"},{"taxonomy":"product_brand","embeddable":true,"href":"https:\/\/www.yongyukitchenware.com\/fr\/wp-json\/wp\/v2\/product_brand?post=3764"},{"taxonomy":"product_cat","embeddable":true,"href":"https:\/\/www.yongyukitchenware.com\/fr\/wp-json\/wp\/v2\/product_cat?post=3764"},{"taxonomy":"product_tag","embeddable":true,"href":"https:\/\/www.yongyukitchenware.com\/fr\/wp-json\/wp\/v2\/product_tag?post=3764"}],"curies":[{"name":"wp","href":"https:\/\/api.w.org\/{rel}","templated":true}]}}