{"id":3797,"date":"2025-05-28T01:34:58","date_gmt":"2025-05-28T01:34:58","guid":{"rendered":"https:\/\/www.yongyukitchenware.com\/?post_type=product&#038;p=3797"},"modified":"2025-06-13T02:42:19","modified_gmt":"2025-06-13T02:42:19","slug":"wholesale-pumpkin-hanging-stove","status":"publish","type":"product","link":"https:\/\/www.yongyukitchenware.com\/fr\/produit\/wholesale-pumpkin-hanging-stove\/","title":{"rendered":"Wholesale Pumpkin Hanging Stove Luxury Stainless Steel Chafing Dish-White (Po\u00eale \u00e0 frire en acier inoxydable de luxe)"},"content":{"rendered":"<div class=\"wp-block-group is-nowrap is-layout-flex wp-container-core-group-is-layout-ad2f72ca wp-block-group-is-layout-flex\">\n<h2 class=\"wp-block-heading\">Po\u00eale suspendu \u00e0 citrouille en gros - blanc Param\u00e8tres :<\/h2>\n<\/div>\n\n\n\n<div class=\"wp-block-columns is-layout-flex wp-container-core-columns-is-layout-9d6595d7 wp-block-columns-is-layout-flex\">\n<div class=\"wp-block-column is-layout-flow wp-block-column-is-layout-flow\">\n<div class=\"wp-block-group is-nowrap is-layout-flex wp-container-core-group-is-layout-ad2f72ca wp-block-group-is-layout-flex\">\n<figure class=\"wp-block-table\"><table class=\"has-fixed-layout\"><tbody><tr><td>Mod\u00e8le<\/td><td>Capacit\u00e9 (L)<\/td><td>MOQ<\/td><\/tr><tr><td>DY038-CL<\/td><td>4.5\/6\/8L<\/td><td>4PCS<\/td><\/tr><\/tbody><\/table><\/figure>\n<\/div>\n\n\n\n<h2 class=\"wp-block-heading\">Po\u00eale suspendu \u00e0 citrouille en gros - blanc Caract\u00e9ristiques :<\/h2>\n\n\n\n<div class=\"wp-block-columns is-layout-flex wp-container-core-columns-is-layout-9d6595d7 wp-block-columns-is-layout-flex\">\n<div class=\"wp-block-column is-layout-flow wp-block-column-is-layout-flow\">\n<p><strong>Isolation \u00e0 long terme :<\/strong> Structure d'isolation creuse \u00e0 double couche + cylindre int\u00e9rieur en acier inoxydable de qualit\u00e9 alimentaire, avec bac \u00e0 combustible coupe-vent (y compris le r\u00e9servoir de combustible), qui prolonge efficacement la chaleur des aliments.<br><strong>La beaut\u00e9 dans le design : <\/strong>Le cadre du po\u00eale \u00e0 manger est magnifiquement encadr\u00e9 par des sculptures creus\u00e9es, d'une apparence d\u00e9licate et \u00e9tonnante.<br><strong>Capacit\u00e9 en or : <\/strong>4,5\/6\/8L en option pour r\u00e9pondre \u00e0 diff\u00e9rents besoins, facile \u00e0 utiliser gr\u00e2ce \u00e0 une large ouverture.<br><strong>Le couvercle peut \u00eatre suspendu : <\/strong>Le corps du four est sp\u00e9cialement con\u00e7u avec un crochet pour suspendre facilement le couvercle, ce qui est non seulement esth\u00e9tique mais aussi peu encombrant.<\/p>\n<\/div>\n\n\n\n<div class=\"wp-block-column is-layout-flow wp-block-column-is-layout-flow\">\n<figure class=\"wp-block-image size-full\"><img decoding=\"async\" width=\"800\" height=\"800\" src=\"https:\/\/www.yongyukitchenware.com\/wp-content\/uploads\/2025\/05\/Bulk-Pumpkin-Hanging-Stove-12.webp\" alt=\"Vente en gros de citrouille suspendue \u00e0 un pigeonnier-12\" class=\"wp-image-3795\" srcset=\"https:\/\/www.yongyukitchenware.com\/wp-content\/uploads\/2025\/05\/Bulk-Pumpkin-Hanging-Stove-12.webp 800w, https:\/\/www.yongyukitchenware.com\/wp-content\/uploads\/2025\/05\/Bulk-Pumpkin-Hanging-Stove-12-300x300.webp 300w, https:\/\/www.yongyukitchenware.com\/wp-content\/uploads\/2025\/05\/Bulk-Pumpkin-Hanging-Stove-12-150x150.webp 150w, https:\/\/www.yongyukitchenware.com\/wp-content\/uploads\/2025\/05\/Bulk-Pumpkin-Hanging-Stove-12-768x768.webp 768w, https:\/\/www.yongyukitchenware.com\/wp-content\/uploads\/2025\/05\/Bulk-Pumpkin-Hanging-Stove-12-12x12.webp 12w, https:\/\/www.yongyukitchenware.com\/wp-content\/uploads\/2025\/05\/Bulk-Pumpkin-Hanging-Stove-12-600x600.webp 600w, https:\/\/www.yongyukitchenware.com\/wp-content\/uploads\/2025\/05\/Bulk-Pumpkin-Hanging-Stove-12-100x100.webp 100w\" sizes=\"(max-width: 800px) 100vw, 800px\" \/><\/figure>\n<\/div>\n<\/div>\n<\/div>\n<\/div>","protected":false},"excerpt":{"rendered":"<div class=\"flex max-w-full flex-col flex-grow\">\n<div class=\"min-h-8 text-message flex w-full flex-col items-end gap-2 whitespace-normal break-words text-start [.text-message+&amp;]:mt-5\" dir=\"auto\" data-message-author-role=\"assistant\" data-message-id=\"e07a47d1-8143-4d76-a750-70f60d252df1\" data-message-model-slug=\"gpt-4o\">\n<div class=\"flex w-full flex-col gap-1 empty:hidden first:pt-[3px]\">\n<div class=\"markdown prose w-full break-words dark:prose-invert dark\">\n<p data-start=\"0\" data-end=\"249\" data-is-last-node=\"\">Po\u00eale \u00e0 citrouille de luxe en acier inoxydable en blanc \u00e9l\u00e9gant, con\u00e7u pour am\u00e9liorer la pr\u00e9sentation des aliments tout en gardant les plats au chaud, id\u00e9al pour les \u00e9v\u00e9nements de restauration haut de gamme et les buffets. Contactez-nous d\u00e8s maintenant pour b\u00e9n\u00e9ficier de prix sp\u00e9ciaux sur les commandes en gros !<\/p>\n<\/div>\n<\/div>\n<\/div>\n<\/div>\n<h2><!-- wp:heading --><\/h2>\n<h2 class=\"wp-block-heading\">Po\u00eale suspendu \u00e0 citrouille en gros - blanc Attributs :<\/h2>\n<h2><!-- \/wp:heading --><\/p>\n<p><!-- wp:paragraph --><\/h2>\n<p><strong>Mat\u00e9riau : <\/strong>Acier inoxydable<br \/><strong>Couleur : <\/strong>Argent\/Or<br \/><strong>Forme :<\/strong> Rond<br \/><strong>Chaleur : <\/strong>Chauffage \u00e9lectrique\/Chauffage \u00e0 l'alcool<br \/><strong>Bac de r\u00e9cup\u00e9ration : <\/strong>Grille simple\/double\/trois<br \/><strong>OEM\/ODM : <\/strong>Disponible<\/p>\n<h2 class=\"wp-block-heading\">Po\u00eale suspendu \u00e0 citrouille en gros - blanc Fabricant :<\/h2>\n<p>Qu'il s'agisse d'un fournisseur de services de restauration, d'un h\u00f4tel ou d'un restaurant, ou d'une soci\u00e9t\u00e9 d'organisation d'\u00e9v\u00e9nements, nous fournissons des solutions compl\u00e8tes de vente en gros de chafing dishes sur mesure pour aider votre entreprise avec des prix d'usine de haute qualit\u00e9 !<\/p>\n<h2><!-- \/wp:paragraph --><\/h2>","protected":false},"featured_media":3798,"comment_status":"closed","ping_status":"closed","template":"","meta":{"_acf_changed":true},"application":[30],"product_brand":[],"product_cat":[33],"product_tag":[],"class_list":{"0":"post-3797","1":"product","2":"type-product","3":"status-publish","4":"has-post-thumbnail","6":"application-hotel-catering","7":"product_cat-chafing-dishes-wholesale","9":"first","10":"instock","11":"shipping-taxable","12":"product-type-simple"},"acf":[],"_links":{"self":[{"href":"https:\/\/www.yongyukitchenware.com\/fr\/wp-json\/wp\/v2\/product\/3797","targetHints":{"allow":["GET"]}}],"collection":[{"href":"https:\/\/www.yongyukitchenware.com\/fr\/wp-json\/wp\/v2\/product"}],"about":[{"href":"https:\/\/www.yongyukitchenware.com\/fr\/wp-json\/wp\/v2\/types\/product"}],"replies":[{"embeddable":true,"href":"https:\/\/www.yongyukitchenware.com\/fr\/wp-json\/wp\/v2\/comments?post=3797"}],"wp:featuredmedia":[{"embeddable":true,"href":"https:\/\/www.yongyukitchenware.com\/fr\/wp-json\/wp\/v2\/media\/3798"}],"wp:attachment":[{"href":"https:\/\/www.yongyukitchenware.com\/fr\/wp-json\/wp\/v2\/media?parent=3797"}],"wp:term":[{"taxonomy":"application","embeddable":true,"href":"https:\/\/www.yongyukitchenware.com\/fr\/wp-json\/wp\/v2\/application?post=3797"},{"taxonomy":"product_brand","embeddable":true,"href":"https:\/\/www.yongyukitchenware.com\/fr\/wp-json\/wp\/v2\/product_brand?post=3797"},{"taxonomy":"product_cat","embeddable":true,"href":"https:\/\/www.yongyukitchenware.com\/fr\/wp-json\/wp\/v2\/product_cat?post=3797"},{"taxonomy":"product_tag","embeddable":true,"href":"https:\/\/www.yongyukitchenware.com\/fr\/wp-json\/wp\/v2\/product_tag?post=3797"}],"curies":[{"name":"wp","href":"https:\/\/api.w.org\/{rel}","templated":true}]}}