{"id":3801,"date":"2025-05-28T02:12:12","date_gmt":"2025-05-28T02:12:12","guid":{"rendered":"https:\/\/www.yongyukitchenware.com\/?post_type=product&#038;p=3801"},"modified":"2025-06-13T02:35:17","modified_gmt":"2025-06-13T02:35:17","slug":"bulk-pumpkin-hanging-stove-luxury-stainless-steel-chafing-dish-black","status":"publish","type":"product","link":"https:\/\/www.yongyukitchenware.com\/fr\/produit\/bulk-pumpkin-hanging-stove-luxury-stainless-steel-chafing-dish-black\/","title":{"rendered":"Po\u00eale \u00e0 frire de luxe en acier inoxydable avec citrouille suspendue - Noir"},"content":{"rendered":"<div class=\"wp-block-group is-nowrap is-layout-flex wp-container-core-group-is-layout-ad2f72ca wp-block-group-is-layout-flex\">\n<h2 class=\"wp-block-heading\">Po\u00eale suspendu en forme de citrouille personnalis\u00e9e - Param\u00e8tre noir :<\/h2>\n<\/div>\n\n\n\n<div class=\"wp-block-columns is-layout-flex wp-container-core-columns-is-layout-9d6595d7 wp-block-columns-is-layout-flex\">\n<div class=\"wp-block-column is-layout-flow wp-block-column-is-layout-flow\">\n<div class=\"wp-block-group is-nowrap is-layout-flex wp-container-core-group-is-layout-ad2f72ca wp-block-group-is-layout-flex\">\n<figure class=\"wp-block-table\"><table class=\"has-fixed-layout\"><tbody><tr><td>Mod\u00e8le<\/td><td>Capacit\u00e9 (L)<\/td><td>MOQ<\/td><\/tr><tr><td>DY038-CL<\/td><td>4.5\/6\/8L<\/td><td>4PCS<\/td><\/tr><\/tbody><\/table><\/figure>\n<\/div>\n\n\n\n<h2 class=\"wp-block-heading\">R\u00e9chaud suspendu en forme de citrouille - noir Caract\u00e9ristiques :<\/h2>\n\n\n\n<div class=\"wp-block-columns is-layout-flex wp-container-core-columns-is-layout-9d6595d7 wp-block-columns-is-layout-flex\">\n<div class=\"wp-block-column is-layout-flow wp-block-column-is-layout-flow\">\n<p><strong>Isolation \u00e0 long terme : <\/strong>Isolation creuse \u00e0 double couche + r\u00e9servoir int\u00e9rieur en acier inoxydable de qualit\u00e9 alimentaire, avec support \u00e0 combustible coupe-vent (y compris le r\u00e9servoir \u00e0 combustible), prolongeant efficacement la chaleur des aliments<br><strong>Design exquis :<\/strong> Le cadre du r\u00e9chaud est d\u00e9licatement dessin\u00e9 avec des sculptures en creux, ce qui lui conf\u00e8re une apparence d\u00e9licate et magnifique.<br><strong>Capacit\u00e9 en or :<\/strong> 4,5\/6\/8L en option pour r\u00e9pondre \u00e0 diff\u00e9rents besoins, la large ouverture facilite la prise de nourriture.<br><strong>Le couvercle peut \u00eatre suspendu :<\/strong> Le corps du four est dot\u00e9 d'un crochet permettant de suspendre facilement le couvercle, ce qui est esth\u00e9tique et peu encombrant.<\/p>\n<\/div>\n\n\n\n<div class=\"wp-block-column is-layout-flow wp-block-column-is-layout-flow\">\n<figure class=\"wp-block-image size-full\"><img decoding=\"async\" width=\"800\" height=\"800\" src=\"https:\/\/www.yongyukitchenware.com\/wp-content\/uploads\/2025\/05\/Bulk-Pumpkin-Hanging-Stove-12.webp\" alt=\"Pendaison de citrouille personnalis\u00e9e-12\" class=\"wp-image-3795\" srcset=\"https:\/\/www.yongyukitchenware.com\/wp-content\/uploads\/2025\/05\/Bulk-Pumpkin-Hanging-Stove-12.webp 800w, https:\/\/www.yongyukitchenware.com\/wp-content\/uploads\/2025\/05\/Bulk-Pumpkin-Hanging-Stove-12-300x300.webp 300w, https:\/\/www.yongyukitchenware.com\/wp-content\/uploads\/2025\/05\/Bulk-Pumpkin-Hanging-Stove-12-150x150.webp 150w, https:\/\/www.yongyukitchenware.com\/wp-content\/uploads\/2025\/05\/Bulk-Pumpkin-Hanging-Stove-12-768x768.webp 768w, https:\/\/www.yongyukitchenware.com\/wp-content\/uploads\/2025\/05\/Bulk-Pumpkin-Hanging-Stove-12-12x12.webp 12w, https:\/\/www.yongyukitchenware.com\/wp-content\/uploads\/2025\/05\/Bulk-Pumpkin-Hanging-Stove-12-600x600.webp 600w, https:\/\/www.yongyukitchenware.com\/wp-content\/uploads\/2025\/05\/Bulk-Pumpkin-Hanging-Stove-12-100x100.webp 100w\" sizes=\"(max-width: 800px) 100vw, 800px\" \/><\/figure>\n<\/div>\n<\/div>\n<\/div>\n<\/div>\n\n\n\n<p><\/p>","protected":false},"excerpt":{"rendered":"<div class=\"flex max-w-full flex-col flex-grow\">\n<div class=\"min-h-8 text-message flex w-full flex-col items-end gap-2 whitespace-normal break-words text-start [.text-message+&amp;]:mt-5\" dir=\"auto\" data-message-author-role=\"assistant\" data-message-id=\"e07a47d1-8143-4d76-a750-70f60d252df1\" data-message-model-slug=\"gpt-4o\">\n<div class=\"flex w-full flex-col gap-1 empty:hidden first:pt-[3px]\">\n<div class=\"markdown prose w-full break-words dark:prose-invert dark\">\n<p data-start=\"0\" data-end=\"249\" data-is-last-node=\"\">Po\u00eale \u00e0 citrouille suspendu en acier inoxydable de luxe en noir \u00e9l\u00e9gant, id\u00e9al pour une pr\u00e9sentation sophistiqu\u00e9e des aliments lors d'\u00e9v\u00e9nements haut de gamme et d'occasions de restauration. Renseignez-vous d\u00e8s maintenant pour b\u00e9n\u00e9ficier de remises exclusives sur les produits en vrac !<\/p>\n<\/div>\n<\/div>\n<\/div>\n<\/div>\n<h2><!-- wp:heading --><\/h2>\n<h2 class=\"wp-block-heading\">Po\u00eale suspendu en forme de citrouille personnalis\u00e9e - Attributs noirs :<\/h2>\n<h2><!-- \/wp:heading --><\/p>\n<p><!-- wp:paragraph --><\/h2>\n<p><strong>Mat\u00e9riau : <\/strong>Acier inoxydable<br \/><strong>Couleur : <\/strong>Argent\/Or<br \/><strong>Forme :<\/strong> Rond<br \/><strong>Chaleur : <\/strong>Chauffage \u00e9lectrique\/Chauffage \u00e0 l'alcool<br \/><strong>Bac de r\u00e9cup\u00e9ration : <\/strong>Grille simple\/double\/trois<br \/><strong>OEM\/ODM : <\/strong>Disponible<\/p>\n<h2 class=\"wp-block-heading\">Po\u00eale suspendu \u00e0 citrouille en vrac-Noir Fabricant :<\/h2>\n<p>Qu'il s'agisse d'un fournisseur de services de restauration, d'un h\u00f4tel ou d'un restaurant, ou d'une soci\u00e9t\u00e9 d'organisation d'\u00e9v\u00e9nements, nous fournissons des solutions personnalis\u00e9es compl\u00e8tes pour aider votre entreprise avec des prix d'usine de haute qualit\u00e9 !<\/p>\n<h2><!-- \/wp:paragraph --><\/h2>","protected":false},"featured_media":3802,"comment_status":"closed","ping_status":"closed","template":"","meta":{"_acf_changed":false},"application":[30],"product_brand":[],"product_cat":[33],"product_tag":[],"class_list":{"0":"post-3801","1":"product","2":"type-product","3":"status-publish","4":"has-post-thumbnail","6":"application-hotel-catering","7":"product_cat-chafing-dishes-wholesale","9":"first","10":"instock","11":"shipping-taxable","12":"product-type-simple"},"acf":[],"_links":{"self":[{"href":"https:\/\/www.yongyukitchenware.com\/fr\/wp-json\/wp\/v2\/product\/3801","targetHints":{"allow":["GET"]}}],"collection":[{"href":"https:\/\/www.yongyukitchenware.com\/fr\/wp-json\/wp\/v2\/product"}],"about":[{"href":"https:\/\/www.yongyukitchenware.com\/fr\/wp-json\/wp\/v2\/types\/product"}],"replies":[{"embeddable":true,"href":"https:\/\/www.yongyukitchenware.com\/fr\/wp-json\/wp\/v2\/comments?post=3801"}],"wp:featuredmedia":[{"embeddable":true,"href":"https:\/\/www.yongyukitchenware.com\/fr\/wp-json\/wp\/v2\/media\/3802"}],"wp:attachment":[{"href":"https:\/\/www.yongyukitchenware.com\/fr\/wp-json\/wp\/v2\/media?parent=3801"}],"wp:term":[{"taxonomy":"application","embeddable":true,"href":"https:\/\/www.yongyukitchenware.com\/fr\/wp-json\/wp\/v2\/application?post=3801"},{"taxonomy":"product_brand","embeddable":true,"href":"https:\/\/www.yongyukitchenware.com\/fr\/wp-json\/wp\/v2\/product_brand?post=3801"},{"taxonomy":"product_cat","embeddable":true,"href":"https:\/\/www.yongyukitchenware.com\/fr\/wp-json\/wp\/v2\/product_cat?post=3801"},{"taxonomy":"product_tag","embeddable":true,"href":"https:\/\/www.yongyukitchenware.com\/fr\/wp-json\/wp\/v2\/product_tag?post=3801"}],"curies":[{"name":"wp","href":"https:\/\/api.w.org\/{rel}","templated":true}]}}