{"id":3857,"date":"2025-05-19T10:18:05","date_gmt":"2025-05-19T10:18:05","guid":{"rendered":"https:\/\/www.yongyukitchenware.com\/?post_type=product&#038;p=3857"},"modified":"2025-07-10T09:36:40","modified_gmt":"2025-07-10T09:36:40","slug":"bulk-10l-black-stainless-steel-soup-kettle-commercial-equipment","status":"publish","type":"product","link":"https:\/\/www.yongyukitchenware.com\/fr\/produit\/bulk-10l-black-stainless-steel-soup-kettle-commercial-equipment\/","title":{"rendered":"Bouilloire \u00e0 soupe 10L en acier inoxydable noir en vrac \u00c9quipement commercial"},"content":{"rendered":"<div class=\"wp-block-columns is-layout-flex wp-container-core-columns-is-layout-9d6595d7 wp-block-columns-is-layout-flex\">\n<div class=\"wp-block-column is-layout-flow wp-block-column-is-layout-flow\">\n<h2 class=\"wp-block-heading\">Bouilloire en acier inoxydable noir 10L Param\u00e8tres :<\/h2>\n\n\n\n<figure class=\"wp-block-table\"><table class=\"has-fixed-layout\"><tbody><tr><td>Mod\u00e8le<\/td><td>Capacit\u00e9 (L)<\/td><td>MOQ<\/td><\/tr><tr><td>DY048-CL<\/td><td>10<\/td><td>4PCS<\/td><\/tr><\/tbody><\/table><\/figure>\n\n\n\n<h2 class=\"wp-block-heading\">Bouilloire en acier inoxydable noir 10L Caract\u00e9ristiques :<\/h2>\n\n\n\n<p><strong>Grande capacit\u00e9 : <\/strong>Cette marmite \u00e0 soupe commerciale de 10 litres est tout \u00e0 fait appropri\u00e9e pour servir un grand nombre de personnes. Elle est id\u00e9ale pour les restaurants, les f\u00eates, les buffets et l'usage domestique.<br><strong>Acier inoxydable de premi\u00e8re qualit\u00e9 :<\/strong> Il poss\u00e8de un pot int\u00e9rieur en acier inoxydable de qualit\u00e9 alimentaire, durable et facile \u00e0 nettoyer, garantissant un environnement de cuisson propre.<br><strong>Contr\u00f4le pr\u00e9cis de la temp\u00e9rature : <\/strong>Cette marmite adopte une structure tridimensionnelle \u00e0 temp\u00e9rature constante et une technologie de s\u00e9paration de l'eau pour une distribution uniforme de la chaleur. Le thermostat r\u00e9glable permet de r\u00e9guler avec pr\u00e9cision les param\u00e8tres de chauffage afin d'assurer le meilleur maintien de la temp\u00e9rature des plats.<br><strong>Utilisation multifonctionnelle :<\/strong> Cette marmite \u00e9lectrique a de multiples usages. Que vous teniez un restaurant qui ne d\u00e9semplit pas ou que vous organisiez une grande f\u00eate ou un \u00e9v\u00e9nement, elle vous permet de pr\u00e9parer une grande quantit\u00e9 de soupe ou de rago\u00fbt chauds et de les servir quand vous le souhaitez. Les r\u00e9glages de chauffage permettent de maintenir une temp\u00e9rature optimale pour diff\u00e9rents plats.<br><\/p>\n<\/div>\n\n\n\n<div class=\"wp-block-column is-layout-flow wp-block-column-is-layout-flow\">\n<figure class=\"wp-block-image size-full\"><img decoding=\"async\" width=\"1500\" height=\"1500\" src=\"https:\/\/www.yongyukitchenware.com\/wp-content\/uploads\/2025\/05\/Bulk-10L-Black-Stainless-Steel-Soup-Kettle-4.webp\" alt=\"Bulk-10L-Bouilloire en acier inoxydable-noir-4\" class=\"wp-image-3861\" srcset=\"https:\/\/www.yongyukitchenware.com\/wp-content\/uploads\/2025\/05\/Bulk-10L-Black-Stainless-Steel-Soup-Kettle-4.webp 1500w, https:\/\/www.yongyukitchenware.com\/wp-content\/uploads\/2025\/05\/Bulk-10L-Black-Stainless-Steel-Soup-Kettle-4-300x300.webp 300w, https:\/\/www.yongyukitchenware.com\/wp-content\/uploads\/2025\/05\/Bulk-10L-Black-Stainless-Steel-Soup-Kettle-4-150x150.webp 150w, https:\/\/www.yongyukitchenware.com\/wp-content\/uploads\/2025\/05\/Bulk-10L-Black-Stainless-Steel-Soup-Kettle-4-768x768.webp 768w, https:\/\/www.yongyukitchenware.com\/wp-content\/uploads\/2025\/05\/Bulk-10L-Black-Stainless-Steel-Soup-Kettle-4-12x12.webp 12w, https:\/\/www.yongyukitchenware.com\/wp-content\/uploads\/2025\/05\/Bulk-10L-Black-Stainless-Steel-Soup-Kettle-4-1200x1200.webp 1200w, https:\/\/www.yongyukitchenware.com\/wp-content\/uploads\/2025\/05\/Bulk-10L-Black-Stainless-Steel-Soup-Kettle-4-600x600.webp 600w, https:\/\/www.yongyukitchenware.com\/wp-content\/uploads\/2025\/05\/Bulk-10L-Black-Stainless-Steel-Soup-Kettle-4-100x100.webp 100w\" sizes=\"(max-width: 1500px) 100vw, 1500px\" \/><\/figure>\n<\/div>\n<\/div>","protected":false},"excerpt":{"rendered":"<p>Bouilloire en acier inoxydable noir 10L en vrac \u00e9quipement commercial. Con\u00e7ue pour un usage commercial, id\u00e9ale pour servir les soupes et les rago\u00fbts. Construction durable en acier inoxydable avec une capacit\u00e9 de 10L pour un service de restauration efficace. Contactez Yongyu d\u00e8s aujourd'hui pour am\u00e9liorer l'exp\u00e9rience de vos clients en mati\u00e8re de restauration !<\/p>\n<h2><!-- wp:heading --><\/h2>\n<h2 class=\"wp-block-heading\">Bouilloire en acier inoxydable noir 10L :<\/h2>\n<h2><!-- \/wp:heading --><\/p>\n<p><!-- wp:paragraph --><\/h2>\n<p><strong>Mat\u00e9riau : <\/strong>Acier inoxydable<br \/><strong>Couleur :<\/strong>Noir\/Argent<br \/><strong>Forme :<\/strong> Rond<br \/><strong>Chaleur : <\/strong>Chauffage \u00e9lectrique<br \/><strong>Bac de r\u00e9cup\u00e9ration : <\/strong>Grille unique<br \/><strong>OEM\/ODM : <\/strong>Disponible<\/p>\n<h2 class=\"wp-block-heading\">Attributs du fabricant de r\u00e9chauds \u00e0 soupe :<\/h2>\n<p>Qu'il s'agisse d'un fournisseur de services de restauration, d'un h\u00f4tel ou d'un restaurant, ou d'une soci\u00e9t\u00e9 d'organisation d'\u00e9v\u00e9nements, nous fournissons des solutions compl\u00e8tes de vente en gros de chafing dishes pour aider votre entreprise avec des prix d'usine de haute qualit\u00e9 !<\/p>\n<h2><!-- \/wp:paragraph --><\/h2>","protected":false},"featured_media":3858,"comment_status":"closed","ping_status":"closed","template":"","meta":{"_acf_changed":false},"application":[30],"product_brand":[],"product_cat":[33],"product_tag":[],"class_list":{"0":"post-3857","1":"product","2":"type-product","3":"status-publish","4":"has-post-thumbnail","6":"application-hotel-catering","7":"product_cat-chafing-dishes-wholesale","9":"first","10":"instock","11":"shipping-taxable","12":"product-type-simple"},"acf":[],"_links":{"self":[{"href":"https:\/\/www.yongyukitchenware.com\/fr\/wp-json\/wp\/v2\/product\/3857","targetHints":{"allow":["GET"]}}],"collection":[{"href":"https:\/\/www.yongyukitchenware.com\/fr\/wp-json\/wp\/v2\/product"}],"about":[{"href":"https:\/\/www.yongyukitchenware.com\/fr\/wp-json\/wp\/v2\/types\/product"}],"replies":[{"embeddable":true,"href":"https:\/\/www.yongyukitchenware.com\/fr\/wp-json\/wp\/v2\/comments?post=3857"}],"wp:featuredmedia":[{"embeddable":true,"href":"https:\/\/www.yongyukitchenware.com\/fr\/wp-json\/wp\/v2\/media\/3858"}],"wp:attachment":[{"href":"https:\/\/www.yongyukitchenware.com\/fr\/wp-json\/wp\/v2\/media?parent=3857"}],"wp:term":[{"taxonomy":"application","embeddable":true,"href":"https:\/\/www.yongyukitchenware.com\/fr\/wp-json\/wp\/v2\/application?post=3857"},{"taxonomy":"product_brand","embeddable":true,"href":"https:\/\/www.yongyukitchenware.com\/fr\/wp-json\/wp\/v2\/product_brand?post=3857"},{"taxonomy":"product_cat","embeddable":true,"href":"https:\/\/www.yongyukitchenware.com\/fr\/wp-json\/wp\/v2\/product_cat?post=3857"},{"taxonomy":"product_tag","embeddable":true,"href":"https:\/\/www.yongyukitchenware.com\/fr\/wp-json\/wp\/v2\/product_tag?post=3857"}],"curies":[{"name":"wp","href":"https:\/\/api.w.org\/{rel}","templated":true}]}}