{"id":3866,"date":"2025-05-22T09:01:13","date_gmt":"2025-05-22T09:01:13","guid":{"rendered":"https:\/\/www.yongyukitchenware.com\/?post_type=product&#038;p=3866"},"modified":"2025-06-13T02:46:04","modified_gmt":"2025-06-13T02:46:04","slug":"bulk-13l-soup-warmer-stainless-steel-electric-soup-kettle","status":"publish","type":"product","link":"https:\/\/www.yongyukitchenware.com\/fr\/produit\/bulk-13l-soup-warmer-stainless-steel-electric-soup-kettle\/","title":{"rendered":"Bouilloire \u00e9lectrique 13L en acier inoxydable pour la soupe"},"content":{"rendered":"<div class=\"wp-block-columns is-layout-flex wp-container-core-columns-is-layout-9d6595d7 wp-block-columns-is-layout-flex\">\n<div class=\"wp-block-column is-layout-flow wp-block-column-is-layout-flow\">\n<h2 class=\"wp-block-heading\">Chauffe-soupe 13L en vrac Param\u00e8tres :<\/h2>\n\n\n\n<figure class=\"wp-block-table\"><table class=\"has-fixed-layout\"><tbody><tr><td>Mod\u00e8le<\/td><td>Capacit\u00e9 (L)<\/td><td>MOQ<\/td><\/tr><tr><td>DY049-CL<\/td><td>13<\/td><td>4PCS<\/td><\/tr><\/tbody><\/table><\/figure>\n\n\n\n<h2 class=\"wp-block-heading\">Bulk 13L Soup Warmer Caract\u00e9ristiques :<\/h2>\n\n\n\n<p><strong>Grande capacit\u00e9 :<\/strong>Cette marmite \u00e0 soupe commerciale a une capacit\u00e9 de 13 litres et convient parfaitement pour servir de grands groupes. Elle convient aux restaurants, aux f\u00eates, aux buffets et \u00e0 l'usage domestique.<br><strong>Acier inoxydable de haute qualit\u00e9 :<\/strong>Cette marmite \u00e0 soupe est dot\u00e9e d'un pot int\u00e9rieur en acier inoxydable de qualit\u00e9 alimentaire, durable et facile \u00e0 nettoyer, garantissant un environnement de cuisson hygi\u00e9nique.<br><strong>Contr\u00f4le pr\u00e9cis de la temp\u00e9rature :<\/strong>Cette marmite \u00e0 soupe adopte une conception tridimensionnelle \u00e0 temp\u00e9rature constante et utilise la technologie de s\u00e9paration de l'eau pour assurer une distribution uniforme de la chaleur. Le thermostat r\u00e9glable permet de contr\u00f4ler avec pr\u00e9cision les param\u00e8tres de chauffage et d'assurer le meilleur maintien de la temp\u00e9rature pour diff\u00e9rents plats.<br><strong>Application multifonctionnelle :<\/strong>Cette marmite \u00e0 soupe \u00e9lectrique offre un large \u00e9ventail d'utilisations. Que vous teniez un restaurant tr\u00e8s fr\u00e9quent\u00e9 ou que vous organisiez une grande f\u00eate ou un \u00e9v\u00e9nement, elle vous permet de pr\u00e9parer et de conserver une grande quantit\u00e9 de soupe, ou de la r\u00e9chauffer et de la servir \u00e0 tout moment.<\/p>\n<\/div>\n\n\n\n<div class=\"wp-block-column is-layout-flow wp-block-column-is-layout-flow\">\n<figure class=\"wp-block-image size-full\"><img decoding=\"async\" width=\"800\" height=\"800\" src=\"https:\/\/www.yongyukitchenware.com\/wp-content\/uploads\/2025\/05\/Bulk-13L-Soup-Warmer-5.webp\" alt=\"Bulk-13L-Soup-Warmer-5\" class=\"wp-image-3871\" srcset=\"https:\/\/www.yongyukitchenware.com\/wp-content\/uploads\/2025\/05\/Bulk-13L-Soup-Warmer-5.webp 800w, https:\/\/www.yongyukitchenware.com\/wp-content\/uploads\/2025\/05\/Bulk-13L-Soup-Warmer-5-300x300.webp 300w, https:\/\/www.yongyukitchenware.com\/wp-content\/uploads\/2025\/05\/Bulk-13L-Soup-Warmer-5-150x150.webp 150w, https:\/\/www.yongyukitchenware.com\/wp-content\/uploads\/2025\/05\/Bulk-13L-Soup-Warmer-5-768x768.webp 768w, https:\/\/www.yongyukitchenware.com\/wp-content\/uploads\/2025\/05\/Bulk-13L-Soup-Warmer-5-12x12.webp 12w, https:\/\/www.yongyukitchenware.com\/wp-content\/uploads\/2025\/05\/Bulk-13L-Soup-Warmer-5-600x600.webp 600w, https:\/\/www.yongyukitchenware.com\/wp-content\/uploads\/2025\/05\/Bulk-13L-Soup-Warmer-5-100x100.webp 100w\" sizes=\"(max-width: 800px) 100vw, 800px\" \/><\/figure>\n<\/div>\n<\/div>","protected":false},"excerpt":{"rendered":"<p>La bouilloire \u00e9lectrique en acier inoxydable Bulk 13L Soup Warmer est id\u00e9ale pour les cuisines commerciales, les buffets et les services de restauration afin de garder les soupes et les rago\u00fbts parfaitement chauds et pr\u00eats \u00e0 \u00eatre servis. Contactez Yongyu d\u00e8s aujourd'hui pour am\u00e9liorer l'exp\u00e9rience de vos clients en mati\u00e8re de restauration !<\/p>\n<h2><!-- wp:heading --><\/h2>\n<h2 class=\"wp-block-heading\">R\u00e9chauffeur de soupe 13L en vrac :<\/h2>\n<h2><!-- \/wp:heading --><\/p>\n<p><!-- wp:paragraph --><\/h2>\n<p><strong>Mat\u00e9riau : <\/strong>Acier inoxydable<br \/><strong>Couleur : <\/strong>Noir\/Argent<br \/><strong>Forme :<\/strong> Rond<br \/><strong>Chaleur : <\/strong>Chauffage \u00e9lectrique<br \/><strong>Bac de r\u00e9cup\u00e9ration : <\/strong>Grille unique<br \/><strong>OEM\/ODM : <\/strong>Disponible<\/p>\n<h2 class=\"wp-block-heading\">Fabricant de chauffe-soupe 13L en vrac :<\/h2>\n<p>Qu'il s'agisse d'un fournisseur de services de restauration, d'un h\u00f4tel et d'un restaurant, ou d'une soci\u00e9t\u00e9 d'organisation d'\u00e9v\u00e9nements, nous fournissons des solutions compl\u00e8tes de vente en gros de chafing dishes sur mesure pour aider votre entreprise avec des prix d'usine de haute qualit\u00e9 !<\/p>\n<h2><!-- \/wp:paragraph --><\/h2>","protected":false},"featured_media":3867,"comment_status":"closed","ping_status":"closed","template":"","meta":{"_acf_changed":true},"application":[30],"product_brand":[],"product_cat":[33],"product_tag":[],"class_list":{"0":"post-3866","1":"product","2":"type-product","3":"status-publish","4":"has-post-thumbnail","6":"application-hotel-catering","7":"product_cat-chafing-dishes-wholesale","9":"first","10":"instock","11":"shipping-taxable","12":"product-type-simple"},"acf":[],"_links":{"self":[{"href":"https:\/\/www.yongyukitchenware.com\/fr\/wp-json\/wp\/v2\/product\/3866","targetHints":{"allow":["GET"]}}],"collection":[{"href":"https:\/\/www.yongyukitchenware.com\/fr\/wp-json\/wp\/v2\/product"}],"about":[{"href":"https:\/\/www.yongyukitchenware.com\/fr\/wp-json\/wp\/v2\/types\/product"}],"replies":[{"embeddable":true,"href":"https:\/\/www.yongyukitchenware.com\/fr\/wp-json\/wp\/v2\/comments?post=3866"}],"wp:featuredmedia":[{"embeddable":true,"href":"https:\/\/www.yongyukitchenware.com\/fr\/wp-json\/wp\/v2\/media\/3867"}],"wp:attachment":[{"href":"https:\/\/www.yongyukitchenware.com\/fr\/wp-json\/wp\/v2\/media?parent=3866"}],"wp:term":[{"taxonomy":"application","embeddable":true,"href":"https:\/\/www.yongyukitchenware.com\/fr\/wp-json\/wp\/v2\/application?post=3866"},{"taxonomy":"product_brand","embeddable":true,"href":"https:\/\/www.yongyukitchenware.com\/fr\/wp-json\/wp\/v2\/product_brand?post=3866"},{"taxonomy":"product_cat","embeddable":true,"href":"https:\/\/www.yongyukitchenware.com\/fr\/wp-json\/wp\/v2\/product_cat?post=3866"},{"taxonomy":"product_tag","embeddable":true,"href":"https:\/\/www.yongyukitchenware.com\/fr\/wp-json\/wp\/v2\/product_tag?post=3866"}],"curies":[{"name":"wp","href":"https:\/\/api.w.org\/{rel}","templated":true}]}}