{"id":3873,"date":"2025-05-19T10:11:37","date_gmt":"2025-05-19T10:11:37","guid":{"rendered":"https:\/\/www.yongyukitchenware.com\/?post_type=product&#038;p=3873"},"modified":"2025-06-13T03:22:43","modified_gmt":"2025-06-13T03:22:43","slug":"bulk-stainless-steel-electric-soup-pot-13l-soup-warmer-hotel-equipment","status":"publish","type":"product","link":"https:\/\/www.yongyukitchenware.com\/fr\/produit\/bulk-stainless-steel-electric-soup-pot-13l-soup-warmer-hotel-equipment\/","title":{"rendered":"Bulk Stainless Steel Electric Soup Pot 13L Soup Warmer Hotel Equipment"},"content":{"rendered":"<div class=\"wp-block-columns is-layout-flex wp-container-core-columns-is-layout-9d6595d7 wp-block-columns-is-layout-flex\">\n<div class=\"wp-block-column is-layout-flow wp-block-column-is-layout-flow\">\n<h2 class=\"wp-block-heading\">Pot \u00e0 soupe \u00e9lectrique en acier inoxydable Param\u00e8tres :<\/h2>\n\n\n\n<figure class=\"wp-block-table\"><table class=\"has-fixed-layout\"><tbody><tr><td>Mod\u00e8le<\/td><td>Capacit\u00e9 (L)<\/td><td>MOQ<\/td><\/tr><tr><td>DY050-CL<\/td><td>13<\/td><td>4PCS<\/td><\/tr><\/tbody><\/table><\/figure>\n\n\n\n<h2 class=\"wp-block-heading\">Pot \u00e0 soupe \u00e9lectrique en acier inoxydable en vrac Caract\u00e9ristiques :<\/h2>\n\n\n\n<p><strong>Grande capacit\u00e9 : <\/strong>Cette marmite \u00e0 soupe commerciale a une capacit\u00e9 de 13 litres et convient parfaitement pour servir de grands groupes. Elle convient aux restaurants, aux f\u00eates, aux buffets et \u00e0 l'usage domestique.<br><strong>Acier inoxydable de haute qualit\u00e9 : <\/strong>Cette marmite \u00e0 soupe est dot\u00e9e d'un pot int\u00e9rieur en acier inoxydable de qualit\u00e9 alimentaire, durable et facile \u00e0 nettoyer, garantissant un environnement de cuisson hygi\u00e9nique.<br><strong>Contr\u00f4le pr\u00e9cis de la temp\u00e9rature :<\/strong> Cette marmite \u00e0 soupe adopte une conception tridimensionnelle \u00e0 temp\u00e9rature constante et utilise la technologie de s\u00e9paration de l'eau pour assurer une distribution uniforme de la chaleur. Le thermostat r\u00e9glable permet de contr\u00f4ler avec pr\u00e9cision les param\u00e8tres de chauffage et d'assurer le meilleur maintien de la temp\u00e9rature pour diff\u00e9rents plats.<br><strong>Application multifonctionnelle : <\/strong>Cette marmite \u00e0 soupe \u00e9lectrique offre un large \u00e9ventail d'utilisations. Que vous teniez un restaurant tr\u00e8s fr\u00e9quent\u00e9 ou que vous organisiez une grande f\u00eate ou un \u00e9v\u00e9nement, elle vous permet de pr\u00e9parer et de conserver une grande quantit\u00e9 de soupe ou de rago\u00fbt au chaud, et de la servir \u00e0 tout moment.<\/p>\n<\/div>\n\n\n\n<div class=\"wp-block-column is-layout-flow wp-block-column-is-layout-flow\">\n<figure class=\"wp-block-image size-full\"><img decoding=\"async\" width=\"1500\" height=\"1500\" src=\"https:\/\/www.yongyukitchenware.com\/wp-content\/uploads\/2025\/05\/Bulk-Stainless-Steel-Electric-Soup-Pot-6.webp\" alt=\"Marmite \u00e0 soupe \u00e9lectrique en acier inoxydable en vrac-6\" class=\"wp-image-3879\" srcset=\"https:\/\/www.yongyukitchenware.com\/wp-content\/uploads\/2025\/05\/Bulk-Stainless-Steel-Electric-Soup-Pot-6.webp 1500w, https:\/\/www.yongyukitchenware.com\/wp-content\/uploads\/2025\/05\/Bulk-Stainless-Steel-Electric-Soup-Pot-6-300x300.webp 300w, https:\/\/www.yongyukitchenware.com\/wp-content\/uploads\/2025\/05\/Bulk-Stainless-Steel-Electric-Soup-Pot-6-150x150.webp 150w, https:\/\/www.yongyukitchenware.com\/wp-content\/uploads\/2025\/05\/Bulk-Stainless-Steel-Electric-Soup-Pot-6-768x768.webp 768w, https:\/\/www.yongyukitchenware.com\/wp-content\/uploads\/2025\/05\/Bulk-Stainless-Steel-Electric-Soup-Pot-6-12x12.webp 12w, https:\/\/www.yongyukitchenware.com\/wp-content\/uploads\/2025\/05\/Bulk-Stainless-Steel-Electric-Soup-Pot-6-1200x1200.webp 1200w, https:\/\/www.yongyukitchenware.com\/wp-content\/uploads\/2025\/05\/Bulk-Stainless-Steel-Electric-Soup-Pot-6-600x600.webp 600w, https:\/\/www.yongyukitchenware.com\/wp-content\/uploads\/2025\/05\/Bulk-Stainless-Steel-Electric-Soup-Pot-6-100x100.webp 100w\" sizes=\"(max-width: 1500px) 100vw, 1500px\" \/><\/figure>\n<\/div>\n<\/div>","protected":false},"excerpt":{"rendered":"<p>Vaste marmite \u00e0 soupe \u00e9lectrique en acier inoxydable 13L, chauffe-soupe, \u00e9quipement h\u00f4telier. Id\u00e9al pour garder les soupes chaudes dans les h\u00f4tels, les buffets et les \u00e9v\u00e9nements de restauration. La construction durable et la grande capacit\u00e9 de 13 litres garantissent un service efficace. Contactez Yongyu d\u00e8s aujourd'hui pour am\u00e9liorer votre exp\u00e9rience de restauration avec vos clients !<\/p>\n<h2><!-- wp:heading --><\/h2>\n<h2 class=\"wp-block-heading\">Marmite \u00e0 soupe \u00e9lectrique en acier inoxydable en vrac :<\/h2>\n<h2><!-- \/wp:heading --><\/p>\n<p><!-- wp:paragraph --><\/h2>\n<p><strong>Mat\u00e9riau : <\/strong>Acier inoxydable<br \/><strong>Couleur :<\/strong>Noir\/Argent<br \/><strong>Forme :<\/strong> Rond<br \/><strong>Chaleur : <\/strong>Chauffage \u00e9lectrique<br \/><strong>Bac de r\u00e9cup\u00e9ration : <\/strong>Grille unique<br \/><strong>OEM\/ODM : <\/strong>Disponible<\/p>\n<h2 class=\"wp-block-heading\">Fabricant de marmites \u00e0 soupe \u00e9lectriques en acier inoxydable en vrac :<\/h2>\n<p>Qu'il s'agisse d'un fournisseur de services de restauration, d'un h\u00f4tel ou d'un restaurant, ou d'une soci\u00e9t\u00e9 d'organisation d'\u00e9v\u00e9nements, nous fournissons des solutions compl\u00e8tes de vente en gros de chafing dishes pour aider votre entreprise avec des prix d'usine de haute qualit\u00e9 !<\/p>\n<h2><!-- \/wp:paragraph --><\/h2>","protected":false},"featured_media":3874,"comment_status":"closed","ping_status":"closed","template":"","meta":{"_acf_changed":false},"application":[30],"product_brand":[],"product_cat":[33],"product_tag":[],"class_list":{"0":"post-3873","1":"product","2":"type-product","3":"status-publish","4":"has-post-thumbnail","6":"application-hotel-catering","7":"product_cat-chafing-dishes-wholesale","9":"first","10":"instock","11":"shipping-taxable","12":"product-type-simple"},"acf":[],"_links":{"self":[{"href":"https:\/\/www.yongyukitchenware.com\/fr\/wp-json\/wp\/v2\/product\/3873","targetHints":{"allow":["GET"]}}],"collection":[{"href":"https:\/\/www.yongyukitchenware.com\/fr\/wp-json\/wp\/v2\/product"}],"about":[{"href":"https:\/\/www.yongyukitchenware.com\/fr\/wp-json\/wp\/v2\/types\/product"}],"replies":[{"embeddable":true,"href":"https:\/\/www.yongyukitchenware.com\/fr\/wp-json\/wp\/v2\/comments?post=3873"}],"wp:featuredmedia":[{"embeddable":true,"href":"https:\/\/www.yongyukitchenware.com\/fr\/wp-json\/wp\/v2\/media\/3874"}],"wp:attachment":[{"href":"https:\/\/www.yongyukitchenware.com\/fr\/wp-json\/wp\/v2\/media?parent=3873"}],"wp:term":[{"taxonomy":"application","embeddable":true,"href":"https:\/\/www.yongyukitchenware.com\/fr\/wp-json\/wp\/v2\/application?post=3873"},{"taxonomy":"product_brand","embeddable":true,"href":"https:\/\/www.yongyukitchenware.com\/fr\/wp-json\/wp\/v2\/product_brand?post=3873"},{"taxonomy":"product_cat","embeddable":true,"href":"https:\/\/www.yongyukitchenware.com\/fr\/wp-json\/wp\/v2\/product_cat?post=3873"},{"taxonomy":"product_tag","embeddable":true,"href":"https:\/\/www.yongyukitchenware.com\/fr\/wp-json\/wp\/v2\/product_tag?post=3873"}],"curies":[{"name":"wp","href":"https:\/\/api.w.org\/{rel}","templated":true}]}}