{"id":3931,"date":"2025-05-26T09:55:41","date_gmt":"2025-05-26T09:55:41","guid":{"rendered":"https:\/\/www.yongyukitchenware.com\/?post_type=product&#038;p=3931"},"modified":"2025-06-13T02:44:36","modified_gmt":"2025-06-13T02:44:36","slug":"bulk-11l-electric-soup-pot","status":"publish","type":"product","link":"https:\/\/www.yongyukitchenware.com\/fr\/produit\/bulk-11l-electric-soup-pot\/","title":{"rendered":"Bulk 11L Electric Soup Pot Stainless Steel Insulated Soup Kettle-Yellow (marmite \u00e0 soupe \u00e9lectrique en acier inoxydable isol\u00e9e)"},"content":{"rendered":"<div class=\"wp-block-columns is-layout-flex wp-container-core-columns-is-layout-9d6595d7 wp-block-columns-is-layout-flex\">\n<div class=\"wp-block-column is-layout-flow wp-block-column-is-layout-flow\">\n<h2 class=\"wp-block-heading\">Marmite \u00e0 soupe \u00e9lectrique 11L en vrac Param\u00e8tres :<\/h2>\n\n\n\n<figure class=\"wp-block-table\"><table class=\"has-fixed-layout\"><tbody><tr><td>Mod\u00e8le<\/td><td>Capacit\u00e9 (L)<\/td><td>MOQ<\/td><\/tr><tr><td>DY051-CL<\/td><td>11<\/td><td>6PCS<\/td><\/tr><\/tbody><\/table><\/figure>\n\n\n\n<h2 class=\"wp-block-heading\">Bulk 11L Electric Soup Pot Caract\u00e9ristiques :<\/h2>\n\n\n\n<p><strong>Robuste et solide :<\/strong> Le produit est fabriqu\u00e9 en acier inoxydable 201 de haute qualit\u00e9, en caoutchouc, en bak\u00e9lite et autres mat\u00e9riaux, et est trait\u00e9 par des processus de peinture et de polissage. Il poss\u00e8de une grande solidit\u00e9, une r\u00e9sistance \u00e0 la chaleur, une r\u00e9sistance \u00e0 l'usure, de bonnes performances d'isolation et une longue dur\u00e9e de vie.<br><strong>Bonne r\u00e9tention thermique :<\/strong>Chauffage rapide de 500W, la plaque chauffante se condense et se r\u00e9chauffe continuellement pour maintenir vos aliments \u00e0 une temp\u00e9rature chaude, ce qui convient aux habitudes de consommation de la plupart des gens.<br><strong>Grande capacit\u00e9 : <\/strong>Sa grande capacit\u00e9 de 11 litres garantit que vous n'aurez jamais \u00e0 isoler en vrac et que vous pourrez accueillir un grand nombre de clients en toute simplicit\u00e9. C'est le choix id\u00e9al pour les \u00e9v\u00e9nements de masse et les cuisines de restauration.<br><strong>S\u00e9curit\u00e9 \u00e9lev\u00e9e : <\/strong>Cet article utilise une technologie d'isolation \u00e0 sec et n'est pas un processus d'ajout d'eau. Un syst\u00e8me intelligent de lutte contre la combustion \u00e0 sec garantit votre s\u00e9curit\u00e9.<br>Facile \u00e0 utiliser et \u00e0 entretenir : Une touche marche\/arr\u00eat, un voyant LED d'indication de puissance, un manuel d'utilisation d\u00e9taill\u00e9 en anglais, et un fonctionnement simple.<\/p>\n<\/div>\n\n\n\n<div class=\"wp-block-column is-layout-flow wp-block-column-is-layout-flow\">\n<figure class=\"wp-block-image size-full\"><img decoding=\"async\" width=\"1500\" height=\"1500\" src=\"https:\/\/www.yongyukitchenware.com\/wp-content\/uploads\/2025\/05\/Bulk-11L-Electric-Soup-Pot-7.webp\" alt=\"Bulk-11L-Soup-Pot \u00e9lectrique-7\" class=\"wp-image-3895\" srcset=\"https:\/\/www.yongyukitchenware.com\/wp-content\/uploads\/2025\/05\/Bulk-11L-Electric-Soup-Pot-7.webp 1500w, https:\/\/www.yongyukitchenware.com\/wp-content\/uploads\/2025\/05\/Bulk-11L-Electric-Soup-Pot-7-300x300.webp 300w, https:\/\/www.yongyukitchenware.com\/wp-content\/uploads\/2025\/05\/Bulk-11L-Electric-Soup-Pot-7-150x150.webp 150w, https:\/\/www.yongyukitchenware.com\/wp-content\/uploads\/2025\/05\/Bulk-11L-Electric-Soup-Pot-7-768x768.webp 768w, https:\/\/www.yongyukitchenware.com\/wp-content\/uploads\/2025\/05\/Bulk-11L-Electric-Soup-Pot-7-12x12.webp 12w, https:\/\/www.yongyukitchenware.com\/wp-content\/uploads\/2025\/05\/Bulk-11L-Electric-Soup-Pot-7-1200x1200.webp 1200w, https:\/\/www.yongyukitchenware.com\/wp-content\/uploads\/2025\/05\/Bulk-11L-Electric-Soup-Pot-7-600x600.webp 600w, https:\/\/www.yongyukitchenware.com\/wp-content\/uploads\/2025\/05\/Bulk-11L-Electric-Soup-Pot-7-100x100.webp 100w\" sizes=\"(max-width: 1500px) 100vw, 1500px\" \/><\/figure>\n<\/div>\n<\/div>","protected":false},"excerpt":{"rendered":"<p>Marmite \u00e0 soupe \u00e9lectrique 11 litres en vrac Cette marmite \u00e0 soupe isol\u00e9e en acier inoxydable de couleur jaune vif est parfaite pour maintenir au chaud les soupes, les rago\u00fbts et les sauces pendant de longues p\u00e9riodes. Id\u00e9ale pour les buffets, la restauration et les services alimentaires, elle combine une grande capacit\u00e9 avec un chauffage \u00e9lectrique \u00e9conome en \u00e9nergie et une construction durable. <span class=\"Editor_t__not_edited_long__JuNNx\">Contactez Yongyu d\u00e8s aujourd'hui pour am\u00e9liorer votre <\/span><span class=\"Editor_t__added__LtuNJ\">clients <\/span><span class=\"Editor_t__not_edited__WuRP8\">exp\u00e9rience en mati\u00e8re de restauration<\/span><span class=\"Editor_t__not_edited__WuRP8\">!<\/span><\/p>\n<h2><!-- wp:heading --><\/h2>\n<h2 class=\"wp-block-heading\">Marmite \u00e0 soupe \u00e9lectrique 11L en vrac :<\/h2>\n<h2><!-- \/wp:heading --><\/p>\n<p><!-- wp:paragraph --><\/h2>\n<p><strong>Mat\u00e9riau : <\/strong>Acier inoxydable<br \/><strong>Couleur :<\/strong>Argent\/Or\/Or rose<br \/><strong>Forme :<\/strong> Rond<br \/><strong>Chaleur : <\/strong>Chauffage \u00e9lectrique<br \/><strong>Bac de r\u00e9cup\u00e9ration : <\/strong>Grille unique<br \/><strong>OEM\/ODM : <\/strong>Disponible<\/p>\n<h2 class=\"wp-block-heading\">Bulk 11L Electric Soup Pot Manufacturer :<\/h2>\n<p>Qu'il s'agisse d'un fournisseur de services de restauration, d'un h\u00f4tel ou d'un restaurant, ou d'une soci\u00e9t\u00e9 d'organisation d'\u00e9v\u00e9nements, nous fournissons des solutions compl\u00e8tes de vente en gros de chafing dishes pour aider votre entreprise avec des prix d'usine de haute qualit\u00e9 !<\/p>\n<h2><!-- \/wp:paragraph --><\/h2>","protected":false},"featured_media":3892,"comment_status":"closed","ping_status":"closed","template":"","meta":{"_acf_changed":false},"application":[30],"product_brand":[],"product_cat":[33],"product_tag":[],"class_list":{"0":"post-3931","1":"product","2":"type-product","3":"status-publish","4":"has-post-thumbnail","6":"application-hotel-catering","7":"product_cat-chafing-dishes-wholesale","9":"first","10":"instock","11":"shipping-taxable","12":"product-type-simple"},"acf":[],"_links":{"self":[{"href":"https:\/\/www.yongyukitchenware.com\/fr\/wp-json\/wp\/v2\/product\/3931","targetHints":{"allow":["GET"]}}],"collection":[{"href":"https:\/\/www.yongyukitchenware.com\/fr\/wp-json\/wp\/v2\/product"}],"about":[{"href":"https:\/\/www.yongyukitchenware.com\/fr\/wp-json\/wp\/v2\/types\/product"}],"replies":[{"embeddable":true,"href":"https:\/\/www.yongyukitchenware.com\/fr\/wp-json\/wp\/v2\/comments?post=3931"}],"wp:featuredmedia":[{"embeddable":true,"href":"https:\/\/www.yongyukitchenware.com\/fr\/wp-json\/wp\/v2\/media\/3892"}],"wp:attachment":[{"href":"https:\/\/www.yongyukitchenware.com\/fr\/wp-json\/wp\/v2\/media?parent=3931"}],"wp:term":[{"taxonomy":"application","embeddable":true,"href":"https:\/\/www.yongyukitchenware.com\/fr\/wp-json\/wp\/v2\/application?post=3931"},{"taxonomy":"product_brand","embeddable":true,"href":"https:\/\/www.yongyukitchenware.com\/fr\/wp-json\/wp\/v2\/product_brand?post=3931"},{"taxonomy":"product_cat","embeddable":true,"href":"https:\/\/www.yongyukitchenware.com\/fr\/wp-json\/wp\/v2\/product_cat?post=3931"},{"taxonomy":"product_tag","embeddable":true,"href":"https:\/\/www.yongyukitchenware.com\/fr\/wp-json\/wp\/v2\/product_tag?post=3931"}],"curies":[{"name":"wp","href":"https:\/\/api.w.org\/{rel}","templated":true}]}}