{"id":3932,"date":"2025-05-26T10:05:51","date_gmt":"2025-05-26T10:05:51","guid":{"rendered":"https:\/\/www.yongyukitchenware.com\/?post_type=product&#038;p=3932"},"modified":"2025-06-13T02:44:15","modified_gmt":"2025-06-13T02:44:15","slug":"bulk-11l-red-electric-soup-pot-stainless-steel-insulated-soup-kettle","status":"publish","type":"product","link":"https:\/\/www.yongyukitchenware.com\/fr\/produit\/bulk-11l-red-electric-soup-pot-stainless-steel-insulated-soup-kettle\/","title":{"rendered":"Bulk 11L Red Electric Soup Pot Stainless Steel Insulated Soup Kettle (marmite \u00e0 soupe \u00e9lectrique en acier inoxydable isol\u00e9e)"},"content":{"rendered":"<div class=\"wp-block-columns is-layout-flex wp-container-core-columns-is-layout-9d6595d7 wp-block-columns-is-layout-flex\">\n<div class=\"wp-block-column is-layout-flow wp-block-column-is-layout-flow\">\n<h2 class=\"wp-block-heading\">Marmite \u00e0 soupe \u00e9lectrique rouge 11L en vrac Param\u00e8tres :<\/h2>\n\n\n\n<figure class=\"wp-block-table\"><table class=\"has-fixed-layout\"><tbody><tr><td>Mod\u00e8le<\/td><td>Capacit\u00e9 (L)<\/td><td>MOQ<\/td><\/tr><tr><td>DY051-CL<\/td><td>11<\/td><td>6PCS<\/td><\/tr><\/tbody><\/table><\/figure>\n\n\n\n<h2 class=\"wp-block-heading\">Bulk 11L Red Electric Soup Pot Caract\u00e9ristiques :<\/h2>\n\n\n\n<p><strong>Solide et durable :<\/strong> L'article est compos\u00e9 d'acier inoxydable 201 de qualit\u00e9 sup\u00e9rieure, de caoutchouc, de bak\u00e9lite et d'autres mat\u00e9riaux et est soumis \u00e0 un processus de peinture et de polissage. Il est tr\u00e8s solide, r\u00e9sistant \u00e0 la chaleur et \u00e0 l'usure, bien isol\u00e9 et a une longue dur\u00e9e de vie.<br><strong>Forte pr\u00e9servation de la chaleur :<\/strong>Chauffage rapide de 500 W, la plaque chauffante se concentre et se r\u00e9chauffe constamment pour maintenir vos aliments au chaud, conform\u00e9ment aux habitudes alimentaires de la majorit\u00e9 des gens.<br><strong>Grande capacit\u00e9 :<\/strong> Avec une grande capacit\u00e9 de 11 litres, vous n'avez pas besoin d'isoler par lots et vous pouvez servir un grand nombre de clients en toute commodit\u00e9. C'est le choix id\u00e9al pour les grandes f\u00eates et les restaurants commerciaux.<br><strong>S\u00e9curit\u00e9 \u00e9lev\u00e9e :<\/strong> Il utilise la technologie de l'isolation \u00e0 sec et n'implique pas d'ajout d'eau. Un syst\u00e8me intelligent de lutte contre la combustion \u00e0 sec garantit votre s\u00e9curit\u00e9.<br><strong>Facile \u00e0 utiliser et \u00e0 r\u00e9parer : <\/strong>Un bouton marche\/arr\u00eat, un voyant d'alimentation, un manuel d'instructions complet en anglais et un fonctionnement simple.<\/p>\n<\/div>\n\n\n\n<div class=\"wp-block-column is-layout-flow wp-block-column-is-layout-flow\">\n<figure class=\"wp-block-image size-full\"><img decoding=\"async\" width=\"800\" height=\"800\" src=\"https:\/\/www.yongyukitchenware.com\/wp-content\/uploads\/2025\/05\/Bulk-11L-Electric-Soup-Pot-12.webp\" alt=\"Marmite \u00e0 soupe \u00e9lectrique rouge 11L en vrac-12\" class=\"wp-image-3930\" srcset=\"https:\/\/www.yongyukitchenware.com\/wp-content\/uploads\/2025\/05\/Bulk-11L-Electric-Soup-Pot-12.webp 800w, https:\/\/www.yongyukitchenware.com\/wp-content\/uploads\/2025\/05\/Bulk-11L-Electric-Soup-Pot-12-300x300.webp 300w, https:\/\/www.yongyukitchenware.com\/wp-content\/uploads\/2025\/05\/Bulk-11L-Electric-Soup-Pot-12-150x150.webp 150w, https:\/\/www.yongyukitchenware.com\/wp-content\/uploads\/2025\/05\/Bulk-11L-Electric-Soup-Pot-12-768x768.webp 768w, https:\/\/www.yongyukitchenware.com\/wp-content\/uploads\/2025\/05\/Bulk-11L-Electric-Soup-Pot-12-12x12.webp 12w, https:\/\/www.yongyukitchenware.com\/wp-content\/uploads\/2025\/05\/Bulk-11L-Electric-Soup-Pot-12-600x600.webp 600w, https:\/\/www.yongyukitchenware.com\/wp-content\/uploads\/2025\/05\/Bulk-11L-Electric-Soup-Pot-12-100x100.webp 100w\" sizes=\"(max-width: 800px) 100vw, 800px\" \/><\/figure>\n<\/div>\n<\/div>","protected":false},"excerpt":{"rendered":"<p>Marmite \u00e0 soupe \u00e9lectrique rouge 11L en vrac. Cette marmite \u00e0 soupe isol\u00e9e en acier inoxydable est con\u00e7ue pour garder les soupes, les rago\u00fbts et les sauces au chaud pendant des heures. Parfaite pour la restauration, les buffets et les cuisines commerciales, elle offre une grande capacit\u00e9, un chauffage efficace et une finition rouge audacieuse pour un aspect professionnel.<\/p>\n<h2><!-- wp:heading --><\/h2>\n<h2 class=\"wp-block-heading\">Marmite \u00e0 soupe \u00e9lectrique rouge 11L en vrac :<\/h2>\n<h2><!-- \/wp:heading --><\/p>\n<p><!-- wp:paragraph --><\/h2>\n<p><strong>Mat\u00e9riau : <\/strong>Acier inoxydable<br \/><strong>Couleur :<\/strong>Argent\/Or\/Or rose<br \/><strong>Forme :<\/strong> Rond<br \/><strong>Chaleur : <\/strong>Chauffage \u00e9lectrique<br \/><strong>Bac de r\u00e9cup\u00e9ration : <\/strong>Grille unique<br \/><strong>OEM\/ODM : <\/strong>Disponible<\/p>\n<h2 class=\"wp-block-heading\">Bulk 11L Electric Soup Pot Manufacturer :<\/h2>\n<p>Qu'il s'agisse d'un fournisseur de services de restauration, d'un h\u00f4tel ou d'un restaurant, ou d'une soci\u00e9t\u00e9 d'organisation d'\u00e9v\u00e9nements, nous fournissons des solutions compl\u00e8tes de vente en gros de chafing dishes pour aider votre entreprise avec des prix d'usine de haute qualit\u00e9 !<\/p>\n<h2><!-- \/wp:paragraph --><\/h2>","protected":false},"featured_media":3890,"comment_status":"closed","ping_status":"closed","template":"","meta":{"_acf_changed":true},"application":[30],"product_brand":[],"product_cat":[33],"product_tag":[],"class_list":{"0":"post-3932","1":"product","2":"type-product","3":"status-publish","4":"has-post-thumbnail","6":"application-hotel-catering","7":"product_cat-chafing-dishes-wholesale","9":"first","10":"instock","11":"shipping-taxable","12":"product-type-simple"},"acf":[],"_links":{"self":[{"href":"https:\/\/www.yongyukitchenware.com\/fr\/wp-json\/wp\/v2\/product\/3932","targetHints":{"allow":["GET"]}}],"collection":[{"href":"https:\/\/www.yongyukitchenware.com\/fr\/wp-json\/wp\/v2\/product"}],"about":[{"href":"https:\/\/www.yongyukitchenware.com\/fr\/wp-json\/wp\/v2\/types\/product"}],"replies":[{"embeddable":true,"href":"https:\/\/www.yongyukitchenware.com\/fr\/wp-json\/wp\/v2\/comments?post=3932"}],"wp:featuredmedia":[{"embeddable":true,"href":"https:\/\/www.yongyukitchenware.com\/fr\/wp-json\/wp\/v2\/media\/3890"}],"wp:attachment":[{"href":"https:\/\/www.yongyukitchenware.com\/fr\/wp-json\/wp\/v2\/media?parent=3932"}],"wp:term":[{"taxonomy":"application","embeddable":true,"href":"https:\/\/www.yongyukitchenware.com\/fr\/wp-json\/wp\/v2\/application?post=3932"},{"taxonomy":"product_brand","embeddable":true,"href":"https:\/\/www.yongyukitchenware.com\/fr\/wp-json\/wp\/v2\/product_brand?post=3932"},{"taxonomy":"product_cat","embeddable":true,"href":"https:\/\/www.yongyukitchenware.com\/fr\/wp-json\/wp\/v2\/product_cat?post=3932"},{"taxonomy":"product_tag","embeddable":true,"href":"https:\/\/www.yongyukitchenware.com\/fr\/wp-json\/wp\/v2\/product_tag?post=3932"}],"curies":[{"name":"wp","href":"https:\/\/api.w.org\/{rel}","templated":true}]}}