{"id":3956,"date":"2025-05-28T02:29:42","date_gmt":"2025-05-28T02:29:42","guid":{"rendered":"https:\/\/www.yongyukitchenware.com\/?post_type=product&#038;p=3956"},"modified":"2025-05-28T02:29:46","modified_gmt":"2025-05-28T02:29:46","slug":"bulk-11-liters-catering-soup-warmer-with-spiral-pattern-gold","status":"publish","type":"product","link":"https:\/\/www.yongyukitchenware.com\/fr\/produit\/bulk-11-liters-catering-soup-warmer-with-spiral-pattern-gold\/","title":{"rendered":"Vrac 11 Litres Chauffe-Soupe Traiteur avec motif en spirale - Or"},"content":{"rendered":"<div class=\"wp-block-columns is-layout-flex wp-container-core-columns-is-layout-9d6595d7 wp-block-columns-is-layout-flex\">\n<div class=\"wp-block-column is-layout-flow wp-block-column-is-layout-flow\">\n<h2 class=\"wp-block-heading\">Bulk 11 Litres Catering Soup Warmer Param\u00e8tre :<\/h2>\n\n\n\n<figure class=\"wp-block-table\"><table class=\"has-fixed-layout\"><tbody><tr><td>Mod\u00e8le<\/td><td>Capacit\u00e9 (L)<\/td><\/tr><tr><td>DY052-CL<\/td><td>11<\/td><\/tr><\/tbody><\/table><\/figure>\n\n\n\n<h2 class=\"wp-block-heading\">Bulk 11 Litres Catering Soup Warmer Caract\u00e9ristiques :<\/h2>\n\n\n\n<p><strong>Grande capacit\u00e9 :<\/strong> Avec une grande capacit\u00e9 de 11 litres, il peut contenir une \u00e9norme quantit\u00e9 de soupe, de rago\u00fbt, de sauce, etc. C'est un excellent choix pour les cuisines commerciales, les restaurants et les services de restauration \u00e0 forte fr\u00e9quentation.<br><strong>\u00c9l\u00e9ment chauffant robuste :<\/strong> \u00c9quip\u00e9 d'un \u00e9l\u00e9ment chauffant robuste de 400 W, il offre une performance de chauffage efficace et constante, garantissant que les ingr\u00e9dients sont bien cuits et bien chauff\u00e9s.<br><strong>Dessin de motifs filet\u00e9s : <\/strong>L'ext\u00e9rieur de la marmite est dot\u00e9 d'un filetage unique, \u00e0 la fois esth\u00e9tique et fonctionnel, ce dernier am\u00e9liorant la distribution de la chaleur sur la surface de cuisson.<br>Structure durable : Gr\u00e2ce \u00e0 l'acier inoxydable de qualit\u00e9 sup\u00e9rieure, sa construction durable peut supporter les cuissons intensives sans sacrifier les performances ou la durabilit\u00e9.<br><strong>Utilisation polyvalente pour la cuisine : <\/strong>Ce r\u00e9chaud \u00e0 soupe \u00e9lectrique peut \u00eatre utilis\u00e9 pour diverses applications culinaires, notamment pour pr\u00e9parer des soupes, faire bouillir des bouillons de viande, pr\u00e9parer des sauces, etc. Sa polyvalence en fait un assistant g\u00e9n\u00e9ral pour la pr\u00e9paration de divers plats dans diff\u00e9rentes conditions de cuisine commerciale. applications, y compris la pr\u00e9paration de soupes, l'\u00e9bullition de bouillons de viande et la pr\u00e9paration de sauces, etc. Sa polyvalence en fait un outil universel pour la pr\u00e9paration de divers plats dans une cuisine commerciale.<\/p>\n<\/div>\n\n\n\n<div class=\"wp-block-column is-layout-flow wp-block-column-is-layout-flow\">\n<figure class=\"wp-block-image size-full\"><img decoding=\"async\" width=\"800\" height=\"800\" src=\"https:\/\/www.yongyukitchenware.com\/wp-content\/uploads\/2025\/05\/Bulk-11-Liters-Catering-Soup-Warmer-2.webp\" alt=\"Vrac-11-Litres-Catering-Soup-Warmer-2\" class=\"wp-image-3907\" srcset=\"https:\/\/www.yongyukitchenware.com\/wp-content\/uploads\/2025\/05\/Bulk-11-Liters-Catering-Soup-Warmer-2.webp 800w, https:\/\/www.yongyukitchenware.com\/wp-content\/uploads\/2025\/05\/Bulk-11-Liters-Catering-Soup-Warmer-2-300x300.webp 300w, https:\/\/www.yongyukitchenware.com\/wp-content\/uploads\/2025\/05\/Bulk-11-Liters-Catering-Soup-Warmer-2-150x150.webp 150w, https:\/\/www.yongyukitchenware.com\/wp-content\/uploads\/2025\/05\/Bulk-11-Liters-Catering-Soup-Warmer-2-768x768.webp 768w, https:\/\/www.yongyukitchenware.com\/wp-content\/uploads\/2025\/05\/Bulk-11-Liters-Catering-Soup-Warmer-2-12x12.webp 12w, https:\/\/www.yongyukitchenware.com\/wp-content\/uploads\/2025\/05\/Bulk-11-Liters-Catering-Soup-Warmer-2-600x600.webp 600w, https:\/\/www.yongyukitchenware.com\/wp-content\/uploads\/2025\/05\/Bulk-11-Liters-Catering-Soup-Warmer-2-100x100.webp 100w\" sizes=\"(max-width: 800px) 100vw, 800px\" \/><\/figure>\n<\/div>\n<\/div>","protected":false},"excerpt":{"rendered":"<p>R\u00e9chauffeur de soupe en vrac de 11 litres avec motif en spirale en or luxueux, id\u00e9al pour garder les soupes chaudes et les pr\u00e9senter de mani\u00e8re \u00e9l\u00e9gante lors de banquets, buffets et \u00e9v\u00e9nements de restauration. Envoyez une demande de renseignements d\u00e8s maintenant pour b\u00e9n\u00e9ficier d'une remise exclusive !<\/p>\n<h2><!-- \/wp:heading --><\/p>\n<p><!-- wp:paragraph --><\/h2>\n<p><strong>Mat\u00e9riau : <\/strong>Acier inoxydable<br \/><strong>Couleur : <\/strong>Argent\/Or\/Or rose<br \/><strong>Forme :<\/strong> Rond<br \/><strong>Chaleur : <\/strong>Chauffage \u00e9lectrique<br \/><strong>Bac de r\u00e9cup\u00e9ration : <\/strong>Grille unique<br \/><strong>OEM\/ODM : <\/strong>Disponible<\/p>\n<h2 class=\"wp-block-heading\">Bulk 11 Litres Catering Soup Warmer Manufacturer :<\/h2>\n<p>Qu'il s'agisse d'un fournisseur de services de restauration, d'un h\u00f4tel ou d'un restaurant, ou d'une soci\u00e9t\u00e9 d'organisation d'\u00e9v\u00e9nements, nous fournissons des solutions compl\u00e8tes de vente en gros de chafing dishes pour aider votre entreprise avec des prix d'usine de haute qualit\u00e9 !<\/p>\n<h2><!-- \/wp:paragraph --><\/h2>","protected":false},"featured_media":3911,"comment_status":"closed","ping_status":"closed","template":"","meta":{"_acf_changed":false},"application":[30],"product_brand":[],"product_cat":[33],"product_tag":[],"class_list":{"0":"post-3956","1":"product","2":"type-product","3":"status-publish","4":"has-post-thumbnail","6":"application-hotel-catering","7":"product_cat-chafing-dishes-wholesale","9":"first","10":"instock","11":"shipping-taxable","12":"product-type-simple"},"acf":[],"_links":{"self":[{"href":"https:\/\/www.yongyukitchenware.com\/fr\/wp-json\/wp\/v2\/product\/3956","targetHints":{"allow":["GET"]}}],"collection":[{"href":"https:\/\/www.yongyukitchenware.com\/fr\/wp-json\/wp\/v2\/product"}],"about":[{"href":"https:\/\/www.yongyukitchenware.com\/fr\/wp-json\/wp\/v2\/types\/product"}],"replies":[{"embeddable":true,"href":"https:\/\/www.yongyukitchenware.com\/fr\/wp-json\/wp\/v2\/comments?post=3956"}],"wp:featuredmedia":[{"embeddable":true,"href":"https:\/\/www.yongyukitchenware.com\/fr\/wp-json\/wp\/v2\/media\/3911"}],"wp:attachment":[{"href":"https:\/\/www.yongyukitchenware.com\/fr\/wp-json\/wp\/v2\/media?parent=3956"}],"wp:term":[{"taxonomy":"application","embeddable":true,"href":"https:\/\/www.yongyukitchenware.com\/fr\/wp-json\/wp\/v2\/application?post=3956"},{"taxonomy":"product_brand","embeddable":true,"href":"https:\/\/www.yongyukitchenware.com\/fr\/wp-json\/wp\/v2\/product_brand?post=3956"},{"taxonomy":"product_cat","embeddable":true,"href":"https:\/\/www.yongyukitchenware.com\/fr\/wp-json\/wp\/v2\/product_cat?post=3956"},{"taxonomy":"product_tag","embeddable":true,"href":"https:\/\/www.yongyukitchenware.com\/fr\/wp-json\/wp\/v2\/product_tag?post=3956"}],"curies":[{"name":"wp","href":"https:\/\/api.w.org\/{rel}","templated":true}]}}