{"id":3957,"date":"2025-06-01T23:14:58","date_gmt":"2025-06-01T23:14:58","guid":{"rendered":"https:\/\/www.yongyukitchenware.com\/?post_type=product&#038;p=3957"},"modified":"2025-06-01T23:15:00","modified_gmt":"2025-06-01T23:15:00","slug":"bulk-11-liters-catering-soup-warmer-with-spiral-pattern-rose-gold","status":"publish","type":"product","link":"https:\/\/www.yongyukitchenware.com\/fr\/produit\/bulk-11-liters-catering-soup-warmer-with-spiral-pattern-rose-gold\/","title":{"rendered":"Bulk 11 Litres Catering Soup Warmer with Spiral Pattern-Rose gold"},"content":{"rendered":"<div class=\"wp-block-columns is-layout-flex wp-container-core-columns-is-layout-9d6595d7 wp-block-columns-is-layout-flex\">\n<div class=\"wp-block-column is-layout-flow wp-block-column-is-layout-flow\">\n<h2 class=\"wp-block-heading\">Bulk 11 Litres Catering Soup Warmer Param\u00e8tre :<\/h2>\n\n\n\n<figure class=\"wp-block-table\"><table class=\"has-fixed-layout\"><tbody><tr><td>Mod\u00e8le<\/td><td>Capacit\u00e9 (L)<\/td><\/tr><tr><td>DY052-CL<\/td><td>11<\/td><\/tr><\/tbody><\/table><\/figure>\n\n\n\n<h2 class=\"wp-block-heading\">Bulk 11 Litres Catering Soup Warmer Caract\u00e9ristiques :<\/h2>\n\n\n\n<p><strong>Grande capacit\u00e9 : <\/strong>D'une capacit\u00e9 de 11 litres, il peut contenir une grande quantit\u00e9 de soupes, de rago\u00fbts, de sauces, etc. C'est un choix id\u00e9al pour les cuisines commerciales, les restaurants et les services de restauration \u00e0 forte demande.<br><strong>\u00c9l\u00e9ment chauffant puissant : <\/strong>\u00c9quip\u00e9 d'un puissant \u00e9l\u00e9ment chauffant de 400 W, il offre une performance de chauffage efficace et fiable, garantissant une cuisson compl\u00e8te et uniforme des ingr\u00e9dients.<br><strong>Dessin de motifs filet\u00e9s :<\/strong> La surface de la marmite est orn\u00e9e d'un motif filet\u00e9 unique, qui ne se contente pas d'ajouter un int\u00e9r\u00eat visuel, mais remplit \u00e9galement une fonction, en am\u00e9liorant la distribution de la chaleur sur la surface de cuisson.<br><strong>Structure durable :<\/strong> Fabriqu\u00e9e en acier inoxydable de haute qualit\u00e9, sa structure durable garantit des performances et une fiabilit\u00e9 \u00e0 long terme, m\u00eame dans des conditions de cuisson intenses.<br><strong>Application de cuisson multifonctionnelle :<\/strong> Cette marmite \u00e9lectrique convient \u00e0 diverses applications culinaires, notamment la pr\u00e9paration de soupes, l'\u00e9bullition de bouillons de viande, la pr\u00e9paration de sauces, etc. Sa polyvalence en fait un outil universel pour la pr\u00e9paration de divers plats dans une cuisine commerciale.<\/p>\n<\/div>\n\n\n\n<div class=\"wp-block-column is-layout-flow wp-block-column-is-layout-flow\">\n<figure class=\"wp-block-image size-full\"><img decoding=\"async\" width=\"800\" height=\"800\" src=\"https:\/\/www.yongyukitchenware.com\/wp-content\/uploads\/2025\/05\/Bulk-11-Liters-Catering-Soup-Warmer-2.webp\" alt=\"Vrac-11-Litres-Catering-Soup-Warmer-2\" class=\"wp-image-3907\" srcset=\"https:\/\/www.yongyukitchenware.com\/wp-content\/uploads\/2025\/05\/Bulk-11-Liters-Catering-Soup-Warmer-2.webp 800w, https:\/\/www.yongyukitchenware.com\/wp-content\/uploads\/2025\/05\/Bulk-11-Liters-Catering-Soup-Warmer-2-300x300.webp 300w, https:\/\/www.yongyukitchenware.com\/wp-content\/uploads\/2025\/05\/Bulk-11-Liters-Catering-Soup-Warmer-2-150x150.webp 150w, https:\/\/www.yongyukitchenware.com\/wp-content\/uploads\/2025\/05\/Bulk-11-Liters-Catering-Soup-Warmer-2-768x768.webp 768w, https:\/\/www.yongyukitchenware.com\/wp-content\/uploads\/2025\/05\/Bulk-11-Liters-Catering-Soup-Warmer-2-12x12.webp 12w, https:\/\/www.yongyukitchenware.com\/wp-content\/uploads\/2025\/05\/Bulk-11-Liters-Catering-Soup-Warmer-2-600x600.webp 600w, https:\/\/www.yongyukitchenware.com\/wp-content\/uploads\/2025\/05\/Bulk-11-Liters-Catering-Soup-Warmer-2-100x100.webp 100w\" sizes=\"(max-width: 800px) 100vw, 800px\" \/><\/figure>\n<\/div>\n<\/div>","protected":false},"excerpt":{"rendered":"<p data-start=\"23\" data-end=\"276\">R\u00e9chauffeur de soupe en vrac de 11 litres avec un \u00e9l\u00e9gant motif en spirale en finition or rose, id\u00e9al pour les buffets, les restaurants ou les services de restauration \u00e0 grande \u00e9chelle. Combinant une capacit\u00e9 g\u00e9n\u00e9reuse et une pr\u00e9sentation \u00e9l\u00e9gante pour un service de soupe efficace et attrayant.<\/p>\n<h2><!-- wp:heading --><\/h2>\n<h2 class=\"wp-block-heading\">R\u00e9chauffeur de soupe en vrac de 11 litres pour la restauration :<\/h2>\n<h2><!-- \/wp:heading --><\/p>\n<p><!-- wp:paragraph --><\/h2>\n<p><strong>Mat\u00e9riau : <\/strong>Acier inoxydable<br \/><strong>Couleur :<\/strong>Argent\/Or\/Or rose<br \/><strong>Forme :<\/strong> Rond<br \/><strong>Chaleur : <\/strong>Chauffage \u00e9lectrique<br \/><strong>Bac de r\u00e9cup\u00e9ration : <\/strong>Grille unique<br \/><strong>OEM\/ODM : <\/strong>Disponible<\/p>\n<h2 class=\"wp-block-heading\">Bulk 11 Litres Catering Soup Warmer Manufacturer :<\/h2>\n<p>Qu'il s'agisse d'un fournisseur de services de restauration, d'un h\u00f4tel ou d'un restaurant, ou d'une soci\u00e9t\u00e9 d'organisation d'\u00e9v\u00e9nements, nous fournissons des solutions compl\u00e8tes de vente en gros de chafing dishes pour aider votre entreprise avec des prix d'usine de haute qualit\u00e9 !<\/p>\n<h2><!-- \/wp:paragraph --><\/h2>","protected":false},"featured_media":3914,"comment_status":"closed","ping_status":"closed","template":"","meta":{"_acf_changed":true},"application":[30],"product_brand":[],"product_cat":[33],"product_tag":[],"class_list":{"0":"post-3957","1":"product","2":"type-product","3":"status-publish","4":"has-post-thumbnail","6":"application-hotel-catering","7":"product_cat-chafing-dishes-wholesale","9":"first","10":"instock","11":"shipping-taxable","12":"product-type-simple"},"acf":[],"_links":{"self":[{"href":"https:\/\/www.yongyukitchenware.com\/fr\/wp-json\/wp\/v2\/product\/3957","targetHints":{"allow":["GET"]}}],"collection":[{"href":"https:\/\/www.yongyukitchenware.com\/fr\/wp-json\/wp\/v2\/product"}],"about":[{"href":"https:\/\/www.yongyukitchenware.com\/fr\/wp-json\/wp\/v2\/types\/product"}],"replies":[{"embeddable":true,"href":"https:\/\/www.yongyukitchenware.com\/fr\/wp-json\/wp\/v2\/comments?post=3957"}],"wp:featuredmedia":[{"embeddable":true,"href":"https:\/\/www.yongyukitchenware.com\/fr\/wp-json\/wp\/v2\/media\/3914"}],"wp:attachment":[{"href":"https:\/\/www.yongyukitchenware.com\/fr\/wp-json\/wp\/v2\/media?parent=3957"}],"wp:term":[{"taxonomy":"application","embeddable":true,"href":"https:\/\/www.yongyukitchenware.com\/fr\/wp-json\/wp\/v2\/application?post=3957"},{"taxonomy":"product_brand","embeddable":true,"href":"https:\/\/www.yongyukitchenware.com\/fr\/wp-json\/wp\/v2\/product_brand?post=3957"},{"taxonomy":"product_cat","embeddable":true,"href":"https:\/\/www.yongyukitchenware.com\/fr\/wp-json\/wp\/v2\/product_cat?post=3957"},{"taxonomy":"product_tag","embeddable":true,"href":"https:\/\/www.yongyukitchenware.com\/fr\/wp-json\/wp\/v2\/product_tag?post=3957"}],"curies":[{"name":"wp","href":"https:\/\/api.w.org\/{rel}","templated":true}]}}