{"id":3977,"date":"2025-06-03T07:33:54","date_gmt":"2025-06-03T07:33:54","guid":{"rendered":"https:\/\/www.yongyukitchenware.com\/?post_type=product&#038;p=3977"},"modified":"2025-06-13T02:08:38","modified_gmt":"2025-06-13T02:08:38","slug":"custom-13l-stainless-steel-soup-warmer-commercial-heavy-equipment-silver","status":"publish","type":"product","link":"https:\/\/www.yongyukitchenware.com\/fr\/produit\/custom-13l-stainless-steel-soup-warmer-commercial-heavy-equipment-silver\/","title":{"rendered":"R\u00e9chauffeur de soupe 13L en acier inoxydable \u00c9quipement commercial lourd - Argent"},"content":{"rendered":"<div class=\"wp-block-columns is-layout-flex wp-container-core-columns-is-layout-9d6595d7 wp-block-columns-is-layout-flex\">\n<div class=\"wp-block-column is-layout-flow wp-block-column-is-layout-flow\">\n<h2 class=\"wp-block-heading\">R\u00e9chauffeur de soupe personnalis\u00e9 en acier inoxydable 13L Param\u00e8tres :<\/h2>\n\n\n\n<figure class=\"wp-block-table\"><table class=\"has-fixed-layout\"><tbody><tr><td>Mod\u00e8le<\/td><td>Capacit\u00e9 (L)<\/td><td>MOQ<\/td><\/tr><tr><td>DY053-CL<\/td><td>13<\/td><td>10PCS<\/td><\/tr><\/tbody><\/table><\/figure>\n\n\n\n<h2 class=\"wp-block-heading\">R\u00e9chauffeur de soupe personnalis\u00e9 en acier inoxydable 13L Caract\u00e9ristiques :<\/h2>\n\n\n\n<p><strong>Grande capacit\u00e9 : <\/strong>Il a une grande capacit\u00e9 de 13 litres, ce qui signifie qu'il peut contenir une \u00e9norme quantit\u00e9 de soupe, de rago\u00fbt, de sauce, etc. C'est un choix id\u00e9al pour les cuisines commerciales, les restaurants et les prestataires de services de restauration \u00e0 forte demande.<br><strong>\u00c9l\u00e9ment chauffant puissant : <\/strong>Il est dot\u00e9 d'un \u00e9l\u00e9ment chauffant robuste de 400 W qui offre une performance de chauffage efficace, ce qui garantit que les ingr\u00e9dients sont bien cuits et chauff\u00e9s de mani\u00e8re homog\u00e8ne.<br><strong>Dessin de motifs filet\u00e9s :<\/strong> La surface de la marmite est orn\u00e9e d'un motif unique en forme de fil, qui n'est pas seulement esth\u00e9tique, mais qui a aussi pour fonction d'am\u00e9liorer la r\u00e9partition de la chaleur sur la surface de cuisson.<br><strong>Construction durable : <\/strong>Fabriqu\u00e9e en acier inoxydable de haute qualit\u00e9, sa construction durable offre des performances et une fiabilit\u00e9 \u00e0 long terme, m\u00eame en cas d'utilisation intensive.<br><strong>Application de cuisson polyvalente :<\/strong> La marmite \u00e9lectrique est parfaite pour la pr\u00e9paration de soupes, de bouillons de viande, de sauces, etc. Elle est polyvalente par nature et peut donc \u00eatre utilis\u00e9e comme un outil universel pour pr\u00e9parer divers plats dans une cuisine commerciale.<\/p>\n<\/div>\n\n\n\n<div class=\"wp-block-column is-layout-flow wp-block-column-is-layout-flow\">\n<figure class=\"wp-block-image size-full\"><img decoding=\"async\" width=\"1500\" height=\"1500\" src=\"https:\/\/www.yongyukitchenware.com\/wp-content\/uploads\/2025\/05\/Bulk-13L-Stainless-Steel-Soup-Warmer-1.webp\" alt=\"Custom-13L-Stainless-Steel-Soup-Warmer-1\" class=\"wp-image-3963\" srcset=\"https:\/\/www.yongyukitchenware.com\/wp-content\/uploads\/2025\/05\/Bulk-13L-Stainless-Steel-Soup-Warmer-1.webp 1500w, https:\/\/www.yongyukitchenware.com\/wp-content\/uploads\/2025\/05\/Bulk-13L-Stainless-Steel-Soup-Warmer-1-300x300.webp 300w, https:\/\/www.yongyukitchenware.com\/wp-content\/uploads\/2025\/05\/Bulk-13L-Stainless-Steel-Soup-Warmer-1-150x150.webp 150w, https:\/\/www.yongyukitchenware.com\/wp-content\/uploads\/2025\/05\/Bulk-13L-Stainless-Steel-Soup-Warmer-1-768x768.webp 768w, https:\/\/www.yongyukitchenware.com\/wp-content\/uploads\/2025\/05\/Bulk-13L-Stainless-Steel-Soup-Warmer-1-12x12.webp 12w, https:\/\/www.yongyukitchenware.com\/wp-content\/uploads\/2025\/05\/Bulk-13L-Stainless-Steel-Soup-Warmer-1-1200x1200.webp 1200w, https:\/\/www.yongyukitchenware.com\/wp-content\/uploads\/2025\/05\/Bulk-13L-Stainless-Steel-Soup-Warmer-1-600x600.webp 600w, https:\/\/www.yongyukitchenware.com\/wp-content\/uploads\/2025\/05\/Bulk-13L-Stainless-Steel-Soup-Warmer-1-100x100.webp 100w\" sizes=\"(max-width: 1500px) 100vw, 1500px\" \/><\/figure>\n<\/div>\n<\/div>","protected":false},"excerpt":{"rendered":"<p>Le chauffe-soupe 13L en acier inoxydable est un \u00e9quipement commercial durable et efficace con\u00e7u pour les restaurants, les buffets et les services de restauration. Fabriqu\u00e9 en acier inoxydable de haute qualit\u00e9, il assure une distribution uniforme de la chaleur et des performances durables.Bienvenue \u00e0 la consultation, \u00e0 l'achat et \u00e0 la demande, nous sommes impatients de vous fournir un service de qualit\u00e9 !<\/p>\n<h2><!-- wp:heading --><\/h2>\n<h2 class=\"wp-block-heading\">R\u00e9chauffeur de soupe personnalis\u00e9 en acier inoxydable 13L :<\/h2>\n<h2><!-- \/wp:heading --><\/p>\n<p><!-- wp:paragraph --><\/h2>\n<p><strong>Mat\u00e9riau : <\/strong>Acier inoxydable<br \/><strong>Couleur :<\/strong>Argent\/Or\/Or rose<br \/><strong>Forme :<\/strong> Rond<br \/><strong>Chaleur : <\/strong>Chauffage \u00e9lectrique<br \/><strong>Bac de r\u00e9cup\u00e9ration : <\/strong>Grille unique<br \/><strong>OEM\/ODM : <\/strong>Disponible<\/p>\n<h2 class=\"wp-block-heading\">Fabricant de chauffe-soupe en acier inoxydable 13L sur mesure :<\/h2>\n<p>Qu'il s'agisse d'un fournisseur de services de restauration, d'un h\u00f4tel ou d'un restaurant, ou d'une soci\u00e9t\u00e9 d'organisation d'\u00e9v\u00e9nements, nous fournissons des solutions compl\u00e8tes de vente en gros de chafing dishes pour aider votre entreprise avec des prix d'usine de haute qualit\u00e9 !<\/p>\n<h2><!-- \/wp:paragraph --><\/h2>","protected":false},"featured_media":3970,"comment_status":"closed","ping_status":"closed","template":"","meta":{"_acf_changed":true},"application":[30],"product_brand":[],"product_cat":[33],"product_tag":[],"class_list":{"0":"post-3977","1":"product","2":"type-product","3":"status-publish","4":"has-post-thumbnail","6":"application-hotel-catering","7":"product_cat-chafing-dishes-wholesale","9":"first","10":"instock","11":"shipping-taxable","12":"product-type-simple"},"acf":[],"_links":{"self":[{"href":"https:\/\/www.yongyukitchenware.com\/fr\/wp-json\/wp\/v2\/product\/3977","targetHints":{"allow":["GET"]}}],"collection":[{"href":"https:\/\/www.yongyukitchenware.com\/fr\/wp-json\/wp\/v2\/product"}],"about":[{"href":"https:\/\/www.yongyukitchenware.com\/fr\/wp-json\/wp\/v2\/types\/product"}],"replies":[{"embeddable":true,"href":"https:\/\/www.yongyukitchenware.com\/fr\/wp-json\/wp\/v2\/comments?post=3977"}],"wp:featuredmedia":[{"embeddable":true,"href":"https:\/\/www.yongyukitchenware.com\/fr\/wp-json\/wp\/v2\/media\/3970"}],"wp:attachment":[{"href":"https:\/\/www.yongyukitchenware.com\/fr\/wp-json\/wp\/v2\/media?parent=3977"}],"wp:term":[{"taxonomy":"application","embeddable":true,"href":"https:\/\/www.yongyukitchenware.com\/fr\/wp-json\/wp\/v2\/application?post=3977"},{"taxonomy":"product_brand","embeddable":true,"href":"https:\/\/www.yongyukitchenware.com\/fr\/wp-json\/wp\/v2\/product_brand?post=3977"},{"taxonomy":"product_cat","embeddable":true,"href":"https:\/\/www.yongyukitchenware.com\/fr\/wp-json\/wp\/v2\/product_cat?post=3977"},{"taxonomy":"product_tag","embeddable":true,"href":"https:\/\/www.yongyukitchenware.com\/fr\/wp-json\/wp\/v2\/product_tag?post=3977"}],"curies":[{"name":"wp","href":"https:\/\/api.w.org\/{rel}","templated":true}]}}