{"id":4010,"date":"2025-06-03T07:02:16","date_gmt":"2025-06-03T07:02:16","guid":{"rendered":"https:\/\/www.yongyukitchenware.com\/?post_type=product&#038;p=4010"},"modified":"2025-06-13T02:12:26","modified_gmt":"2025-06-13T02:12:26","slug":"wholesale-8l-juice-dispense","status":"publish","type":"product","link":"https:\/\/www.yongyukitchenware.com\/fr\/produit\/wholesale-8l-juice-dispense\/","title":{"rendered":"Wholesale 8L Juice Dispenser Cold and Hot Beer Tower Coffee Dispenser-Silver (distributeur de jus de fruits, de bi\u00e8re chaude et froide, tour de distribution de caf\u00e9)"},"content":{"rendered":"<div class=\"wp-block-columns is-layout-flex wp-container-core-columns-is-layout-9d6595d7 wp-block-columns-is-layout-flex\">\n<div class=\"wp-block-column is-layout-flow wp-block-column-is-layout-flow\">\n<h2 class=\"wp-block-heading\">Distributeur de jus de fruits 8L en gros Taille :<\/h2>\n\n\n\n<figure class=\"wp-block-table\"><table class=\"has-fixed-layout\"><tbody><tr><td>Mod\u00e8le<\/td><td>Capacit\u00e9 (L)<\/td><td>MOQ<\/td><\/tr><tr><td rowspan=\"2\">DY009-GZD<\/td><td>8<\/td><td rowspan=\"2\">8PCS<\/td><\/tr><tr><td>16<\/td><\/tr><\/tbody><\/table><\/figure>\n\n\n\n<h2 class=\"wp-block-heading\">Distributeur de jus de fruits 8L en gros Caract\u00e9ristiques :<\/h2>\n\n\n\n<p><strong>Corps de baril \u00e0 haute r\u00e9sistance \u00e0 la chaleur : <\/strong>Le corps du barillet est fabriqu\u00e9 en PC haute performance, d'apparence semblable \u00e0 du verre, r\u00e9sistant au froid et \u00e0 la chaleur, et durable.<br><strong>Robinet anti-goutte : <\/strong>R\u00e9sine de premi\u00e8re qualit\u00e9 + robinet en acier inoxydable, \u00e9coulement r\u00e9gulier de l'eau sans goutte ni fuite, longue dur\u00e9e de vie<br><strong>Grande capacit\u00e9 :<\/strong> Conditionn\u00e9s en canettes simples de 8 litres et en canettes doubles de 16 litres, avec diverses boissons, jus, caf\u00e9, etc., pour la consommation par un groupe d'individus.<br><strong>Excellente capacit\u00e9 de conservation de la chaleur :<\/strong> La structure interne du distributeur de boissons utilise une structure de colonne de glace, et des gla\u00e7ons ou de l'eau chaude peuvent \u00eatre remplis pour maintenir la temp\u00e9rature de la boisson, ce qui permet \u00e0 la boisson de rester dans un \u00e9tat optimal pendant une longue p\u00e9riode.<br><strong>\u00c9vier anti-\u00e9claboussures : <\/strong>D\u00e9montable \u00e0 volont\u00e9 pour un simple nettoyage.<\/p>\n<\/div>\n\n\n\n<div class=\"wp-block-column is-layout-flow wp-block-column-is-layout-flow\">\n<figure class=\"wp-block-image size-full is-style-default\"><img decoding=\"async\" width=\"949\" height=\"1425\" src=\"https:\/\/www.yongyukitchenware.com\/wp-content\/uploads\/2025\/05\/Bulk-8L-Juice-Dispenser-3.webp\" alt=\"grossiste-8L-Distributeur de jus-3\" class=\"wp-image-4013\" srcset=\"https:\/\/www.yongyukitchenware.com\/wp-content\/uploads\/2025\/05\/Bulk-8L-Juice-Dispenser-3.webp 949w, https:\/\/www.yongyukitchenware.com\/wp-content\/uploads\/2025\/05\/Bulk-8L-Juice-Dispenser-3-200x300.webp 200w, https:\/\/www.yongyukitchenware.com\/wp-content\/uploads\/2025\/05\/Bulk-8L-Juice-Dispenser-3-768x1153.webp 768w, https:\/\/www.yongyukitchenware.com\/wp-content\/uploads\/2025\/05\/Bulk-8L-Juice-Dispenser-3-8x12.webp 8w, https:\/\/www.yongyukitchenware.com\/wp-content\/uploads\/2025\/05\/Bulk-8L-Juice-Dispenser-3-600x901.webp 600w\" sizes=\"(max-width: 949px) 100vw, 949px\" \/><\/figure>\n<\/div>\n<\/div>","protected":false},"excerpt":{"rendered":"<p>La tour de distribution de boissons chaudes et froides de 8 litres est parfaite pour servir du jus, de la bi\u00e8re, du caf\u00e9 et d'autres boissons dans les restaurants, les buffets ou les \u00e9v\u00e9nements de restauration. Dot\u00e9e d'un design argent\u00e9 \u00e9l\u00e9gant et d'une grande capacit\u00e9 de 8 litres, elle garantit la commodit\u00e9, la durabilit\u00e9 et l'attrait visuel. Contactez-nous d\u00e8s maintenant pour obtenir des remises sur les achats en gros et des offres de gros personnalis\u00e9es !<\/p>\n<h2>Distributeur de jus de fruits 8L en gros Param\u00e8tres :<\/h2>\n<p><strong>Mat\u00e9riau :<\/strong> Acier inoxydable, plastique<br \/><strong>Conception :<\/strong> Avec robinet, grille en acier inoxydable, \u00e9vier \u00e0 trous<br \/><strong>Tailles :<\/strong> 8L \/16L<br \/><strong>Emballage :<\/strong> Sac\/volume\/carton ou sur mesure<br \/><strong>OEM\/ODM :<\/strong> En option<\/p>\n<h2 class=\"wp-block-heading\">Fabricant de distributeurs de jus de fruits 8L en gros :<\/h2>\n<p>Qu'il s'agisse d'un fournisseur de services de restauration, d'un h\u00f4tel ou d'un restaurant, ou d'une soci\u00e9t\u00e9 d'organisation d'\u00e9v\u00e9nements, nous fournissons des solutions compl\u00e8tes de fournitures de restauration en gros pour vous avec des prix d'usine de haute qualit\u00e9 !<\/p>","protected":false},"featured_media":4015,"comment_status":"closed","ping_status":"closed","template":"","meta":{"_acf_changed":false},"application":[30],"product_brand":[],"product_cat":[22,34],"product_tag":[],"class_list":{"0":"post-4010","1":"product","2":"type-product","3":"status-publish","4":"has-post-thumbnail","6":"application-hotel-catering","7":"product_cat-catering-supplies-wholesale","8":"product_cat-wholesale-drink-dispenser","10":"first","11":"instock","12":"shipping-taxable","13":"product-type-simple"},"acf":[],"_links":{"self":[{"href":"https:\/\/www.yongyukitchenware.com\/fr\/wp-json\/wp\/v2\/product\/4010","targetHints":{"allow":["GET"]}}],"collection":[{"href":"https:\/\/www.yongyukitchenware.com\/fr\/wp-json\/wp\/v2\/product"}],"about":[{"href":"https:\/\/www.yongyukitchenware.com\/fr\/wp-json\/wp\/v2\/types\/product"}],"replies":[{"embeddable":true,"href":"https:\/\/www.yongyukitchenware.com\/fr\/wp-json\/wp\/v2\/comments?post=4010"}],"wp:featuredmedia":[{"embeddable":true,"href":"https:\/\/www.yongyukitchenware.com\/fr\/wp-json\/wp\/v2\/media\/4015"}],"wp:attachment":[{"href":"https:\/\/www.yongyukitchenware.com\/fr\/wp-json\/wp\/v2\/media?parent=4010"}],"wp:term":[{"taxonomy":"application","embeddable":true,"href":"https:\/\/www.yongyukitchenware.com\/fr\/wp-json\/wp\/v2\/application?post=4010"},{"taxonomy":"product_brand","embeddable":true,"href":"https:\/\/www.yongyukitchenware.com\/fr\/wp-json\/wp\/v2\/product_brand?post=4010"},{"taxonomy":"product_cat","embeddable":true,"href":"https:\/\/www.yongyukitchenware.com\/fr\/wp-json\/wp\/v2\/product_cat?post=4010"},{"taxonomy":"product_tag","embeddable":true,"href":"https:\/\/www.yongyukitchenware.com\/fr\/wp-json\/wp\/v2\/product_tag?post=4010"}],"curies":[{"name":"wp","href":"https:\/\/api.w.org\/{rel}","templated":true}]}}