{"id":4022,"date":"2025-06-01T23:25:11","date_gmt":"2025-06-01T23:25:11","guid":{"rendered":"https:\/\/www.yongyukitchenware.com\/?post_type=product&#038;p=4022"},"modified":"2025-06-17T05:14:31","modified_gmt":"2025-06-17T05:14:31","slug":"wholesale-8l-juice-dispenser","status":"publish","type":"product","link":"https:\/\/www.yongyukitchenware.com\/fr\/produit\/wholesale-8l-juice-dispenser\/","title":{"rendered":"Wholesale 8L Juice Dispenser Cold and Hot Beer Tower CoffSe Dispenser-Gold"},"content":{"rendered":"<div class=\"wp-block-columns is-layout-flex wp-container-core-columns-is-layout-9d6595d7 wp-block-columns-is-layout-flex\">\n<div class=\"wp-block-column is-layout-flow wp-block-column-is-layout-flow\">\n<h2 class=\"wp-block-heading\">Distributeur de jus de fruits 8L en gros Taille :<\/h2>\n\n\n\n<figure class=\"wp-block-table\"><table class=\"has-fixed-layout\"><tbody><tr><td>Mod\u00e8le<\/td><td>Capacit\u00e9 (L)<\/td><td>MOQ<\/td><\/tr><tr><td rowspan=\"2\">DY009-GZD<\/td><td>8<\/td><td rowspan=\"2\">8PCS<\/td><\/tr><tr><td>16<\/td><\/tr><\/tbody><\/table><\/figure>\n\n\n\n<h2 class=\"wp-block-heading\">Distributeur de jus de fruits 8L en gros Caract\u00e9ristiques :<\/h2>\n\n\n\n<p><strong>Corps en forme de tonneau r\u00e9sistant aux hautes temp\u00e9ratures :<\/strong> Le corps du baril est fabriqu\u00e9 en PC de haute qualit\u00e9, transparent comme du verre, r\u00e9sistant au froid et \u00e0 la chaleur, et durable.<br><strong>Robinet anti-goutte :<\/strong> R\u00e9sine de haute qualit\u00e9 + robinet en acier inoxydable, \u00e9coulement r\u00e9gulier de l'eau sans goutte ni fuite, durable<br><strong>Grande capacit\u00e9 :<\/strong> Disponible en canettes simples de 8 litres et doubles de 16 litres, elles peuvent \u00eatre remplies de diverses boissons, jus de fruits, caf\u00e9, etc.<br><strong>Bonne conservation de la chaleur :<\/strong> L'int\u00e9rieur du distributeur de boissons est con\u00e7u comme une colonne de glace, ce qui permet d'ajouter des gla\u00e7ons ou de l'eau chaude pour maintenir la temp\u00e9rature de la boisson, garantissant ainsi qu'elle reste longtemps dans un \u00e9tat id\u00e9al.<br><strong>\u00c9vier anti-\u00e9claboussures : <\/strong>D\u00e9montable \u00e0 volont\u00e9 pour un nettoyage facile<\/p>\n<\/div>\n\n\n\n<div class=\"wp-block-column is-layout-flow wp-block-column-is-layout-flow\">\n<figure class=\"wp-block-image size-full is-style-default\"><img decoding=\"async\" width=\"949\" height=\"1425\" src=\"https:\/\/www.yongyukitchenware.com\/wp-content\/uploads\/2025\/05\/Bulk-8L-Juice-Dispenser-3.webp\" alt=\"Bulk-8L-Distributeur de jus-3\" class=\"wp-image-4013\" srcset=\"https:\/\/www.yongyukitchenware.com\/wp-content\/uploads\/2025\/05\/Bulk-8L-Juice-Dispenser-3.webp 949w, https:\/\/www.yongyukitchenware.com\/wp-content\/uploads\/2025\/05\/Bulk-8L-Juice-Dispenser-3-200x300.webp 200w, https:\/\/www.yongyukitchenware.com\/wp-content\/uploads\/2025\/05\/Bulk-8L-Juice-Dispenser-3-768x1153.webp 768w, https:\/\/www.yongyukitchenware.com\/wp-content\/uploads\/2025\/05\/Bulk-8L-Juice-Dispenser-3-8x12.webp 8w, https:\/\/www.yongyukitchenware.com\/wp-content\/uploads\/2025\/05\/Bulk-8L-Juice-Dispenser-3-600x901.webp 600w\" sizes=\"(max-width: 949px) 100vw, 949px\" \/><\/figure>\n<\/div>\n<\/div>\n\n\n\n<p><\/p>","protected":false},"excerpt":{"rendered":"<p>Distributeur de jus de fruits 8L en gros avec finition dor\u00e9e - polyvalent pour les boissons froides et chaudes comme le jus, la bi\u00e8re ou le caf\u00e9. Le design \u00e9l\u00e9gant de la tour \u00e0 bi\u00e8re est parfait pour les restaurants, les buffets et les \u00e9v\u00e9nements.N'h\u00e9sitez pas \u00e0 nous contacter.<\/p>\n<h2>Distributeur de jus de fruits 8L en gros Param\u00e8tres :<\/h2>\n<p><strong>Mat\u00e9riau :<\/strong> Acier inoxydable, plastique<br \/><strong>Conception :<\/strong> Avec robinet, grille en acier inoxydable, \u00e9vier \u00e0 trous<br \/><strong>Tailles :<\/strong> 8L \/16L<br \/><strong>Emballage :<\/strong> Sac\/volume\/carton ou sur mesure<br \/><strong>OEM\/ODM :<\/strong> En option<\/p>\n<h2 class=\"wp-block-heading\">Fabricant de distributeurs de jus de fruits 8L en gros :<\/h2>\n<p>Qu'il s'agisse d'un fournisseur de services de restauration, d'un h\u00f4tel ou d'un restaurant, ou d'une soci\u00e9t\u00e9 d'organisation d'\u00e9v\u00e9nements, nous fournissons des solutions compl\u00e8tes de fournitures de restauration en gros pour vous avec des prix d'usine de haute qualit\u00e9 !<\/p>","protected":false},"featured_media":4011,"comment_status":"closed","ping_status":"closed","template":"","meta":{"_acf_changed":true},"application":[30],"product_brand":[],"product_cat":[22,34],"product_tag":[],"class_list":{"0":"post-4022","1":"product","2":"type-product","3":"status-publish","4":"has-post-thumbnail","6":"application-hotel-catering","7":"product_cat-catering-supplies-wholesale","8":"product_cat-wholesale-drink-dispenser","10":"first","11":"instock","12":"shipping-taxable","13":"product-type-simple"},"acf":[],"_links":{"self":[{"href":"https:\/\/www.yongyukitchenware.com\/fr\/wp-json\/wp\/v2\/product\/4022","targetHints":{"allow":["GET"]}}],"collection":[{"href":"https:\/\/www.yongyukitchenware.com\/fr\/wp-json\/wp\/v2\/product"}],"about":[{"href":"https:\/\/www.yongyukitchenware.com\/fr\/wp-json\/wp\/v2\/types\/product"}],"replies":[{"embeddable":true,"href":"https:\/\/www.yongyukitchenware.com\/fr\/wp-json\/wp\/v2\/comments?post=4022"}],"wp:featuredmedia":[{"embeddable":true,"href":"https:\/\/www.yongyukitchenware.com\/fr\/wp-json\/wp\/v2\/media\/4011"}],"wp:attachment":[{"href":"https:\/\/www.yongyukitchenware.com\/fr\/wp-json\/wp\/v2\/media?parent=4022"}],"wp:term":[{"taxonomy":"application","embeddable":true,"href":"https:\/\/www.yongyukitchenware.com\/fr\/wp-json\/wp\/v2\/application?post=4022"},{"taxonomy":"product_brand","embeddable":true,"href":"https:\/\/www.yongyukitchenware.com\/fr\/wp-json\/wp\/v2\/product_brand?post=4022"},{"taxonomy":"product_cat","embeddable":true,"href":"https:\/\/www.yongyukitchenware.com\/fr\/wp-json\/wp\/v2\/product_cat?post=4022"},{"taxonomy":"product_tag","embeddable":true,"href":"https:\/\/www.yongyukitchenware.com\/fr\/wp-json\/wp\/v2\/product_tag?post=4022"}],"curies":[{"name":"wp","href":"https:\/\/api.w.org\/{rel}","templated":true}]}}