{"id":4023,"date":"2025-06-03T07:44:37","date_gmt":"2025-06-03T07:44:37","guid":{"rendered":"https:\/\/www.yongyukitchenware.com\/?post_type=product&#038;p=4023"},"modified":"2025-06-13T02:11:36","modified_gmt":"2025-06-13T02:11:36","slug":"8l-juice-dispenser-in-bulk","status":"publish","type":"product","link":"https:\/\/www.yongyukitchenware.com\/fr\/produit\/8l-juice-dispenser-in-bulk\/","title":{"rendered":"8L Distributeur de jus de fruits en vrac Distributeur de bi\u00e8re chaude et froide Tour de distribution de caf\u00e9 - Plaqu\u00e9 semi-dor\u00e9"},"content":{"rendered":"<div class=\"wp-block-columns is-layout-flex wp-container-core-columns-is-layout-9d6595d7 wp-block-columns-is-layout-flex\">\n<div class=\"wp-block-column is-layout-flow wp-block-column-is-layout-flow\">\n<h2 class=\"wp-block-heading\">Distributeur de jus de fruits 8L en vrac :<\/h2>\n\n\n\n<figure class=\"wp-block-table\"><table class=\"has-fixed-layout\"><tbody><tr><td>Mod\u00e8le<\/td><td>Capacit\u00e9 (L)<\/td><td>MOQ<\/td><\/tr><tr><td rowspan=\"2\">DY009-GZD<\/td><td>8<\/td><td rowspan=\"2\">8PCS<\/td><\/tr><tr><td>16<\/td><\/tr><\/tbody><\/table><\/figure>\n\n\n\n<h2 class=\"wp-block-heading\">Distributeur de jus de fruits 8L en vrac Caract\u00e9ristiques :<\/h2>\n\n\n\n<p><strong>Corps du baril r\u00e9sistant \u00e0 la chaleur : <\/strong>Le corps du barillet est fabriqu\u00e9 en PC de haute qualit\u00e9, clair comme du verre, r\u00e9sistant au froid et \u00e0 la chaleur, et durable.<br><strong>Robinet anti-goutte : <\/strong>R\u00e9sine de haute qualit\u00e9 + robinet en acier inoxydable, \u00e9coulement r\u00e9gulier de l'eau sans goutte ni fuite, durable.<br><strong>Grande capacit\u00e9 :<\/strong> Disponibles sous forme de bidons individuels de 8 litres ou de bidons doubles de 16 litres \u00e0 remplir de diverses boissons, jus, caf\u00e9, etc., \u00e0 utiliser pour de nombreuses personnes.<br><strong>Bonne conservation de la chaleur : <\/strong>Le compartiment int\u00e9rieur du distributeur de boissons utilise une colonne \u00e0 glace, dans laquelle des gla\u00e7ons ou de l'eau chaude peuvent \u00eatre plac\u00e9s pour maintenir la temp\u00e9rature de la boisson, qui reste ainsi bonne \u00e0 boire pendant une p\u00e9riode prolong\u00e9e.<br><strong>\u00c9vier r\u00e9sistant aux \u00e9claboussures : <\/strong>D\u00e9montable \u00e0 tout moment pour faciliter le nettoyage.<\/p>\n<\/div>\n\n\n\n<div class=\"wp-block-column is-layout-flow wp-block-column-is-layout-flow\">\n<figure class=\"wp-block-image size-full is-style-default\"><img decoding=\"async\" width=\"949\" height=\"1425\" src=\"https:\/\/www.yongyukitchenware.com\/wp-content\/uploads\/2025\/05\/Bulk-8L-Juice-Dispenser-3.webp\" alt=\"8L-Distributeur de jus en vrac-3\" class=\"wp-image-4013\" srcset=\"https:\/\/www.yongyukitchenware.com\/wp-content\/uploads\/2025\/05\/Bulk-8L-Juice-Dispenser-3.webp 949w, https:\/\/www.yongyukitchenware.com\/wp-content\/uploads\/2025\/05\/Bulk-8L-Juice-Dispenser-3-200x300.webp 200w, https:\/\/www.yongyukitchenware.com\/wp-content\/uploads\/2025\/05\/Bulk-8L-Juice-Dispenser-3-768x1153.webp 768w, https:\/\/www.yongyukitchenware.com\/wp-content\/uploads\/2025\/05\/Bulk-8L-Juice-Dispenser-3-8x12.webp 8w, https:\/\/www.yongyukitchenware.com\/wp-content\/uploads\/2025\/05\/Bulk-8L-Juice-Dispenser-3-600x901.webp 600w\" sizes=\"(max-width: 949px) 100vw, 949px\" \/><\/figure>\n<\/div>\n<\/div>","protected":false},"excerpt":{"rendered":"<p>Le distributeur de jus de fruits 8L en vrac est une tour polyvalente pour boissons froides et chaudes qui convient pour servir du jus de fruits, de la bi\u00e8re ou du caf\u00e9 dans les \u00e9tablissements commerciaux. Dot\u00e9 d'une finition semi dor\u00e9e, il allie fonctionnalit\u00e9 et \u00e9l\u00e9gance, id\u00e9al pour les buffets, les restaurants et les \u00e9v\u00e9nements. Meilleure remise pour la personnalisation de grandes quantit\u00e9s, n'h\u00e9sitez pas \u00e0 nous contacter.<\/p>\n<h2>\u00a0Distributeur de jus de fruits 8L en vrac Param\u00e8tres :<\/h2>\n<p><strong>Mat\u00e9riau :<\/strong> Acier inoxydable, plastique<br \/><strong>Conception :<\/strong> Avec robinet, grille en acier inoxydable, \u00e9vier \u00e0 trous<br \/><strong>Tailles :<\/strong> 8L \/16L<br \/><strong>Emballage :<\/strong> Sac\/volume\/carton ou sur mesure<br \/><strong>OEM\/ODM :<\/strong> En option<\/p>\n<h2 class=\"wp-block-heading\">Distributeur de jus de fruits 8L en vrac Fabricant :<\/h2>\n<p>Qu'il s'agisse d'un fournisseur de services de restauration, d'un h\u00f4tel ou d'un restaurant, ou d'une soci\u00e9t\u00e9 d'organisation d'\u00e9v\u00e9nements, nous fournissons des solutions compl\u00e8tes de fournitures de restauration en gros pour vous avec des prix d'usine de haute qualit\u00e9 !<\/p>","protected":false},"featured_media":4020,"comment_status":"closed","ping_status":"closed","template":"","meta":{"_acf_changed":false},"application":[30],"product_brand":[],"product_cat":[22,34],"product_tag":[],"class_list":{"0":"post-4023","1":"product","2":"type-product","3":"status-publish","4":"has-post-thumbnail","6":"application-hotel-catering","7":"product_cat-catering-supplies-wholesale","8":"product_cat-wholesale-drink-dispenser","10":"first","11":"instock","12":"shipping-taxable","13":"product-type-simple"},"acf":[],"_links":{"self":[{"href":"https:\/\/www.yongyukitchenware.com\/fr\/wp-json\/wp\/v2\/product\/4023","targetHints":{"allow":["GET"]}}],"collection":[{"href":"https:\/\/www.yongyukitchenware.com\/fr\/wp-json\/wp\/v2\/product"}],"about":[{"href":"https:\/\/www.yongyukitchenware.com\/fr\/wp-json\/wp\/v2\/types\/product"}],"replies":[{"embeddable":true,"href":"https:\/\/www.yongyukitchenware.com\/fr\/wp-json\/wp\/v2\/comments?post=4023"}],"wp:featuredmedia":[{"embeddable":true,"href":"https:\/\/www.yongyukitchenware.com\/fr\/wp-json\/wp\/v2\/media\/4020"}],"wp:attachment":[{"href":"https:\/\/www.yongyukitchenware.com\/fr\/wp-json\/wp\/v2\/media?parent=4023"}],"wp:term":[{"taxonomy":"application","embeddable":true,"href":"https:\/\/www.yongyukitchenware.com\/fr\/wp-json\/wp\/v2\/application?post=4023"},{"taxonomy":"product_brand","embeddable":true,"href":"https:\/\/www.yongyukitchenware.com\/fr\/wp-json\/wp\/v2\/product_brand?post=4023"},{"taxonomy":"product_cat","embeddable":true,"href":"https:\/\/www.yongyukitchenware.com\/fr\/wp-json\/wp\/v2\/product_cat?post=4023"},{"taxonomy":"product_tag","embeddable":true,"href":"https:\/\/www.yongyukitchenware.com\/fr\/wp-json\/wp\/v2\/product_tag?post=4023"}],"curies":[{"name":"wp","href":"https:\/\/api.w.org\/{rel}","templated":true}]}}