{"id":4045,"date":"2025-06-16T07:16:05","date_gmt":"2025-06-16T07:16:05","guid":{"rendered":"https:\/\/www.yongyukitchenware.com\/?post_type=product&#038;p=4045"},"modified":"2025-06-16T07:16:07","modified_gmt":"2025-06-16T07:16:07","slug":"bulk-rotating-cereal-dispenser-cylindrical-gravity-dispenser-three-heads","status":"publish","type":"product","link":"https:\/\/www.yongyukitchenware.com\/fr\/produit\/bulk-rotating-cereal-dispenser-cylindrical-gravity-dispenser-three-heads\/","title":{"rendered":"Distributeur rotatif de c\u00e9r\u00e9ales en vrac Distributeur cylindrique par gravit\u00e9 - Trois t\u00eates"},"content":{"rendered":"<div class=\"wp-block-columns is-layout-flex wp-container-core-columns-is-layout-9d6595d7 wp-block-columns-is-layout-flex\">\n<div class=\"wp-block-column is-layout-flow wp-block-column-is-layout-flow\">\n<h2 class=\"wp-block-heading\">Distributeur de c\u00e9r\u00e9ales rotatif en vrac Taille :<\/h2>\n\n\n\n<figure class=\"wp-block-table\"><table class=\"has-fixed-layout\"><tbody><tr><td>Mod\u00e8le<\/td><td>Capacit\u00e9 (L)<\/td><td>MOQ<\/td><\/tr><tr><td rowspan=\"3\">DY011-GZD<\/td><td>3.5<\/td><td rowspan=\"3\">10PCS<\/td><\/tr><tr><td>7<\/td><\/tr><tr><td>10<\/td><\/tr><\/tbody><\/table><\/figure>\n\n\n\n<h2 class=\"wp-block-heading\">Distributeur de c\u00e9r\u00e9ales rotatif en vracCaract\u00e9ristiques :<\/h2>\n\n\n\n<p><strong>Capacit\u00e9s multiples <\/strong>Des contenances de 3,5\/7\/10 litres sont disponibles pour r\u00e9pondre aux besoins de divers aliments secs, tels que les c\u00e9r\u00e9ales, le riz, les bonbons, les noix et m\u00eame les aliments pour animaux de compagnie. Chaque conteneur a une capacit\u00e9 de 3,5 litres, ce qui offre un espace suffisant pour garder vos produits essentiels bien organis\u00e9s et facilement accessibles.<br><strong>Facile \u00e0 utiliser : <\/strong>Le commutateur rotatif distribue 1 once par tour, ce qui rend le contr\u00f4le du poids simple et efficace.<br><strong>Fiable et durable : <\/strong>Fabriqu\u00e9 en acier inoxydable et en PC de haute qualit\u00e9, il est robuste et durable. En contact direct avec les aliments, il n'est pas susceptible de se d\u00e9former ou de se casser, ce qui garantit une utilisation \u00e0 long terme. Facile \u00e0 nettoyer et pratique \u00e0 utiliser<br><strong>Applications multiples :<\/strong> Ce distributeur de grains permet de stocker et de distribuer les grains, les bonbons, les noix, le caf\u00e9, les haricots, le riz, les c\u00e9r\u00e9ales, les flocons d'avoine, le th\u00e9, les en-cas, etc., en \u00e9vitant la confusion et en gardant la cuisine bien rang\u00e9e.<\/p>\n<\/div>\n\n\n\n<div class=\"wp-block-column is-layout-flow wp-block-column-is-layout-flow\">\n<figure class=\"wp-block-image size-full\"><img decoding=\"async\" width=\"800\" height=\"800\" src=\"https:\/\/www.yongyukitchenware.com\/wp-content\/uploads\/2025\/05\/Bulk-Rotating-Cereal-Dispenser-11.webp\" alt=\"Distributeur de c\u00e9r\u00e9ales rotatif en vrac-11\" class=\"wp-image-4043\" srcset=\"https:\/\/www.yongyukitchenware.com\/wp-content\/uploads\/2025\/05\/Bulk-Rotating-Cereal-Dispenser-11.webp 800w, https:\/\/www.yongyukitchenware.com\/wp-content\/uploads\/2025\/05\/Bulk-Rotating-Cereal-Dispenser-11-300x300.webp 300w, https:\/\/www.yongyukitchenware.com\/wp-content\/uploads\/2025\/05\/Bulk-Rotating-Cereal-Dispenser-11-150x150.webp 150w, https:\/\/www.yongyukitchenware.com\/wp-content\/uploads\/2025\/05\/Bulk-Rotating-Cereal-Dispenser-11-768x768.webp 768w, https:\/\/www.yongyukitchenware.com\/wp-content\/uploads\/2025\/05\/Bulk-Rotating-Cereal-Dispenser-11-12x12.webp 12w, https:\/\/www.yongyukitchenware.com\/wp-content\/uploads\/2025\/05\/Bulk-Rotating-Cereal-Dispenser-11-600x600.webp 600w, https:\/\/www.yongyukitchenware.com\/wp-content\/uploads\/2025\/05\/Bulk-Rotating-Cereal-Dispenser-11-100x100.webp 100w\" sizes=\"(max-width: 800px) 100vw, 800px\" \/><\/figure>\n\n\n\n<figure class=\"wp-block-image size-full is-style-default\"><img decoding=\"async\" width=\"1024\" height=\"1024\" src=\"https:\/\/www.yongyukitchenware.com\/wp-content\/uploads\/2025\/05\/Bulk-Rotating-Cereal-Dispenser-9.webp\" alt=\"Distributeur de c\u00e9r\u00e9ales rotatif en vrac-9\" class=\"wp-image-4041\" srcset=\"https:\/\/www.yongyukitchenware.com\/wp-content\/uploads\/2025\/05\/Bulk-Rotating-Cereal-Dispenser-9.webp 1024w, https:\/\/www.yongyukitchenware.com\/wp-content\/uploads\/2025\/05\/Bulk-Rotating-Cereal-Dispenser-9-300x300.webp 300w, https:\/\/www.yongyukitchenware.com\/wp-content\/uploads\/2025\/05\/Bulk-Rotating-Cereal-Dispenser-9-150x150.webp 150w, https:\/\/www.yongyukitchenware.com\/wp-content\/uploads\/2025\/05\/Bulk-Rotating-Cereal-Dispenser-9-768x768.webp 768w, https:\/\/www.yongyukitchenware.com\/wp-content\/uploads\/2025\/05\/Bulk-Rotating-Cereal-Dispenser-9-12x12.webp 12w, https:\/\/www.yongyukitchenware.com\/wp-content\/uploads\/2025\/05\/Bulk-Rotating-Cereal-Dispenser-9-600x600.webp 600w, https:\/\/www.yongyukitchenware.com\/wp-content\/uploads\/2025\/05\/Bulk-Rotating-Cereal-Dispenser-9-100x100.webp 100w\" sizes=\"(max-width: 1024px) 100vw, 1024px\" \/><\/figure>\n<\/div>\n<\/div>","protected":false},"excerpt":{"rendered":"<p>Notre distributeur rotatif de c\u00e9r\u00e9ales en vrac pr\u00e9sente un design cylindrique aliment\u00e9 par gravit\u00e9 avec trois t\u00eates rotatives pour une distribution efficace. Id\u00e9al pour les stations de petit-d\u00e9jeuner en libre-service, les buffets d'h\u00f4tel ou les magasins de produits alimentaires en vrac. Am\u00e9liorez l'exp\u00e9rience de vos clients et rationalisez la gestion des aliments en vrac gr\u00e2ce \u00e0 cette solution de qualit\u00e9 professionnelle.<\/p>\n<h2>Distributeur rotatif de c\u00e9r\u00e9ales en vrac Param\u00e8tres :<\/h2>\n<p><strong>Mat\u00e9riau :<\/strong> Acier inoxydable, plastique<br \/><strong>Conception :<\/strong> Avec robinet, grille en acier inoxydable, \u00e9vier \u00e0 trous<br \/><strong>Tailles :<\/strong> 3,5L\/7,0L\/10L<br \/><strong>Emballage :<\/strong> Sac\/volume\/carton ou sur mesure<br \/><strong>OEM\/ODM :<\/strong> En option<\/p>\n<h2 class=\"wp-block-heading\">Distributeur de c\u00e9r\u00e9ales rotatif en vrac Fabricant :<\/h2>\n<p>Qu'il s'agisse d'un fournisseur de services de restauration, d'un h\u00f4tel ou d'un restaurant, ou d'une soci\u00e9t\u00e9 d'organisation d'\u00e9v\u00e9nements, nous fournissons des solutions compl\u00e8tes de fournitures de restauration en gros pour vous avec des prix d'usine de haute qualit\u00e9 !<\/p>","protected":false},"featured_media":4033,"comment_status":"closed","ping_status":"closed","template":"","meta":{"_acf_changed":true},"application":[30],"product_brand":[],"product_cat":[22,34],"product_tag":[],"class_list":{"0":"post-4045","1":"product","2":"type-product","3":"status-publish","4":"has-post-thumbnail","6":"application-hotel-catering","7":"product_cat-catering-supplies-wholesale","8":"product_cat-wholesale-drink-dispenser","10":"first","11":"instock","12":"shipping-taxable","13":"product-type-simple"},"acf":[],"_links":{"self":[{"href":"https:\/\/www.yongyukitchenware.com\/fr\/wp-json\/wp\/v2\/product\/4045","targetHints":{"allow":["GET"]}}],"collection":[{"href":"https:\/\/www.yongyukitchenware.com\/fr\/wp-json\/wp\/v2\/product"}],"about":[{"href":"https:\/\/www.yongyukitchenware.com\/fr\/wp-json\/wp\/v2\/types\/product"}],"replies":[{"embeddable":true,"href":"https:\/\/www.yongyukitchenware.com\/fr\/wp-json\/wp\/v2\/comments?post=4045"}],"wp:featuredmedia":[{"embeddable":true,"href":"https:\/\/www.yongyukitchenware.com\/fr\/wp-json\/wp\/v2\/media\/4033"}],"wp:attachment":[{"href":"https:\/\/www.yongyukitchenware.com\/fr\/wp-json\/wp\/v2\/media?parent=4045"}],"wp:term":[{"taxonomy":"application","embeddable":true,"href":"https:\/\/www.yongyukitchenware.com\/fr\/wp-json\/wp\/v2\/application?post=4045"},{"taxonomy":"product_brand","embeddable":true,"href":"https:\/\/www.yongyukitchenware.com\/fr\/wp-json\/wp\/v2\/product_brand?post=4045"},{"taxonomy":"product_cat","embeddable":true,"href":"https:\/\/www.yongyukitchenware.com\/fr\/wp-json\/wp\/v2\/product_cat?post=4045"},{"taxonomy":"product_tag","embeddable":true,"href":"https:\/\/www.yongyukitchenware.com\/fr\/wp-json\/wp\/v2\/product_tag?post=4045"}],"curies":[{"name":"wp","href":"https:\/\/api.w.org\/{rel}","templated":true}]}}