{"id":4056,"date":"2025-06-23T09:53:00","date_gmt":"2025-06-23T09:53:00","guid":{"rendered":"https:\/\/www.yongyukitchenware.com\/?post_type=product&#038;p=4056"},"modified":"2025-06-23T09:53:02","modified_gmt":"2025-06-23T09:53:02","slug":"custom-cereal-dispenser-stainless-steel-buffet-dry-food-dispenser-double-heads","status":"publish","type":"product","link":"https:\/\/www.yongyukitchenware.com\/fr\/produit\/custom-cereal-dispenser-stainless-steel-buffet-dry-food-dispenser-double-heads\/","title":{"rendered":"Distributeur de c\u00e9r\u00e9ales sur mesure Distributeur d'aliments secs pour buffet en acier inoxydable - double t\u00eate"},"content":{"rendered":"<div class=\"wp-block-columns is-layout-flex wp-container-core-columns-is-layout-9d6595d7 wp-block-columns-is-layout-flex\">\n<div class=\"wp-block-column is-layout-flow wp-block-column-is-layout-flow\">\n<h2 class=\"wp-block-heading\">Distributeur de c\u00e9r\u00e9ales sur mesure Taille :<\/h2>\n\n\n\n<figure class=\"wp-block-table\"><table class=\"has-fixed-layout\"><tbody><tr><td>Mod\u00e8le<\/td><td>Capacit\u00e9 (L)<\/td><td>MOQ<\/td><\/tr><tr><td rowspan=\"3\">DY012-GZD<\/td><td>3.5<\/td><td rowspan=\"3\">10PCS<\/td><\/tr><tr><td>7<\/td><\/tr><tr><td>10<\/td><\/tr><\/tbody><\/table><\/figure>\n\n\n\n<h2 class=\"wp-block-heading\">Distributeur de c\u00e9r\u00e9ales personnalis\u00e9 Caract\u00e9ristiques :<\/h2>\n\n\n\n<p><strong>Multi-capacit\u00e9s :<\/strong>Des contenances de 3,5\/7\/10 litres sont disponibles pour remplir le r\u00f4le de divers aliments secs tels que les c\u00e9r\u00e9ales, le riz, les bonbons, les noix et les aliments pour animaux de compagnie. Ils sont tous dot\u00e9s d'un r\u00e9cipient de 3,5 litres suffisamment grand pour que vous puissiez ranger vos produits essentiels et les avoir \u00e0 port\u00e9e de main.<br><strong>Facile \u00e0 utiliser : <\/strong>Le fonctionnement du commutateur rotatif permet d'obtenir 1 once par tour, et le contr\u00f4le du poids est simple et efficace.<br><strong>Durable et fiable : <\/strong>Fabriqu\u00e9 en acier inoxydable et en PC de haute qualit\u00e9, il est rigide et robuste. Utilis\u00e9 directement sur les aliments, il ne se d\u00e9forme pas et ne se brise pas facilement, ce qui lui conf\u00e8re une longue dur\u00e9e de vie. Facile \u00e0 utiliser et \u00e0 nettoyer<br><strong>Un certain nombre d'applications :<\/strong> Ce distributeur de grains facilite le stockage et la distribution pr\u00e9alable de grains, de bonbons, de noix, de caf\u00e9, de haricots, de riz, de c\u00e9r\u00e9ales, de flocons d'avoine, de th\u00e9, de snacks, etc., sans m\u00e9lange et en gardant la cuisine bien rang\u00e9e.<\/p>\n<\/div>\n\n\n\n<div class=\"wp-block-column is-layout-flow wp-block-column-is-layout-flow\">\n<figure class=\"wp-block-image size-full\"><img decoding=\"async\" width=\"800\" height=\"800\" src=\"https:\/\/www.yongyukitchenware.com\/wp-content\/uploads\/2025\/06\/Bulk-Cereal-Dispenser-7.webp\" alt=\"Distributeur de c\u00e9r\u00e9ales en vrac-7\" class=\"wp-image-4055\" srcset=\"https:\/\/www.yongyukitchenware.com\/wp-content\/uploads\/2025\/06\/Bulk-Cereal-Dispenser-7.webp 800w, https:\/\/www.yongyukitchenware.com\/wp-content\/uploads\/2025\/06\/Bulk-Cereal-Dispenser-7-300x300.webp 300w, https:\/\/www.yongyukitchenware.com\/wp-content\/uploads\/2025\/06\/Bulk-Cereal-Dispenser-7-150x150.webp 150w, https:\/\/www.yongyukitchenware.com\/wp-content\/uploads\/2025\/06\/Bulk-Cereal-Dispenser-7-768x768.webp 768w, https:\/\/www.yongyukitchenware.com\/wp-content\/uploads\/2025\/06\/Bulk-Cereal-Dispenser-7-12x12.webp 12w, https:\/\/www.yongyukitchenware.com\/wp-content\/uploads\/2025\/06\/Bulk-Cereal-Dispenser-7-600x600.webp 600w, https:\/\/www.yongyukitchenware.com\/wp-content\/uploads\/2025\/06\/Bulk-Cereal-Dispenser-7-100x100.webp 100w\" sizes=\"(max-width: 800px) 100vw, 800px\" \/><\/figure>\n\n\n\n<figure class=\"wp-block-image size-full is-style-default\"><img decoding=\"async\" width=\"1024\" height=\"1024\" src=\"https:\/\/www.yongyukitchenware.com\/wp-content\/uploads\/2025\/05\/Bulk-Rotating-Cereal-Dispenser-9.webp\" alt=\"Distributeur de c\u00e9r\u00e9ales rotatif en vrac-9\" class=\"wp-image-4041\" srcset=\"https:\/\/www.yongyukitchenware.com\/wp-content\/uploads\/2025\/05\/Bulk-Rotating-Cereal-Dispenser-9.webp 1024w, https:\/\/www.yongyukitchenware.com\/wp-content\/uploads\/2025\/05\/Bulk-Rotating-Cereal-Dispenser-9-300x300.webp 300w, https:\/\/www.yongyukitchenware.com\/wp-content\/uploads\/2025\/05\/Bulk-Rotating-Cereal-Dispenser-9-150x150.webp 150w, https:\/\/www.yongyukitchenware.com\/wp-content\/uploads\/2025\/05\/Bulk-Rotating-Cereal-Dispenser-9-768x768.webp 768w, https:\/\/www.yongyukitchenware.com\/wp-content\/uploads\/2025\/05\/Bulk-Rotating-Cereal-Dispenser-9-12x12.webp 12w, https:\/\/www.yongyukitchenware.com\/wp-content\/uploads\/2025\/05\/Bulk-Rotating-Cereal-Dispenser-9-600x600.webp 600w, https:\/\/www.yongyukitchenware.com\/wp-content\/uploads\/2025\/05\/Bulk-Rotating-Cereal-Dispenser-9-100x100.webp 100w\" sizes=\"(max-width: 1024px) 100vw, 1024px\" \/><\/figure>\n<\/div>\n<\/div>","protected":false},"excerpt":{"rendered":"<p>Distributeur de c\u00e9r\u00e9ales personnalis\u00e9. Fabriqu\u00e9 en acier inoxydable durable et dot\u00e9 d'une double t\u00eate pour une distribution efficace des aliments secs. Convient aux buffets, aux h\u00f4tels et aux zones de service de petit-d\u00e9jeuner. Personnalisez votre service pour r\u00e9pondre aux divers besoins de votre entreprise d\u00e8s aujourd'hui.<\/p>\n<h2>Distributeur de c\u00e9r\u00e9ales sur mesure Param\u00e8tres :<\/h2>\n<p><strong>Mat\u00e9riau :<\/strong> Acier inoxydable, plastique<br \/><strong>Conception :<\/strong> Avec robinet, grille en acier inoxydable, \u00e9vier \u00e0 trous<br \/><strong>Tailles :<\/strong> 3,5L\/7,0L\/10L<br \/><strong>Emballage :<\/strong> Sac\/volume\/carton ou sur mesure<br \/><strong>OEM\/ODM :<\/strong> En option<\/p>\n<h2 class=\"wp-block-heading\">Fabricant de distributeurs de c\u00e9r\u00e9ales sur mesure :<\/h2>\n<p>Qu'il s'agisse d'un fournisseur de services de restauration, d'un h\u00f4tel ou d'un restaurant, ou d'une soci\u00e9t\u00e9 d'organisation d'\u00e9v\u00e9nements, nous fournissons des solutions compl\u00e8tes de fournitures de restauration en gros pour vous avec des prix d'usine de haute qualit\u00e9 !<\/p>","protected":false},"featured_media":4050,"comment_status":"closed","ping_status":"closed","template":"","meta":{"_acf_changed":true},"application":[30],"product_brand":[],"product_cat":[22,34],"product_tag":[],"class_list":{"0":"post-4056","1":"product","2":"type-product","3":"status-publish","4":"has-post-thumbnail","6":"application-hotel-catering","7":"product_cat-catering-supplies-wholesale","8":"product_cat-wholesale-drink-dispenser","10":"first","11":"instock","12":"shipping-taxable","13":"product-type-simple"},"acf":[],"_links":{"self":[{"href":"https:\/\/www.yongyukitchenware.com\/fr\/wp-json\/wp\/v2\/product\/4056","targetHints":{"allow":["GET"]}}],"collection":[{"href":"https:\/\/www.yongyukitchenware.com\/fr\/wp-json\/wp\/v2\/product"}],"about":[{"href":"https:\/\/www.yongyukitchenware.com\/fr\/wp-json\/wp\/v2\/types\/product"}],"replies":[{"embeddable":true,"href":"https:\/\/www.yongyukitchenware.com\/fr\/wp-json\/wp\/v2\/comments?post=4056"}],"wp:featuredmedia":[{"embeddable":true,"href":"https:\/\/www.yongyukitchenware.com\/fr\/wp-json\/wp\/v2\/media\/4050"}],"wp:attachment":[{"href":"https:\/\/www.yongyukitchenware.com\/fr\/wp-json\/wp\/v2\/media?parent=4056"}],"wp:term":[{"taxonomy":"application","embeddable":true,"href":"https:\/\/www.yongyukitchenware.com\/fr\/wp-json\/wp\/v2\/application?post=4056"},{"taxonomy":"product_brand","embeddable":true,"href":"https:\/\/www.yongyukitchenware.com\/fr\/wp-json\/wp\/v2\/product_brand?post=4056"},{"taxonomy":"product_cat","embeddable":true,"href":"https:\/\/www.yongyukitchenware.com\/fr\/wp-json\/wp\/v2\/product_cat?post=4056"},{"taxonomy":"product_tag","embeddable":true,"href":"https:\/\/www.yongyukitchenware.com\/fr\/wp-json\/wp\/v2\/product_tag?post=4056"}],"curies":[{"name":"wp","href":"https:\/\/api.w.org\/{rel}","templated":true}]}}