{"id":4072,"date":"2025-06-25T09:42:35","date_gmt":"2025-06-25T09:42:35","guid":{"rendered":"https:\/\/www.yongyukitchenware.com\/?post_type=product&#038;p=4072"},"modified":"2025-06-25T09:42:37","modified_gmt":"2025-06-25T09:42:37","slug":"custom-dry-food-dispenser-flour-storage-containers-set-three-heads","status":"publish","type":"product","link":"https:\/\/www.yongyukitchenware.com\/fr\/produit\/custom-dry-food-dispenser-flour-storage-containers-set-three-heads\/","title":{"rendered":"Distributeur d'aliments secs personnalis\u00e9 R\u00e9cipients de stockage de farine Set-trois t\u00eates"},"content":{"rendered":"<div class=\"wp-block-columns is-layout-flex wp-container-core-columns-is-layout-9d6595d7 wp-block-columns-is-layout-flex\">\n<div class=\"wp-block-column is-layout-flow wp-block-column-is-layout-flow\">\n<h2 class=\"wp-block-heading\">Distributeur d'aliments secs personnalis\u00e9 Taille :<\/h2>\n\n\n\n<figure class=\"wp-block-table\"><table class=\"has-fixed-layout\"><tbody><tr><td>Mod\u00e8le<\/td><td>Capacit\u00e9 (L)<\/td><td>MOQ<\/td><\/tr><tr><td rowspan=\"3\">DY013-GZD<\/td><td>3.5<\/td><td rowspan=\"3\">10PCS<\/td><\/tr><tr><td>7<\/td><\/tr><tr><td>10<\/td><\/tr><\/tbody><\/table><\/figure>\n\n\n\n<h2 class=\"wp-block-heading\">Distributeur d'aliments secs personnalis\u00e9 Caract\u00e9ristiques :<\/h2>\n\n\n\n<p><strong>Capacit\u00e9s multiples <\/strong>Des contenances de 3,5\/7\/10 litres sont disponibles pour r\u00e9pondre aux besoins de divers aliments secs, tels que les c\u00e9r\u00e9ales, le riz, les bonbons, les noix et m\u00eame les aliments pour animaux de compagnie. Chaque conteneur a une capacit\u00e9 de 3,5 litres, ce qui offre un espace suffisant pour garder vos produits essentiels bien organis\u00e9s et facilement accessibles.<br><strong>Facile \u00e0 utiliser : <\/strong>Le commutateur rotatif distribue 1 once par tour, ce qui rend le contr\u00f4le du poids simple et efficace.<br><strong>Fiable et durable : <\/strong>Fabriqu\u00e9 en acier inoxydable et en PC de haute qualit\u00e9, il est robuste et durable. En contact direct avec les aliments, il n'est pas susceptible de se d\u00e9former ou de se casser, ce qui garantit une utilisation \u00e0 long terme. Facile \u00e0 nettoyer et pratique \u00e0 utiliser<br><strong>Applications multiples :<\/strong> Ce distributeur de grains permet de stocker et de distribuer les grains, les bonbons, les noix, le caf\u00e9, les haricots, le riz, les c\u00e9r\u00e9ales, les flocons d'avoine, le th\u00e9, les en-cas, etc., en \u00e9vitant la confusion et en gardant la cuisine bien rang\u00e9e.<\/p>\n<\/div>\n\n\n\n<div class=\"wp-block-column is-layout-flow wp-block-column-is-layout-flow\">\n<figure class=\"wp-block-image size-full\"><img decoding=\"async\" width=\"800\" height=\"800\" src=\"https:\/\/www.yongyukitchenware.com\/wp-content\/uploads\/2025\/06\/Bulk-Dry-Food-Dispenser-12.webp\" alt=\"Distributeur d&#039;aliments secs sur mesure-12\" class=\"wp-image-4068\" srcset=\"https:\/\/www.yongyukitchenware.com\/wp-content\/uploads\/2025\/06\/Bulk-Dry-Food-Dispenser-12.webp 800w, https:\/\/www.yongyukitchenware.com\/wp-content\/uploads\/2025\/06\/Bulk-Dry-Food-Dispenser-12-300x300.webp 300w, https:\/\/www.yongyukitchenware.com\/wp-content\/uploads\/2025\/06\/Bulk-Dry-Food-Dispenser-12-150x150.webp 150w, https:\/\/www.yongyukitchenware.com\/wp-content\/uploads\/2025\/06\/Bulk-Dry-Food-Dispenser-12-768x768.webp 768w, https:\/\/www.yongyukitchenware.com\/wp-content\/uploads\/2025\/06\/Bulk-Dry-Food-Dispenser-12-12x12.webp 12w, https:\/\/www.yongyukitchenware.com\/wp-content\/uploads\/2025\/06\/Bulk-Dry-Food-Dispenser-12-600x600.webp 600w, https:\/\/www.yongyukitchenware.com\/wp-content\/uploads\/2025\/06\/Bulk-Dry-Food-Dispenser-12-100x100.webp 100w\" sizes=\"(max-width: 800px) 100vw, 800px\" \/><\/figure>\n\n\n\n<figure class=\"wp-block-image size-full is-style-default\"><img decoding=\"async\" width=\"800\" height=\"800\" src=\"https:\/\/www.yongyukitchenware.com\/wp-content\/uploads\/2025\/06\/Bulk-Dry-Food-Dispenser-6.webp\" alt=\"Distributeur d&#039;aliments secs sur mesure-6\" class=\"wp-image-4062\" srcset=\"https:\/\/www.yongyukitchenware.com\/wp-content\/uploads\/2025\/06\/Bulk-Dry-Food-Dispenser-6.webp 800w, https:\/\/www.yongyukitchenware.com\/wp-content\/uploads\/2025\/06\/Bulk-Dry-Food-Dispenser-6-300x300.webp 300w, https:\/\/www.yongyukitchenware.com\/wp-content\/uploads\/2025\/06\/Bulk-Dry-Food-Dispenser-6-150x150.webp 150w, https:\/\/www.yongyukitchenware.com\/wp-content\/uploads\/2025\/06\/Bulk-Dry-Food-Dispenser-6-768x768.webp 768w, https:\/\/www.yongyukitchenware.com\/wp-content\/uploads\/2025\/06\/Bulk-Dry-Food-Dispenser-6-12x12.webp 12w, https:\/\/www.yongyukitchenware.com\/wp-content\/uploads\/2025\/06\/Bulk-Dry-Food-Dispenser-6-600x600.webp 600w, https:\/\/www.yongyukitchenware.com\/wp-content\/uploads\/2025\/06\/Bulk-Dry-Food-Dispenser-6-100x100.webp 100w\" sizes=\"(max-width: 800px) 100vw, 800px\" \/><\/figure>\n<\/div>\n<\/div>","protected":false},"excerpt":{"rendered":"<p>Distributeur d'aliments secs personnalis\u00e9 con\u00e7u avec trois t\u00eates et des options personnalisables pour une distribution pr\u00e9cise et hygi\u00e9nique. Convient aux caf\u00e9t\u00e9rias, aux h\u00f4tels et aux magasins d'alimentation sp\u00e9cialis\u00e9e. Personnalisez-le en vrac pour l'adapter \u00e0 votre marque et optimiser la distribution des aliments.<\/p>\n<h2>Distributeur d'aliments secs sur mesure Param\u00e8tres :<\/h2>\n<p><strong>Mat\u00e9riau :<\/strong> Acier inoxydable, plastique<br \/><strong>Conception :<\/strong> Avec robinet, grille en acier inoxydable, \u00e9vier \u00e0 trous<br \/><strong>Tailles :<\/strong> 3,5L\/7,0L\/10L<br \/><strong>Emballage :<\/strong> Sac\/volume\/carton ou sur mesure<br \/><strong>OEM\/ODM :<\/strong> En option<\/p>\n<h2 class=\"wp-block-heading\">Fabricant de distributeurs d'aliments secs sur mesure :<\/h2>\n<p>Qu'il s'agisse d'un fournisseur de services de restauration, d'un h\u00f4tel ou d'un restaurant, ou d'une soci\u00e9t\u00e9 d'organisation d'\u00e9v\u00e9nements, nous fournissons des solutions compl\u00e8tes de fournitures de restauration en gros pour vous avec des prix d'usine de haute qualit\u00e9 !<\/p>","protected":false},"featured_media":4070,"comment_status":"closed","ping_status":"closed","template":"","meta":{"_acf_changed":true},"application":[30],"product_brand":[],"product_cat":[22,34],"product_tag":[],"class_list":{"0":"post-4072","1":"product","2":"type-product","3":"status-publish","4":"has-post-thumbnail","6":"application-hotel-catering","7":"product_cat-catering-supplies-wholesale","8":"product_cat-wholesale-drink-dispenser","10":"first","11":"instock","12":"shipping-taxable","13":"product-type-simple"},"acf":[],"_links":{"self":[{"href":"https:\/\/www.yongyukitchenware.com\/fr\/wp-json\/wp\/v2\/product\/4072","targetHints":{"allow":["GET"]}}],"collection":[{"href":"https:\/\/www.yongyukitchenware.com\/fr\/wp-json\/wp\/v2\/product"}],"about":[{"href":"https:\/\/www.yongyukitchenware.com\/fr\/wp-json\/wp\/v2\/types\/product"}],"replies":[{"embeddable":true,"href":"https:\/\/www.yongyukitchenware.com\/fr\/wp-json\/wp\/v2\/comments?post=4072"}],"wp:featuredmedia":[{"embeddable":true,"href":"https:\/\/www.yongyukitchenware.com\/fr\/wp-json\/wp\/v2\/media\/4070"}],"wp:attachment":[{"href":"https:\/\/www.yongyukitchenware.com\/fr\/wp-json\/wp\/v2\/media?parent=4072"}],"wp:term":[{"taxonomy":"application","embeddable":true,"href":"https:\/\/www.yongyukitchenware.com\/fr\/wp-json\/wp\/v2\/application?post=4072"},{"taxonomy":"product_brand","embeddable":true,"href":"https:\/\/www.yongyukitchenware.com\/fr\/wp-json\/wp\/v2\/product_brand?post=4072"},{"taxonomy":"product_cat","embeddable":true,"href":"https:\/\/www.yongyukitchenware.com\/fr\/wp-json\/wp\/v2\/product_cat?post=4072"},{"taxonomy":"product_tag","embeddable":true,"href":"https:\/\/www.yongyukitchenware.com\/fr\/wp-json\/wp\/v2\/product_tag?post=4072"}],"curies":[{"name":"wp","href":"https:\/\/api.w.org\/{rel}","templated":true}]}}