{"id":4085,"date":"2025-06-03T07:14:29","date_gmt":"2025-06-03T07:14:29","guid":{"rendered":"https:\/\/www.yongyukitchenware.com\/?post_type=product&#038;p=4085"},"modified":"2025-06-13T02:24:00","modified_gmt":"2025-06-13T02:24:00","slug":"bulk-wooden-cereal-dispenser-luxury-dried-food-dispenser-single-head","status":"publish","type":"product","link":"https:\/\/www.yongyukitchenware.com\/fr\/produit\/bulk-wooden-cereal-dispenser-luxury-dried-food-dispenser-single-head\/","title":{"rendered":"Distributeur de c\u00e9r\u00e9ales en bois Distributeur d'aliments secs de luxe - t\u00eate unique"},"content":{"rendered":"<div class=\"wp-block-columns is-layout-flex wp-container-core-columns-is-layout-9d6595d7 wp-block-columns-is-layout-flex\">\n<div class=\"wp-block-column is-layout-flow wp-block-column-is-layout-flow\">\n<h2 class=\"wp-block-heading\">Distributeur de c\u00e9r\u00e9ales en bois en vrac Taille :<\/h2>\n\n\n\n<figure class=\"wp-block-table\"><table class=\"has-fixed-layout\"><tbody><tr><td>Mod\u00e8le<\/td><td>Capacit\u00e9 (L)<\/td><td>MOQ<\/td><\/tr><tr><td rowspan=\"3\">DY014-GZD<\/td><td>3.5<\/td><td rowspan=\"3\">10PCS<\/td><\/tr><tr><td>7<\/td><\/tr><tr><td>10<\/td><\/tr><\/tbody><\/table><\/figure>\n\n\n\n<h2 class=\"wp-block-heading\">Distributeur de c\u00e9r\u00e9ales en bois en vrac Caract\u00e9ristiques :<\/h2>\n\n\n\n<p><strong>Capacit\u00e9s multiples :<\/strong>Des capacit\u00e9s de 3,5\/7\/10 litres sont disponibles pour r\u00e9pondre aux besoins de divers aliments secs, tels que les c\u00e9r\u00e9ales, le riz, les bonbons, les noix et m\u00eame les aliments pour animaux de compagnie. Chaque conteneur a une contenance de 3,5 litres, ce qui offre suffisamment d'espace pour que vos produits essentiels soient bien organis\u00e9s et facilement accessibles.<br><strong>D\u00e9tachable : <\/strong>Le corps du godet, le couvercle, le bouton rotatif, la vis, la base en bois, etc. du distributeur sont amovibles, ce qui facilite le nettoyage.<br><strong>Facile \u00e0 utiliser :<\/strong> La conception du commutateur rotatif permet \u00e0 chaque lame d'allouer 1 once, ce qui rend le contr\u00f4le du poids simple et efficace.<br><strong>Fiable et durable : <\/strong>Fabriqu\u00e9 en acier inoxydable et en PC de haute qualit\u00e9, il est robuste et durable, en contact direct avec les aliments, avec une base en bois qui n'est pas sujette \u00e0 la d\u00e9formation ou \u00e0 la casse, garantissant une utilisation \u00e0 long terme. Facile \u00e0 nettoyer et pratique \u00e0 utiliser<br><strong>Utilisation multi-sc\u00e9narios : <\/strong>Le distributeur de snacks, d'aspect tr\u00e8s tendance, donne un coup de jeune \u00e0 la d\u00e9coration de la cuisine. Il permet de stocker et de distribuer des c\u00e9r\u00e9ales, des bonbons, des noix, du caf\u00e9, des haricots, etc. Il convient aux maisons, aux centres commerciaux, aux caf\u00e9s, aux bars, etc.<\/p>\n<\/div>\n\n\n\n<div class=\"wp-block-column is-layout-flow wp-block-column-is-layout-flow\">\n<figure class=\"wp-block-image size-full\"><img decoding=\"async\" width=\"1001\" height=\"1001\" src=\"https:\/\/www.yongyukitchenware.com\/wp-content\/uploads\/2025\/06\/Bulk-Wooden-Cereal-Dispenser-8.webp\" alt=\"Distributeur de c\u00e9r\u00e9ales en bois en vrac-8\" class=\"wp-image-4093\" srcset=\"https:\/\/www.yongyukitchenware.com\/wp-content\/uploads\/2025\/06\/Bulk-Wooden-Cereal-Dispenser-8.webp 1001w, https:\/\/www.yongyukitchenware.com\/wp-content\/uploads\/2025\/06\/Bulk-Wooden-Cereal-Dispenser-8-300x300.webp 300w, https:\/\/www.yongyukitchenware.com\/wp-content\/uploads\/2025\/06\/Bulk-Wooden-Cereal-Dispenser-8-150x150.webp 150w, https:\/\/www.yongyukitchenware.com\/wp-content\/uploads\/2025\/06\/Bulk-Wooden-Cereal-Dispenser-8-768x768.webp 768w, https:\/\/www.yongyukitchenware.com\/wp-content\/uploads\/2025\/06\/Bulk-Wooden-Cereal-Dispenser-8-12x12.webp 12w, https:\/\/www.yongyukitchenware.com\/wp-content\/uploads\/2025\/06\/Bulk-Wooden-Cereal-Dispenser-8-600x600.webp 600w, https:\/\/www.yongyukitchenware.com\/wp-content\/uploads\/2025\/06\/Bulk-Wooden-Cereal-Dispenser-8-100x100.webp 100w\" sizes=\"(max-width: 1001px) 100vw, 1001px\" \/><\/figure>\n<\/div>\n<\/div>","protected":false},"excerpt":{"rendered":"<p>Le distributeur de c\u00e9r\u00e9ales en bois en vrac est dot\u00e9 d'une t\u00eate unique fabriqu\u00e9e en bois de premi\u00e8re qualit\u00e9. Il est id\u00e9al pour stocker et distribuer des c\u00e9r\u00e9ales, des aliments secs et des en-cas avec \u00e9l\u00e9gance et commodit\u00e9. Parfait pour les cuisines, les caf\u00e9s et les \u00e9talages de vente au d\u00e9tail. Contactez-nous d\u00e8s maintenant pour obtenir des informations sur les prix de gros et passez votre commande aujourd'hui !<\/p>\n<h2>Distributeur de c\u00e9r\u00e9ales en bois Param\u00e8tre :<\/h2>\n<p><strong>Mat\u00e9riau :<\/strong> Acier inoxydable, plastique<br \/><strong>Conception :<\/strong> Avec robinet, grille en acier inoxydable, \u00e9vier \u00e0 trous<br \/><strong>Tailles :<\/strong> 3,5L\/7,0L\/10L<br \/><strong>Emballage :<\/strong> Sac\/volume\/carton ou sur mesure<br \/><strong>OEM\/ODM :<\/strong> En option<\/p>\n<h2 class=\"wp-block-heading\">Distributeur de c\u00e9r\u00e9ales en bois en vrac Fabricant :<\/h2>\n<p>Qu'il s'agisse d'un fournisseur de services de restauration, d'un h\u00f4tel ou d'un restaurant, ou d'une soci\u00e9t\u00e9 d'organisation d'\u00e9v\u00e9nements, nous fournissons des solutions compl\u00e8tes de fournitures de restauration en gros pour vous avec des prix d'usine de haute qualit\u00e9 !<\/p>","protected":false},"featured_media":4087,"comment_status":"closed","ping_status":"closed","template":"","meta":{"_acf_changed":true},"application":[30],"product_brand":[],"product_cat":[22,34],"product_tag":[],"class_list":{"0":"post-4085","1":"product","2":"type-product","3":"status-publish","4":"has-post-thumbnail","6":"application-hotel-catering","7":"product_cat-catering-supplies-wholesale","8":"product_cat-wholesale-drink-dispenser","10":"first","11":"instock","12":"shipping-taxable","13":"product-type-simple"},"acf":[],"_links":{"self":[{"href":"https:\/\/www.yongyukitchenware.com\/fr\/wp-json\/wp\/v2\/product\/4085","targetHints":{"allow":["GET"]}}],"collection":[{"href":"https:\/\/www.yongyukitchenware.com\/fr\/wp-json\/wp\/v2\/product"}],"about":[{"href":"https:\/\/www.yongyukitchenware.com\/fr\/wp-json\/wp\/v2\/types\/product"}],"replies":[{"embeddable":true,"href":"https:\/\/www.yongyukitchenware.com\/fr\/wp-json\/wp\/v2\/comments?post=4085"}],"wp:featuredmedia":[{"embeddable":true,"href":"https:\/\/www.yongyukitchenware.com\/fr\/wp-json\/wp\/v2\/media\/4087"}],"wp:attachment":[{"href":"https:\/\/www.yongyukitchenware.com\/fr\/wp-json\/wp\/v2\/media?parent=4085"}],"wp:term":[{"taxonomy":"application","embeddable":true,"href":"https:\/\/www.yongyukitchenware.com\/fr\/wp-json\/wp\/v2\/application?post=4085"},{"taxonomy":"product_brand","embeddable":true,"href":"https:\/\/www.yongyukitchenware.com\/fr\/wp-json\/wp\/v2\/product_brand?post=4085"},{"taxonomy":"product_cat","embeddable":true,"href":"https:\/\/www.yongyukitchenware.com\/fr\/wp-json\/wp\/v2\/product_cat?post=4085"},{"taxonomy":"product_tag","embeddable":true,"href":"https:\/\/www.yongyukitchenware.com\/fr\/wp-json\/wp\/v2\/product_tag?post=4085"}],"curies":[{"name":"wp","href":"https:\/\/api.w.org\/{rel}","templated":true}]}}