{"id":4128,"date":"2025-06-18T07:37:30","date_gmt":"2025-06-18T07:37:30","guid":{"rendered":"https:\/\/www.yongyukitchenware.com\/?post_type=product&#038;p=4128"},"modified":"2025-06-18T07:37:32","modified_gmt":"2025-06-18T07:37:32","slug":"custom-16l-juice-dispenser-cold-and-hot-beer-tower-coffee-dispenser-silver","status":"publish","type":"product","link":"https:\/\/www.yongyukitchenware.com\/fr\/produit\/custom-16l-juice-dispenser-cold-and-hot-beer-tower-coffee-dispenser-silver\/","title":{"rendered":"Distributeur de jus de fruits personnalis\u00e9 16L Tour de distribution de bi\u00e8re froide et chaude Distributeur de caf\u00e9 argent\u00e9"},"content":{"rendered":"<div class=\"wp-block-columns is-layout-flex wp-container-core-columns-is-layout-9d6595d7 wp-block-columns-is-layout-flex\">\n<div class=\"wp-block-column is-layout-flow wp-block-column-is-layout-flow\">\n<h2 class=\"wp-block-heading\">Distributeur de jus de fruits 16L personnalis\u00e9 Taille :<\/h2>\n\n\n\n<figure class=\"wp-block-table\"><table class=\"has-fixed-layout\"><tbody><tr><td>Mod\u00e8le<\/td><td>Capacit\u00e9 (L)<\/td><td>MOQ<\/td><\/tr><tr><td rowspan=\"2\">DY009-GZD<\/td><td>8<\/td><td rowspan=\"2\">8PCS<\/td><\/tr><tr><td>16<\/td><\/tr><\/tbody><\/table><\/figure>\n\n\n\n<h2 class=\"wp-block-heading\">Distributeur de jus de fruits 16L personnalis\u00e9 Caract\u00e9ristiques :<\/h2>\n\n\n\n<p><strong>Corps de baril \u00e0 haute r\u00e9sistance \u00e0 la chaleur : <\/strong>Corps du barillet en PC haute performance, aspect verre, r\u00e9sistance au froid, \u00e0 la chaleur et \u00e0 la corrosion.<br><strong>Robinet anti-goutte : <\/strong>R\u00e9sine luxueuse + robinet en acier inoxydable, l'eau coule comme de la soie sans goutter ni fuir, pour une longue dur\u00e9e de vie.<br><strong>Grande capacit\u00e9 : <\/strong>Remplissage en bidons simples de 8L et doubles de 16L, avec de nombreuses boissons, jus, caf\u00e9, etc., \u00e0 partager par plusieurs personnes.<br><strong>Excellente fonction de maintien de la temp\u00e9rature : <\/strong>La structure interne du distributeur de boissons utilise une structure de colonne de glace, et de la glace ou de l'eau chaude peut \u00eatre remplie pour maintenir la temp\u00e9rature de la boisson, ce qui permet \u00e0 la boisson de rester plus longtemps dans son \u00e9tat optimal.<br><strong>\u00c9vier anti-\u00e9claboussures : <\/strong>D\u00e9montable \u00e0 volont\u00e9 pour un simple nettoyage.<\/p>\n<\/div>\n\n\n\n<div class=\"wp-block-column is-layout-flow wp-block-column-is-layout-flow\">\n<figure class=\"wp-block-image size-full is-style-default\"><img decoding=\"async\" width=\"949\" height=\"1425\" src=\"https:\/\/www.yongyukitchenware.com\/wp-content\/uploads\/2025\/05\/Bulk-8L-Juice-Dispenser-3.webp\" alt=\"grossiste-8L-Distributeur de jus-3\" class=\"wp-image-4013\" srcset=\"https:\/\/www.yongyukitchenware.com\/wp-content\/uploads\/2025\/05\/Bulk-8L-Juice-Dispenser-3.webp 949w, https:\/\/www.yongyukitchenware.com\/wp-content\/uploads\/2025\/05\/Bulk-8L-Juice-Dispenser-3-200x300.webp 200w, https:\/\/www.yongyukitchenware.com\/wp-content\/uploads\/2025\/05\/Bulk-8L-Juice-Dispenser-3-768x1153.webp 768w, https:\/\/www.yongyukitchenware.com\/wp-content\/uploads\/2025\/05\/Bulk-8L-Juice-Dispenser-3-8x12.webp 8w, https:\/\/www.yongyukitchenware.com\/wp-content\/uploads\/2025\/05\/Bulk-8L-Juice-Dispenser-3-600x901.webp 600w\" sizes=\"(max-width: 949px) 100vw, 949px\" \/><\/figure>\n<\/div>\n<\/div>","protected":false},"excerpt":{"rendered":"<p>Distributeur de jus de fruits personnalis\u00e9 de 16 litres. \u00c9quip\u00e9 d'un contr\u00f4le de temp\u00e9rature double pour les boissons chaudes et froides dans une tour \u00e9l\u00e9gante de 16 litres. Parfait pour les restaurants, les h\u00f4tels, les bars et les lieux d'\u00e9v\u00e9nements. Faites appel \u00e0 nous d\u00e8s maintenant pour des solutions en vrac personnalis\u00e9es et des offres B2B comp\u00e9titives.<\/p>\n<h2>Distributeur de jus de fruits 16L personnalis\u00e9 Param\u00e8tres :<\/h2>\n<p><strong>Mat\u00e9riau :<\/strong> Acier inoxydable, plastique<br \/><strong>Conception :<\/strong> Avec robinet, grille en acier inoxydable, \u00e9vier \u00e0 trous<br \/><strong>Tailles :<\/strong> 8L \/16L<br \/><strong>Emballage :<\/strong> Sac\/volume\/carton ou sur mesure<br \/><strong>OEM\/ODM :<\/strong> En option<\/p>\n<h2 class=\"wp-block-heading\">Fabricant de distributeurs de jus de fruits 16L sur mesure :<\/h2>\n<p>Qu'il s'agisse d'un fournisseur de services de restauration, d'un h\u00f4tel ou d'un restaurant, ou d'une soci\u00e9t\u00e9 d'organisation d'\u00e9v\u00e9nements, nous fournissons des solutions compl\u00e8tes de fournitures de restauration en gros pour vous avec des prix d'usine de haute qualit\u00e9 !<\/p>","protected":false},"featured_media":4127,"comment_status":"closed","ping_status":"closed","template":"","meta":{"_acf_changed":true},"application":[30],"product_brand":[],"product_cat":[22,34],"product_tag":[],"class_list":{"0":"post-4128","1":"product","2":"type-product","3":"status-publish","4":"has-post-thumbnail","6":"application-hotel-catering","7":"product_cat-catering-supplies-wholesale","8":"product_cat-wholesale-drink-dispenser","10":"first","11":"instock","12":"shipping-taxable","13":"product-type-simple"},"acf":[],"_links":{"self":[{"href":"https:\/\/www.yongyukitchenware.com\/fr\/wp-json\/wp\/v2\/product\/4128","targetHints":{"allow":["GET"]}}],"collection":[{"href":"https:\/\/www.yongyukitchenware.com\/fr\/wp-json\/wp\/v2\/product"}],"about":[{"href":"https:\/\/www.yongyukitchenware.com\/fr\/wp-json\/wp\/v2\/types\/product"}],"replies":[{"embeddable":true,"href":"https:\/\/www.yongyukitchenware.com\/fr\/wp-json\/wp\/v2\/comments?post=4128"}],"wp:featuredmedia":[{"embeddable":true,"href":"https:\/\/www.yongyukitchenware.com\/fr\/wp-json\/wp\/v2\/media\/4127"}],"wp:attachment":[{"href":"https:\/\/www.yongyukitchenware.com\/fr\/wp-json\/wp\/v2\/media?parent=4128"}],"wp:term":[{"taxonomy":"application","embeddable":true,"href":"https:\/\/www.yongyukitchenware.com\/fr\/wp-json\/wp\/v2\/application?post=4128"},{"taxonomy":"product_brand","embeddable":true,"href":"https:\/\/www.yongyukitchenware.com\/fr\/wp-json\/wp\/v2\/product_brand?post=4128"},{"taxonomy":"product_cat","embeddable":true,"href":"https:\/\/www.yongyukitchenware.com\/fr\/wp-json\/wp\/v2\/product_cat?post=4128"},{"taxonomy":"product_tag","embeddable":true,"href":"https:\/\/www.yongyukitchenware.com\/fr\/wp-json\/wp\/v2\/product_tag?post=4128"}],"curies":[{"name":"wp","href":"https:\/\/api.w.org\/{rel}","templated":true}]}}