{"id":4141,"date":"2025-06-18T07:11:20","date_gmt":"2025-06-18T07:11:20","guid":{"rendered":"https:\/\/www.yongyukitchenware.com\/?post_type=product&#038;p=4141"},"modified":"2025-06-18T07:11:22","modified_gmt":"2025-06-18T07:11:22","slug":"10l-ceramic-electric-milk-dispenser-in-bulk-with-wooden-stand-yellow","status":"publish","type":"product","link":"https:\/\/www.yongyukitchenware.com\/fr\/produit\/10l-ceramic-electric-milk-dispenser-in-bulk-with-wooden-stand-yellow\/","title":{"rendered":"10L Distributeur \u00e9lectrique de lait en c\u00e9ramique en vrac avec support en bois-Jaune"},"content":{"rendered":"<div class=\"wp-block-columns is-layout-flex wp-container-core-columns-is-layout-9d6595d7 wp-block-columns-is-layout-flex\">\n<div class=\"wp-block-column is-layout-flow wp-block-column-is-layout-flow\">\n<h2 class=\"wp-block-heading\">10L Ceramic Electric Milk Dispenser in Bulk Size (Distributeur de lait \u00e9lectrique en c\u00e9ramique en vrac) :<\/h2>\n\n\n\n<figure class=\"wp-block-table\"><table class=\"has-fixed-layout\"><tbody><tr><td>Mod\u00e8le<\/td><td>Capacit\u00e9 (L)<\/td><td>MOQ<\/td><\/tr><tr><td>DY010-GZD<\/td><td>10<\/td><td>4PCS<\/td><\/tr><\/tbody><\/table><\/figure>\n\n\n\n<h2 class=\"wp-block-heading\">Distributeur \u00e9lectrique de lait en c\u00e9ramique 10L en vrac Caract\u00e9ristiques :<\/h2>\n\n\n\n<p><strong>R\u00e9sistant et durable : <\/strong>Corps de la bouteille en c\u00e9ramique + acier inoxydable + base en bois massif. L'acier inoxydable de haute qualit\u00e9 est s\u00fbr, ne rouille pas et est facile \u00e0 nettoyer.<br><strong>Robinet \u00e9paissi : <\/strong>Les robinets en acier inoxydable sont r\u00e9sistants \u00e0 l'usure, ne fuient pas, ne rouillent pas et offrent un d\u00e9bit d'eau r\u00e9gulier.<br><strong>Une capacit\u00e9 \u00e9lev\u00e9e pour r\u00e9pondre \u00e0 une forte demande :<\/strong> Gr\u00e2ce \u00e0 sa grande capacit\u00e9 de 10 litres, il peut r\u00e9pondre \u00e0 la demande des caf\u00e9s, des restaurants et des environnements commerciaux.<br><strong>Application multi-sc\u00e9narios : <\/strong>De nombreuses couleurs peuvent \u00eatre s\u00e9lectionn\u00e9es, comme le jaune, le rouge, le blanc et le vert. Son aspect tendance donne un nouveau look \u00e0 la cuisine. Il est multi-sc\u00e9nario avec chauffage et poss\u00e8de \u00e9galement une fonction de stockage pour les jus de fruits, les jus de l\u00e9gumes, le caf\u00e9, le lait, le lait de soja, le th\u00e9, la bi\u00e8re, etc.<\/p>\n<\/div>\n\n\n\n<div class=\"wp-block-column is-layout-flow wp-block-column-is-layout-flow\">\n<figure class=\"wp-block-image size-full is-style-default\"><img decoding=\"async\" width=\"800\" height=\"800\" src=\"https:\/\/www.yongyukitchenware.com\/wp-content\/uploads\/2025\/06\/Bulk-10L-Ceramic-Electric-Milk-Dispenser-2.webp\" alt=\"Bulk-10L-Distributeur-de-lait-\u00e9lectrique-en-c\u00e9ramique-2\" class=\"wp-image-4134\" srcset=\"https:\/\/www.yongyukitchenware.com\/wp-content\/uploads\/2025\/06\/Bulk-10L-Ceramic-Electric-Milk-Dispenser-2.webp 800w, https:\/\/www.yongyukitchenware.com\/wp-content\/uploads\/2025\/06\/Bulk-10L-Ceramic-Electric-Milk-Dispenser-2-300x300.webp 300w, https:\/\/www.yongyukitchenware.com\/wp-content\/uploads\/2025\/06\/Bulk-10L-Ceramic-Electric-Milk-Dispenser-2-150x150.webp 150w, https:\/\/www.yongyukitchenware.com\/wp-content\/uploads\/2025\/06\/Bulk-10L-Ceramic-Electric-Milk-Dispenser-2-768x768.webp 768w, https:\/\/www.yongyukitchenware.com\/wp-content\/uploads\/2025\/06\/Bulk-10L-Ceramic-Electric-Milk-Dispenser-2-12x12.webp 12w, https:\/\/www.yongyukitchenware.com\/wp-content\/uploads\/2025\/06\/Bulk-10L-Ceramic-Electric-Milk-Dispenser-2-600x600.webp 600w, https:\/\/www.yongyukitchenware.com\/wp-content\/uploads\/2025\/06\/Bulk-10L-Ceramic-Electric-Milk-Dispenser-2-100x100.webp 100w\" sizes=\"(max-width: 800px) 100vw, 800px\" \/><\/figure>\n<\/div>\n<\/div>","protected":false},"excerpt":{"rendered":"<p>Distributeur \u00e9lectrique de lait en c\u00e9ramique de 10 litres en vrac. D'une capacit\u00e9 de 10 litres, il est dot\u00e9 d'une isolation en c\u00e9ramique et d'un chauffage \u00e9lectrique pour une temp\u00e9rature de lait constante. Id\u00e9al pour les caf\u00e9s, les buffets de petit-d\u00e9jeuner et les \u00e9v\u00e9nements de restauration. Contactez-nous d\u00e8s aujourd'hui pour conna\u00eetre les prix de gros et les possibilit\u00e9s de partenariat.<\/p>\n<h2>10L Ceramic Electric Milk Dispenser in Bulk Param\u00e8tre :<\/h2>\n<p><strong>Mat\u00e9riau :<\/strong> Acier inoxydable, plastique<br \/><strong>Conception :<\/strong> Avec robinet, grille en acier inoxydable, \u00e9vier \u00e0 trous<br \/><strong>Tailles :<\/strong> 10L<br \/><strong>Emballage :<\/strong> Sac\/volume\/carton ou sur mesure<br \/><strong>OEM\/ODM :<\/strong> En option<\/p>\n<h2 class=\"wp-block-heading\">Distributeur \u00e9lectrique de lait en c\u00e9ramique 10L en vrac :<\/h2>\n<p>Qu'il s'agisse d'un prestataire de services de restauration, d'un h\u00f4tel et d'un restaurant, ou d'une soci\u00e9t\u00e9 d'organisation d'\u00e9v\u00e9nements, nous vous proposons des solutions compl\u00e8tes de vente en gros de fournitures de restauration \u00e0 des prix d'usine de haute qualit\u00e9 !<\/p>","protected":false},"featured_media":4134,"comment_status":"closed","ping_status":"closed","template":"","meta":{"_acf_changed":true},"application":[30],"product_brand":[],"product_cat":[22,34],"product_tag":[],"class_list":{"0":"post-4141","1":"product","2":"type-product","3":"status-publish","4":"has-post-thumbnail","6":"application-hotel-catering","7":"product_cat-catering-supplies-wholesale","8":"product_cat-wholesale-drink-dispenser","10":"first","11":"instock","12":"shipping-taxable","13":"product-type-simple"},"acf":[],"_links":{"self":[{"href":"https:\/\/www.yongyukitchenware.com\/fr\/wp-json\/wp\/v2\/product\/4141","targetHints":{"allow":["GET"]}}],"collection":[{"href":"https:\/\/www.yongyukitchenware.com\/fr\/wp-json\/wp\/v2\/product"}],"about":[{"href":"https:\/\/www.yongyukitchenware.com\/fr\/wp-json\/wp\/v2\/types\/product"}],"replies":[{"embeddable":true,"href":"https:\/\/www.yongyukitchenware.com\/fr\/wp-json\/wp\/v2\/comments?post=4141"}],"wp:featuredmedia":[{"embeddable":true,"href":"https:\/\/www.yongyukitchenware.com\/fr\/wp-json\/wp\/v2\/media\/4134"}],"wp:attachment":[{"href":"https:\/\/www.yongyukitchenware.com\/fr\/wp-json\/wp\/v2\/media?parent=4141"}],"wp:term":[{"taxonomy":"application","embeddable":true,"href":"https:\/\/www.yongyukitchenware.com\/fr\/wp-json\/wp\/v2\/application?post=4141"},{"taxonomy":"product_brand","embeddable":true,"href":"https:\/\/www.yongyukitchenware.com\/fr\/wp-json\/wp\/v2\/product_brand?post=4141"},{"taxonomy":"product_cat","embeddable":true,"href":"https:\/\/www.yongyukitchenware.com\/fr\/wp-json\/wp\/v2\/product_cat?post=4141"},{"taxonomy":"product_tag","embeddable":true,"href":"https:\/\/www.yongyukitchenware.com\/fr\/wp-json\/wp\/v2\/product_tag?post=4141"}],"curies":[{"name":"wp","href":"https:\/\/api.w.org\/{rel}","templated":true}]}}