{"id":4143,"date":"2025-06-11T02:57:31","date_gmt":"2025-06-11T02:57:31","guid":{"rendered":"https:\/\/www.yongyukitchenware.com\/?post_type=product&#038;p=4143"},"modified":"2025-06-13T02:04:36","modified_gmt":"2025-06-13T02:04:36","slug":"custom-10l-ceramic-electric-milk-dispenser-with-wooden-stand-red","status":"publish","type":"product","link":"https:\/\/www.yongyukitchenware.com\/fr\/produit\/custom-10l-ceramic-electric-milk-dispenser-with-wooden-stand-red\/","title":{"rendered":"Distributeur \u00e9lectrique de lait 10L en c\u00e9ramique sur mesure avec support en bois - rouge"},"content":{"rendered":"<div class=\"wp-block-columns is-layout-flex wp-container-core-columns-is-layout-9d6595d7 wp-block-columns-is-layout-flex\">\n<div class=\"wp-block-column is-layout-flow wp-block-column-is-layout-flow\">\n<h2 class=\"wp-block-heading\">Distributeur de lait \u00e9lectrique en c\u00e9ramique 10L personnalis\u00e9 Taille :<\/h2>\n\n\n\n<figure class=\"wp-block-table\"><table class=\"has-fixed-layout\"><tbody><tr><td>Mod\u00e8le<\/td><td>Capacit\u00e9 (L)<\/td><td>MOQ<\/td><\/tr><tr><td>DY010-GZD<\/td><td>10<\/td><td>4PCS<\/td><\/tr><\/tbody><\/table><\/figure>\n\n\n\n<h2 class=\"wp-block-heading\">Distributeur de lait \u00e9lectrique 10L en c\u00e9ramique Caract\u00e9ristiques :<\/h2>\n\n\n\n<p><strong>Durable et solide :<\/strong> Bouteille en c\u00e9ramique + acier inoxydable + fond en bois massif. S\u00e9curit\u00e9, r\u00e9sistance \u00e0 la rouille et facilit\u00e9 de nettoyage gr\u00e2ce au mat\u00e9riau en acier inoxydable de premi\u00e8re qualit\u00e9.<br><strong>Robinet \u00e9paissi :<\/strong> Les robinets en acier inoxydable sont durables, antigoutteux et antirouille, et l'eau s'\u00e9coule en douceur.<br><strong>Une capacit\u00e9 \u00e9norme pour r\u00e9pondre \u00e0 une demande massive :<\/strong> Sa grande capacit\u00e9 de 10 litres permet de r\u00e9pondre aux besoins des restaurants, des caf\u00e9s et des environnements commerciaux.<br><strong>Utilisation multi-sc\u00e9narios :<\/strong> Il se d\u00e9cline en diff\u00e9rentes couleurs telles que le jaune, le rouge, le blanc et le vert. Son aspect tendance donne un nouveau look \u00e0 la cuisine. Il est multifonctionnel avec chauffage et peut contenir du jus de fruits, du jus de l\u00e9gumes, du caf\u00e9, du lait, du lait de soja, du th\u00e9, de la bi\u00e8re, etc.<\/p>\n<\/div>\n\n\n\n<div class=\"wp-block-column is-layout-flow wp-block-column-is-layout-flow\">\n<figure class=\"wp-block-image size-full is-style-default\"><img decoding=\"async\" width=\"800\" height=\"800\" src=\"https:\/\/www.yongyukitchenware.com\/wp-content\/uploads\/2025\/06\/Bulk-10L-Ceramic-Electric-Milk-Dispenser-6.webp\" alt=\"custom-10L-Distributeur-de-lait-\u00e9lectrique-en-c\u00e9ramique-6\" class=\"wp-image-4138\" srcset=\"https:\/\/www.yongyukitchenware.com\/wp-content\/uploads\/2025\/06\/Bulk-10L-Ceramic-Electric-Milk-Dispenser-6.webp 800w, https:\/\/www.yongyukitchenware.com\/wp-content\/uploads\/2025\/06\/Bulk-10L-Ceramic-Electric-Milk-Dispenser-6-300x300.webp 300w, https:\/\/www.yongyukitchenware.com\/wp-content\/uploads\/2025\/06\/Bulk-10L-Ceramic-Electric-Milk-Dispenser-6-150x150.webp 150w, https:\/\/www.yongyukitchenware.com\/wp-content\/uploads\/2025\/06\/Bulk-10L-Ceramic-Electric-Milk-Dispenser-6-768x768.webp 768w, https:\/\/www.yongyukitchenware.com\/wp-content\/uploads\/2025\/06\/Bulk-10L-Ceramic-Electric-Milk-Dispenser-6-12x12.webp 12w, https:\/\/www.yongyukitchenware.com\/wp-content\/uploads\/2025\/06\/Bulk-10L-Ceramic-Electric-Milk-Dispenser-6-600x600.webp 600w, https:\/\/www.yongyukitchenware.com\/wp-content\/uploads\/2025\/06\/Bulk-10L-Ceramic-Electric-Milk-Dispenser-6-100x100.webp 100w\" sizes=\"(max-width: 800px) 100vw, 800px\" \/><\/figure>\n<\/div>\n<\/div>","protected":false},"excerpt":{"rendered":"<p>Distributeur de lait \u00e9lectrique personnalis\u00e9 en c\u00e9ramique de 10 litres. Distributeur de lait \u00e9lectrique personnalis\u00e9 de 10 litres en c\u00e9ramique avec finition rouge et support en bois. Convient aux caf\u00e9s-boutiques, aux h\u00f4tels et aux services de restauration. Contactez-nous pour la personnalisation et les prix de gros.<\/p>\n<h2>Distributeur \u00e9lectrique de lait 10L en c\u00e9ramique Param\u00e8tres :<\/h2>\n<p><strong>Mat\u00e9riau :<\/strong> Acier inoxydable, plastique<br \/><strong>Conception :<\/strong> Avec robinet, grille en acier inoxydable, \u00e9vier \u00e0 trous<br \/><strong>Tailles :<\/strong> 10L<br \/><strong>Emballage :<\/strong> Sac\/volume\/carton ou sur mesure<br \/><strong>OEM\/ODM :<\/strong> En option<\/p>\n<h2 class=\"wp-block-heading\">Distributeur \u00e9lectrique de lait 10L en c\u00e9ramique fabriqu\u00e9 sur mesure :<\/h2>\n<p>Qu'il s'agisse d'un fournisseur de services de restauration, d'un h\u00f4tel ou d'un restaurant, ou d'une soci\u00e9t\u00e9 d'organisation d'\u00e9v\u00e9nements, nous fournissons des solutions compl\u00e8tes de fournitures de restauration en gros pour vous avec des prix d'usine de haute qualit\u00e9 !<\/p>","protected":false},"featured_media":4138,"comment_status":"closed","ping_status":"closed","template":"","meta":{"_acf_changed":false},"application":[30],"product_brand":[],"product_cat":[22,34],"product_tag":[],"class_list":{"0":"post-4143","1":"product","2":"type-product","3":"status-publish","4":"has-post-thumbnail","6":"application-hotel-catering","7":"product_cat-catering-supplies-wholesale","8":"product_cat-wholesale-drink-dispenser","10":"first","11":"instock","12":"shipping-taxable","13":"product-type-simple"},"acf":[],"_links":{"self":[{"href":"https:\/\/www.yongyukitchenware.com\/fr\/wp-json\/wp\/v2\/product\/4143","targetHints":{"allow":["GET"]}}],"collection":[{"href":"https:\/\/www.yongyukitchenware.com\/fr\/wp-json\/wp\/v2\/product"}],"about":[{"href":"https:\/\/www.yongyukitchenware.com\/fr\/wp-json\/wp\/v2\/types\/product"}],"replies":[{"embeddable":true,"href":"https:\/\/www.yongyukitchenware.com\/fr\/wp-json\/wp\/v2\/comments?post=4143"}],"wp:featuredmedia":[{"embeddable":true,"href":"https:\/\/www.yongyukitchenware.com\/fr\/wp-json\/wp\/v2\/media\/4138"}],"wp:attachment":[{"href":"https:\/\/www.yongyukitchenware.com\/fr\/wp-json\/wp\/v2\/media?parent=4143"}],"wp:term":[{"taxonomy":"application","embeddable":true,"href":"https:\/\/www.yongyukitchenware.com\/fr\/wp-json\/wp\/v2\/application?post=4143"},{"taxonomy":"product_brand","embeddable":true,"href":"https:\/\/www.yongyukitchenware.com\/fr\/wp-json\/wp\/v2\/product_brand?post=4143"},{"taxonomy":"product_cat","embeddable":true,"href":"https:\/\/www.yongyukitchenware.com\/fr\/wp-json\/wp\/v2\/product_cat?post=4143"},{"taxonomy":"product_tag","embeddable":true,"href":"https:\/\/www.yongyukitchenware.com\/fr\/wp-json\/wp\/v2\/product_tag?post=4143"}],"curies":[{"name":"wp","href":"https:\/\/api.w.org\/{rel}","templated":true}]}}