{"id":4185,"date":"2025-06-30T01:02:55","date_gmt":"2025-06-30T01:02:55","guid":{"rendered":"https:\/\/www.yongyukitchenware.com\/?post_type=product&#038;p=4185"},"modified":"2025-06-30T01:03:01","modified_gmt":"2025-06-30T01:03:01","slug":"wholesale-stainless-steel-airtight-canister-coffee-vacuum-storage-container-steel","status":"publish","type":"product","link":"https:\/\/www.yongyukitchenware.com\/fr\/produit\/wholesale-stainless-steel-airtight-canister-coffee-vacuum-storage-container-steel\/","title":{"rendered":"Wholesale Stainless Steel Airtight Canister Coffee Vacuum Container-Steel (r\u00e9cipient herm\u00e9tique pour le caf\u00e9)"},"content":{"rendered":"<div class=\"wp-block-columns is-layout-flex wp-container-core-columns-is-layout-9d6595d7 wp-block-columns-is-layout-flex\">\n<div class=\"wp-block-column is-layout-flow wp-block-column-is-layout-flow\">\n<h2 class=\"wp-block-heading\">Bo\u00eete herm\u00e9tique en acier inoxydable en gros Caract\u00e9ristiques :<\/h2>\n\n\n\n<p><strong>Mat\u00e9riau en acier inoxydable de qualit\u00e9 alimentaire :<\/strong> Fabriqu\u00e9 en acier inoxydable 304 de qualit\u00e9 sup\u00e9rieure, il ne rouille pas, ne se corrode pas, est inodore et convient parfaitement \u00e0 la conservation de divers ingr\u00e9dients tels que le th\u00e9, les grains de caf\u00e9, le sucre et la farine. Il reste brillant et propre m\u00eame apr\u00e8s une utilisation continue.<br><strong>Double structure d'\u00e9tanch\u00e9it\u00e9 :<\/strong> La structure d'\u00e9tanch\u00e9it\u00e9 \u00e0 double couche \u00e0 l'int\u00e9rieur et \u00e0 l'ext\u00e9rieur du couvercle emp\u00eache l'air et l'humidit\u00e9 de p\u00e9n\u00e9trer, garde les ingr\u00e9dients frais et secs et prolonge la dur\u00e9e de conservation. C'est le choix id\u00e9al pour une utilisation en cuisine.<br><strong>Il existe trois capacit\u00e9s : <\/strong>1,2 L, 1,5 L et 1,8 L, adapt\u00e9s \u00e0 l'utilisation quotidienne au bureau ou au stockage quotidien \u00e0 la maison. Choisissez en fonction de vos besoins pour plus de commodit\u00e9 et de polyvalence.<br><strong>Options multicolores : <\/strong>L'acier inoxydable classique en finition naturelle, le noir simple et le blanc \u00e9l\u00e9gant peuvent \u00eatre s\u00e9lectionn\u00e9s. Ils s'adaptent facilement aux diff\u00e9rentes conceptions de cuisine et offrent un espace de rangement en plus de l'attrait esth\u00e9tique.<br><strong>Une cuill\u00e8re en acier inoxydable \u00e0 offrir :<\/strong> Chaque bocal est accompagn\u00e9 d'une cuill\u00e8re en acier inoxydable fabriqu\u00e9e dans le m\u00eame m\u00e9tal, pratique pour un pr\u00e9l\u00e8vement quantitatif, un nettoyage sans effort et un stockage et une r\u00e9cup\u00e9ration en une seule \u00e9tape.<\/p>\n<\/div>\n\n\n\n<div class=\"wp-block-column is-layout-flow wp-block-column-is-layout-flow\">\n<div class=\"wp-block-columns is-layout-flex wp-container-core-columns-is-layout-9d6595d7 wp-block-columns-is-layout-flex\">\n<div class=\"wp-block-column is-layout-flow wp-block-column-is-layout-flow\"><div class=\"wp-block-image\">\n<figure class=\"aligncenter size-full is-resized\"><img decoding=\"async\" width=\"800\" height=\"800\" src=\"https:\/\/www.yongyukitchenware.com\/wp-content\/uploads\/2025\/06\/Wholesale-Stainless-Steel-Airtight-Canister-5.webp\" alt=\"Grossiste-Canier \u00e9tanche en acier inoxydable-5\" class=\"wp-image-4190\" style=\"width:416px;height:auto\" srcset=\"https:\/\/www.yongyukitchenware.com\/wp-content\/uploads\/2025\/06\/Wholesale-Stainless-Steel-Airtight-Canister-5.webp 800w, https:\/\/www.yongyukitchenware.com\/wp-content\/uploads\/2025\/06\/Wholesale-Stainless-Steel-Airtight-Canister-5-300x300.webp 300w, https:\/\/www.yongyukitchenware.com\/wp-content\/uploads\/2025\/06\/Wholesale-Stainless-Steel-Airtight-Canister-5-150x150.webp 150w, https:\/\/www.yongyukitchenware.com\/wp-content\/uploads\/2025\/06\/Wholesale-Stainless-Steel-Airtight-Canister-5-768x768.webp 768w, https:\/\/www.yongyukitchenware.com\/wp-content\/uploads\/2025\/06\/Wholesale-Stainless-Steel-Airtight-Canister-5-12x12.webp 12w, https:\/\/www.yongyukitchenware.com\/wp-content\/uploads\/2025\/06\/Wholesale-Stainless-Steel-Airtight-Canister-5-600x600.webp 600w, https:\/\/www.yongyukitchenware.com\/wp-content\/uploads\/2025\/06\/Wholesale-Stainless-Steel-Airtight-Canister-5-100x100.webp 100w\" sizes=\"(max-width: 800px) 100vw, 800px\" \/><\/figure>\n<\/div>\n\n<div class=\"wp-block-image\">\n<figure class=\"aligncenter size-full is-resized\"><img decoding=\"async\" width=\"800\" height=\"800\" src=\"https:\/\/www.yongyukitchenware.com\/wp-content\/uploads\/2025\/06\/Wholesale-Stainless-Steel-Airtight-Canister-12.webp\" alt=\"Grossiste-Canier \u00e9tanche en acier inoxydable-12\" class=\"wp-image-4197\" style=\"width:416px;height:auto\" srcset=\"https:\/\/www.yongyukitchenware.com\/wp-content\/uploads\/2025\/06\/Wholesale-Stainless-Steel-Airtight-Canister-12.webp 800w, https:\/\/www.yongyukitchenware.com\/wp-content\/uploads\/2025\/06\/Wholesale-Stainless-Steel-Airtight-Canister-12-300x300.webp 300w, https:\/\/www.yongyukitchenware.com\/wp-content\/uploads\/2025\/06\/Wholesale-Stainless-Steel-Airtight-Canister-12-150x150.webp 150w, https:\/\/www.yongyukitchenware.com\/wp-content\/uploads\/2025\/06\/Wholesale-Stainless-Steel-Airtight-Canister-12-768x768.webp 768w, https:\/\/www.yongyukitchenware.com\/wp-content\/uploads\/2025\/06\/Wholesale-Stainless-Steel-Airtight-Canister-12-12x12.webp 12w, https:\/\/www.yongyukitchenware.com\/wp-content\/uploads\/2025\/06\/Wholesale-Stainless-Steel-Airtight-Canister-12-600x600.webp 600w, https:\/\/www.yongyukitchenware.com\/wp-content\/uploads\/2025\/06\/Wholesale-Stainless-Steel-Airtight-Canister-12-100x100.webp 100w\" sizes=\"(max-width: 800px) 100vw, 800px\" \/><\/figure>\n<\/div><\/div>\n<\/div>\n<\/div>\n<\/div>\n\n\n\n<div class=\"wp-block-group is-vertical is-layout-flex wp-container-core-group-is-layout-8cf370e7 wp-block-group-is-layout-flex\">\n<h2 class=\"wp-block-heading\">Wholesale Stainless Steel Airtight Canister (bo\u00eete herm\u00e9tique en acier inoxydable) Taille :<\/h2>\n<\/div>\n\n\n\n<figure class=\"wp-block-table\"><table class=\"has-fixed-layout\"><tbody><tr><td>Mod\u00e8le<\/td><td>Capacit\u00e9<\/td><td>MOQ<\/td><\/tr><tr><td rowspan=\"3\">DY115-Z<\/td><td>1.2L<\/td><td rowspan=\"3\">100Pcs<\/td><\/tr><tr><td>1.5L<\/td><\/tr><tr><td>1.8L<\/td><\/tr><\/tbody><\/table><\/figure>","protected":false},"excerpt":{"rendered":"<p>Bo\u00eete herm\u00e9tique en gros en acier inoxydable. Conserve la fra\u00eecheur du caf\u00e9 gr\u00e2ce \u00e0 un couvercle scell\u00e9 sous vide et \u00e0 un corps en acier inoxydable durable. Id\u00e9al pour les caf\u00e9s, les torr\u00e9facteurs et les cuisines gastronomiques. Contactez-nous pour des prix de gros et un marquage personnalis\u00e9.<\/p>\n<h2 style=\"text-align: left;\">Bo\u00eete herm\u00e9tique en gros en acier inoxydable Param\u00e8tre :<\/h2>\n<p style=\"text-align: left;\"><strong>Mat\u00e9riau :<\/strong> Acier inoxydable<br \/><strong>Couleur :<\/strong> Argent\/Noir\/Blanc<br \/><strong>Diff\u00e9rentes tailles :<\/strong> 1.2L\/1.5L\/1.8L<br \/><strong>Emballage : <\/strong>Sac d'opposition et bo\u00eete en carton<br \/><strong>OEM\/ODM :<\/strong> Disponible<\/p>\n<h2 class=\"wp-block-heading\">Fabricant de bo\u00eetes herm\u00e9tiques en acier inoxydable :<\/h2>\n<p>Fond\u00e9e en 1996, la soci\u00e9t\u00e9 Yongyu est sp\u00e9cialis\u00e9e dans la production et la vente en gros de r\u00e9cipients de conservation des aliments en acier inoxydable, d'articles de cuisine, de fournitures de restauration, d'articles m\u00e9nagers et d'\u00e9quipements de cuisine pour le camping. Elle propose \u00e0 ses clients des services OEM et ODM ainsi que des services d'approvisionnement en ligne.<\/p>","protected":false},"featured_media":4186,"comment_status":"closed","ping_status":"closed","template":"","meta":{"_acf_changed":false},"application":[31],"product_brand":[],"product_cat":[19],"product_tag":[],"class_list":{"0":"post-4185","1":"product","2":"type-product","3":"status-publish","4":"has-post-thumbnail","6":"application-champ-kitchen","7":"product_cat-food-storage-container-bulk-custom","9":"first","10":"instock","11":"shipping-taxable","12":"product-type-simple"},"acf":[],"_links":{"self":[{"href":"https:\/\/www.yongyukitchenware.com\/fr\/wp-json\/wp\/v2\/product\/4185","targetHints":{"allow":["GET"]}}],"collection":[{"href":"https:\/\/www.yongyukitchenware.com\/fr\/wp-json\/wp\/v2\/product"}],"about":[{"href":"https:\/\/www.yongyukitchenware.com\/fr\/wp-json\/wp\/v2\/types\/product"}],"replies":[{"embeddable":true,"href":"https:\/\/www.yongyukitchenware.com\/fr\/wp-json\/wp\/v2\/comments?post=4185"}],"wp:featuredmedia":[{"embeddable":true,"href":"https:\/\/www.yongyukitchenware.com\/fr\/wp-json\/wp\/v2\/media\/4186"}],"wp:attachment":[{"href":"https:\/\/www.yongyukitchenware.com\/fr\/wp-json\/wp\/v2\/media?parent=4185"}],"wp:term":[{"taxonomy":"application","embeddable":true,"href":"https:\/\/www.yongyukitchenware.com\/fr\/wp-json\/wp\/v2\/application?post=4185"},{"taxonomy":"product_brand","embeddable":true,"href":"https:\/\/www.yongyukitchenware.com\/fr\/wp-json\/wp\/v2\/product_brand?post=4185"},{"taxonomy":"product_cat","embeddable":true,"href":"https:\/\/www.yongyukitchenware.com\/fr\/wp-json\/wp\/v2\/product_cat?post=4185"},{"taxonomy":"product_tag","embeddable":true,"href":"https:\/\/www.yongyukitchenware.com\/fr\/wp-json\/wp\/v2\/product_tag?post=4185"}],"curies":[{"name":"wp","href":"https:\/\/api.w.org\/{rel}","templated":true}]}}