{"id":4207,"date":"2025-06-25T09:14:02","date_gmt":"2025-06-25T09:14:02","guid":{"rendered":"https:\/\/www.yongyukitchenware.com\/?post_type=product&#038;p=4207"},"modified":"2025-07-10T09:58:34","modified_gmt":"2025-07-10T09:58:34","slug":"wholesale-dipping-cup-with-lids-stainless-steel-sauce-container-silver","status":"publish","type":"product","link":"https:\/\/www.yongyukitchenware.com\/fr\/produit\/wholesale-dipping-cup-with-lids-stainless-steel-sauce-container-silver\/","title":{"rendered":"Wholesale Dipping Cup with Lids Stainless Steel Sauce Container-Silver (r\u00e9cipient \u00e0 sauce en acier inoxydable)"},"content":{"rendered":"<div class=\"wp-block-columns is-layout-flex wp-container-core-columns-is-layout-9d6595d7 wp-block-columns-is-layout-flex\">\n<div class=\"wp-block-column is-layout-flow wp-block-column-is-layout-flow\">\n<div class=\"wp-block-columns is-layout-flex wp-container-core-columns-is-layout-9d6595d7 wp-block-columns-is-layout-flex\">\n<div class=\"wp-block-column is-layout-flow wp-block-column-is-layout-flow\">\n<h2 class=\"wp-block-heading\">Tasses \u00e0 tremper en gros avec couvercles Caract\u00e9ristiques :<\/h2>\n\n\n\n<p><strong>Acier inoxydable de qualit\u00e9 alimentaire :<\/strong> Mat\u00e9riau en acier inoxydable 304 de haute qualit\u00e9, r\u00e9sistant \u00e0 la corrosion, ne rouillant pas facilement, inodore, sans danger pour le contact avec toutes sortes d'aliments et durable.<br><strong>Plusieurs options de capacit\u00e9 :<\/strong> Disponible en 40 et 60 ml, il se marie bien avec les sauces bento, les garnitures, les sauces \u00e0 tremper et les boules de cr\u00e8me glac\u00e9e, offrant ainsi une flexibilit\u00e9 et une praticit\u00e9 sans restriction.<br><strong>Capuchon d'\u00e9tanch\u00e9it\u00e9 en silicone :<\/strong> Un bouchon en silicone alimentaire souple et durable, scell\u00e9 et \u00e9tanche, permettant le transport au r\u00e9frig\u00e9rateur, et disponible dans une vari\u00e9t\u00e9 de couleurs pour ajouter une touche de vie.<br><strong>Un gobelet \u00e0 usages multiples :<\/strong> Il ne s'agit pas seulement d'un pot \u00e0 sauce, mais il peut \u00e9galement \u00eatre utilis\u00e9 pour conserver des noix, des fruits secs, des bonbons, des petits encas et m\u00eame de petites quantit\u00e9s d'assaisonnements. Il peut \u00eatre utile \u00e0 la maison, \u00e0 l'ext\u00e9rieur et en voyage.<br><strong>Facile \u00e0 nettoyer et empilable :<\/strong> Le corps de la tasse est lisse, sans accumulation d'huile, et peut \u00eatre lav\u00e9 \u00e0 la main ou au lave-vaisselle. La conception empilable permet d'\u00e9conomiser de l'espace dans la cuisine et constitue un assistant de stockage \u00e9cologique id\u00e9al.<\/p>\n<\/div>\n\n\n\n<div class=\"wp-block-column is-layout-flow wp-block-column-is-layout-flow\">\n<div class=\"wp-block-columns is-layout-flex wp-container-core-columns-is-layout-9d6595d7 wp-block-columns-is-layout-flex\">\n<div class=\"wp-block-column is-layout-flow wp-block-column-is-layout-flow\">\n<div class=\"wp-block-columns is-layout-flex wp-container-core-columns-is-layout-9d6595d7 wp-block-columns-is-layout-flex\">\n<div class=\"wp-block-column is-layout-flow wp-block-column-is-layout-flow\">\n<div class=\"wp-block-columns is-layout-flex wp-container-core-columns-is-layout-9d6595d7 wp-block-columns-is-layout-flex\">\n<div class=\"wp-block-column is-layout-flow wp-block-column-is-layout-flow\">\n<figure class=\"wp-block-table\"><table class=\"has-fixed-layout\"><tbody><tr><td>Mod\u00e8le<\/td><td>Diam\u00e8tre<\/td><td>MOQ<\/td><\/tr><tr><td rowspan=\"2\">DY116-Z<\/td><td>5cm<\/td><td rowspan=\"2\">1000Pcs<\/td><\/tr><tr><td>6cm<\/td><\/tr><\/tbody><\/table><\/figure>\n\n\n\n<figure class=\"wp-block-image size-full is-resized\"><img decoding=\"async\" width=\"1500\" height=\"1500\" src=\"https:\/\/www.yongyukitchenware.com\/wp-content\/uploads\/2025\/06\/Wholesale-Dipping-Cup-with-Lids-3.webp\" alt=\"Grossiste-tasses \u00e0 go\u00fbter avec couvercles-3\" class=\"wp-image-4210\" style=\"width:459px;height:auto\" srcset=\"https:\/\/www.yongyukitchenware.com\/wp-content\/uploads\/2025\/06\/Wholesale-Dipping-Cup-with-Lids-3.webp 1500w, https:\/\/www.yongyukitchenware.com\/wp-content\/uploads\/2025\/06\/Wholesale-Dipping-Cup-with-Lids-3-300x300.webp 300w, https:\/\/www.yongyukitchenware.com\/wp-content\/uploads\/2025\/06\/Wholesale-Dipping-Cup-with-Lids-3-150x150.webp 150w, https:\/\/www.yongyukitchenware.com\/wp-content\/uploads\/2025\/06\/Wholesale-Dipping-Cup-with-Lids-3-768x768.webp 768w, https:\/\/www.yongyukitchenware.com\/wp-content\/uploads\/2025\/06\/Wholesale-Dipping-Cup-with-Lids-3-12x12.webp 12w, https:\/\/www.yongyukitchenware.com\/wp-content\/uploads\/2025\/06\/Wholesale-Dipping-Cup-with-Lids-3-1200x1200.webp 1200w, https:\/\/www.yongyukitchenware.com\/wp-content\/uploads\/2025\/06\/Wholesale-Dipping-Cup-with-Lids-3-600x600.webp 600w, https:\/\/www.yongyukitchenware.com\/wp-content\/uploads\/2025\/06\/Wholesale-Dipping-Cup-with-Lids-3-100x100.webp 100w\" sizes=\"(max-width: 1500px) 100vw, 1500px\" \/><\/figure>\n<\/div>\n<\/div>\n<\/div>\n<\/div>\n\n\n\n<div class=\"wp-block-columns is-layout-flex wp-container-core-columns-is-layout-9d6595d7 wp-block-columns-is-layout-flex\">\n<div class=\"wp-block-column is-layout-flow wp-block-column-is-layout-flow\">\n<div class=\"wp-block-columns is-layout-flex wp-container-core-columns-is-layout-9d6595d7 wp-block-columns-is-layout-flex\">\n<div class=\"wp-block-column is-layout-flow wp-block-column-is-layout-flow\"><\/div>\n<\/div>\n<\/div>\n<\/div>\n<\/div>\n<\/div>\n<\/div>\n<\/div>\n<\/div>\n<\/div>\n\n\n\n<p><\/p>","protected":false},"excerpt":{"rendered":"<article class=\"text-token-text-primary w-full\" dir=\"auto\" data-testid=\"conversation-turn-2\" data-scroll-anchor=\"true\">\n<div class=\"text-base my-auto mx-auto py-5 [--thread-content-margin:--spacing(4)] @[37rem]:[--thread-content-margin:--spacing(6)] @[72rem]:[--thread-content-margin:--spacing(16)] px-(--thread-content-margin)\">\n<div class=\"[--thread-content-max-width:32rem] @[34rem]:[--thread-content-max-width:40rem] @[64rem]:[--thread-content-max-width:48rem] mx-auto flex max-w-(--thread-content-max-width) flex-1 text-base gap-4 md:gap-5 lg:gap-6 group\/turn-messages focus-visible:outline-hidden\" tabindex=\"-1\">\n<div class=\"group\/conversation-turn relative flex w-full min-w-0 flex-col agent-turn\">\n<div class=\"relative flex-col gap-1 md:gap-3\">\n<div class=\"flex max-w-full flex-col grow\">\n<div class=\"min-h-8 text-message relative flex w-full flex-col items-end gap-2 text-start break-words whitespace-normal [.text-message+&amp;]:mt-5\" dir=\"auto\" data-message-author-role=\"assistant\" data-message-id=\"a85539f7-2626-42ad-81ff-b6430cda056f\" data-message-model-slug=\"gpt-4o\">\n<div class=\"flex w-full flex-col gap-1 empty:hidden first:pt-[3px]\">\n<div class=\"markdown prose dark:prose-invert w-full break-words light\">\n<p data-start=\"0\" data-end=\"278\" data-is-last-node=\"\" data-is-only-node=\"\">Vente en gros de gobelets \u00e0 tremper avec couvercles. Fabriqu\u00e9s en acier inoxydable durable avec des couvercles bien ajust\u00e9s pour \u00e9viter les fuites. Id\u00e9al pour servir des sauces, des vinaigrettes ou des condiments dans les restaurants, la restauration ou la livraison de nourriture. Achetez en gros d\u00e8s maintenant pour am\u00e9liorer l'efficacit\u00e9 et la pr\u00e9sentation de votre service de restauration.\u00a0 \u00a0 \u00a0 \u00a0 \u00a0\u00a0<\/p>\n<\/div>\n<\/div>\n<\/div>\n<\/div>\n<\/div>\n<\/div>\n<\/div>\n<\/div>\n<\/article>\n<h2>Tasses \u00e0 tremper avec couvercles en gros Attributs :<\/h2>\n<p><strong>Mat\u00e9riau :<\/strong> Acier inoxydable<br \/><strong>Couleur :<\/strong> Or\/Argent<br \/><strong>Diff\u00e9rentes tailles :<\/strong>5cm\/6cm<br \/><strong>Emballage :<\/strong> Sac d'opposition et bo\u00eete en carton<br \/><strong>OEM\/ODM :<\/strong> Disponible<\/p>\n<h2><!-- \/wp:heading --><\/p>\n<p><!-- wp:paragraph --><\/h2>\n<h2 class=\"wp-block-heading\">Tasses \u00e0 tremper avec couvercles en gros :<\/h2>\n<p class=\"wp-block-heading\">Yongyu Tableware Wholesaler peut r\u00e9pondre aux besoins des clients en vrac et fournir une s\u00e9rie de fournitures de restauration en gros de haute qualit\u00e9 qui combine l'\u00e9l\u00e9gance et la durabilit\u00e9. Y compris la vaisselle, les boissons, le mat\u00e9riel de restauration, les ustensiles de cuisine, les \u00e9l\u00e9ments essentiels de la cuisine de camping, etc.<\/p>\n<h2><!-- \/wp:paragraph --><\/h2>","protected":false},"featured_media":4213,"comment_status":"closed","ping_status":"closed","template":"","meta":{"_acf_changed":true},"application":[30],"product_brand":[],"product_cat":[21,47],"product_tag":[43],"class_list":{"0":"post-4207","1":"product","2":"type-product","3":"status-publish","4":"has-post-thumbnail","6":"application-hotel-catering","7":"product_cat-tableware-wholesale","8":"product_cat-stainless-steel-bowls-wholesale","9":"product_tag-recommend","11":"first","12":"instock","13":"shipping-taxable","14":"product-type-simple"},"acf":[],"_links":{"self":[{"href":"https:\/\/www.yongyukitchenware.com\/fr\/wp-json\/wp\/v2\/product\/4207","targetHints":{"allow":["GET"]}}],"collection":[{"href":"https:\/\/www.yongyukitchenware.com\/fr\/wp-json\/wp\/v2\/product"}],"about":[{"href":"https:\/\/www.yongyukitchenware.com\/fr\/wp-json\/wp\/v2\/types\/product"}],"replies":[{"embeddable":true,"href":"https:\/\/www.yongyukitchenware.com\/fr\/wp-json\/wp\/v2\/comments?post=4207"}],"wp:featuredmedia":[{"embeddable":true,"href":"https:\/\/www.yongyukitchenware.com\/fr\/wp-json\/wp\/v2\/media\/4213"}],"wp:attachment":[{"href":"https:\/\/www.yongyukitchenware.com\/fr\/wp-json\/wp\/v2\/media?parent=4207"}],"wp:term":[{"taxonomy":"application","embeddable":true,"href":"https:\/\/www.yongyukitchenware.com\/fr\/wp-json\/wp\/v2\/application?post=4207"},{"taxonomy":"product_brand","embeddable":true,"href":"https:\/\/www.yongyukitchenware.com\/fr\/wp-json\/wp\/v2\/product_brand?post=4207"},{"taxonomy":"product_cat","embeddable":true,"href":"https:\/\/www.yongyukitchenware.com\/fr\/wp-json\/wp\/v2\/product_cat?post=4207"},{"taxonomy":"product_tag","embeddable":true,"href":"https:\/\/www.yongyukitchenware.com\/fr\/wp-json\/wp\/v2\/product_tag?post=4207"}],"curies":[{"name":"wp","href":"https:\/\/api.w.org\/{rel}","templated":true}]}}