{"id":4220,"date":"2025-07-02T01:26:24","date_gmt":"2025-07-02T01:26:24","guid":{"rendered":"https:\/\/www.yongyukitchenware.com\/?post_type=product&#038;p=4220"},"modified":"2025-07-02T01:26:33","modified_gmt":"2025-07-02T01:26:33","slug":"wholesale-stainless-steel-steamer-basket-with-handle","status":"publish","type":"product","link":"https:\/\/www.yongyukitchenware.com\/fr\/produit\/wholesale-stainless-steel-steamer-basket-with-handle\/","title":{"rendered":"Grossiste Panier \u00e0 vapeur en acier inoxydable avec poign\u00e9e"},"content":{"rendered":"<div class=\"wp-block-columns is-layout-flex wp-container-core-columns-is-layout-9d6595d7 wp-block-columns-is-layout-flex\">\n<div class=\"wp-block-column is-layout-flow wp-block-column-is-layout-flow\">\n<h2 class=\"wp-block-heading\">Panier \u00e0 vapeur en acier inoxydable en gros Taille :<\/h2>\n\n\n\n<figure class=\"wp-block-table\"><table class=\"has-fixed-layout\"><tbody><tr><td>Mod\u00e8le<\/td><td>Diam\u00e8tre<\/td><td>MOQ<\/td><\/tr><tr><td rowspan=\"7\">DY117-Z<\/td><td>13.8*8CM<\/td><td>160PCS<\/td><\/tr><tr><td>16,5*9,5CM<\/td><td>128PCS<\/td><\/tr><tr><td>17.5*9.5CM<\/td><td>128PCS<\/td><\/tr><tr><td>20*9.5CM<\/td><td>96PCS<\/td><\/tr><tr><td>22*9,5CM<\/td><td>96PCS<\/td><\/tr><tr><td>21.5*12.5CM<\/td><td>54PCS<\/td><\/tr><tr><td>21.5*14CM<\/td><td>45PCS<\/td><\/tr><\/tbody><\/table><\/figure>\n\n\n\n<figure class=\"wp-block-image size-full is-resized\"><img decoding=\"async\" width=\"800\" height=\"800\" src=\"https:\/\/www.yongyukitchenware.com\/wp-content\/uploads\/2025\/06\/Wholesale-Stainless-Steel-Steamer-Basket-4.webp\" alt=\"Grossiste-Panier en acier inoxydable-Panier en acier inoxydable-4\" class=\"wp-image-4224\" style=\"width:384px\" srcset=\"https:\/\/www.yongyukitchenware.com\/wp-content\/uploads\/2025\/06\/Wholesale-Stainless-Steel-Steamer-Basket-4.webp 800w, https:\/\/www.yongyukitchenware.com\/wp-content\/uploads\/2025\/06\/Wholesale-Stainless-Steel-Steamer-Basket-4-300x300.webp 300w, https:\/\/www.yongyukitchenware.com\/wp-content\/uploads\/2025\/06\/Wholesale-Stainless-Steel-Steamer-Basket-4-150x150.webp 150w, https:\/\/www.yongyukitchenware.com\/wp-content\/uploads\/2025\/06\/Wholesale-Stainless-Steel-Steamer-Basket-4-768x768.webp 768w, https:\/\/www.yongyukitchenware.com\/wp-content\/uploads\/2025\/06\/Wholesale-Stainless-Steel-Steamer-Basket-4-12x12.webp 12w, https:\/\/www.yongyukitchenware.com\/wp-content\/uploads\/2025\/06\/Wholesale-Stainless-Steel-Steamer-Basket-4-600x600.webp 600w, https:\/\/www.yongyukitchenware.com\/wp-content\/uploads\/2025\/06\/Wholesale-Stainless-Steel-Steamer-Basket-4-100x100.webp 100w\" sizes=\"(max-width: 800px) 100vw, 800px\" \/><\/figure>\n<\/div>\n\n\n\n<div class=\"wp-block-column is-layout-flow wp-block-column-is-layout-flow\">\n<figure class=\"wp-block-image size-full is-resized\"><img decoding=\"async\" width=\"800\" height=\"800\" src=\"https:\/\/www.yongyukitchenware.com\/wp-content\/uploads\/2025\/06\/Wholesale-Stainless-Steel-Steamer-Basket-3.webp\" alt=\"Grossiste-Panier en acier inoxydable-Panier en acier inoxydable-3\" class=\"wp-image-4223\" style=\"width:384px;height:auto\" srcset=\"https:\/\/www.yongyukitchenware.com\/wp-content\/uploads\/2025\/06\/Wholesale-Stainless-Steel-Steamer-Basket-3.webp 800w, https:\/\/www.yongyukitchenware.com\/wp-content\/uploads\/2025\/06\/Wholesale-Stainless-Steel-Steamer-Basket-3-300x300.webp 300w, https:\/\/www.yongyukitchenware.com\/wp-content\/uploads\/2025\/06\/Wholesale-Stainless-Steel-Steamer-Basket-3-150x150.webp 150w, https:\/\/www.yongyukitchenware.com\/wp-content\/uploads\/2025\/06\/Wholesale-Stainless-Steel-Steamer-Basket-3-768x768.webp 768w, https:\/\/www.yongyukitchenware.com\/wp-content\/uploads\/2025\/06\/Wholesale-Stainless-Steel-Steamer-Basket-3-12x12.webp 12w, https:\/\/www.yongyukitchenware.com\/wp-content\/uploads\/2025\/06\/Wholesale-Stainless-Steel-Steamer-Basket-3-600x600.webp 600w, https:\/\/www.yongyukitchenware.com\/wp-content\/uploads\/2025\/06\/Wholesale-Stainless-Steel-Steamer-Basket-3-100x100.webp 100w\" sizes=\"(max-width: 800px) 100vw, 800px\" \/><\/figure>\n\n\n\n<h2 class=\"wp-block-heading\">Panier \u00e0 vapeur en gros en acier inoxydable Caract\u00e9ristiques :<\/h2>\n\n\n\n<p><strong>Plusieurs tailles disponibles :<\/strong> Un total de 7 tailles, avec des diam\u00e8tres allant de 13,8 cm \u00e0 21,5 cm, sont compatibles avec divers ustensiles de cuisine tels que les cuiseurs de riz, les woks et les soup POTS, ce qui permet une s\u00e9lection flexible pour mieux r\u00e9pondre aux besoins d'utilisation.<br><strong>Acier inoxydable de qualit\u00e9 alimentaire : <\/strong>Fabriqu\u00e9 en acier inoxydable de qualit\u00e9 alimentaire, il est r\u00e9sistant \u00e0 la corrosion, \u00e0 la chaleur, inodore et plus rassurant lorsqu'il est en contact direct avec les aliments. Il est durable et moins susceptible de se d\u00e9former.<br><strong>Conception de l'orifice de cuisson \u00e0 la vapeur : <\/strong>Les trous de cuisson \u00e0 la vapeur sont r\u00e9partis uniform\u00e9ment, ce qui am\u00e9liore l'efficacit\u00e9 de la circulation de la vapeur, permet de r\u00e9chauffer les aliments plus rapidement et plus uniform\u00e9ment, d'\u00e9conomiser du temps de cuisson et de pr\u00e9server l'ar\u00f4me original des ingr\u00e9dients.<br><strong>Cadre de support stable : <\/strong>Le fond est \u00e9quip\u00e9 d'un support int\u00e9gr\u00e9. Il peut \u00eatre chauff\u00e9 dans l'eau sans toucher la surface de l'eau, \u00e9vitant ainsi de coller au fond ou d'\u00eatre recouvert.<br><strong>La poign\u00e9e est pliable :<\/strong> La partie sup\u00e9rieure est \u00e9quip\u00e9e d'une poign\u00e9e pliable, ce qui facilite le retrait et l'introduction, \u00e9vite le risque de se br\u00fbler les mains et permet une utilisation ais\u00e9e, m\u00eame apr\u00e8s la cuisson \u00e0 la vapeur ou l'\u00e9bullition.<br><strong>Un auxiliaire de cuisine polyvalent :<\/strong> Il peut non seulement cuire du riz \u00e0 la vapeur, mais aussi des l\u00e9gumes, du ma\u00efs, des petits pains, des \u0153ufs, etc. C'est un ustensile de cuisine pratique que chaque famille m\u00e9rite d'avoir.<\/p>\n<\/div>\n<\/div>\n\n\n\n<p><\/p>","protected":false},"excerpt":{"rendered":"<div class=\"n4sEPd\">\n<div class=\"UdTY9 qhIQqf leDWne\" aria-hidden=\"true\" data-location=\"1\">Panier \u00e0 vapeur en gros en acier inoxydable. fabriqu\u00e9 en acier inoxydable durable de qualit\u00e9 alimentaire avec une poign\u00e9e pratique pour le soulever facilement. id\u00e9al pour cuire \u00e0 la vapeur des l\u00e9gumes, des boulettes ou des fruits de mer dans les cuisines, les restaurants et les traiteurs. parfait pour l'achat en gros pour am\u00e9liorer l'efficacit\u00e9 de la pr\u00e9paration des aliments dans les commerces.<\/div>\n<\/div>\n<h2 style=\"text-align: left;\">Panier \u00e0 vapeur en gros en acier inoxydable :<\/h2>\n<p style=\"text-align: left;\"><strong>Mat\u00e9riau :<\/strong> Acier inoxydable<br \/><span style=\"margin: 0px; padding: 0px;\"><strong>Longueur :<\/strong> 13.8\/16.5\/17.5\/20\/22\/21.5cm<\/span><br \/><strong>Forme :<\/strong> Forme ronde<br \/><strong>Emballage :<\/strong> Sac OPP et carton<br \/><strong>OEM\/ODM :<\/strong> Disponible<\/p>\n<h2 class=\"wp-block-heading\">Du grossiste en arts de la table Yongyu :<\/h2>\n<p>Yongyu Tableware Wholesaler peut r\u00e9pondre aux besoins des clients en vrac et fournir une s\u00e9rie de fournitures de restauration en gros de haute qualit\u00e9 qui combine l'\u00e9l\u00e9gance et la durabilit\u00e9. Y compris la vaisselle, les boissons, le mat\u00e9riel de restauration, les ustensiles de cuisine, les \u00e9l\u00e9ments essentiels de la cuisine de camping, etc.<\/p>","protected":false},"featured_media":4225,"comment_status":"closed","ping_status":"closed","template":"","meta":{"_acf_changed":false},"application":[29],"product_brand":[],"product_cat":[21],"product_tag":[],"class_list":{"0":"post-4220","1":"product","2":"type-product","3":"status-publish","4":"has-post-thumbnail","6":"application-home-kitchen","7":"product_cat-tableware-wholesale","9":"first","10":"instock","11":"shipping-taxable","12":"product-type-simple"},"acf":[],"_links":{"self":[{"href":"https:\/\/www.yongyukitchenware.com\/fr\/wp-json\/wp\/v2\/product\/4220","targetHints":{"allow":["GET"]}}],"collection":[{"href":"https:\/\/www.yongyukitchenware.com\/fr\/wp-json\/wp\/v2\/product"}],"about":[{"href":"https:\/\/www.yongyukitchenware.com\/fr\/wp-json\/wp\/v2\/types\/product"}],"replies":[{"embeddable":true,"href":"https:\/\/www.yongyukitchenware.com\/fr\/wp-json\/wp\/v2\/comments?post=4220"}],"wp:featuredmedia":[{"embeddable":true,"href":"https:\/\/www.yongyukitchenware.com\/fr\/wp-json\/wp\/v2\/media\/4225"}],"wp:attachment":[{"href":"https:\/\/www.yongyukitchenware.com\/fr\/wp-json\/wp\/v2\/media?parent=4220"}],"wp:term":[{"taxonomy":"application","embeddable":true,"href":"https:\/\/www.yongyukitchenware.com\/fr\/wp-json\/wp\/v2\/application?post=4220"},{"taxonomy":"product_brand","embeddable":true,"href":"https:\/\/www.yongyukitchenware.com\/fr\/wp-json\/wp\/v2\/product_brand?post=4220"},{"taxonomy":"product_cat","embeddable":true,"href":"https:\/\/www.yongyukitchenware.com\/fr\/wp-json\/wp\/v2\/product_cat?post=4220"},{"taxonomy":"product_tag","embeddable":true,"href":"https:\/\/www.yongyukitchenware.com\/fr\/wp-json\/wp\/v2\/product_tag?post=4220"}],"curies":[{"name":"wp","href":"https:\/\/api.w.org\/{rel}","templated":true}]}}