{"id":4227,"date":"2025-07-02T01:29:34","date_gmt":"2025-07-02T01:29:34","guid":{"rendered":"https:\/\/www.yongyukitchenware.com\/?post_type=product&#038;p=4227"},"modified":"2025-07-02T01:29:36","modified_gmt":"2025-07-02T01:29:36","slug":"wholesale-stainless-steel-food-container-with-locking-lid","status":"publish","type":"product","link":"https:\/\/www.yongyukitchenware.com\/fr\/produit\/wholesale-stainless-steel-food-container-with-locking-lid\/","title":{"rendered":"R\u00e9cipient alimentaire en acier inoxydable avec couvercle verrouill\u00e9 (vente en gros)"},"content":{"rendered":"<div class=\"wp-block-columns is-layout-flex wp-container-core-columns-is-layout-9d6595d7 wp-block-columns-is-layout-flex\">\n<div class=\"wp-block-column is-layout-flow wp-block-column-is-layout-flow\">\n<h2 class=\"wp-block-heading\">R\u00e9cipients alimentaires en acier inoxydable en gros Caract\u00e9ristiques :<\/h2>\n\n\n\n<p><strong>Conception \u00e9tanche \u00e0 double joint :<\/strong> \u00c9quip\u00e9 d'anneaux d'\u00e9tanch\u00e9it\u00e9 en silicone de qualit\u00e9 alimentaire et de clips sur quatre c\u00f4t\u00e9s, il conserve la fra\u00eecheur et l'humidit\u00e9 sans fuite lat\u00e9rale, ce qui permet de l'emporter au travail ou en d\u00e9placement.<br><strong>Plus de choix de capacit\u00e9s :<\/strong>1100ml\/1300ml\/1600ml\/1900ml quatre capacit\u00e9s, peut facilement recevoir de la nourriture, des fruits, de la soupe, de la famille au quotidien, ou en voyage.<br>Acier inoxydable de qualit\u00e9 alimentaire : Fabriqu\u00e9 en acier inoxydable de haute qualit\u00e9, il r\u00e9siste \u00e0 la chaleur, va au cong\u00e9lateur, est inodore et a moins tendance \u00e0 laisser des r\u00e9sidus d'huile, ce qui garantit une plus grande tranquillit\u00e9 d'esprit pendant l'utilisation.<br><strong>Couvercle sup\u00e9rieur visible et brillant + cadran de la date : <\/strong>Le couvercle sup\u00e9rieur transparent permet de voir clairement les aliments \u00e0 l'int\u00e9rieur. Il est \u00e9quip\u00e9 d'un cadran d'enregistrement de la date, qui vous permet de suivre facilement la date de p\u00e9remption des aliments et d'\u00e9viter les oublis et le gaspillage.<br><strong>Poign\u00e9e portative :<\/strong> Poign\u00e9e pliable, plus pratique pour le rangement \u00e0 la maison ou le transport \u00e0 l'ext\u00e9rieur, \u00e0 la fois belle et pratique.<\/p>\n<\/div>\n\n\n\n<div class=\"wp-block-column is-layout-flow wp-block-column-is-layout-flow\">\n<div class=\"wp-block-columns is-layout-flex wp-container-core-columns-is-layout-9d6595d7 wp-block-columns-is-layout-flex\">\n<div class=\"wp-block-column is-layout-flow wp-block-column-is-layout-flow\"><div class=\"wp-block-image\">\n<figure class=\"aligncenter size-full is-resized\"><img decoding=\"async\" width=\"800\" height=\"800\" src=\"https:\/\/www.yongyukitchenware.com\/wp-content\/uploads\/2025\/06\/Wholesale-Stainless-Steel-Food-Container-6.webp\" alt=\"R\u00e9cipient alimentaire en acier inoxydable - vente en gros - 6\" class=\"wp-image-4233\" style=\"width:416px;height:auto\" srcset=\"https:\/\/www.yongyukitchenware.com\/wp-content\/uploads\/2025\/06\/Wholesale-Stainless-Steel-Food-Container-6.webp 800w, https:\/\/www.yongyukitchenware.com\/wp-content\/uploads\/2025\/06\/Wholesale-Stainless-Steel-Food-Container-6-300x300.webp 300w, https:\/\/www.yongyukitchenware.com\/wp-content\/uploads\/2025\/06\/Wholesale-Stainless-Steel-Food-Container-6-150x150.webp 150w, https:\/\/www.yongyukitchenware.com\/wp-content\/uploads\/2025\/06\/Wholesale-Stainless-Steel-Food-Container-6-768x768.webp 768w, https:\/\/www.yongyukitchenware.com\/wp-content\/uploads\/2025\/06\/Wholesale-Stainless-Steel-Food-Container-6-12x12.webp 12w, https:\/\/www.yongyukitchenware.com\/wp-content\/uploads\/2025\/06\/Wholesale-Stainless-Steel-Food-Container-6-600x600.webp 600w, https:\/\/www.yongyukitchenware.com\/wp-content\/uploads\/2025\/06\/Wholesale-Stainless-Steel-Food-Container-6-100x100.webp 100w\" sizes=\"(max-width: 800px) 100vw, 800px\" \/><\/figure>\n<\/div>\n\n<div class=\"wp-block-image\">\n<figure class=\"aligncenter size-full is-resized\"><img decoding=\"async\" width=\"800\" height=\"800\" src=\"https:\/\/www.yongyukitchenware.com\/wp-content\/uploads\/2025\/06\/Wholesale-Stainless-Steel-Food-Container-13.webp\" alt=\"R\u00e9cipient alimentaire en acier inoxydable - vente en gros - 13\" class=\"wp-image-4240\" style=\"width:416px;height:auto\" srcset=\"https:\/\/www.yongyukitchenware.com\/wp-content\/uploads\/2025\/06\/Wholesale-Stainless-Steel-Food-Container-13.webp 800w, https:\/\/www.yongyukitchenware.com\/wp-content\/uploads\/2025\/06\/Wholesale-Stainless-Steel-Food-Container-13-300x300.webp 300w, https:\/\/www.yongyukitchenware.com\/wp-content\/uploads\/2025\/06\/Wholesale-Stainless-Steel-Food-Container-13-150x150.webp 150w, https:\/\/www.yongyukitchenware.com\/wp-content\/uploads\/2025\/06\/Wholesale-Stainless-Steel-Food-Container-13-768x768.webp 768w, https:\/\/www.yongyukitchenware.com\/wp-content\/uploads\/2025\/06\/Wholesale-Stainless-Steel-Food-Container-13-12x12.webp 12w, https:\/\/www.yongyukitchenware.com\/wp-content\/uploads\/2025\/06\/Wholesale-Stainless-Steel-Food-Container-13-600x600.webp 600w, https:\/\/www.yongyukitchenware.com\/wp-content\/uploads\/2025\/06\/Wholesale-Stainless-Steel-Food-Container-13-100x100.webp 100w\" sizes=\"(max-width: 800px) 100vw, 800px\" \/><\/figure>\n<\/div><\/div>\n<\/div>\n<\/div>\n<\/div>\n\n\n\n<div class=\"wp-block-group is-vertical is-layout-flex wp-container-core-group-is-layout-8cf370e7 wp-block-group-is-layout-flex\">\n<h2 class=\"wp-block-heading\">R\u00e9cipients alimentaires en acier inoxydable en gros Taille :<\/h2>\n<\/div>\n\n\n\n<figure class=\"wp-block-table\"><table class=\"has-fixed-layout\"><tbody><tr><td>Mod\u00e8le<\/td><td>Taille<\/td><td>Capacit\u00e9<\/td><td>MOQ<\/td><\/tr><tr><td rowspan=\"4\">DY057-FH<\/td><td>18*18*9.3cm<\/td><td>1100ML<\/td><td rowspan=\"4\">120PCS<\/td><\/tr><tr><td>18*18*11.5cm<\/td><td>1300ML<\/td><\/tr><tr><td>19.5*19.5*10.5cm<\/td><td>1600ML<\/td><\/tr><tr><td>19.5*19.5*12.5cm<\/td><td>1900ML<\/td><\/tr><\/tbody><\/table><\/figure>","protected":false},"excerpt":{"rendered":"<p>R\u00e9cipient alimentaire en gros en acier inoxydable. Fabriqu\u00e9 en acier inoxydable de haute qualit\u00e9, il est dot\u00e9 d'un couvercle \u00e0 verrouillage s\u00fbr pour une fermeture herm\u00e9tique. Id\u00e9al pour la pr\u00e9paration des repas, le stockage et le transport des aliments dans les cuisines, les restaurants et les services de restauration. Id\u00e9al pour les commandes B2B en vrac afin d'am\u00e9liorer la s\u00e9curit\u00e9 alimentaire et l'efficacit\u00e9 op\u00e9rationnelle.<\/p>\n<h2 style=\"text-align: left;\">R\u00e9cipients alimentaires en acier inoxydable en gros Param\u00e8tres :<\/h2>\n<p style=\"text-align: left;\"><strong>Mat\u00e9riau :<\/strong> Acier inoxydable<br \/><strong>Couleur :<\/strong> Argent<br \/><strong>Diff\u00e9rentes tailles :<\/strong> 1100\/1300\/1600\/1900ML<br \/><strong>Emballage : <\/strong>Sac d'opposition et bo\u00eete en carton<br \/><strong>OEM\/ODM :<\/strong> Disponible<\/p>\n<h2 class=\"wp-block-heading\">Fabricant de conteneurs alimentaires en acier inoxydable :<\/h2>\n<p>Fond\u00e9e en 1996, la soci\u00e9t\u00e9 Yongyu est sp\u00e9cialis\u00e9e dans la production et la vente en gros de r\u00e9cipients de conservation des aliments en acier inoxydable, d'articles de cuisine, de fournitures de restauration, d'articles m\u00e9nagers et d'\u00e9quipements de cuisine pour le camping. Elle propose \u00e0 ses clients des services OEM et ODM ainsi que des services d'approvisionnement en ligne.<\/p>","protected":false},"featured_media":4228,"comment_status":"closed","ping_status":"closed","template":"","meta":{"_acf_changed":false},"application":[31],"product_brand":[],"product_cat":[19],"product_tag":[],"class_list":{"0":"post-4227","1":"product","2":"type-product","3":"status-publish","4":"has-post-thumbnail","6":"application-champ-kitchen","7":"product_cat-food-storage-container-bulk-custom","9":"first","10":"instock","11":"shipping-taxable","12":"product-type-simple"},"acf":[],"_links":{"self":[{"href":"https:\/\/www.yongyukitchenware.com\/fr\/wp-json\/wp\/v2\/product\/4227","targetHints":{"allow":["GET"]}}],"collection":[{"href":"https:\/\/www.yongyukitchenware.com\/fr\/wp-json\/wp\/v2\/product"}],"about":[{"href":"https:\/\/www.yongyukitchenware.com\/fr\/wp-json\/wp\/v2\/types\/product"}],"replies":[{"embeddable":true,"href":"https:\/\/www.yongyukitchenware.com\/fr\/wp-json\/wp\/v2\/comments?post=4227"}],"wp:featuredmedia":[{"embeddable":true,"href":"https:\/\/www.yongyukitchenware.com\/fr\/wp-json\/wp\/v2\/media\/4228"}],"wp:attachment":[{"href":"https:\/\/www.yongyukitchenware.com\/fr\/wp-json\/wp\/v2\/media?parent=4227"}],"wp:term":[{"taxonomy":"application","embeddable":true,"href":"https:\/\/www.yongyukitchenware.com\/fr\/wp-json\/wp\/v2\/application?post=4227"},{"taxonomy":"product_brand","embeddable":true,"href":"https:\/\/www.yongyukitchenware.com\/fr\/wp-json\/wp\/v2\/product_brand?post=4227"},{"taxonomy":"product_cat","embeddable":true,"href":"https:\/\/www.yongyukitchenware.com\/fr\/wp-json\/wp\/v2\/product_cat?post=4227"},{"taxonomy":"product_tag","embeddable":true,"href":"https:\/\/www.yongyukitchenware.com\/fr\/wp-json\/wp\/v2\/product_tag?post=4227"}],"curies":[{"name":"wp","href":"https:\/\/api.w.org\/{rel}","templated":true}]}}