{"id":4245,"date":"2025-07-07T09:49:33","date_gmt":"2025-07-07T09:49:33","guid":{"rendered":"https:\/\/www.yongyukitchenware.com\/?post_type=product&#038;p=4245"},"modified":"2025-07-07T09:51:39","modified_gmt":"2025-07-07T09:51:39","slug":"custom-stainless-steel-non-stick-wok-with-double-sided-honeycomb","status":"publish","type":"product","link":"https:\/\/www.yongyukitchenware.com\/fr\/produit\/custom-stainless-steel-non-stick-wok-with-double-sided-honeycomb\/","title":{"rendered":"Wok antiadh\u00e9sif en acier inoxydable personnalis\u00e9 avec nid d'abeille double face"},"content":{"rendered":"<div class=\"wp-block-columns is-layout-flex wp-container-core-columns-is-layout-9d6595d7 wp-block-columns-is-layout-flex\">\n<div class=\"wp-block-column is-layout-flow wp-block-column-is-layout-flow\">\n<h2 class=\"wp-block-heading\">Wok non collant Caract\u00e9ristiques :<\/h2>\n\n\n\n<p><strong>Structure en acier \u00e0 trois couches :<\/strong> En acier inoxydable 304\/430 et en aluminium \u00e0 l'int\u00e9rieur et \u00e0 l'ext\u00e9rieur, la structure \u00e0 trois couches garantit la constance de la chaleur du wok.<br><strong>Proc\u00e9d\u00e9 professionnel antiadh\u00e9sif :<\/strong> Le processus de gravure laser en nid d'abeille est utilis\u00e9 \u00e0 l'int\u00e9rieur et au fond, et la structure en nid d'abeille de la casserole int\u00e9rieure peut emp\u00eacher efficacement les ingr\u00e9dients de coller \u00e0 la casserole et les laisser chauffer uniform\u00e9ment. Le fond de la casserole circulaire conduit la chaleur plus rapidement et le corps de la casserole ne jaunit et ne noircit pas facilement.<br>Grande compatibilit\u00e9 : Le wok convient \u00e0 la friture, \u00e0 la cuisson l\u00e9g\u00e8re, \u00e0 la cuisson \u00e0 la vapeur et \u00e0 l'\u00e9tuvage. Convient \u00e0 toutes les cuisini\u00e8res, y compris les cuisini\u00e8res halog\u00e8nes, \u00e0 gaz, en c\u00e9ramique et \u00e9lectriques.<br><strong>Facile \u00e0 nettoyer et r\u00e9sistant aux rayures :<\/strong> Les po\u00eales antiadh\u00e9sives sont r\u00e9sistantes aux rayures et ne s'usent ni ne s'effilochent avec l'utilisation d'ustensiles en m\u00e9tal.<br>Conception humanis\u00e9e : La poign\u00e9e en acier est confortable et le couvercle vertical de la casserole peut \u00eatre plac\u00e9 sans encombrement.<\/p>\n<\/div>\n\n\n\n<div class=\"wp-block-column is-layout-flow wp-block-column-is-layout-flow\">\n<div class=\"wp-block-columns is-layout-flex wp-container-core-columns-is-layout-9d6595d7 wp-block-columns-is-layout-flex\">\n<div class=\"wp-block-column is-layout-flow wp-block-column-is-layout-flow\">\n<figure class=\"wp-block-image size-full\"><img decoding=\"async\" width=\"800\" height=\"800\" src=\"https:\/\/www.yongyukitchenware.com\/wp-content\/uploads\/2024\/11\/Double-sided-honeycomb-wok-6.webp\" alt=\"\" class=\"wp-image-2164\" srcset=\"https:\/\/www.yongyukitchenware.com\/wp-content\/uploads\/2024\/11\/Double-sided-honeycomb-wok-6.webp 800w, https:\/\/www.yongyukitchenware.com\/wp-content\/uploads\/2024\/11\/Double-sided-honeycomb-wok-6-300x300.webp 300w, https:\/\/www.yongyukitchenware.com\/wp-content\/uploads\/2024\/11\/Double-sided-honeycomb-wok-6-150x150.webp 150w, https:\/\/www.yongyukitchenware.com\/wp-content\/uploads\/2024\/11\/Double-sided-honeycomb-wok-6-768x768.webp 768w, https:\/\/www.yongyukitchenware.com\/wp-content\/uploads\/2024\/11\/Double-sided-honeycomb-wok-6-12x12.webp 12w, https:\/\/www.yongyukitchenware.com\/wp-content\/uploads\/2024\/11\/Double-sided-honeycomb-wok-6-600x600.webp 600w, https:\/\/www.yongyukitchenware.com\/wp-content\/uploads\/2024\/11\/Double-sided-honeycomb-wok-6-100x100.webp 100w\" sizes=\"(max-width: 800px) 100vw, 800px\" \/><\/figure>\n<\/div>\n<\/div>\n<\/div>\n<\/div>","protected":false},"excerpt":{"rendered":"<p>Les fabricants d'ustensiles de cuisine vendent en gros des woks antiadh\u00e9sifs, fabriqu\u00e9s en acier inoxydable et dot\u00e9s d'un rev\u00eatement antiadh\u00e9sif en nid d'abeille. Ils sont personnalisables, de haute qualit\u00e9 et d'un co\u00fbt \u00e9lev\u00e9. N'h\u00e9sitez pas \u00e0 nous contacter pour une demande de renseignements.<\/p>\n<h2>Wok non collant Param\u00e8tre :<\/h2>\n<p><strong>Mat\u00e9riau :<\/strong> Acier inoxydable<br \/><strong>Forme int\u00e9rieure :<\/strong> Nid d'abeilles et pas de nid d'abeilles<br \/><strong>Conception de la poign\u00e9e :<\/strong> Poign\u00e9e en bois et tirettes renforc\u00e9es par des rivets<br \/><strong>Tailles :<\/strong> 32cm et 34cm<br \/><strong>Emballage :<\/strong> Sac\/volume\/carton ou sur mesure<br \/><strong>OEM\/ODM :<\/strong> Disponible<\/p>\n<h2 class=\"wp-block-heading\">Fabricant d'ustensiles de cuisine Yongyu :<\/h2>\n<p>Yongyu est un fabricant professionnel d'ustensiles de cuisine. Nos produits couvrent toutes sortes d'ustensiles de cuisine en acier inoxydable, tels que les cuiseurs de nouilles, les po\u00eales \u00e0 frire, les marmites, etc.<\/p>","protected":false},"featured_media":4250,"comment_status":"closed","ping_status":"closed","template":"","meta":{"_acf_changed":false},"application":[29],"product_brand":[],"product_cat":[23,32],"product_tag":[],"class_list":{"0":"post-4245","1":"product","2":"type-product","3":"status-publish","4":"has-post-thumbnail","6":"application-home-kitchen","7":"product_cat-kitchenware-wholesale","8":"product_cat-wholesale-cookware","10":"first","11":"instock","12":"shipping-taxable","13":"product-type-simple"},"acf":[],"_links":{"self":[{"href":"https:\/\/www.yongyukitchenware.com\/fr\/wp-json\/wp\/v2\/product\/4245","targetHints":{"allow":["GET"]}}],"collection":[{"href":"https:\/\/www.yongyukitchenware.com\/fr\/wp-json\/wp\/v2\/product"}],"about":[{"href":"https:\/\/www.yongyukitchenware.com\/fr\/wp-json\/wp\/v2\/types\/product"}],"replies":[{"embeddable":true,"href":"https:\/\/www.yongyukitchenware.com\/fr\/wp-json\/wp\/v2\/comments?post=4245"}],"wp:featuredmedia":[{"embeddable":true,"href":"https:\/\/www.yongyukitchenware.com\/fr\/wp-json\/wp\/v2\/media\/4250"}],"wp:attachment":[{"href":"https:\/\/www.yongyukitchenware.com\/fr\/wp-json\/wp\/v2\/media?parent=4245"}],"wp:term":[{"taxonomy":"application","embeddable":true,"href":"https:\/\/www.yongyukitchenware.com\/fr\/wp-json\/wp\/v2\/application?post=4245"},{"taxonomy":"product_brand","embeddable":true,"href":"https:\/\/www.yongyukitchenware.com\/fr\/wp-json\/wp\/v2\/product_brand?post=4245"},{"taxonomy":"product_cat","embeddable":true,"href":"https:\/\/www.yongyukitchenware.com\/fr\/wp-json\/wp\/v2\/product_cat?post=4245"},{"taxonomy":"product_tag","embeddable":true,"href":"https:\/\/www.yongyukitchenware.com\/fr\/wp-json\/wp\/v2\/product_tag?post=4245"}],"curies":[{"name":"wp","href":"https:\/\/api.w.org\/{rel}","templated":true}]}}