{"id":4246,"date":"2025-07-08T05:24:38","date_gmt":"2025-07-08T05:24:38","guid":{"rendered":"https:\/\/www.yongyukitchenware.com\/?post_type=product&#038;p=4246"},"modified":"2025-07-08T05:24:40","modified_gmt":"2025-07-08T05:24:40","slug":"wholesale-classic-chinese-large-wok-with-double-handles","status":"publish","type":"product","link":"https:\/\/www.yongyukitchenware.com\/fr\/produit\/wholesale-classic-chinese-large-wok-with-double-handles\/","title":{"rendered":"Wholesale Classic Chinese Large Wok with Double Handles (Wok chinois classique \u00e0 double poign\u00e9e)"},"content":{"rendered":"<div class=\"wp-block-columns is-layout-flex wp-container-core-columns-is-layout-9d6595d7 wp-block-columns-is-layout-flex\">\n<div class=\"wp-block-column is-layout-flow wp-block-column-is-layout-flow\">\n<h2 class=\"wp-block-heading\">Wok chinois Caract\u00e9ristiques :<\/h2>\n\n\n\n<p><strong>Acier inoxydable de haute qualit\u00e9 :<\/strong> Il utilise de l'acier inoxydable de qualit\u00e9 alimentaire, qui ne rouille pas et ne se corrode pas, pour garantir la s\u00e9curit\u00e9 alimentaire tout en \u00e9tant durable.<br><strong>Conception du nettoyage : <\/strong>proc\u00e9d\u00e9 bross\u00e9, texture lisse de l'acier inoxydable pour un nettoyage facile<br><strong>Le fond recueille l'\u00e9nergie : <\/strong>fond rond, stockage centralis\u00e9 de la chaleur, chauffage uniforme, am\u00e9lioration de l'efficacit\u00e9 de la cuisson<br><strong>Conception du corps du pot rond et profond :<\/strong> le corps est profond et arqu\u00e9, ce qui permet de faire des saut\u00e9s sans que les ingr\u00e9dients ne d\u00e9bordent. Il r\u00e9pond \u00e9galement aux exigences de la cuisine chinoise en mati\u00e8re de saut\u00e9s.<br><strong>Type de poign\u00e9e : <\/strong>poign\u00e9e simple, poign\u00e9e double. Type de poign\u00e9e : poign\u00e9e simple et poign\u00e9e double. La poign\u00e9e simple est de deux types : une poign\u00e9e en acier r\u00e9sistant \u00e0 la chaleur et une poign\u00e9e en bois antid\u00e9rapante. Les rivets renforcent la solidit\u00e9 et la durabilit\u00e9 pour s'adapter aux diff\u00e9rentes habitudes culinaires.<\/p>\n<\/div>\n\n\n\n<div class=\"wp-block-column is-layout-flow wp-block-column-is-layout-flow\">\n<div class=\"wp-block-columns is-layout-flex wp-container-core-columns-is-layout-9d6595d7 wp-block-columns-is-layout-flex\">\n<div class=\"wp-block-column is-layout-flow wp-block-column-is-layout-flow\">\n<figure class=\"wp-block-image size-full\"><img decoding=\"async\" width=\"800\" height=\"800\" src=\"https:\/\/www.yongyukitchenware.com\/wp-content\/uploads\/2024\/09\/supply-chinese-wok-6.webp\" alt=\"approvisionnement-chinois-wok (6)\" class=\"wp-image-802\" srcset=\"https:\/\/www.yongyukitchenware.com\/wp-content\/uploads\/2024\/09\/supply-chinese-wok-6.webp 800w, https:\/\/www.yongyukitchenware.com\/wp-content\/uploads\/2024\/09\/supply-chinese-wok-6-300x300.webp 300w, https:\/\/www.yongyukitchenware.com\/wp-content\/uploads\/2024\/09\/supply-chinese-wok-6-150x150.webp 150w, https:\/\/www.yongyukitchenware.com\/wp-content\/uploads\/2024\/09\/supply-chinese-wok-6-768x768.webp 768w, https:\/\/www.yongyukitchenware.com\/wp-content\/uploads\/2024\/09\/supply-chinese-wok-6-600x600.webp 600w, https:\/\/www.yongyukitchenware.com\/wp-content\/uploads\/2024\/09\/supply-chinese-wok-6-100x100.webp 100w\" sizes=\"(max-width: 800px) 100vw, 800px\" \/><\/figure>\n<\/div>\n\n\n\n<div class=\"wp-block-column is-layout-flow wp-block-column-is-layout-flow\">\n<figure class=\"wp-block-image size-full\"><img decoding=\"async\" width=\"800\" height=\"800\" src=\"https:\/\/www.yongyukitchenware.com\/wp-content\/uploads\/2024\/09\/supply-chinese-wok-3.webp\" alt=\"approvisionnement-chinois-wok (3)\" class=\"wp-image-803\" srcset=\"https:\/\/www.yongyukitchenware.com\/wp-content\/uploads\/2024\/09\/supply-chinese-wok-3.webp 800w, https:\/\/www.yongyukitchenware.com\/wp-content\/uploads\/2024\/09\/supply-chinese-wok-3-300x300.webp 300w, https:\/\/www.yongyukitchenware.com\/wp-content\/uploads\/2024\/09\/supply-chinese-wok-3-150x150.webp 150w, https:\/\/www.yongyukitchenware.com\/wp-content\/uploads\/2024\/09\/supply-chinese-wok-3-768x768.webp 768w, https:\/\/www.yongyukitchenware.com\/wp-content\/uploads\/2024\/09\/supply-chinese-wok-3-600x600.webp 600w, https:\/\/www.yongyukitchenware.com\/wp-content\/uploads\/2024\/09\/supply-chinese-wok-3-100x100.webp 100w\" sizes=\"(max-width: 800px) 100vw, 800px\" \/><\/figure>\n<\/div>\n<\/div>\n<\/div>\n<\/div>\n\n\n\n<h2 class=\"wp-block-heading\">Param\u00e8tres du wok chinois\uff1a<\/h2>\n\n\n\n<figure class=\"wp-block-table\"><table class=\"has-fixed-layout\"><tbody><tr><td>Mod\u00e8le<\/td><td>Variantes de produits<\/td><td>Taille<\/td><td>Diam\u00e8tre * Hauteur (cm)<\/td><td>MOQ<\/td><\/tr><tr><td rowspan=\"16\">DY062-G<\/td><td rowspan=\"7\">Po\u00eale wok avec manche en bois<br>Po\u00eale wok \u00e0 poign\u00e9e unique<br>Po\u00eale wok \u00e0 double poign\u00e9e<\/td><td>30CM<\/td><td>30*8cm<\/td><td>35PCS<\/td><\/tr><tr><td>32CM<\/td><td>32*8.5cm<\/td><td>35PCS<\/td><\/tr><tr><td>34CM<\/td><td>34*10cm<\/td><td>30PCS<\/td><\/tr><tr><td>36CM<\/td><td>36*10cm<\/td><td>30PCS<\/td><\/tr><tr><td>38CM<\/td><td>38*11cm<\/td><td>25PCS<\/td><\/tr><tr><td>40CM<\/td><td>40*11.5cm<\/td><td>25PCS<\/td><\/tr><tr><td>43CM<\/td><td>43*12.5cm<\/td><td>20PCS<\/td><\/tr><tr><td rowspan=\"9\">Po\u00eale wok \u00e0 double poign\u00e9e<\/td><td>45CM<\/td><td><\/td><td>20PCS<\/td><\/tr><tr><td>47CM<\/td><td>47*13cm<\/td><td>20PCS<\/td><\/tr><tr><td>50CM<\/td><td>50*13.5cm<\/td><td>15PCS<\/td><\/tr><tr><td>55CM<\/td><td>55*16cm<\/td><td>15PCS<\/td><\/tr><tr><td>60CM<\/td><td>60*19cm<\/td><td>15PCS<\/td><\/tr><tr><td>65CM<\/td><td>65*21cm<\/td><td>10PCS<\/td><\/tr><tr><td>70CM<\/td><td>70*26cm<\/td><td>5PCS<\/td><\/tr><tr><td>75CM<\/td><td>75*28cm<\/td><td>5PCS<\/td><\/tr><tr><td>80CM<\/td><td>80*30cm<\/td><td>5PCS<\/td><\/tr><\/tbody><\/table><\/figure>","protected":false},"excerpt":{"rendered":"<p>Nous fournissons des woks chinois en acier inoxydable de haute qualit\u00e9, robustes et durables pour une utilisation \u00e0 long terme. Le wok est disponible dans une large gamme de types de poign\u00e9es et de tailles afin de r\u00e9pondre aux diff\u00e9rents besoins et occasions de cuisson. Il peut facilement \u00eatre utilis\u00e9 pour la restauration domestique et commerciale.<\/p>\n<h2 style=\"text-align: left;\">Wok chinois Param\u00e8tre :<\/h2>\n<p><strong>Mat\u00e9riau :<\/strong> Acier inoxydable <br \/><strong>Trois poign\u00e9es :<\/strong>\u00a0 Poign\u00e9e double, poign\u00e9e simple en acier, poign\u00e9e simple en bois <br \/><strong>Conception du fond du pot :<\/strong>\u00a0 Fond circulaire collecteur d'\u00e9nergie <br \/><strong>Diff\u00e9rentes tailles :<\/strong> 30cm-80cmTaille <br \/><strong>Emballage :<\/strong> Sacs\/Bulk\/Cartons ou sur mesure <br \/><strong>OEM\/ODM :<\/strong> Disponible<\/p>\n<h2 class=\"wp-block-heading\">Fabricant d'ustensiles de cuisine Yongyu :<\/h2>\n<p>Yongyu est un fabricant professionnel d'ustensiles de cuisine. Nos produits couvrent toutes sortes d'ustensiles de cuisine en acier inoxydable, tels que les cuiseurs de nouilles, les po\u00eales \u00e0 frire, les marmites, etc.<\/p>","protected":false},"featured_media":4254,"comment_status":"closed","ping_status":"closed","template":"","meta":{"_acf_changed":false},"application":[29],"product_brand":[],"product_cat":[23,32],"product_tag":[43],"class_list":{"0":"post-4246","1":"product","2":"type-product","3":"status-publish","4":"has-post-thumbnail","6":"application-home-kitchen","7":"product_cat-kitchenware-wholesale","8":"product_cat-wholesale-cookware","9":"product_tag-recommend","11":"first","12":"instock","13":"shipping-taxable","14":"product-type-simple"},"acf":[],"_links":{"self":[{"href":"https:\/\/www.yongyukitchenware.com\/fr\/wp-json\/wp\/v2\/product\/4246","targetHints":{"allow":["GET"]}}],"collection":[{"href":"https:\/\/www.yongyukitchenware.com\/fr\/wp-json\/wp\/v2\/product"}],"about":[{"href":"https:\/\/www.yongyukitchenware.com\/fr\/wp-json\/wp\/v2\/types\/product"}],"replies":[{"embeddable":true,"href":"https:\/\/www.yongyukitchenware.com\/fr\/wp-json\/wp\/v2\/comments?post=4246"}],"wp:featuredmedia":[{"embeddable":true,"href":"https:\/\/www.yongyukitchenware.com\/fr\/wp-json\/wp\/v2\/media\/4254"}],"wp:attachment":[{"href":"https:\/\/www.yongyukitchenware.com\/fr\/wp-json\/wp\/v2\/media?parent=4246"}],"wp:term":[{"taxonomy":"application","embeddable":true,"href":"https:\/\/www.yongyukitchenware.com\/fr\/wp-json\/wp\/v2\/application?post=4246"},{"taxonomy":"product_brand","embeddable":true,"href":"https:\/\/www.yongyukitchenware.com\/fr\/wp-json\/wp\/v2\/product_brand?post=4246"},{"taxonomy":"product_cat","embeddable":true,"href":"https:\/\/www.yongyukitchenware.com\/fr\/wp-json\/wp\/v2\/product_cat?post=4246"},{"taxonomy":"product_tag","embeddable":true,"href":"https:\/\/www.yongyukitchenware.com\/fr\/wp-json\/wp\/v2\/product_tag?post=4246"}],"curies":[{"name":"wp","href":"https:\/\/api.w.org\/{rel}","templated":true}]}}