{"id":4252,"date":"2025-07-09T07:10:51","date_gmt":"2025-07-09T07:10:51","guid":{"rendered":"https:\/\/www.yongyukitchenware.com\/?post_type=product&#038;p=4252"},"modified":"2025-07-09T07:10:53","modified_gmt":"2025-07-09T07:10:53","slug":"wholesale-stainless-steel-double-sided-honeycomb-non-stick-wok-with-lid","status":"publish","type":"product","link":"https:\/\/www.yongyukitchenware.com\/fr\/produit\/wholesale-stainless-steel-double-sided-honeycomb-non-stick-wok-with-lid\/","title":{"rendered":"Wholesale Stainless Steel Double-Sided Honeycomb Non Stick Wok with Lid (Wok antiadh\u00e9sif en nid d'abeille double face avec couvercle)"},"content":{"rendered":"<div class=\"wp-block-columns is-layout-flex wp-container-core-columns-is-layout-9d6595d7 wp-block-columns-is-layout-flex\">\n<div class=\"wp-block-column is-layout-flow wp-block-column-is-layout-flow\">\n<h2 class=\"wp-block-heading\">Wok non collant Caract\u00e9ristiques :<\/h2>\n\n\n\n<p><strong>Structure en acier \u00e0 trois couches :<\/strong> En acier inoxydable 304\/430 et en aluminium \u00e0 l'int\u00e9rieur et \u00e0 l'ext\u00e9rieur, la structure \u00e0 trois couches garantit la constance de la chaleur du wok.<br><strong>Proc\u00e9d\u00e9 professionnel antiadh\u00e9sif :<\/strong> Le processus de gravure laser en nid d'abeille est utilis\u00e9 \u00e0 l'int\u00e9rieur et au fond, ce qui permet \u00e0 la structure en nid d'abeille de la casserole int\u00e9rieure d'emp\u00eacher efficacement le collage et d'assurer un chauffage uniforme des ingr\u00e9dients. Le fond de la casserole circulaire conduit la chaleur plus efficacement et le corps de la casserole risque moins de jaunir et de noircir.<br><strong>Haute compatibilit\u00e9 : <\/strong>Le wok convient pour la friture, la cuisson l\u00e9g\u00e8re, la cuisson \u00e0 la vapeur et la friture. Convient \u00e0 toutes les cuisini\u00e8res, y compris les cuisini\u00e8res halog\u00e8nes, \u00e0 gaz, c\u00e9ramiques et \u00e9lectriques.<br><strong>Facile \u00e0 nettoyer et r\u00e9sistant aux rayures :<\/strong> Les po\u00eales antiadh\u00e9sives sont r\u00e9sistantes aux rayures et ne s'usent ni ne s'effilochent avec l'utilisation d'ustensiles en m\u00e9tal.<br>Conception humanis\u00e9e : La poign\u00e9e en acier est confortable et le couvercle vertical de la casserole peut \u00eatre plac\u00e9 sans encombrement.<\/p>\n<\/div>\n\n\n\n<div class=\"wp-block-column is-layout-flow wp-block-column-is-layout-flow\">\n<div class=\"wp-block-columns is-layout-flex wp-container-core-columns-is-layout-9d6595d7 wp-block-columns-is-layout-flex\">\n<div class=\"wp-block-column is-layout-flow wp-block-column-is-layout-flow\">\n<figure class=\"wp-block-image size-full\"><img decoding=\"async\" width=\"800\" height=\"800\" src=\"https:\/\/www.yongyukitchenware.com\/wp-content\/uploads\/2024\/11\/Double-sided-honeycomb-wok-6.webp\" alt=\"\" class=\"wp-image-2164\" srcset=\"https:\/\/www.yongyukitchenware.com\/wp-content\/uploads\/2024\/11\/Double-sided-honeycomb-wok-6.webp 800w, https:\/\/www.yongyukitchenware.com\/wp-content\/uploads\/2024\/11\/Double-sided-honeycomb-wok-6-300x300.webp 300w, https:\/\/www.yongyukitchenware.com\/wp-content\/uploads\/2024\/11\/Double-sided-honeycomb-wok-6-150x150.webp 150w, https:\/\/www.yongyukitchenware.com\/wp-content\/uploads\/2024\/11\/Double-sided-honeycomb-wok-6-768x768.webp 768w, https:\/\/www.yongyukitchenware.com\/wp-content\/uploads\/2024\/11\/Double-sided-honeycomb-wok-6-12x12.webp 12w, https:\/\/www.yongyukitchenware.com\/wp-content\/uploads\/2024\/11\/Double-sided-honeycomb-wok-6-600x600.webp 600w, https:\/\/www.yongyukitchenware.com\/wp-content\/uploads\/2024\/11\/Double-sided-honeycomb-wok-6-100x100.webp 100w\" sizes=\"(max-width: 800px) 100vw, 800px\" \/><\/figure>\n<\/div>\n<\/div>\n<\/div>\n<\/div>\n\n\n\n<p><\/p>","protected":false},"excerpt":{"rendered":"<p>Wok antiadh\u00e9sif haut de gamme avec couvercle, dot\u00e9 d'un design en acier inoxydable alv\u00e9ol\u00e9 sur les deux faces pour une meilleure durabilit\u00e9 et une r\u00e9partition uniforme de la chaleur. Id\u00e9al pour un usage domestique ou commercial.<\/p>\n<h2>Wok non collant Param\u00e8tre :<\/h2>\n<p><strong>Mat\u00e9riau :<\/strong> Acier inoxydable<br \/><strong>Forme int\u00e9rieure :<\/strong> Nid d'abeilles et pas de nid d'abeilles<br \/><strong>Conception de la poign\u00e9e :<\/strong> Poign\u00e9e en bois et tirettes renforc\u00e9es par des rivets<br \/><strong>Tailles :<\/strong> 32cm et 34cm<br \/><strong>Emballage :<\/strong> Sac\/volume\/carton ou sur mesure<br \/><strong>OEM\/ODM :<\/strong> Disponible<\/p>\n<h2 class=\"wp-block-heading\">Fabricant d'ustensiles de cuisine Yongyu :<\/h2>\n<p>Yongyu est un fabricant professionnel d'ustensiles de cuisine. Nos produits couvrent toutes sortes d'ustensiles de cuisine en acier inoxydable, tels que les cuiseurs de nouilles, les po\u00eales \u00e0 frire, les marmites, etc.<\/p>","protected":false},"featured_media":4249,"comment_status":"closed","ping_status":"closed","template":"","meta":{"_acf_changed":false},"application":[29],"product_brand":[],"product_cat":[23,32],"product_tag":[],"class_list":{"0":"post-4252","1":"product","2":"type-product","3":"status-publish","4":"has-post-thumbnail","6":"application-home-kitchen","7":"product_cat-kitchenware-wholesale","8":"product_cat-wholesale-cookware","10":"first","11":"instock","12":"shipping-taxable","13":"product-type-simple"},"acf":[],"_links":{"self":[{"href":"https:\/\/www.yongyukitchenware.com\/fr\/wp-json\/wp\/v2\/product\/4252","targetHints":{"allow":["GET"]}}],"collection":[{"href":"https:\/\/www.yongyukitchenware.com\/fr\/wp-json\/wp\/v2\/product"}],"about":[{"href":"https:\/\/www.yongyukitchenware.com\/fr\/wp-json\/wp\/v2\/types\/product"}],"replies":[{"embeddable":true,"href":"https:\/\/www.yongyukitchenware.com\/fr\/wp-json\/wp\/v2\/comments?post=4252"}],"wp:featuredmedia":[{"embeddable":true,"href":"https:\/\/www.yongyukitchenware.com\/fr\/wp-json\/wp\/v2\/media\/4249"}],"wp:attachment":[{"href":"https:\/\/www.yongyukitchenware.com\/fr\/wp-json\/wp\/v2\/media?parent=4252"}],"wp:term":[{"taxonomy":"application","embeddable":true,"href":"https:\/\/www.yongyukitchenware.com\/fr\/wp-json\/wp\/v2\/application?post=4252"},{"taxonomy":"product_brand","embeddable":true,"href":"https:\/\/www.yongyukitchenware.com\/fr\/wp-json\/wp\/v2\/product_brand?post=4252"},{"taxonomy":"product_cat","embeddable":true,"href":"https:\/\/www.yongyukitchenware.com\/fr\/wp-json\/wp\/v2\/product_cat?post=4252"},{"taxonomy":"product_tag","embeddable":true,"href":"https:\/\/www.yongyukitchenware.com\/fr\/wp-json\/wp\/v2\/product_tag?post=4252"}],"curies":[{"name":"wp","href":"https:\/\/api.w.org\/{rel}","templated":true}]}}