{"id":426,"date":"2024-09-19T14:26:01","date_gmt":"2024-09-19T14:26:01","guid":{"rendered":"https:\/\/www.yongyukitchenware.com\/?post_type=product&#038;p=426"},"modified":"2025-06-26T02:34:58","modified_gmt":"2025-06-26T02:34:58","slug":"chafing-dish-set-wholesale","status":"publish","type":"product","link":"https:\/\/www.yongyukitchenware.com\/fr\/produit\/chafing-dish-set-wholesale\/","title":{"rendered":"Wholesale Chafing Dish Set Round, Catering Food Warmer Bulk (Ensemble de r\u00e9chauds ronds pour la restauration en vrac)"},"content":{"rendered":"<div class=\"wp-block-columns is-layout-flex wp-container-core-columns-is-layout-9d6595d7 wp-block-columns-is-layout-flex\">\n<div class=\"wp-block-column is-layout-flow wp-block-column-is-layout-flow\">\n<h2 class=\"wp-block-heading\">Set d'assiettes \u00e0 chafing Param\u00e8tre :<\/h2>\n\n\n\n<figure class=\"wp-block-table\"><table class=\"has-fixed-layout\"><tbody><tr><td>Mod\u00e8le<\/td><td>Diam\u00e8tre* Hauteur (cm)<\/td><td>Capacit\u00e9 (l)<\/td><td>Poids (kg)<\/td><td>MOQ<\/td><\/tr><tr><td rowspan=\"2\">DY001-CL<\/td><td>47*44*23<\/td><td rowspan=\"2\">6<\/td><td>7.2<\/td><td rowspan=\"2\">2PCS<\/td><\/tr><tr><td>47*44*30<\/td><td>7.5<\/td><\/tr><\/tbody><\/table><\/figure>\n<\/div>\n\n\n\n<div class=\"wp-block-column is-layout-flow wp-block-column-is-layout-flow\">\n<div class=\"wp-block-columns is-layout-flex wp-container-core-columns-is-layout-9d6595d7 wp-block-columns-is-layout-flex\">\n<div class=\"wp-block-column is-layout-flow wp-block-column-is-layout-flow\">\n<figure class=\"wp-block-image size-full\"><img decoding=\"async\" width=\"800\" height=\"800\" src=\"https:\/\/www.yongyukitchenware.com\/wp-content\/uploads\/2024\/09\/Wholesale-Chafing-Dish-Set-Stainless-Steel-for-Catering-Food-Warmer-3.webp\" alt=\"Set d&#039;ustensiles de cuisine en acier inoxydable pour la restauration R\u00e9chauffeur d&#039;aliments (3)\" class=\"wp-image-2892\" srcset=\"https:\/\/www.yongyukitchenware.com\/wp-content\/uploads\/2024\/09\/Wholesale-Chafing-Dish-Set-Stainless-Steel-for-Catering-Food-Warmer-3.webp 800w, https:\/\/www.yongyukitchenware.com\/wp-content\/uploads\/2024\/09\/Wholesale-Chafing-Dish-Set-Stainless-Steel-for-Catering-Food-Warmer-3-300x300.webp 300w, https:\/\/www.yongyukitchenware.com\/wp-content\/uploads\/2024\/09\/Wholesale-Chafing-Dish-Set-Stainless-Steel-for-Catering-Food-Warmer-3-150x150.webp 150w, https:\/\/www.yongyukitchenware.com\/wp-content\/uploads\/2024\/09\/Wholesale-Chafing-Dish-Set-Stainless-Steel-for-Catering-Food-Warmer-3-768x768.webp 768w, https:\/\/www.yongyukitchenware.com\/wp-content\/uploads\/2024\/09\/Wholesale-Chafing-Dish-Set-Stainless-Steel-for-Catering-Food-Warmer-3-12x12.webp 12w, https:\/\/www.yongyukitchenware.com\/wp-content\/uploads\/2024\/09\/Wholesale-Chafing-Dish-Set-Stainless-Steel-for-Catering-Food-Warmer-3-600x600.webp 600w, https:\/\/www.yongyukitchenware.com\/wp-content\/uploads\/2024\/09\/Wholesale-Chafing-Dish-Set-Stainless-Steel-for-Catering-Food-Warmer-3-100x100.webp 100w\" sizes=\"(max-width: 800px) 100vw, 800px\" \/><\/figure>\n<\/div>\n\n\n\n<div class=\"wp-block-column is-layout-flow wp-block-column-is-layout-flow\">\n<figure class=\"wp-block-image size-full\"><img decoding=\"async\" width=\"750\" height=\"750\" src=\"https:\/\/www.yongyukitchenware.com\/wp-content\/uploads\/2024\/09\/Wholesale-Chafing-Dish-Set-Stainless-Steel-for-Catering-Food-Warmer-2.webp\" alt=\"Wholesale Chafing Dish Set Stainless Steel for Catering Food Warmer (2)\" class=\"wp-image-2891\" srcset=\"https:\/\/www.yongyukitchenware.com\/wp-content\/uploads\/2024\/09\/Wholesale-Chafing-Dish-Set-Stainless-Steel-for-Catering-Food-Warmer-2.webp 750w, https:\/\/www.yongyukitchenware.com\/wp-content\/uploads\/2024\/09\/Wholesale-Chafing-Dish-Set-Stainless-Steel-for-Catering-Food-Warmer-2-300x300.webp 300w, https:\/\/www.yongyukitchenware.com\/wp-content\/uploads\/2024\/09\/Wholesale-Chafing-Dish-Set-Stainless-Steel-for-Catering-Food-Warmer-2-150x150.webp 150w, https:\/\/www.yongyukitchenware.com\/wp-content\/uploads\/2024\/09\/Wholesale-Chafing-Dish-Set-Stainless-Steel-for-Catering-Food-Warmer-2-12x12.webp 12w, https:\/\/www.yongyukitchenware.com\/wp-content\/uploads\/2024\/09\/Wholesale-Chafing-Dish-Set-Stainless-Steel-for-Catering-Food-Warmer-2-600x600.webp 600w, https:\/\/www.yongyukitchenware.com\/wp-content\/uploads\/2024\/09\/Wholesale-Chafing-Dish-Set-Stainless-Steel-for-Catering-Food-Warmer-2-100x100.webp 100w\" sizes=\"(max-width: 750px) 100vw, 750px\" \/><\/figure>\n<\/div>\n<\/div>\n<\/div>\n<\/div>\n\n\n\n<div class=\"wp-block-columns is-layout-flex wp-container-core-columns-is-layout-9d6595d7 wp-block-columns-is-layout-flex\">\n<div class=\"wp-block-column is-layout-flow wp-block-column-is-layout-flow\">\n<figure class=\"wp-block-image size-full\"><img decoding=\"async\" width=\"800\" height=\"800\" src=\"https:\/\/www.yongyukitchenware.com\/wp-content\/uploads\/2024\/09\/Wholesale-Chafing-Dish-Set-Stainless-Steel-for-Catering-Food-Warmer-1.webp\" alt=\"Wholesale Chafing Dish Set Stainless Steel for Catering Food Warmer (1)\" class=\"wp-image-2890\" srcset=\"https:\/\/www.yongyukitchenware.com\/wp-content\/uploads\/2024\/09\/Wholesale-Chafing-Dish-Set-Stainless-Steel-for-Catering-Food-Warmer-1.webp 800w, https:\/\/www.yongyukitchenware.com\/wp-content\/uploads\/2024\/09\/Wholesale-Chafing-Dish-Set-Stainless-Steel-for-Catering-Food-Warmer-1-300x300.webp 300w, https:\/\/www.yongyukitchenware.com\/wp-content\/uploads\/2024\/09\/Wholesale-Chafing-Dish-Set-Stainless-Steel-for-Catering-Food-Warmer-1-150x150.webp 150w, https:\/\/www.yongyukitchenware.com\/wp-content\/uploads\/2024\/09\/Wholesale-Chafing-Dish-Set-Stainless-Steel-for-Catering-Food-Warmer-1-768x768.webp 768w, https:\/\/www.yongyukitchenware.com\/wp-content\/uploads\/2024\/09\/Wholesale-Chafing-Dish-Set-Stainless-Steel-for-Catering-Food-Warmer-1-12x12.webp 12w, https:\/\/www.yongyukitchenware.com\/wp-content\/uploads\/2024\/09\/Wholesale-Chafing-Dish-Set-Stainless-Steel-for-Catering-Food-Warmer-1-600x600.webp 600w, https:\/\/www.yongyukitchenware.com\/wp-content\/uploads\/2024\/09\/Wholesale-Chafing-Dish-Set-Stainless-Steel-for-Catering-Food-Warmer-1-100x100.webp 100w\" sizes=\"(max-width: 800px) 100vw, 800px\" \/><\/figure>\n<\/div>\n\n\n\n<div class=\"wp-block-column is-layout-flow wp-block-column-is-layout-flow\">\n<h2 class=\"wp-block-heading\">Ensemble de chafing dish Caract\u00e9ristiques :<\/h2>\n\n\n\n<p><strong>Mat\u00e9riau en acier inoxydable : <\/strong>Fabriqu\u00e9 en acier inoxydable durable, r\u00e9sistant \u00e0 la corrosion et facile \u00e0 nettoyer.<\/p>\n\n\n\n<p><strong>Surface polie : <\/strong>Gr\u00e2ce au processus de polissage, la surface est lisse et brillante, belle et facile \u00e0 nettoyer.<\/p>\n\n\n\n<p><strong>Couvercle en verre \u00e0 charni\u00e8re : <\/strong>Le couvercle en verre est pratique pour voir les aliments et pour ouvrir et fermer.<\/p>\n\n\n\n<p><strong>Deux options de hauteur :<\/strong> Des pieds longs et des pieds courts sont disponibles pour r\u00e9pondre \u00e0 diff\u00e9rentes occasions et besoins d'utilisation.<\/p>\n\n\n\n<p>Prix d'usine : Approvisionnement direct, prix abordable, fourniture de produits de haute qualit\u00e9 pour chaque client.<\/p>\n<\/div>\n<\/div>","protected":false},"excerpt":{"rendered":"<p>Bienvenue dans la vente en gros d'un ensemble de chafing dish, avec des formes rondes, rectangulaires et carr\u00e9es, c'est le premier choix pour l'\u00e9quipement des services de restauration. Acier inoxydable de haute qualit\u00e9, moderne et \u00e9l\u00e9gant, convient pour les mariages, les buffets, etc. Un service personnalis\u00e9 est disponible, n'h\u00e9sitez pas \u00e0 vous renseigner d\u00e8s maintenant !<\/p>\n<h2><!-- wp:heading --><\/h2>\n<h2 class=\"wp-block-heading\">Attributs de la batterie de cuisine :<\/h2>\n<h2><!-- \/wp:heading --><\/p>\n<p><!-- wp:paragraph --><\/h2>\n<p><strong>Mat\u00e9riau : <\/strong>Acier inoxydable<br \/><strong>Couleur : <\/strong>Argent, or, couleur personnalis\u00e9e<br \/><strong>Forme : <\/strong>\u00a0Rond<br \/><strong>Chaleur : <\/strong>Chauffage \u00e0 l'alcool et \u00e0 l'\u00e9lectricit\u00e9<br \/><strong>Bac de r\u00e9cup\u00e9ration : <\/strong>Grille simple\/double\/trois<br \/><strong>Emballage : <\/strong>Sac d'opposition et bo\u00eete en carton<br \/><strong>OEM\/ODM : <\/strong>Disponible<\/p>\n<h2 class=\"wp-block-heading\">De Yongyu Chafing Dish Manufacturer :<\/h2>\n<p>Qu'il s'agisse d'un fournisseur de services de restauration, d'un h\u00f4tel ou d'un restaurant, ou d'une soci\u00e9t\u00e9 d'organisation d'\u00e9v\u00e9nements, nous fournissons des solutions compl\u00e8tes de fournitures de restauration en gros personnalis\u00e9es pour aider votre entreprise avec des prix d'usine de haute qualit\u00e9 !<\/p>\n<h2><!-- \/wp:paragraph --><\/h2>","protected":false},"featured_media":2892,"comment_status":"closed","ping_status":"closed","template":"","meta":{"_acf_changed":false},"application":[30],"product_brand":[],"product_cat":[33],"product_tag":[],"class_list":{"0":"post-426","1":"product","2":"type-product","3":"status-publish","4":"has-post-thumbnail","6":"application-hotel-catering","7":"product_cat-chafing-dishes-wholesale","9":"first","10":"instock","11":"shipping-taxable","12":"product-type-simple"},"acf":[],"_links":{"self":[{"href":"https:\/\/www.yongyukitchenware.com\/fr\/wp-json\/wp\/v2\/product\/426","targetHints":{"allow":["GET"]}}],"collection":[{"href":"https:\/\/www.yongyukitchenware.com\/fr\/wp-json\/wp\/v2\/product"}],"about":[{"href":"https:\/\/www.yongyukitchenware.com\/fr\/wp-json\/wp\/v2\/types\/product"}],"replies":[{"embeddable":true,"href":"https:\/\/www.yongyukitchenware.com\/fr\/wp-json\/wp\/v2\/comments?post=426"}],"wp:featuredmedia":[{"embeddable":true,"href":"https:\/\/www.yongyukitchenware.com\/fr\/wp-json\/wp\/v2\/media\/2892"}],"wp:attachment":[{"href":"https:\/\/www.yongyukitchenware.com\/fr\/wp-json\/wp\/v2\/media?parent=426"}],"wp:term":[{"taxonomy":"application","embeddable":true,"href":"https:\/\/www.yongyukitchenware.com\/fr\/wp-json\/wp\/v2\/application?post=426"},{"taxonomy":"product_brand","embeddable":true,"href":"https:\/\/www.yongyukitchenware.com\/fr\/wp-json\/wp\/v2\/product_brand?post=426"},{"taxonomy":"product_cat","embeddable":true,"href":"https:\/\/www.yongyukitchenware.com\/fr\/wp-json\/wp\/v2\/product_cat?post=426"},{"taxonomy":"product_tag","embeddable":true,"href":"https:\/\/www.yongyukitchenware.com\/fr\/wp-json\/wp\/v2\/product_tag?post=426"}],"curies":[{"name":"wp","href":"https:\/\/api.w.org\/{rel}","templated":true}]}}